{"id":100747,"date":"2021-11-11T10:13:48","date_gmt":"2021-11-11T10:13:48","guid":{"rendered":"https:\/\/livelifetoinspire.org\/?page_id=100747"},"modified":"2022-01-12T10:19:12","modified_gmt":"2022-01-12T10:19:12","slug":"our-story","status":"publish","type":"page","link":"https:\/\/livelifetoinspire.org\/es\/our-story\/","title":{"rendered":"Nuestra historia"},"content":{"rendered":"<div class=\"wpb-content-wrapper\"><div data-parent=\"true\" class=\"vc_row has-bg need-focus style-color-674084-bg row-container with-parallax\" id=\"row-unique-0\"><div class=\"row-background background-element\">\n\t\t\t\t\t\t\t\t\t\t\t<div class=\"background-wrapper\">\n\t\t\t\t\t\t\t\t\t\t\t\t<div class=\"background-inner\" style=\"background-image: url(https:\/\/livelifetoinspire.org\/wp-content\/uploads\/2021\/12\/groupwave.jpeg);background-repeat: no-repeat;background-position: center center;background-size: cover;\"><\/div>\n\t\t\t\t\t\t\t\t\t\t\t\t<div class=\"block-bg-overlay style-color-674084-bg\" style=\"opacity: 0.97;\"><\/div>\n\t\t\t\t\t\t\t\t\t\t\t<\/div>\n\t\t\t\t\t\t\t\t\t\t<\/div><div class=\"row one-top-padding one-bottom-padding no-h-padding full-width row-parent\"><div class=\"wpb_row row-inner\"><div class=\"wpb_column pos-middle pos-center align_center column_parent col-lg-12 single-internal-gutter\"><div class=\"uncol style-spec style-dark\"  ><div class=\"uncoltable\"><div class=\"uncell\" ><div class=\"uncont no-block-padding col-custom-width\" style=\" max-width:900px;\" ><div class=\"vc_row row-internal row-container\"><div class=\"row row-child\"><div class=\"wpb_row row-inner\"><div class=\"wpb_column pos-top pos-center align_center column_child col-lg-12 single-internal-gutter\"><div class=\"uncol style-spec style-dark\" ><div class=\"uncoltable\"><div class=\"uncell no-block-padding\" ><div class=\"uncont\" ><div class=\"vc_custom_heading_wrap\"><div class=\"heading-text el-text\" ><h6 class=\"fontsize-160000 fontspace-135905 text-uppercase\" ><span>Cotizaciones poderosas<\/span><\/h6><\/div><div class=\"clear\"><\/div><\/div><div class=\"divider-wrapper\"  >\n    <hr class=\"unseparator border-,Default-color separator-no-padding\"  \/>\n<\/div>\n<\/div><\/div><\/div><\/div><\/div><\/div><\/div><\/div><div class=\"un-media-gallery owl-carousel-wrapper textual-carousel\">\n\t\t\n\t\n\t<div class=\"owl-carousel-container owl-carousel-loading no-gutter\" >\n\t\t\t\t\t\t\t\t\t<div id=\"gallery-598392928\" class=\"owl-carousel owl-element owl-height-auto\" data-fade=\"true\" data-navmobile=\"false\" data-navspeed=\"400\" data-autoplay=\"false\" data-autoheight=\"true\" data-stagepadding=\"0\" data-lg=\"1\" data-md=\"1\" data-sm=\"1\">\n<div class=\"tmb tmb-carousel tmb-iso-h4 tmb-light tmb-overlay-middle tmb-overlay-text-center tmb-id-100880  tmb-media-first tmb-media-last tmb-content-overlay tmb-no-bg tmb-lightbox\" ><div class=\"t-inside animate_when_almost_visible zoom-in\" data-delay=\"200\"><div class=\"t-entry-visual\"><div class=\"t-entry-visual-tc\"><div class=\"t-entry-visual-cont\"><div class=\"t-entry-visual-overlay\"><div class=\"t-entry-visual-overlay-in style-dark-bg\" style=\"opacity: 0.5;\"><\/div><\/div><div class=\"h4 font-weight-600 title-scale regular-text object-size fluid-object\" style=\"padding-top: 100%\"><blockquote class=\"pullquote\"><span class=\"pullquote__content\">Tu grandeza no es lo que tienes, es lo que das<\/span><span><small>Alice Hocker<\/small><\/span><\/blockquote><\/div><\/div>\n\t\t\t\t\t<\/div>\n\t\t\t\t<\/div><\/div><\/div>\t\t\t<\/div>\n\t\t\t\t\t<\/div>\n\n\t\n\t\n\t\n<\/div>\n\n<\/div><\/div><\/div><\/div><\/div><script id=\"script-row-unique-0\" data-row=\"script-row-unique-0\" type=\"text\/javascript\" class=\"vc_controls\">UNCODE.initRow(document.getElementById(\"row-unique-0\"));<\/script><\/div><\/div><\/div><div data-parent=\"true\" class=\"vc_row row-container\" id=\"row-unique-1\"><div class=\"row double-top-padding single-bottom-padding single-h-padding limit-width row-parent\"><div class=\"wpb_row row-inner\"><div class=\"wpb_column pos-top pos-center align_center column_parent col-lg-3 single-internal-gutter\"><div class=\"uncol style-light\"  ><div class=\"uncoltable\"><div class=\"uncell no-block-padding\" ><div class=\"uncont\" style=\" max-width:804px;\" ><div class=\"uncode-single-media  text-left\"><div class=\"single-wrapper\" style=\"max-width: 100%;\"><div class=\"tmb tmb-light  tmb-media-first tmb-media-last tmb-content-overlay tmb-no-bg\"><div class=\"t-inside\"><div class=\"t-entry-visual\"><div class=\"t-entry-visual-tc\"><div class=\"uncode-single-media-wrapper\"><img decoding=\"async\" class=\"wp-image-100778\" src=\"https:\/\/livelifetoinspire.org\/wp-content\/uploads\/2021\/11\/IMG_8186.jpg\" width=\"948\" height=\"1122\" alt=\"\" srcset=\"https:\/\/livelifetoinspire.org\/wp-content\/uploads\/2021\/11\/IMG_8186.jpg 948w, https:\/\/livelifetoinspire.org\/wp-content\/uploads\/2021\/11\/IMG_8186-600x710.jpg 600w, https:\/\/livelifetoinspire.org\/wp-content\/uploads\/2021\/11\/IMG_8186-507x600.jpg 507w, https:\/\/livelifetoinspire.org\/wp-content\/uploads\/2021\/11\/IMG_8186-768x909.jpg 768w, https:\/\/livelifetoinspire.org\/wp-content\/uploads\/2021\/11\/IMG_8186-253x300.jpg 253w, https:\/\/livelifetoinspire.org\/wp-content\/uploads\/2021\/11\/IMG_8186-865x1024.jpg 865w\" sizes=\"(max-width: 948px) 100vw, 948px\" \/><\/div>\n\t\t\t\t\t<\/div>\n\t\t\t\t<\/div><\/div><\/div><\/div><figcaption>Christine Merveil<\/figcaption><\/div><\/div><\/div><\/div><\/div><\/div><div class=\"wpb_column pos-top pos-center align_left column_parent col-lg-9 single-internal-gutter\"><div class=\"uncol style-light\"  ><div class=\"uncoltable\"><div class=\"uncell no-block-padding\" ><div class=\"uncont\" ><div class=\"uncode_text_column text-lead\" ><p>La Dra. Betty Merveil-Ceneus y Wikenson Merveil establecieron esta Fundaci\u00f3n en honor a su madre, Christine Merveil. Dedic\u00f3 la mayor parte de su vida al desarrollo personal y acad\u00e9mico de muchos ni\u00f1os y j\u00f3venes en Hait\u00ed. Adem\u00e1s de su trabajo de maestra a tiempo completo, ayud\u00f3 a establecer y se convirti\u00f3 en la directora de un programa escolar nocturno que se dedicaba a ense\u00f1ar a los menos afortunados a leer y escribir. Les inculc\u00f3 confianza, esperanza, integridad y compromiso, que es un conjunto de valores fundamentales que estos estudiantes necesitaban para mantenerse fieles a sus sue\u00f1os y conquistar los desaf\u00edos de la vida.<\/p>\n<p>El analfabetismo financiero es una de las principales razones por las que muchas personas luchan por ahorrar e invertir. En Hait\u00ed, existe la necesidad de fomentar el esp\u00edritu empresarial, ya que es casi imposible que los estudiantes sigan una educaci\u00f3n universitaria debido a la falta de infraestructura y el escaso desarrollo econ\u00f3mico. Estos hechos devastadores nos impulsaron a llevar a cabo el legado de la Sra. Merveil proporcionando a los adultos j\u00f3venes en Estados Unidos y en el extranjero educaci\u00f3n financiera y de inversi\u00f3n, y patrocinando sus proyectos comerciales junto con oportunidades de tutor\u00eda.<\/p>\n<\/div><\/div><\/div><\/div><\/div><\/div><script id=\"script-row-unique-1\" data-row=\"script-row-unique-1\" type=\"text\/javascript\" class=\"vc_controls\">UNCODE.initRow(document.getElementById(\"row-unique-1\"));<\/script><\/div><\/div><\/div><div data-parent=\"true\" class=\"vc_row has-bg need-focus style-color-674084-bg row-container\" id=\"row-unique-2\"><div class=\"row-background background-element\" style=\"opacity: 1;\">\n\t\t\t\t\t\t\t\t\t\t\t<div class=\"background-wrapper\">\n\t\t\t\t\t\t\t\t\t\t\t\t<div class=\"background-inner\"><\/div>\n\t\t\t\t\t\t\t\t\t\t\t\t<div class=\"block-bg-overlay style-color-674084-bg\" style=\"opacity: 1;\"><\/div>\n\t\t\t\t\t\t\t\t\t\t\t<\/div>\n\t\t\t\t\t\t\t\t\t\t<\/div><div class=\"row single-top-padding single-bottom-padding single-h-padding limit-width row-parent\"><div class=\"wpb_row row-inner\"><div class=\"wpb_column pos-middle pos-center align_center column_parent col-lg-12 single-internal-gutter\"><div class=\"uncol style-spec style-dark\"  ><div class=\"uncoltable\"><div class=\"uncell\" ><div class=\"uncont no-block-padding col-custom-width\" style=\" max-width:900px;\" ><div class=\"uncode_text_column\" ><\/p>\n<h5>Esperamos que nuestros servicios empoderen a los adultos j\u00f3venes para allanar el camino hacia su destino tomando acciones innovadoras audaces e influyendo positivamente en sus pares y sus comunidades. Cultivar una nueva mentalidad entre nuestros j\u00f3venes es un paso m\u00e1s hacia el cambio de perspectiva de cualquier entorno para el mejoramiento de la humanidad.<\/h5>\n<p>\n<\/div><\/div><\/div><\/div><\/div><\/div><script id=\"script-row-unique-2\" data-row=\"script-row-unique-2\" type=\"text\/javascript\" class=\"vc_controls\">UNCODE.initRow(document.getElementById(\"row-unique-2\"));<\/script><\/div><\/div><\/div><div data-parent=\"true\" class=\"vc_row row-container desktop-hidden tablet-hidden mobile-hidden\" id=\"row-unique-3\"><div class=\"row no-top-padding no-bottom-padding single-h-padding limit-width row-parent\"><div class=\"wpb_row row-inner\"><div class=\"wpb_column pos-top pos-center align_left column_parent col-lg-3 single-internal-gutter\"><div class=\"uncol style-light\"  ><div class=\"uncoltable\"><div class=\"uncell no-block-padding\" ><div class=\"uncont\" ><\/div><\/div><\/div><\/div><\/div><div class=\"wpb_column pos-top pos-center align_left column_parent col-lg-6 single-internal-gutter\"><div class=\"uncol style-light\"  ><div class=\"uncoltable\"><div class=\"uncell no-block-padding\" ><div class=\"uncont\" ><div class=\"uncode-single-media  text-left\"><div class=\"single-wrapper\" style=\"max-width: 100%;\"><div class=\"tmb tmb-light  tmb-bordered tmb-media-first tmb-media-last tmb-content-overlay tmb-no-bg\"><div class=\"t-inside\"><div class=\"t-entry-visual\"><div class=\"t-entry-visual-tc\"><div class=\"uncode-single-media-wrapper img-thumbnail\"><img decoding=\"async\" class=\"wp-image-100938\" src=\"https:\/\/livelifetoinspire.org\/wp-content\/uploads\/2021\/12\/inspire1.jpg\" width=\"300\" height=\"100\" alt=\"\"><\/div>\n\t\t\t\t\t<\/div>\n\t\t\t\t<\/div><\/div><\/div><\/div><\/div><\/div><\/div><\/div><\/div><\/div><div class=\"wpb_column pos-top pos-center align_left column_parent col-lg-3 single-internal-gutter\"><div class=\"uncol style-light\"  ><div class=\"uncoltable\"><div class=\"uncell no-block-padding\" ><div class=\"uncont\" ><\/div><\/div><\/div><\/div><\/div><script id=\"script-row-unique-3\" data-row=\"script-row-unique-3\" type=\"text\/javascript\" class=\"vc_controls\">UNCODE.initRow(document.getElementById(\"row-unique-3\"));<\/script><\/div><\/div><\/div>\n<\/div>","protected":false},"excerpt":{"rendered":"Powerful Quotes Your greatness is not what you have, it is what you giveAlice Hocker Christine MerveilDr. Betty Merveil-Ceneus and [...]","protected":false},"author":1,"featured_media":0,"parent":0,"menu_order":0,"comment_status":"closed","ping_status":"closed","template":"","meta":{"give_campaign_id":0,"footnotes":""},"class_list":["post-100747","page","type-page","status-publish","hentry"],"campaignId":"","_links":{"self":[{"href":"https:\/\/livelifetoinspire.org\/es\/wp-json\/wp\/v2\/pages\/100747","targetHints":{"allow":["GET"]}}],"collection":[{"href":"https:\/\/livelifetoinspire.org\/es\/wp-json\/wp\/v2\/pages"}],"about":[{"href":"https:\/\/livelifetoinspire.org\/es\/wp-json\/wp\/v2\/types\/page"}],"author":[{"embeddable":true,"href":"https:\/\/livelifetoinspire.org\/es\/wp-json\/wp\/v2\/users\/1"}],"replies":[{"embeddable":true,"href":"https:\/\/livelifetoinspire.org\/es\/wp-json\/wp\/v2\/comments?post=100747"}],"version-history":[{"count":0,"href":"https:\/\/livelifetoinspire.org\/es\/wp-json\/wp\/v2\/pages\/100747\/revisions"}],"wp:attachment":[{"href":"https:\/\/livelifetoinspire.org\/es\/wp-json\/wp\/v2\/media?parent=100747"}],"curies":[{"name":"gracias","href":"https:\/\/api.w.org\/{rel}","templated":true}]}}