{"id":100793,"date":"2021-11-18T12:06:43","date_gmt":"2021-11-18T12:06:43","guid":{"rendered":"https:\/\/livelifetoinspire.org\/?page_id=100793"},"modified":"2025-12-01T10:23:09","modified_gmt":"2025-12-01T10:23:09","slug":"home","status":"publish","type":"page","link":"https:\/\/livelifetoinspire.org\/es\/","title":{"rendered":"Casa"},"content":{"rendered":"<div class=\"wpb-content-wrapper\"><div data-parent=\"true\" class=\"vc_row has-bg need-focus style-color-674084-bg row-container\" id=\"row-unique-0\"><div class=\"row no-top-padding no-bottom-padding no-h-padding row-slider row-parent\" data-height-ratio=\"20\"><div class=\"owl-carousel-wrapper style-dark\"><div class=\"uncode-slider owl-carousel-container owl-dots-inside owl-dots-align-center\"><div id=\"uslider_1221999415\" class=\"owl-carousel owl-element owl-dots-inside owl-height-forced\" data-loop=\"true\" data-autoheight=\"false\" data-nav=\"false\" data-dotsmobile=\"true\" data-dots=\"true\" data-navspeed=\"1000\" data-autoplay=\"true\" data-timeout=\"5000\" data-lg=\"1\" data-md=\"1\" data-sm=\"1\" data-limit-width=\"false\"><div class=\"vc_row style-color-674084-bg row-internal row-container\"><div class=\"row col-double-gutter one-top-padding one-bottom-padding single-h-padding row-child limit-width\"><div class=\"wpb_row row-inner\"><div class=\"wpb_column pos-top pos-center align_center column_child col-lg-12 single-internal-gutter\"><div class=\"uncol style-spec style-dark\" ><div class=\"uncoltable\"><div class=\"uncell no-block-padding\" ><div class=\"uncont\" style=\" max-width:900px;\" ><div class=\"vc_custom_heading_wrap\"><div class=\"heading-text el-text\" ><h6 class=\"fontsize-160000 fontspace-135905 text-uppercase\" ><span>Cotizaciones poderosas<\/span><\/h6><\/div><div class=\"clear\"><\/div><\/div><div class=\"divider-wrapper\"  >\n    <hr class=\"unseparator border-,Default-color separator-no-padding\"  \/>\n<\/div>\n<div class=\"uncode_text_column zoom-in animate_when_almost_visible\" data-delay=\"200\"><\/p>\n<h4>&quot;No niegues el bien a aquellos a quienes se les debe, cuando est\u00e9 en tu poder para actuar&quot;<\/h4>\n<p>\n<\/div><div class=\"uncode_text_column zoom-in animate_when_almost_visible\" data-delay=\"200\"><p><strong>- Proverbios 3:27<\/strong><\/p>\n<\/div><\/div><\/div><\/div><\/div><\/div><\/div><\/div><\/div><div class=\"vc_row style-color-674084-bg row-internal row-container\"><div class=\"row col-double-gutter one-top-padding one-bottom-padding single-h-padding row-child limit-width\"><div class=\"wpb_row row-inner\"><div class=\"wpb_column pos-top pos-center align_center column_child col-lg-12 single-internal-gutter\"><div class=\"uncol style-spec style-dark\" ><div class=\"uncoltable\"><div class=\"uncell no-block-padding\" ><div class=\"uncont\" style=\" max-width:900px;\" ><div class=\"empty-space empty-single\" ><span class=\"empty-space-inner\"><\/span><\/div>\n<div class=\"vc_custom_heading_wrap\"><div class=\"heading-text el-text\" ><h3 class=\"font-150417 h4 font-weight-500\" ><span>N\u00famero de vidas que transformamos<\/span><\/h3><\/div><div class=\"clear\"><\/div><\/div><div class=\"uncode-wrapper uncode-counter-wrap\" ><p  class=\"font-150417 h4 font-weight-500 fontheight-179065\"><span class=\"uncode-counter counter\" data-val=\"650\">650<\/span><span class=\"counter-suffix\">+<\/span><\/p><\/div><\/div><\/div><\/div><\/div><\/div><\/div><\/div><\/div><div class=\"vc_row row-internal row-container\"><div class=\"row one-top-padding one-bottom-padding single-h-padding row-child limit-width\"><div class=\"wpb_row row-inner\"><div class=\"wpb_column pos-middle pos-center align_center column_child col-lg-12 single-internal-gutter\"><div class=\"uncol style-light\" ><div class=\"uncoltable\"><div class=\"uncell no-block-padding\" ><div class=\"uncont\" ><div class=\"uncode-single-media  text-center\"><div class=\"single-wrapper\" style=\"max-width: 15%;\"><div class=\"tmb tmb-light  tmb-media-first tmb-media-last tmb-content-overlay tmb-no-bg\"><div class=\"t-inside\"><div class=\"t-entry-visual\"><div class=\"t-entry-visual-tc\"><div class=\"uncode-single-media-wrapper\"><img decoding=\"async\" class=\"wp-image-101942\" src=\"https:\/\/livelifetoinspire.org\/wp-content\/uploads\/2024\/05\/WhatsApp-Image-2024-05-14-at-4.57.11-PM.png\" width=\"524\" height=\"471\" alt=\"\" srcset=\"https:\/\/livelifetoinspire.org\/wp-content\/uploads\/2024\/05\/WhatsApp-Image-2024-05-14-at-4.57.11-PM.png 524w, https:\/\/livelifetoinspire.org\/wp-content\/uploads\/2024\/05\/WhatsApp-Image-2024-05-14-at-4.57.11-PM-13x12.png 13w, https:\/\/livelifetoinspire.org\/wp-content\/uploads\/2024\/05\/WhatsApp-Image-2024-05-14-at-4.57.11-PM-350x315.png 350w, https:\/\/livelifetoinspire.org\/wp-content\/uploads\/2024\/05\/WhatsApp-Image-2024-05-14-at-4.57.11-PM-60x54.png 60w, https:\/\/livelifetoinspire.org\/wp-content\/uploads\/2024\/05\/WhatsApp-Image-2024-05-14-at-4.57.11-PM-110x99.png 110w\" sizes=\"(max-width: 524px) 100vw, 524px\" \/><\/div>\n\t\t\t\t\t<\/div>\n\t\t\t\t<\/div><\/div><\/div><\/div><\/div><\/div><\/div><\/div><\/div><\/div><\/div><\/div><\/div><\/div><div class=\"uncode_slider-dot_classes no-h-padding owl-dots-classes\"><\/div><\/div><\/div><script id=\"script-row-unique-0\" data-row=\"script-row-unique-0\" type=\"text\/javascript\" class=\"vc_controls\">UNCODE.initRow(document.getElementById(\"row-unique-0\"));<\/script><\/div><\/div><div data-parent=\"true\" class=\"vc_row has-bg need-focus style-color-674084-bg row-container with-parallax desktop-hidden tablet-hidden mobile-hidden\" id=\"row-unique-1\"><div class=\"row-background background-element\">\n\t\t\t\t\t\t\t\t\t\t\t<div class=\"background-wrapper\">\n\t\t\t\t\t\t\t\t\t\t\t\t<div class=\"background-inner\" style=\"background-image: url(https:\/\/livelifetoinspire.org\/wp-content\/uploads\/2021\/12\/groupwave.jpeg);background-repeat: no-repeat;background-position: center center;background-size: cover;\"><\/div>\n\t\t\t\t\t\t\t\t\t\t\t\t<div class=\"block-bg-overlay style-color-674084-bg\" style=\"opacity: 0.97;\"><\/div>\n\t\t\t\t\t\t\t\t\t\t\t<\/div>\n\t\t\t\t\t\t\t\t\t\t<\/div><div class=\"row one-top-padding one-bottom-padding no-h-padding full-width row-parent\"><div class=\"wpb_row row-inner\"><div class=\"wpb_column pos-middle pos-center align_center column_parent col-lg-12 single-internal-gutter\"><div class=\"uncol style-spec style-dark\"  ><div class=\"uncoltable\"><div class=\"uncell\" ><div class=\"uncont no-block-padding col-custom-width\" style=\" max-width:900px;\" ><div class=\"vc_row row-internal row-container\"><div class=\"row row-child\"><div class=\"wpb_row row-inner\"><div class=\"wpb_column pos-bottom pos-center align_center column_child col-lg-12 single-internal-gutter\"><div class=\"uncol style-spec style-dark\" ><div class=\"uncoltable\"><div class=\"uncell no-block-padding\" ><div class=\"uncont\" ><div class=\"vc_custom_heading_wrap\"><div class=\"heading-text el-text\" ><h6 class=\"fontsize-160000 fontspace-135905 text-uppercase\" ><span>Cotizaciones poderosas<\/span><\/h6><\/div><div class=\"clear\"><\/div><\/div><div class=\"divider-wrapper\"  >\n    <hr class=\"unseparator border-,Default-color separator-no-padding\"  \/>\n<\/div>\n<\/div><\/div><\/div><\/div><\/div><\/div><\/div><\/div><div class=\"uncode_text_column zoom-in animate_when_almost_visible\" data-delay=\"200\"><\/p>\n<h4>&quot;No niegues el bien a aquellos a quienes se les debe, cuando est\u00e9 en tu poder para actuar&quot;<\/h4>\n<p>\n<\/div><div class=\"uncode_text_column zoom-in animate_when_almost_visible\" data-delay=\"200\"><p><strong>- Proverbios 3:27<\/strong><\/p>\n<\/div><\/div><\/div><\/div><\/div><\/div><script id=\"script-row-unique-1\" data-row=\"script-row-unique-1\" type=\"text\/javascript\" class=\"vc_controls\">UNCODE.initRow(document.getElementById(\"row-unique-1\"));<\/script><\/div><\/div><\/div><div data-parent=\"true\" class=\"vc_row has-bg need-focus style-color-wayh-bg row-container\" id=\"row-unique-2\"><div class=\"row-background background-element\">\n\t\t\t\t\t\t\t\t\t\t\t<div class=\"background-wrapper\">\n\t\t\t\t\t\t\t\t\t\t\t\t<div class=\"background-inner\" style=\"background-image: url(https:\/\/livelifetoinspire.org\/wp-content\/uploads\/2021\/12\/hands.jpeg);background-repeat: no-repeat;background-position: center center;background-attachment: scroll;background-size: cover;\"><\/div>\n\t\t\t\t\t\t\t\t\t\t\t\t<div class=\"block-bg-overlay style-color-wayh-bg\" style=\"opacity: 0.7;\"><\/div>\n\t\t\t\t\t\t\t\t\t\t\t<\/div>\n\t\t\t\t\t\t\t\t\t\t<\/div><div class=\"row col-double-gutter double-top-padding double-bottom-padding single-h-padding limit-width row-parent\" data-height-ratio=\"40\"><div class=\"wpb_row row-inner\"><div class=\"wpb_column pos-middle pos-left align_left align_center_mobile column_parent col-lg-12 col-md-50 single-internal-gutter\"><div class=\"uncol style-spec style-dark\"  ><div class=\"uncoltable\"><div class=\"uncell\" ><div class=\"uncont no-block-padding col-custom-width\" style=\" max-width:80%;\" ><div class=\"vc_custom_heading_wrap\"><div class=\"heading-text el-text\" ><h3 class=\"fontsize-155944\" ><span>Christine Merveil<br \/><\/span><span>Nunca echarse para atr\u00e1s<br \/><\/span><span>fundaci\u00f3n, inc.<\/span><\/h3><\/div><div class=\"clear\"><\/div><\/div><div class=\"uncode_text_column text-lead\" ><p><em>Empoderar a todos los j\u00f3venes para innovar, crecer e inspirar<\/em><\/p>\n<\/div><div class=\"empty-space empty-single\" ><span class=\"empty-space-inner\"><\/span><\/div>\n<div class=\"vc_custom_heading_wrap\"><div class=\"heading-text el-text\" ><h3 class=\"fontsize-155944\" ><span>Nuestra misi\u00f3n<\/span><\/h3><\/div><div class=\"clear\"><\/div><\/div><div class=\"uncode_text_column text-lead\" ><p>Esta organizaci\u00f3n sin fines de lucro empodera a j\u00f3venes adultos desfavorecidos en Estados Unidos y en el extranjero, promoviendo la educaci\u00f3n financiera y brindando patrocinio para capacitaci\u00f3n en habilidades, educaci\u00f3n para el emprendimiento y el desarrollo de microempresas. Nuestra misi\u00f3n es capacitarlos para prosperar y mantenerse resilientes ante los desaf\u00edos de la vida.<\/p>\n<\/div><\/div><\/div><\/div><\/div><\/div><script id=\"script-row-unique-2\" data-row=\"script-row-unique-2\" type=\"text\/javascript\" class=\"vc_controls\">UNCODE.initRow(document.getElementById(\"row-unique-2\"));<\/script><\/div><\/div><\/div><div data-parent=\"true\" class=\"vc_row row-container\" id=\"row-unique-3\"><div class=\"row double-top-padding double-bottom-padding single-h-padding limit-width row-parent\" data-height-ratio=\"40\"><div class=\"wpb_row row-inner\"><div class=\"wpb_column pos-middle pos-center align_center column_parent col-lg-12 half-internal-gutter\"><div class=\"uncol style-light\"  ><div class=\"uncoltable\"><div class=\"uncell\" ><div class=\"uncont no-block-padding col-custom-width\" style=\" max-width:900px;\" ><div class=\"vc_custom_heading_wrap\"><div class=\"heading-text el-text\" ><h3 class=\"fontsize-155944 font-weight-700\" ><span>Visi\u00f3n<\/span><\/h3><\/div><div class=\"clear\"><\/div><\/div><div class=\"uncode_text_column text-lead\" ><p>Nuestra visi\u00f3n es que nuestros esfuerzos humanitarios conducir\u00e1n a los adultos j\u00f3venes en Estados Unidos y en el extranjero a la independencia financiera, una mejor educaci\u00f3n y una mejor calidad de vida.<\/p>\n<\/div><div class=\"empty-space empty-half\" ><span class=\"empty-space-inner\"><\/span><\/div>\n<\/div><\/div><\/div><\/div><\/div><script id=\"script-row-unique-3\" data-row=\"script-row-unique-3\" type=\"text\/javascript\" class=\"vc_controls\">UNCODE.initRow(document.getElementById(\"row-unique-3\"));<\/script><\/div><\/div><\/div><div data-parent=\"true\" class=\"vc_row has-bg need-focus style-color-wayh-bg row-container\" id=\"row-unique-4\"><div class=\"row single-top-padding single-bottom-padding single-h-padding limit-width row-parent\"><div class=\"wpb_row row-inner\"><div class=\"wpb_column pos-top pos-center align_center align_center_mobile column_parent col-lg-12 single-internal-gutter\"><div class=\"uncol style-spec style-dark\"  ><div class=\"uncoltable\"><div class=\"uncell\" ><div class=\"uncont no-block-padding col-custom-width\" style=\" max-width:900px;\" ><div class=\"vc_custom_heading_wrap\"><div class=\"heading-text el-text\" ><h3 class=\"fontsize-155944 font-weight-700\" ><span>Valores fundamentales<\/span><\/h3><\/div><div class=\"clear\"><\/div><\/div><div class=\"uncode_text_column text-lead\" ><p>La funci\u00f3n de esta fundaci\u00f3n est\u00e1 guiada por un conjunto de valores fundamentales que representan qui\u00e9nes somos y a qu\u00e9 apuntamos en todas nuestras interacciones, tanto internamente como con el p\u00fablico. Desempe\u00f1an un papel fundamental en el logro de nuestra misi\u00f3n:<\/p>\n<\/div><\/div><\/div><\/div><\/div><\/div><script id=\"script-row-unique-4\" data-row=\"script-row-unique-4\" type=\"text\/javascript\" class=\"vc_controls\">UNCODE.initRow(document.getElementById(\"row-unique-4\"));<\/script><\/div><\/div><\/div><div data-parent=\"true\" class=\"vc_row has-bg need-focus style-color-wayh-bg row-container\" id=\"row-unique-5\"><div class=\"row no-top-padding single-bottom-padding single-h-padding limit-width row-parent\"><div class=\"wpb_row row-inner\"><div class=\"wpb_column pos-top pos-center align_left column_parent col-lg-3 single-internal-gutter\"><div class=\"uncol style-light\"  ><div class=\"uncoltable\"><div class=\"uncell no-block-padding\" ><div class=\"uncont\" ><\/div><\/div><\/div><\/div><\/div><div class=\"wpb_column pos-top pos-center align_left column_parent col-lg-4 single-internal-gutter\"><div class=\"uncol style-spec style-dark\"  ><div class=\"uncoltable\"><div class=\"uncell no-block-padding\" ><div class=\"uncont\" ><div class=\"uncode-wrapper uncode-list\" >\n<ul class=\"icons\">\n<li><i class=\"fa fa-check-circle text-accent-color\"><\/i>Compromiso<\/li>\n<li><i class=\"fa fa-check-circle text-accent-color\"><\/i>Diversidad<\/li>\n<li><i class=\"fa fa-check-circle text-accent-color\"><\/i>Capital<\/li>\n<\/ul>\n<\/div><\/div><\/div><\/div><\/div><\/div><div class=\"wpb_column pos-top pos-center align_left column_parent col-lg-4 single-internal-gutter\"><div class=\"uncol style-spec style-dark\"  ><div class=\"uncoltable\"><div class=\"uncell no-block-padding\" ><div class=\"uncont\" ><div class=\"uncode-wrapper uncode-list\" >\n<ul class=\"icons\">\n<li><i class=\"fa fa-check-circle text-accent-color\"><\/i>Transparencia<\/li>\n<li><i class=\"fa fa-check-circle text-accent-color\"><\/i>Humildad<\/li>\n<li><i class=\"fa fa-check-circle text-accent-color\"><\/i>Integridad<\/li>\n<\/ul>\n<\/div><\/div><\/div><\/div><\/div><\/div><script id=\"script-row-unique-5\" data-row=\"script-row-unique-5\" type=\"text\/javascript\" class=\"vc_controls\">UNCODE.initRow(document.getElementById(\"row-unique-5\"));<\/script><\/div><\/div><\/div><div data-parent=\"true\" class=\"vc_row row-container\" id=\"row-unique-6\"><div class=\"row limit-width row-parent\"><div class=\"wpb_row row-inner\"><div class=\"wpb_column pos-top pos-center align_center column_parent col-lg-12 single-internal-gutter\"><div class=\"uncol style-light\"  ><div class=\"uncoltable\"><div class=\"uncell no-block-padding\" ><div class=\"uncont\" ><div class=\"uncode-single-media  text-center\"><div class=\"single-wrapper\" style=\"max-width: 15%;\"><div class=\"tmb tmb-light  tmb-media-first tmb-media-last tmb-content-overlay tmb-no-bg\"><div class=\"t-inside\"><div class=\"t-entry-visual\"><div class=\"t-entry-visual-tc\"><div class=\"uncode-single-media-wrapper\"><img decoding=\"async\" class=\"wp-image-101942\" src=\"https:\/\/livelifetoinspire.org\/wp-content\/uploads\/2024\/05\/WhatsApp-Image-2024-05-14-at-4.57.11-PM.png\" width=\"524\" height=\"471\" alt=\"\" srcset=\"https:\/\/livelifetoinspire.org\/wp-content\/uploads\/2024\/05\/WhatsApp-Image-2024-05-14-at-4.57.11-PM.png 524w, https:\/\/livelifetoinspire.org\/wp-content\/uploads\/2024\/05\/WhatsApp-Image-2024-05-14-at-4.57.11-PM-13x12.png 13w, https:\/\/livelifetoinspire.org\/wp-content\/uploads\/2024\/05\/WhatsApp-Image-2024-05-14-at-4.57.11-PM-350x315.png 350w, https:\/\/livelifetoinspire.org\/wp-content\/uploads\/2024\/05\/WhatsApp-Image-2024-05-14-at-4.57.11-PM-60x54.png 60w, https:\/\/livelifetoinspire.org\/wp-content\/uploads\/2024\/05\/WhatsApp-Image-2024-05-14-at-4.57.11-PM-110x99.png 110w\" sizes=\"(max-width: 524px) 100vw, 524px\" \/><\/div>\n\t\t\t\t\t<\/div>\n\t\t\t\t<\/div><\/div><\/div><\/div><\/div><\/div><\/div><\/div><\/div><\/div><script id=\"script-row-unique-6\" data-row=\"script-row-unique-6\" type=\"text\/javascript\" class=\"vc_controls\">UNCODE.initRow(document.getElementById(\"row-unique-6\"));<\/script><\/div><\/div><\/div>\n<\/div>","protected":false},"excerpt":{"rendered":"Powerful Quotes &#8220;Do not withhold good from those to whom it is due, when it is in your power to [...]","protected":false},"author":1,"featured_media":0,"parent":0,"menu_order":0,"comment_status":"closed","ping_status":"closed","template":"","meta":{"give_campaign_id":0,"footnotes":""},"class_list":["post-100793","page","type-page","status-publish","hentry"],"campaignId":"","_links":{"self":[{"href":"https:\/\/livelifetoinspire.org\/es\/wp-json\/wp\/v2\/pages\/100793","targetHints":{"allow":["GET"]}}],"collection":[{"href":"https:\/\/livelifetoinspire.org\/es\/wp-json\/wp\/v2\/pages"}],"about":[{"href":"https:\/\/livelifetoinspire.org\/es\/wp-json\/wp\/v2\/types\/page"}],"author":[{"embeddable":true,"href":"https:\/\/livelifetoinspire.org\/es\/wp-json\/wp\/v2\/users\/1"}],"replies":[{"embeddable":true,"href":"https:\/\/livelifetoinspire.org\/es\/wp-json\/wp\/v2\/comments?post=100793"}],"version-history":[{"count":5,"href":"https:\/\/livelifetoinspire.org\/es\/wp-json\/wp\/v2\/pages\/100793\/revisions"}],"predecessor-version":[{"id":102506,"href":"https:\/\/livelifetoinspire.org\/es\/wp-json\/wp\/v2\/pages\/100793\/revisions\/102506"}],"wp:attachment":[{"href":"https:\/\/livelifetoinspire.org\/es\/wp-json\/wp\/v2\/media?parent=100793"}],"curies":[{"name":"gracias","href":"https:\/\/api.w.org\/{rel}","templated":true}]}}