{"id":100852,"date":"2021-12-08T21:19:28","date_gmt":"2021-12-08T21:19:28","guid":{"rendered":"https:\/\/livelifetoinspire.org\/?page_id=100852"},"modified":"2022-01-06T01:01:58","modified_gmt":"2022-01-06T01:01:58","slug":"the-board","status":"publish","type":"page","link":"https:\/\/livelifetoinspire.org\/es\/the-board\/","title":{"rendered":"Consejo ejecutivo"},"content":{"rendered":"<div class=\"wpb-content-wrapper\"><div data-parent=\"true\" class=\"vc_row row-container\" id=\"row-unique-0\"><div class=\"row limit-width row-parent\"><div class=\"wpb_row row-inner\"><div class=\"wpb_column pos-top pos-center align_left column_parent col-lg-12 single-internal-gutter\"><div class=\"uncol style-light\"  ><div class=\"uncoltable\"><div class=\"uncell no-block-padding\" ><div class=\"uncont\" ><div id=\"awsm-team-100849\" class=\"awsm-grid-wrapper\">\n\t\t\n\t\t\t<div class=\"awsm-grid list-style style-1 grid-2-col\">\n\t\t\t\t\t\t<div id=\"awsm-member-100849-100769\" class=\"awsm-grid-card awsm-team-item awsm-scale-anm awsm-all awsm-11\">\n\t\t\t\t   <figure>\n\t\t\t\t\t <img decoding=\"async\" width=\"828\" height=\"1081\" src=\"https:\/\/livelifetoinspire.org\/wp-content\/uploads\/2021\/11\/WhatsApp-Image-2025-09-27-at-23.46.15.jpeg\" class=\"attachment-awsm_team size-awsm_team wp-post-image\" alt=\"\" \/>\t\t\t\t\t\t <figcaption>\n\t\t\t\t\t\t\t<div class=\"awsm-personal-info\"><h3>Betty Merveil-Ceneus, DNP, APN-C, CLNC<\/h3><span>Presidente, Cofundador<\/span><\/div>\n\t\t\t\t\t\t\t<div class=\"awsm-contact-info\">\n\t\t\t\t\t\t\t\t<p>La Dra. Betty Merveil-Ceneus, nacida y criada en Hait\u00ed, es la fundadora de The CHRISTINE MERVEIL - NUNCA BACK DOWN FOUNDATION. Para continuar con el legado de su madre, decidi\u00f3 establecer esta Fundaci\u00f3n en colaboraci\u00f3n con su hermano, grandes compa\u00f1eros y amigos. El objetivo principal es inspirar a los adultos j\u00f3venes en Estados Unidos y en el extranjero, como en Hait\u00ed y \u00c1frica, a perseguir sus sue\u00f1os y nunca retroceder a pesar de los desaf\u00edos de la vida.<\/p>\n<p>La Dra. Betty Merveil-Ceneus es una enfermera especializada en pr\u00e1ctica avanzada que se esfuerza por brindar atenci\u00f3n de la mejor calidad a sus pacientes y profesora en Rutgers, la Universidad Estatal de Nueva Jersey y el Hudson County Community College. Comenz\u00f3 su carrera de enfermer\u00eda como asistente de enfermer\u00eda y escal\u00f3 con gracia la escalera del \u00e9xito con autodeterminaci\u00f3n y motivaci\u00f3n. Recibi\u00f3 un doctorado en pr\u00e1ctica de enfermer\u00eda y una certificaci\u00f3n en consultor\u00eda de enfermer\u00eda legal. Posteriormente, fund\u00f3 su propio negocio de consultor\u00eda, conocido como Fidelity Legal Nurse Consulting, y tambi\u00e9n ha llevado a cabo m\u00faltiples iniciativas comerciales.<\/p>\n<p>Al haberse criado en Hait\u00ed, conoce de primera mano lo dif\u00edcil que es para los j\u00f3venes completar su educaci\u00f3n secundaria y es a\u00fan m\u00e1s desafiante incluso obtener un t\u00edtulo universitario. Espera que esta Fundaci\u00f3n ayude a los j\u00f3venes a comprender la importancia de la educaci\u00f3n financiera y el esp\u00edritu empresarial. La realizaci\u00f3n de sus ideas innovadoras puede convertirse en una fuente de ingresos para pagar la matr\u00edcula de su educaci\u00f3n. Como exsecretaria y vicepresidenta de una organizaci\u00f3n sin fines de lucro, Women Leaders in Action of NJ, la Dra. Merveil-Ceneus est\u00e1 totalmente comprometida a trabajar en colaboraci\u00f3n con la Junta Directiva para lograr la visi\u00f3n de The Christine Merveil - Never Back Down Foundation. .<\/p>\n\t\t\t\t\t\t\t<\/div>\n\t\t\t\t\t\t <\/figcaption>\n\t\t\t\t   <\/figure>\n\t\t\t\t<\/div>\n\t\t\t\t\t\t\t<div id=\"awsm-member-100849-100782\" class=\"awsm-grid-card awsm-team-item awsm-scale-anm awsm-all awsm-11\">\n\t\t\t\t   <figure>\n\t\t\t\t\t <img decoding=\"async\" width=\"1080\" height=\"1200\" src=\"https:\/\/livelifetoinspire.org\/wp-content\/uploads\/2021\/11\/c1bbbd06-9e07-4b8b-aa70-d37fc3d8f8b6-1080x1200.jpg\" class=\"attachment-awsm_team size-awsm_team wp-post-image\" alt=\"\" \/>\t\t\t\t\t\t <figcaption>\n\t\t\t\t\t\t\t<div class=\"awsm-personal-info\"><h3>Nelson Aluya, MBBS, MD<\/h3><span>Oficial de Relaciones P\u00fablicas, Cofundador<\/span><\/div>\n\t\t\t\t\t\t\t<div class=\"awsm-contact-info\">\n\t\t\t\t\t\t\t\t<p>El Dr. Aluya es un m\u00e9dico con una amplia formaci\u00f3n y experiencia cl\u00ednica en m\u00e1s de tres continentes. Est\u00e1 involucrado en el manejo m\u00e9dico de personas de diversos antecedentes raciales y \u00e9tnicos en Nigeria, Estados Unidos de Am\u00e9rica y Jamaica, especialmente de la poblaci\u00f3n indigente. Con formaci\u00f3n tanto en pediatr\u00eda como en medicina interna, la Dra. Aluya es actualmente profesora adjunta de medicina en la Escuela de Medicina de Nueva Jersey, Universidad de Rutgers, Newark, Nueva Jersey, EE. UU., Y es m\u00e9dico adjunto en la formaci\u00f3n del Hospital Universitario de Newark, Nueva Jersey. Tambi\u00e9n es el Director M\u00e9dico del Centro de Rehabilitaci\u00f3n Subaguda del Sina\u00ed, considerado el centro de rehabilitaci\u00f3n subaguda m\u00e1s grande del condado de Essex, Nueva Jersey. Se desempe\u00f1\u00f3 como oficial m\u00e9dico bajo Caduceus en el Centro de Enfermedades (CDC) de Newark. NUEVA JERSEY. Centro de cuarentena de marzo de 2015 a mayo de 2016, donde realiz\u00f3 un cribado terciario, estratificaci\u00f3n del riesgo de contacto y eliminaci\u00f3n del virus del \u00c9bola, altamente contagioso, de personas que hab\u00edan viajado a zonas designadas de riesgo del \u00c9bola.<\/p>\n<p>Ha dirigido m\u00faltiples misiones m\u00e9dicas locales e internacionales brindando su experiencia y servicio desinteresado a grupos socioecon\u00f3micos bajos, as\u00ed como a familias migrantes y desplazadas econ\u00f3mica y socialmente. Es miembro de varias asociaciones profesionales, incluida la Asociaci\u00f3n M\u00e9dica Estadounidense (AMA), Asociaci\u00f3n de Nigeria. M\u00e9dicos en Am\u00e9rica (ANPA). Actualmente, la Dra. Aluya forma parte de las juntas directivas de varias organizaciones sin fines de lucro, incluida la vicepresidenta de Impact Life International Florida, EE. UU. Ha sido orador invitado en numerosos talleres, conferencias y seminarios, incluida la convenci\u00f3n de la Asociaci\u00f3n Hait\u00ed-Estadounidense. Ha recibido numerosos premios de revisi\u00f3n por pares, nominaciones y elogios tanto a nivel local como internacional.<\/p>\n<p>El Dr. Aluya contin\u00faa dedicando su mayor esfuerzo a la ense\u00f1anza, la investigaci\u00f3n para mejorar la prestaci\u00f3n de atenci\u00f3n m\u00e9dica, especialmente en el \u00e1rea de la diabetes mellitus para toda la humanidad y especialmente para las personas de ascendencia africana, construyendo el marco para reconocer las barreras a la atenci\u00f3n, creando conciencia social y pol\u00edtica. a la carga emocional, econ\u00f3mica y social debilitante de la enfermedad y al papel, a menudo mal reconocido, de la migraci\u00f3n y la trata de personas hacia la salud.<\/p>\n\t\t\t\t\t\t\t<\/div>\n\t\t\t\t\t\t <\/figcaption>\n\t\t\t\t   <\/figure>\n\t\t\t\t<\/div>\n\t\t\t\t\t\t\t<div id=\"awsm-member-100849-100784\" class=\"awsm-grid-card awsm-team-item awsm-scale-anm awsm-all awsm-11\">\n\t\t\t\t   <figure>\n\t\t\t\t\t <img decoding=\"async\" width=\"485\" height=\"618\" src=\"https:\/\/livelifetoinspire.org\/wp-content\/uploads\/2021\/11\/IMG_3398.jpg\" class=\"attachment-awsm_team size-awsm_team wp-post-image\" alt=\"\" \/>\t\t\t\t\t\t <figcaption>\n\t\t\t\t\t\t\t<div class=\"awsm-personal-info\"><h3>Roseta Merveil<\/h3><span>Tesorero, Cofundador<\/span><\/div>\n\t\t\t\t\t\t\t<div class=\"awsm-contact-info\">\n\t\t\t\t\t\t\t\t<p>Rosette Merveil, nuera de la matriarca, posee un conjunto de habilidades que se consideran valiosas para el avance de esta organizaci\u00f3n sin fines de lucro. Nacida y criada en Hait\u00ed, Rosette aprendi\u00f3 a desenvolverse bien entre proyectos, a iniciar proyectos empresariales para pagar la matr\u00edcula de la escuela secundaria. Ahora, Rosette es bien conocida en su comunidad por su peinado y sus negocios de maquillaje. Lleva m\u00e1s de 25 a\u00f1os en este negocio, durante los cuales abri\u00f3 su propio estudio de peinado, RMK Beauty Salon. Su fuerte deseo de ayudar a las personas en su momento de necesidad la llev\u00f3 a obtener un certificado en auxiliar de enfermer\u00eda y enfermer\u00eda pr\u00e1ctica con licencia.<\/p>\n<p>Rosette es una madre devota de cinco hijos que hace todo lo posible para infundir confianza, disciplina, esperanza y amor por la educaci\u00f3n y el esp\u00edritu empresarial en sus hijos. Con esta misma pasi\u00f3n, pretende cumplir su rol de tesorera lo mejor que pueda y ayudar a cumplir la misi\u00f3n de esta Fundaci\u00f3n.<\/p>\n\t\t\t\t\t\t\t<\/div>\n\t\t\t\t\t\t <\/figcaption>\n\t\t\t\t   <\/figure>\n\t\t\t\t<\/div>\n\t\t\t\t\t\t\t<div id=\"awsm-member-100849-100786\" class=\"awsm-grid-card awsm-team-item awsm-scale-anm awsm-all awsm-11\">\n\t\t\t\t   <figure>\n\t\t\t\t\t <img decoding=\"async\" width=\"800\" height=\"800\" src=\"https:\/\/livelifetoinspire.org\/wp-content\/uploads\/2021\/11\/IMG_8239-800x800.jpg\" class=\"attachment-awsm_team size-awsm_team wp-post-image\" alt=\"\" \/>\t\t\t\t\t\t <figcaption>\n\t\t\t\t\t\t\t<div class=\"awsm-personal-info\"><h3>Rosmery Montesino, CRA<\/h3><span>Secretario, Cofundador<\/span><\/div>\n\t\t\t\t\t\t\t<div class=\"awsm-contact-info\">\n\t\t\t\t\t\t\t\t<p>Rosmery Montesino naci\u00f3 y creci\u00f3 en Honduras, Centroam\u00e9rica. A los 15 a\u00f1os emigr\u00f3 a los Estados Unidos donde se gradu\u00f3 de Clifton Senior High School. Comenz\u00f3 su carrera en el cuidado de la salud como Representante de Cuentas de Pacientes en el Centro M\u00e9dico Newark Beth Israel en 1990. Actualmente trabaja en el Centro M\u00e9dico Overlook, donde ha estado desde enero de 2009 como coordinadora de bases de datos. Tambi\u00e9n ayuda con las actividades diarias del personal y es el enlace para el departamento de Investigaci\u00f3n Card\u00edaca. Debido a su arduo trabajo, dedicaci\u00f3n y flexibilidad, su puesto actual ha pasado a ser Asociada de Investigaci\u00f3n Cl\u00ednica, donde participa en el inicio de nuevos ensayos cl\u00ednicos y su respectivo trabajo regulatorio de conformidad con la Junta de Revisi\u00f3n Institucional.<\/p>\n<p>Rosmery tiene una amplia experiencia en facturaci\u00f3n y codificaci\u00f3n m\u00e9dica y contin\u00faa estudiando para obtener un t\u00edtulo en Tecnolog\u00eda de la Informaci\u00f3n de Salud. Espera obtener su RHIT y trabajar como especialista en codificaci\u00f3n. Rosmery fue miembro de la junta de Mujeres L\u00edderes en Acci\u00f3n, donde se desempe\u00f1\u00f3 como Oficial de Relaciones P\u00fablicas y como Coordinadora Asistente de Eventos y Proyectos. En este cargo, Rosmery utiliz\u00f3 su gran capacidad para generar conciencia sobre la visi\u00f3n de WLA en la comunidad, incluidos l\u00edderes corporativos, empresas locales y otras organizaciones sin fines de lucro. Rosmery es una madre orgullosa de cinco hermosos hijos.<\/p>\n\t\t\t\t\t\t\t<\/div>\n\t\t\t\t\t\t <\/figcaption>\n\t\t\t\t   <\/figure>\n\t\t\t\t<\/div>\n\t\t\t\t\t<\/div>\n\t\t<\/div>\n<\/div><\/div><\/div><\/div><\/div><script id=\"script-row-unique-0\" data-row=\"script-row-unique-0\" type=\"text\/javascript\" class=\"vc_controls\">UNCODE.initRow(document.getElementById(\"row-unique-0\"));<\/script><\/div><\/div><\/div>\n<\/div>","protected":false},"excerpt":{"rendered":"Rosmery Montesino was born and raised in Honduras, Central America. At the age of 15 she migrated to the United [...]","protected":false},"author":1,"featured_media":0,"parent":0,"menu_order":0,"comment_status":"closed","ping_status":"closed","template":"","meta":{"give_campaign_id":0,"footnotes":""},"class_list":["post-100852","page","type-page","status-publish","hentry"],"campaignId":"","_links":{"self":[{"href":"https:\/\/livelifetoinspire.org\/es\/wp-json\/wp\/v2\/pages\/100852","targetHints":{"allow":["GET"]}}],"collection":[{"href":"https:\/\/livelifetoinspire.org\/es\/wp-json\/wp\/v2\/pages"}],"about":[{"href":"https:\/\/livelifetoinspire.org\/es\/wp-json\/wp\/v2\/types\/page"}],"author":[{"embeddable":true,"href":"https:\/\/livelifetoinspire.org\/es\/wp-json\/wp\/v2\/users\/1"}],"replies":[{"embeddable":true,"href":"https:\/\/livelifetoinspire.org\/es\/wp-json\/wp\/v2\/comments?post=100852"}],"version-history":[{"count":0,"href":"https:\/\/livelifetoinspire.org\/es\/wp-json\/wp\/v2\/pages\/100852\/revisions"}],"wp:attachment":[{"href":"https:\/\/livelifetoinspire.org\/es\/wp-json\/wp\/v2\/media?parent=100852"}],"curies":[{"name":"gracias","href":"https:\/\/api.w.org\/{rel}","templated":true}]}}