{"id":100854,"date":"2021-12-08T21:20:15","date_gmt":"2021-12-08T21:20:15","guid":{"rendered":"https:\/\/livelifetoinspire.org\/?page_id=100854"},"modified":"2021-12-29T00:54:48","modified_gmt":"2021-12-29T00:54:48","slug":"advisory-council","status":"publish","type":"page","link":"https:\/\/livelifetoinspire.org\/es\/advisory-council\/","title":{"rendered":"Consejo Asesor"},"content":{"rendered":"<div class=\"wpb-content-wrapper\"><div data-parent=\"true\" class=\"vc_row row-container\" id=\"row-unique-0\"><div class=\"row limit-width row-parent\"><div class=\"wpb_row row-inner\"><div class=\"wpb_column pos-top pos-center align_left column_parent col-lg-12 single-internal-gutter\"><div class=\"uncol style-light\"  ><div class=\"uncoltable\"><div class=\"uncell no-block-padding\" ><div class=\"uncont\" ><div id=\"awsm-team-100768\" class=\"awsm-grid-wrapper\">\n\t\t\n\t\t\t<div class=\"awsm-grid list-style style-1 grid-3-col\">\n\t\t\t\t\t\t<div id=\"awsm-member-100768-100787\" class=\"awsm-grid-card awsm-team-item awsm-scale-anm awsm-all awsm-12\">\n\t\t\t\t   <figure>\n\t\t\t\t\t <img decoding=\"async\" width=\"266\" height=\"266\" src=\"https:\/\/livelifetoinspire.org\/wp-content\/uploads\/2021\/11\/WhatsApp-Image-2021-12-24-at-03.17.16-e1640454525323.jpeg\" class=\"attachment-awsm_team size-awsm_team wp-post-image\" alt=\"\" \/>\t\t\t\t\t\t <figcaption>\n\t\t\t\t\t\t\t<div class=\"awsm-personal-info\"><h3>Wikenson Merveil<\/h3><span>Emprendedor, Cofundador<\/span><\/div>\n\t\t\t\t\t\t\t<div class=\"awsm-contact-info\">\n\t\t\t\t\t\t\t\t<p>Wikenson Merveil, el segundo hijo de la Matriarca, se dedica a dedicar su tiempo al desarrollo acad\u00e9mico y personal de los j\u00f3venes. Obtuvo una licenciatura en Administraci\u00f3n y Direcci\u00f3n de Empresas en junio de 2005 y un certificado en reparaci\u00f3n de computadoras y redes. Wikenson es un inversionista inteligente y empresario en Bienes Ra\u00edces. Est\u00e1 ansioso por compartir su conocimiento en emprendimiento con la Junta Directiva, as\u00ed como con los candidatos cuyos proyectos ser\u00e1n patrocinados por esta Fundaci\u00f3n.<\/p>\n<p>Wikenson es un padre devoto al que le gusta pasar tiempo de calidad con su familia. \u00c9l y su esposa, Rosette Merveil, adoptaron 3 hijos y tienen dos hijos biol\u00f3gicos. En su tiempo libre le gusta viajar con su familia, disfrutar de la lectura y contribuir al desarrollo de su comunidad.<\/p>\n\t\t\t\t\t\t\t<\/div>\n\t\t\t\t\t\t <\/figcaption>\n\t\t\t\t   <\/figure>\n\t\t\t\t<\/div>\n\t\t\t\t\t\t\t<div id=\"awsm-member-100768-100788\" class=\"awsm-grid-card awsm-team-item awsm-scale-anm awsm-all awsm-12\">\n\t\t\t\t   <figure>\n\t\t\t\t\t <img decoding=\"async\" width=\"141\" height=\"141\" src=\"https:\/\/livelifetoinspire.org\/wp-content\/uploads\/2021\/11\/2-e1639648968607.jpg\" class=\"attachment-awsm_team size-awsm_team wp-post-image\" alt=\"\" \/>\t\t\t\t\t\t <figcaption>\n\t\t\t\t\t\t\t<div class=\"awsm-personal-info\"><h3>Cyntia Mateo<\/h3><span>Abogado<\/span><\/div>\n\t\t\t\t\t\t\t<div class=\"awsm-contact-info\">\n\t\t\t\t\t\t\t\t<p>CYNTHIA A. MATHEKE aprendi\u00f3 sus habilidades en juicios en las Oficinas del Defensor P\u00fablico Federal y del Estado de Nueva Jersey desde 1974 hasta 1978. Como socia de Budd, Larner, Gross, Rosenbaum, Greenberg &amp; Sade (1978-1994) y ahora asesora jur\u00eddica de Lum firma, concentra su pr\u00e1ctica en el enjuiciamiento de acciones por negligencia m\u00e9dica y ha juzgado m\u00e1s de 100 acciones por negligencia m\u00e9dica hasta el veredicto. Tambi\u00e9n ha defendido a m\u00e9dicos y fabricantes de productos m\u00e9dicos para el Estado de Nueva Jersey, CNA, PPM, OUM. Ha aparecido como abogada defensora en asuntos llevados a cabo en Nueva Jersey que involucran a m\u00e9dicos afiliados al Hospital y Centro M\u00e9dico de la Universidad de Nueva York en Nueva York, Nueva York. <\/p>\n<p>Ense\u00f1\u00f3 pr\u00e1ctica procesal en la Facultad de Derecho de la Universidad de Rutgers de 1989 a 2009. En 2000, el Colegio de Abogados del Condado de Essex le otorg\u00f3 el Premio al Logro en los Juicios Civiles y es una Abogada Litigante Civil Certificada. Desde el 2003 a la fecha ha sido incluida en el top 50 de abogadas en New Jersey por New Jersey Magazine, quien tambi\u00e9n la reconoci\u00f3 como una \u201cSuper Abogada\u201d en esos mismos a\u00f1os. Desde 2005 hasta la fecha, ha sido nombrada una de las principales litigantes de lesiones personales por la revista New York Magazine.<\/p>\n\t\t\t\t\t\t\t<\/div>\n\t\t\t\t\t\t <\/figcaption>\n\t\t\t\t   <\/figure>\n\t\t\t\t<\/div>\n\t\t\t\t\t\t\t<div id=\"awsm-member-100768-100789\" class=\"awsm-grid-card awsm-team-item awsm-scale-anm awsm-all awsm-12\">\n\t\t\t\t   <figure>\n\t\t\t\t\t <img decoding=\"async\" width=\"221\" height=\"221\" src=\"https:\/\/livelifetoinspire.org\/wp-content\/uploads\/2021\/11\/1-e1639648851626.jpg\" class=\"attachment-awsm_team size-awsm_team wp-post-image\" alt=\"\" \/>\t\t\t\t\t\t <figcaption>\n\t\t\t\t\t\t\t<div class=\"awsm-personal-info\"><h3>Kweku Yeboa<\/h3><span>Contador P\u00fablico certificado<\/span><\/div>\n\t\t\t\t\t\t\t<div class=\"awsm-contact-info\">\n\t\t\t\t\t\t\t\t<p>Kweku Yeboah es un Contador P\u00fablico Certificado en ejercicio, dedicado a brindar una amplia gama de servicios relacionados con los impuestos y asesoramiento sobre finanzas personales a familias en el \u00e1rea triestatal. Como profesional de contabilidad orientado a los detalles, Kweku tambi\u00e9n ha trabajado, predominantemente, en funciones de contabilidad corporativa durante los \u00faltimos 20 a\u00f1os, mientras tambi\u00e9n trabaja con familias en sus finanzas. Actualmente es Director Senior de Contabilidad y Finanzas de Time Inc.<\/p>\n<p>Antes de Time Inc., Kweku fue controlador en CBRE. Es Contador de Gesti\u00f3n Global Colegiado, miembro del Instituto Estadounidense de Contadores P\u00fablicos Certificados y tambi\u00e9n tiene una designaci\u00f3n de Administrador de Bienes Ra\u00edces (RPA) del Instituto de Propietarios y Administradores de Edificios (BOMI).<\/p>\n<p>Kweku vive aqu\u00ed mismo en Nueva Jersey con su esposa, Penny, y tres hijos maravillosos. Le encanta el juego de golf y pasar tiempo con la familia.<\/p>\n\t\t\t\t\t\t\t<\/div>\n\t\t\t\t\t\t <\/figcaption>\n\t\t\t\t   <\/figure>\n\t\t\t\t<\/div>\n\t\t\t\t\t\t\t<div id=\"awsm-member-100768-100790\" class=\"awsm-grid-card awsm-team-item awsm-scale-anm awsm-all awsm-12\">\n\t\t\t\t   <figure>\n\t\t\t\t\t <img decoding=\"async\" width=\"1080\" height=\"1200\" src=\"https:\/\/livelifetoinspire.org\/wp-content\/uploads\/2021\/11\/WhatsApp-Image-2021-12-02-at-15.44.28-e1638998809237-1080x1200.jpeg\" class=\"attachment-awsm_team size-awsm_team wp-post-image\" alt=\"\" \/>\t\t\t\t\t\t <figcaption>\n\t\t\t\t\t\t\t<div class=\"awsm-personal-info\"><h3>Henry Nii-Laryea Mensah<\/h3><span>Empresario<\/span><\/div>\n\t\t\t\t\t\t\t<div class=\"awsm-contact-info\">\n\t\t\t\t\t\t\t\t<p>El Sr. Mensah es un empresario con m\u00e1s de 14 a\u00f1os de \u00e9xito en el desarrollo y la gesti\u00f3n de empresas multisectoriales. Es el propietario de HLM Staffing Solutions, una empresa de dotaci\u00f3n de personal estrat\u00e9gica con enfoque en atenci\u00f3n m\u00e9dica, tecnolog\u00eda de la informaci\u00f3n y ciencias de la vida; JFR North America: herramientas de construcci\u00f3n y alquiler y venta de equipos junto con servicios de jardiner\u00eda y remoci\u00f3n de nieve; US Pharmacovigilance Alliance Group: una subcontrataci\u00f3n de servicios de administraci\u00f3n de casos de farmacovigilancia y seguridad de medicamentos para la industria farmac\u00e9utica. Finalmente, el Sr. Mensah junto con sus hijos opera Mikhenzo, una marca que estableci\u00f3 para sus hijos (Miakeal, Henry &amp; Enzo \u2013 en Mikhenzo.com).<\/p>\n<p>Nacido en Tema, Ghana, hijo del difunto Adokailey y Nii-Mensah del clan de la Familia Real Nungua conocido como Adjin We. Est\u00e1 casado con Jemima y la familia junta hace de Gloucester City su hogar. Como residente de este municipio del condado de Camden, el Sr. Mensah es una persona de la comunidad que busca agregar valor a su comunidad tanto como lo hace con su familia. Al hacerlo, estableci\u00f3 la Convenci\u00f3n Profesional B2B del Sur de Jersey.<\/p>\n<p>El Sr. Mensah recibi\u00f3 su Licenciatura en Ciencias de la Computaci\u00f3n de la Universidad Estatal de Tennessee en Nashville, TN. En medio de su abundante desarrollo comercial, el Sr. Mensah ha sido consultor en Farmacovigilancia TI con varias compa\u00f1\u00edas farmac\u00e9uticas en los EE. UU. Es el autor del Manual de bienes ra\u00edces de Ghana para agentes inmobiliarios, que se puede encontrar en ghrealestatehandbook.com.<\/p>\n\t\t\t\t\t\t\t<\/div>\n\t\t\t\t\t\t <\/figcaption>\n\t\t\t\t   <\/figure>\n\t\t\t\t<\/div>\n\t\t\t\t\t\t\t<div id=\"awsm-member-100768-102552\" class=\"awsm-grid-card awsm-team-item awsm-scale-anm awsm-all awsm-12\">\n\t\t\t\t   <figure>\n\t\t\t\t\t <img decoding=\"async\" width=\"329\" height=\"374\" src=\"https:\/\/livelifetoinspire.org\/wp-content\/uploads\/2025\/12\/Jonathan-e1770285482797.jpg\" class=\"attachment-awsm_team size-awsm_team wp-post-image\" alt=\"\" \/>\t\t\t\t\t\t <figcaption>\n\t\t\t\t\t\t\t<div class=\"awsm-personal-info\"><h3>Jonathan Vincent, MSEd, MPA<\/h3><span>Profesor - Redactor de subvenciones - Gesti\u00f3n de organizaciones sin fines de lucro <\/span><\/div>\n\t\t\t\t\t\t\t<div class=\"awsm-contact-info\">\n\t\t\t\t\t\t\t\t<p>Con m\u00e1s de 15 a\u00f1os de experiencia en educaci\u00f3n urbana y defensa comunitaria, Jonathan Vincent aporta un enfoque profundamente informado y centrado en el ser humano para la redacci\u00f3n de solicitudes de subvenciones y el desarrollo de organizaciones sin fines de lucro. Con dos maestr\u00edas \u2014una en Educaci\u00f3n Primaria y Alfabetizaci\u00f3n y otra en Gesti\u00f3n de Organizaciones sin Fines de Lucro\u2014, combina su experiencia t\u00e9cnica con un compromiso vitalicio con la equidad, la preservaci\u00f3n cultural y la estabilizaci\u00f3n de barrios.<\/p>\n<p>Exeducador y activista urbano, Jonathan siente pasi\u00f3n por la renovaci\u00f3n urbana, basada en la diversidad cultural y las voces comunitarias. Nieto de inmigrantes de las Islas Azores y Vieste, Foggia (Italia), su trabajo se basa en una comprensi\u00f3n multigeneracional de la migraci\u00f3n, la resiliencia y la pertenencia. Multiling\u00fce en portugu\u00e9s y yidis, aporta una perspectiva global e hist\u00f3ricamente arraigada a la narrativa, la investigaci\u00f3n y las estrategias de financiaci\u00f3n con impacto.<\/p>\n<p>Jonathan comparte su hogar en Providence con cuatro gatos rescatados, cuatro p\u00e1jaros y una chihuahua loca llamada Lilly. \u00a1Es el orgulloso padre de un estudiante de octavo grado!<\/p>\n\t\t\t\t\t\t\t<\/div>\n\t\t\t\t\t\t <\/figcaption>\n\t\t\t\t   <\/figure>\n\t\t\t\t<\/div>\n\t\t\t\t\t<\/div>\n\t\t<\/div>\n<\/div><\/div><\/div><\/div><\/div><script id=\"script-row-unique-0\" data-row=\"script-row-unique-0\" type=\"text\/javascript\" class=\"vc_controls\">UNCODE.initRow(document.getElementById(\"row-unique-0\"));<\/script><\/div><\/div><\/div>\n<\/div>","protected":false},"excerpt":{"rendered":"With over 15 years of experience in urban education and community advocacy, Jonathan Vincent brings a deeply informed, human-centered approach [...]","protected":false},"author":1,"featured_media":0,"parent":0,"menu_order":0,"comment_status":"closed","ping_status":"closed","template":"","meta":{"give_campaign_id":0,"footnotes":""},"class_list":["post-100854","page","type-page","status-publish","hentry"],"campaignId":"","_links":{"self":[{"href":"https:\/\/livelifetoinspire.org\/es\/wp-json\/wp\/v2\/pages\/100854","targetHints":{"allow":["GET"]}}],"collection":[{"href":"https:\/\/livelifetoinspire.org\/es\/wp-json\/wp\/v2\/pages"}],"about":[{"href":"https:\/\/livelifetoinspire.org\/es\/wp-json\/wp\/v2\/types\/page"}],"author":[{"embeddable":true,"href":"https:\/\/livelifetoinspire.org\/es\/wp-json\/wp\/v2\/users\/1"}],"replies":[{"embeddable":true,"href":"https:\/\/livelifetoinspire.org\/es\/wp-json\/wp\/v2\/comments?post=100854"}],"version-history":[{"count":0,"href":"https:\/\/livelifetoinspire.org\/es\/wp-json\/wp\/v2\/pages\/100854\/revisions"}],"wp:attachment":[{"href":"https:\/\/livelifetoinspire.org\/es\/wp-json\/wp\/v2\/media?parent=100854"}],"curies":[{"name":"gracias","href":"https:\/\/api.w.org\/{rel}","templated":true}]}}