{"id":100866,"date":"2021-12-08T22:07:45","date_gmt":"2021-12-08T22:07:45","guid":{"rendered":"https:\/\/livelifetoinspire.org\/?page_id=100866"},"modified":"2024-12-31T13:27:26","modified_gmt":"2024-12-31T13:27:26","slug":"partners","status":"publish","type":"page","link":"https:\/\/livelifetoinspire.org\/es\/partners\/","title":{"rendered":"Socios"},"content":{"rendered":"<div class=\"wpb-content-wrapper\"><div data-parent=\"true\" class=\"vc_row row-container\" id=\"row-unique-0\"><div class=\"row single-top-padding single-bottom-padding single-h-padding limit-width row-parent\"><div class=\"wpb_row row-inner\"><div class=\"wpb_column pos-middle pos-center align_left column_parent col-lg-12 double-internal-gutter\"><div class=\"uncol style-light\"  ><div class=\"uncoltable\"><div class=\"uncell no-block-padding\" ><div class=\"uncont\" ><div class=\"vc_row row-internal row-container\"><div class=\"row col-double-gutter row-child\"><div class=\"wpb_row row-inner\"><div class=\"wpb_column pos-top pos-center align_left column_child col-lg-4 one-internal-gutter\"><div class=\"uncol style-light\" ><div class=\"uncoltable\"><div class=\"uncell no-block-padding\" ><div class=\"uncont\" ><div class=\"empty-space empty-quart\" ><span class=\"empty-space-inner\"><\/span><\/div>\n<div class=\"vc_custom_heading_wrap\"><div class=\"heading-text el-text\" ><\/div><div class=\"clear\"><\/div><\/div><\/div><\/div><\/div><\/div><\/div><div class=\"wpb_column pos-top pos-center align_left column_child col-lg-8 half-internal-gutter\"><div class=\"uncol style-light\" ><div class=\"uncoltable\"><div class=\"uncell no-block-padding\" ><div class=\"uncont\" ><div class=\"vc_custom_heading_wrap\"><div class=\"heading-text el-text\" ><h3 class=\"fontsize-155944\" ><span>Nuestros compa\u00f1eros<\/span><\/h3><\/div><div class=\"clear\"><\/div><\/div><div class=\"uncode_text_column\" ><p>Estamos buscando asociarnos con corporaciones y ONG con una misi\u00f3n en l\u00ednea con la nuestra.<\/p>\n<p>Haga clic en el bot\u00f3n a continuaci\u00f3n para enviar una solicitud y cargar cualquier documento que pueda <strong><a href=\"https:\/\/livelifetoinspire.org\/es\/upload-documents\/\">HAGA CLIC AQU\u00cd<\/a><\/strong><\/p>\n<\/div><div class=\"empty-space empty-quart\" ><span class=\"empty-space-inner\"><\/span><\/div>\n<span class=\"btn-container btn-inline\" ><a role=\"button\"  href=\"https:\/\/forms.office.com\/r\/NMfcpGaRRK\" class=\"custom-link btn btn-sm border-width-0 btn-color-113142 btn-outline btn-icon-left\" target=\"_blank\">INGL\u00c9S<\/a><\/span><span class=\"btn-container btn-inline\" ><a role=\"button\"  href=\"https:\/\/forms.office.com\/r\/Tw9ecgXxLe\" class=\"custom-link btn btn-sm border-width-0 btn-color-113142 btn-icon-left\" target=\"_blank\">FRANC\u00c9S<\/a><\/span><span class=\"btn-container btn-inline\" ><a role=\"button\"  href=\"https:\/\/forms.office.com\/r\/9ghzvBiDMN\" class=\"custom-link btn btn-sm border-width-0 btn-color-113142 btn-outline btn-icon-left\" target=\"_blank\">ESPA\u00d1OL<\/a><\/span><\/div><\/div><\/div><\/div><\/div><\/div><\/div><\/div><div class=\"vc_row row-internal row-container\"><div class=\"row row-child\"><div class=\"wpb_row row-inner\"><div class=\"wpb_column pos-top pos-center align_left column_child col-lg-6 single-internal-gutter\"><div class=\"uncol style-light\" ><div class=\"uncoltable\"><div class=\"uncell no-block-padding\" ><div class=\"uncont\" ><div class=\"uncode-single-media  text-center\"><div class=\"single-wrapper\" style=\"max-width: 40%;\"><a class=\"single-media-link\" href=\"http:\/\/globalgiving.org\/\" target=\"_blank\"><div class=\"tmb tmb-light  tmb-media-first tmb-media-last tmb-content-overlay tmb-no-bg\"><div class=\"t-inside\"><div class=\"t-entry-visual\"><div class=\"t-entry-visual-tc\"><div class=\"uncode-single-media-wrapper\"><img decoding=\"async\" class=\"wp-image-102234\" src=\"https:\/\/livelifetoinspire.org\/wp-content\/uploads\/2024\/12\/WhatsApp-Image-2024-12-25-at-22.17.45.jpeg\" width=\"686\" height=\"170\" alt=\"\" srcset=\"https:\/\/livelifetoinspire.org\/wp-content\/uploads\/2024\/12\/WhatsApp-Image-2024-12-25-at-22.17.45.jpeg 686w, https:\/\/livelifetoinspire.org\/wp-content\/uploads\/2024\/12\/WhatsApp-Image-2024-12-25-at-22.17.45-600x149.jpeg 600w, https:\/\/livelifetoinspire.org\/wp-content\/uploads\/2024\/12\/WhatsApp-Image-2024-12-25-at-22.17.45-18x4.jpeg 18w, https:\/\/livelifetoinspire.org\/wp-content\/uploads\/2024\/12\/WhatsApp-Image-2024-12-25-at-22.17.45-350x87.jpeg 350w, https:\/\/livelifetoinspire.org\/wp-content\/uploads\/2024\/12\/WhatsApp-Image-2024-12-25-at-22.17.45-60x15.jpeg 60w, https:\/\/livelifetoinspire.org\/wp-content\/uploads\/2024\/12\/WhatsApp-Image-2024-12-25-at-22.17.45-110x27.jpeg 110w\" sizes=\"(max-width: 686px) 100vw, 686px\" \/><\/div>\n\t\t\t\t\t<\/div>\n\t\t\t\t<\/div><\/div><\/div><\/a><\/div><\/div><\/div><\/div><\/div><\/div><\/div><div class=\"wpb_column pos-top pos-center align_left column_child col-lg-6 single-internal-gutter\"><div class=\"uncol style-light\" ><div class=\"uncoltable\"><div class=\"uncell no-block-padding\" ><div class=\"uncont\" ><div class=\"uncode_text_column\" ><p><strong>Centro financiero comunitario de Burlington<\/strong><br \/>\nNos complace asociarnos con Burlington Community Financial Center para brindar diversos talleres educativos centrados en finanzas personales, impuestos, gesti\u00f3n de deudas y esp\u00edritu empresarial a nuestra comunidad.<\/p>\n<\/div><\/div><\/div><\/div><\/div><\/div><\/div><\/div><\/div><div class=\"vc_row row-internal row-container\"><div class=\"row row-child\"><div class=\"wpb_row row-inner\"><div class=\"wpb_column pos-top pos-center align_left column_child col-lg-6 single-internal-gutter\"><div class=\"uncol style-light\" ><div class=\"uncoltable\"><div class=\"uncell no-block-padding\" ><div class=\"uncont\" ><div class=\"uncode-single-media  text-center\"><div class=\"single-wrapper\" style=\"max-width: 40%;\"><a class=\"single-media-link\" href=\"http:\/\/globalgiving.org\/\" target=\"_blank\"><div class=\"tmb tmb-light  tmb-media-first tmb-media-last tmb-content-overlay tmb-no-bg\"><div class=\"t-inside\"><div class=\"t-entry-visual\"><div class=\"t-entry-visual-tc\"><div class=\"uncode-single-media-wrapper\"><img decoding=\"async\" class=\"wp-image-102133\" src=\"https:\/\/livelifetoinspire.org\/wp-content\/uploads\/2024\/10\/WhatsApp-Image-2024-10-01-at-11.55.58-AM.jpeg\" width=\"828\" height=\"280\" alt=\"\" srcset=\"https:\/\/livelifetoinspire.org\/wp-content\/uploads\/2024\/10\/WhatsApp-Image-2024-10-01-at-11.55.58-AM.jpeg 828w, https:\/\/livelifetoinspire.org\/wp-content\/uploads\/2024\/10\/WhatsApp-Image-2024-10-01-at-11.55.58-AM-600x203.jpeg 600w, https:\/\/livelifetoinspire.org\/wp-content\/uploads\/2024\/10\/WhatsApp-Image-2024-10-01-at-11.55.58-AM-768x260.jpeg 768w, https:\/\/livelifetoinspire.org\/wp-content\/uploads\/2024\/10\/WhatsApp-Image-2024-10-01-at-11.55.58-AM-18x6.jpeg 18w, https:\/\/livelifetoinspire.org\/wp-content\/uploads\/2024\/10\/WhatsApp-Image-2024-10-01-at-11.55.58-AM-350x118.jpeg 350w, https:\/\/livelifetoinspire.org\/wp-content\/uploads\/2024\/10\/WhatsApp-Image-2024-10-01-at-11.55.58-AM-60x20.jpeg 60w, https:\/\/livelifetoinspire.org\/wp-content\/uploads\/2024\/10\/WhatsApp-Image-2024-10-01-at-11.55.58-AM-110x37.jpeg 110w\" sizes=\"(max-width: 828px) 100vw, 828px\" \/><\/div>\n\t\t\t\t\t<\/div>\n\t\t\t\t<\/div><\/div><\/div><\/a><\/div><\/div><\/div><\/div><\/div><\/div><\/div><div class=\"wpb_column pos-top pos-center align_left column_child col-lg-6 single-internal-gutter\"><div class=\"uncol style-light\" ><div class=\"uncoltable\"><div class=\"uncell no-block-padding\" ><div class=\"uncont\" ><div class=\"uncode_text_column\" ><p><strong>ONG1<\/strong><br \/>\nNuestra estimada organizaci\u00f3n sin fines de lucro ha sido agregada con \u00e9xito a NGOs1, un directorio en l\u00ednea de primer nivel para organizaciones y servicios no gubernamentales.<br \/>\nEst\u00e1 dise\u00f1ado para conectar a ciudadanos, empresas y diversas partes interesadas con ONG de buena reputaci\u00f3n.<\/p>\n<\/div><\/div><\/div><\/div><\/div><\/div><\/div><\/div><\/div><div class=\"vc_row row-internal row-container\"><div class=\"row row-child\"><div class=\"wpb_row row-inner\"><div class=\"wpb_column pos-top pos-center align_left column_child col-lg-6 single-internal-gutter\"><div class=\"uncol style-light\" ><div class=\"uncoltable\"><div class=\"uncell no-block-padding\" ><div class=\"uncont\" ><div class=\"uncode-single-media  text-center\"><div class=\"single-wrapper\" style=\"max-width: 40%;\"><a class=\"single-media-link\" href=\"http:\/\/globalgiving.org\/\" target=\"_blank\"><div class=\"tmb tmb-light  tmb-media-first tmb-media-last tmb-content-overlay tmb-no-bg\"><div class=\"t-inside\"><div class=\"t-entry-visual\"><div class=\"t-entry-visual-tc\"><div class=\"uncode-single-media-wrapper\"><img decoding=\"async\" class=\"wp-image-101945\" src=\"https:\/\/livelifetoinspire.org\/wp-content\/uploads\/2024\/05\/GG_logo_horizontal_440w.png\" width=\"440\" height=\"260\" alt=\"\" srcset=\"https:\/\/livelifetoinspire.org\/wp-content\/uploads\/2024\/05\/GG_logo_horizontal_440w.png 440w, https:\/\/livelifetoinspire.org\/wp-content\/uploads\/2024\/05\/GG_logo_horizontal_440w-18x12.png 18w, https:\/\/livelifetoinspire.org\/wp-content\/uploads\/2024\/05\/GG_logo_horizontal_440w-350x207.png 350w, https:\/\/livelifetoinspire.org\/wp-content\/uploads\/2024\/05\/GG_logo_horizontal_440w-60x35.png 60w, https:\/\/livelifetoinspire.org\/wp-content\/uploads\/2024\/05\/GG_logo_horizontal_440w-110x65.png 110w\" sizes=\"(max-width: 440px) 100vw, 440px\" \/><\/div>\n\t\t\t\t\t<\/div>\n\t\t\t\t<\/div><\/div><\/div><\/a><\/div><\/div><\/div><\/div><\/div><\/div><\/div><div class=\"wpb_column pos-top pos-center align_left column_child col-lg-6 single-internal-gutter\"><div class=\"uncol style-light\" ><div class=\"uncoltable\"><div class=\"uncell no-block-padding\" ><div class=\"uncont\" ><div class=\"uncode_text_column\" ><p><strong>Donaciones globales<\/strong><br \/>\nGlobalGiving es una organizaci\u00f3n sin fines de lucro que apoya a otras organizaciones sin fines de lucro conect\u00e1ndolas con donantes y empresas.<\/p>\n<\/div><\/div><\/div><\/div><\/div><\/div><\/div><\/div><\/div><div class=\"vc_row row-internal row-container\"><div class=\"row row-child\"><div class=\"wpb_row row-inner\"><div class=\"wpb_column pos-top pos-center align_left column_child col-lg-6 single-internal-gutter\"><div class=\"uncol style-light\" ><div class=\"uncoltable\"><div class=\"uncell no-block-padding\" ><div class=\"uncont\" ><div class=\"uncode-single-media  text-center\"><div class=\"single-wrapper\" style=\"max-width: 40%;\"><a class=\"single-media-link\" href=\"http:\/\/shouldertoshoulder.org\/\" target=\"_blank\"><div class=\"tmb tmb-light  tmb-media-first tmb-media-last tmb-content-overlay tmb-no-bg\"><div class=\"t-inside\"><div class=\"t-entry-visual\"><div class=\"t-entry-visual-tc\"><div class=\"uncode-single-media-wrapper\"><img decoding=\"async\" class=\"wp-image-101301\" src=\"https:\/\/livelifetoinspire.org\/wp-content\/uploads\/2022\/12\/StoS-Logo-Clear-78h.png\" width=\"139\" height=\"78\" alt=\"\" srcset=\"https:\/\/livelifetoinspire.org\/wp-content\/uploads\/2022\/12\/StoS-Logo-Clear-78h.png 139w, https:\/\/livelifetoinspire.org\/wp-content\/uploads\/2022\/12\/StoS-Logo-Clear-78h-60x34.png 60w, https:\/\/livelifetoinspire.org\/wp-content\/uploads\/2022\/12\/StoS-Logo-Clear-78h-110x62.png 110w, https:\/\/livelifetoinspire.org\/wp-content\/uploads\/2022\/12\/StoS-Logo-Clear-78h-18x10.png 18w\" sizes=\"(max-width: 139px) 100vw, 139px\" \/><\/div>\n\t\t\t\t\t<\/div>\n\t\t\t\t<\/div><\/div><\/div><\/a><\/div><\/div><\/div><\/div><\/div><\/div><\/div><div class=\"wpb_column pos-top pos-center align_left column_child col-lg-6 single-internal-gutter\"><div class=\"uncol style-light\" ><div class=\"uncoltable\"><div class=\"uncell no-block-padding\" ><div class=\"uncont\" ><div class=\"uncode_text_column\" ><p><strong>Hombro con hombro, Inc.<\/strong><br \/>\nTrabajamos en colaboraci\u00f3n para crear y operar servicios de salud, nutrici\u00f3n y educaci\u00f3n sostenibles y accesibles. Atendemos en la zona rural de Intubuca, Honduras, parte del Corredor Seco Centroamericano. Estamos encantados de colaborar con The Christine Merveil Never Back Foundation Inc. <a href=\"https:\/\/livelifetoinspire.org\/es\/investing-in-our-scholars\/\">Haga clic aqu\u00ed<\/a> para ver nuestra publicaci\u00f3n sobre nuestros maravillosos logros.<\/p>\n<\/div><\/div><\/div><\/div><\/div><\/div><\/div><\/div><\/div><div class=\"vc_row row-internal row-container\"><div class=\"row row-child\"><div class=\"wpb_row row-inner\"><div class=\"wpb_column pos-top pos-center align_left column_child col-lg-6 single-internal-gutter\"><div class=\"uncol style-light\" ><div class=\"uncoltable\"><div class=\"uncell no-block-padding\" ><div class=\"uncont\" ><div class=\"uncode-single-media  text-center\"><div class=\"single-wrapper\" style=\"max-width: 50%;\"><div class=\"tmb tmb-light  tmb-media-first tmb-media-last tmb-content-overlay tmb-no-bg\"><div class=\"t-inside\"><div class=\"t-entry-visual\"><div class=\"t-entry-visual-tc\"><div class=\"uncode-single-media-wrapper\"><img decoding=\"async\" class=\"wp-image-101468\" src=\"https:\/\/livelifetoinspire.org\/wp-content\/uploads\/2023\/06\/WhatsApp-Image-2023-06-14-at-19.49.51.jpg\" width=\"2048\" height=\"595\" alt=\"\" srcset=\"https:\/\/livelifetoinspire.org\/wp-content\/uploads\/2023\/06\/WhatsApp-Image-2023-06-14-at-19.49.51.jpg 2048w, https:\/\/livelifetoinspire.org\/wp-content\/uploads\/2023\/06\/WhatsApp-Image-2023-06-14-at-19.49.51-600x174.jpg 600w, https:\/\/livelifetoinspire.org\/wp-content\/uploads\/2023\/06\/WhatsApp-Image-2023-06-14-at-19.49.51-1200x349.jpg 1200w, https:\/\/livelifetoinspire.org\/wp-content\/uploads\/2023\/06\/WhatsApp-Image-2023-06-14-at-19.49.51-768x223.jpg 768w, https:\/\/livelifetoinspire.org\/wp-content\/uploads\/2023\/06\/WhatsApp-Image-2023-06-14-at-19.49.51-60x17.jpg 60w, https:\/\/livelifetoinspire.org\/wp-content\/uploads\/2023\/06\/WhatsApp-Image-2023-06-14-at-19.49.51-110x32.jpg 110w, https:\/\/livelifetoinspire.org\/wp-content\/uploads\/2023\/06\/WhatsApp-Image-2023-06-14-at-19.49.51-1536x446.jpg 1536w, https:\/\/livelifetoinspire.org\/wp-content\/uploads\/2023\/06\/WhatsApp-Image-2023-06-14-at-19.49.51-18x5.jpg 18w, https:\/\/livelifetoinspire.org\/wp-content\/uploads\/2023\/06\/WhatsApp-Image-2023-06-14-at-19.49.51-350x102.jpg 350w\" sizes=\"(max-width: 2048px) 100vw, 2048px\" \/><\/div>\n\t\t\t\t\t<\/div>\n\t\t\t\t<\/div><\/div><\/div><\/div><\/div><\/div><\/div><\/div><\/div><\/div><div class=\"wpb_column pos-top pos-center align_left column_child col-lg-6 single-internal-gutter\"><div class=\"uncol style-light\" ><div class=\"uncoltable\"><div class=\"uncell no-block-padding\" ><div class=\"uncont\" ><div class=\"uncode_text_column\" ><p><strong>Fundaci\u00f3n Filantr\u00f3pica Ciudadana<\/strong><br \/>\nCitizens Philanthropic Foundation trabaja en colaboraci\u00f3n con Investors Foundation para enfocarse en combatir el hambre, ense\u00f1ar a administrar el dinero y fortalecer a las comunidades. Citizens Helping Citizens tiene como objetivo proporcionar las herramientas y el apoyo para impulsar la vitalidad econ\u00f3mica de las calles, vecindarios y pueblos a los que sirven. Nos complace recibir este prestigioso premio.<\/p>\n<\/div><\/div><\/div><\/div><\/div><\/div><\/div><\/div><\/div><div class=\"vc_row row-internal row-container\"><div class=\"row row-child\"><div class=\"wpb_row row-inner\"><div class=\"wpb_column pos-top pos-center align_left column_child col-lg-6 single-internal-gutter\"><div class=\"uncol style-light\" ><div class=\"uncoltable\"><div class=\"uncell no-block-padding\" ><div class=\"uncont\" ><div class=\"uncode-single-media  text-center\"><div class=\"single-wrapper\" style=\"max-width: 50%;\"><div class=\"tmb tmb-light  tmb-media-first tmb-media-last tmb-content-overlay tmb-no-bg\"><div class=\"t-inside\"><div class=\"t-entry-visual\"><div class=\"t-entry-visual-tc\"><div class=\"uncode-single-media-wrapper\"><img decoding=\"async\" class=\"wp-image-101471\" src=\"https:\/\/livelifetoinspire.org\/wp-content\/uploads\/2023\/06\/WhatsApp-Image-2023-06-15-at-16.05.47-e1687447272454.jpg\" width=\"702\" height=\"354\" alt=\"\" srcset=\"https:\/\/livelifetoinspire.org\/wp-content\/uploads\/2023\/06\/WhatsApp-Image-2023-06-15-at-16.05.47-e1687447272454.jpg 702w, https:\/\/livelifetoinspire.org\/wp-content\/uploads\/2023\/06\/WhatsApp-Image-2023-06-15-at-16.05.47-e1687447272454-600x303.jpg 600w, https:\/\/livelifetoinspire.org\/wp-content\/uploads\/2023\/06\/WhatsApp-Image-2023-06-15-at-16.05.47-e1687447272454-60x30.jpg 60w, https:\/\/livelifetoinspire.org\/wp-content\/uploads\/2023\/06\/WhatsApp-Image-2023-06-15-at-16.05.47-e1687447272454-110x55.jpg 110w, https:\/\/livelifetoinspire.org\/wp-content\/uploads\/2023\/06\/WhatsApp-Image-2023-06-15-at-16.05.47-e1687447272454-18x9.jpg 18w, https:\/\/livelifetoinspire.org\/wp-content\/uploads\/2023\/06\/WhatsApp-Image-2023-06-15-at-16.05.47-e1687447272454-350x176.jpg 350w\" sizes=\"(max-width: 702px) 100vw, 702px\" \/><\/div>\n\t\t\t\t\t<\/div>\n\t\t\t\t<\/div><\/div><\/div><\/div><\/div><\/div><\/div><\/div><\/div><\/div><div class=\"wpb_column pos-top pos-center align_left column_child col-lg-6 single-internal-gutter\"><div class=\"uncol style-light\" ><div class=\"uncoltable\"><div class=\"uncell no-block-padding\" ><div class=\"uncont\" ><div class=\"uncode_text_column\" ><p><strong>Iglesia de Dios Hermanos Unidos<\/strong><br \/>\nLa Iglesia de Dios Hermanos Unidos de Carrefour, Hait\u00ed, est\u00e1 dirigida por el pastor principal, Ronald Fils. Nos complace desarrollar una relaci\u00f3n de colaboraci\u00f3n con los l\u00edderes de esta iglesia para tener un impacto significativo en esta comunidad.<\/p>\n<\/div><\/div><\/div><\/div><\/div><\/div><\/div><\/div><\/div><div class=\"vc_row row-internal row-container\"><div class=\"row row-child\"><div class=\"wpb_row row-inner\"><div class=\"wpb_column pos-top pos-center align_left column_child col-lg-6 single-internal-gutter\"><div class=\"uncol style-light\" ><div class=\"uncoltable\"><div class=\"uncell no-block-padding\" ><div class=\"uncont\" ><div class=\"uncode-single-media  text-center\"><div class=\"single-wrapper\" style=\"max-width: 50%;\"><div class=\"tmb tmb-light  tmb-media-first tmb-media-last tmb-content-overlay tmb-no-bg\"><div class=\"t-inside\"><div class=\"t-entry-visual\"><div class=\"t-entry-visual-tc\"><div class=\"uncode-single-media-wrapper\"><img decoding=\"async\" class=\"wp-image-101557\" src=\"https:\/\/livelifetoinspire.org\/wp-content\/uploads\/2023\/08\/d734aa82-d345-4cd0-868c-cd789d8ff52d.jpeg\" width=\"2048\" height=\"376\" alt=\"\" srcset=\"https:\/\/livelifetoinspire.org\/wp-content\/uploads\/2023\/08\/d734aa82-d345-4cd0-868c-cd789d8ff52d.jpeg 2048w, https:\/\/livelifetoinspire.org\/wp-content\/uploads\/2023\/08\/d734aa82-d345-4cd0-868c-cd789d8ff52d-600x110.jpeg 600w, https:\/\/livelifetoinspire.org\/wp-content\/uploads\/2023\/08\/d734aa82-d345-4cd0-868c-cd789d8ff52d-1200x220.jpeg 1200w, https:\/\/livelifetoinspire.org\/wp-content\/uploads\/2023\/08\/d734aa82-d345-4cd0-868c-cd789d8ff52d-768x141.jpeg 768w, https:\/\/livelifetoinspire.org\/wp-content\/uploads\/2023\/08\/d734aa82-d345-4cd0-868c-cd789d8ff52d-60x11.jpeg 60w, https:\/\/livelifetoinspire.org\/wp-content\/uploads\/2023\/08\/d734aa82-d345-4cd0-868c-cd789d8ff52d-110x20.jpeg 110w, https:\/\/livelifetoinspire.org\/wp-content\/uploads\/2023\/08\/d734aa82-d345-4cd0-868c-cd789d8ff52d-1536x282.jpeg 1536w, https:\/\/livelifetoinspire.org\/wp-content\/uploads\/2023\/08\/d734aa82-d345-4cd0-868c-cd789d8ff52d-18x3.jpeg 18w, https:\/\/livelifetoinspire.org\/wp-content\/uploads\/2023\/08\/d734aa82-d345-4cd0-868c-cd789d8ff52d-350x64.jpeg 350w\" sizes=\"(max-width: 2048px) 100vw, 2048px\" \/><\/div>\n\t\t\t\t\t<\/div>\n\t\t\t\t<\/div><\/div><\/div><\/div><\/div><\/div><\/div><\/div><\/div><\/div><div class=\"wpb_column pos-top pos-center align_left column_child col-lg-6 single-internal-gutter\"><div class=\"uncol style-light\" ><div class=\"uncoltable\"><div class=\"uncell no-block-padding\" ><div class=\"uncont\" ><div class=\"uncode_text_column\" ><p><strong>Fundaci\u00f3n de inversores<\/strong><br \/>\nInvestors Foundation se dedica a apoyar iniciativas impactantes de diversas organizaciones comunitarias que apoyan las artes, la educaci\u00f3n, los servicios humanos y de salud, la juventud y la vivienda asequible en las comunidades a las que sirve Investors Bank.<\/p>\n<\/div><\/div><\/div><\/div><\/div><\/div><\/div><\/div><\/div><div class=\"vc_row row-internal row-container\"><div class=\"row row-child\"><div class=\"wpb_row row-inner\"><div class=\"wpb_column pos-top pos-center align_left column_child col-lg-6 single-internal-gutter\"><div class=\"uncol style-light\" ><div class=\"uncoltable\"><div class=\"uncell no-block-padding\" ><div class=\"uncont\" ><div class=\"uncode-single-media  text-center\"><div class=\"single-wrapper\" style=\"max-width: 50%;\"><div class=\"tmb tmb-light  tmb-img-ratio tmb-media-first tmb-media-last tmb-content-overlay tmb-no-bg\"><div class=\"t-inside\"><div class=\"t-entry-visual\"><div class=\"t-entry-visual-tc\"><div class=\"uncode-single-media-wrapper\"><div class=\"dummy\" style=\"padding-top: 75%;\"><\/div><img decoding=\"async\" class=\"wp-image-101653\" src=\"https:\/\/livelifetoinspire.org\/wp-content\/uploads\/2023\/09\/WhatsApp-Image-2023-09-26-at-4.05.32-PM-uai-828x621.jpeg\" width=\"828\" height=\"621\" alt=\"\"><\/div>\n\t\t\t\t\t<\/div>\n\t\t\t\t<\/div><\/div><\/div><\/div><\/div><\/div><\/div><\/div><\/div><\/div><div class=\"wpb_column pos-top pos-center align_left column_child col-lg-6 single-internal-gutter\"><div class=\"uncol style-light\" ><div class=\"uncoltable\"><div class=\"uncell no-block-padding\" ><div class=\"uncont\" ><div class=\"uncode_text_column\" ><p><strong>AFRIMERGE<\/strong><br \/>\nNos complace anunciar el inicio de nuestra asociaci\u00f3n con AFRIMERGE. Una organizaci\u00f3n sin fines de lucro con sede en Nigeria cuyo presidente es Edwin Ikechukwu. Su misi\u00f3n es expandir la tecnolog\u00eda en \u00c1frica y m\u00e1s all\u00e1. Juntos, esperamos implementar proyectos significativos que fomenten el empoderamiento de los j\u00f3venes y el desarrollo econ\u00f3mico de \u00c1frica y m\u00e1s all\u00e1.<\/p>\n<\/div><\/div><\/div><\/div><\/div><\/div><\/div><\/div><\/div><div class=\"vc_row row-internal row-container\"><div class=\"row col-double-gutter row-child\"><div class=\"wpb_row row-inner\"><div class=\"wpb_column pos-top pos-center align_left column_child col-lg-12 single-internal-gutter\"><div class=\"uncol style-light\" ><div class=\"uncoltable\"><div class=\"uncell no-block-padding\" ><div class=\"uncont\" ><\/div><\/div><\/div><\/div><\/div><\/div><\/div><\/div><\/div><\/div><\/div><\/div><\/div><script id=\"script-row-unique-0\" data-row=\"script-row-unique-0\" type=\"text\/javascript\" class=\"vc_controls\">UNCODE.initRow(document.getElementById(\"row-unique-0\"));<\/script><\/div><\/div><\/div>\n<\/div>","protected":false},"excerpt":{"rendered":"Our PartnersWe are looking to partner up with corporations and NGOs with mission in-line to ours. Click the button below [...]","protected":false},"author":1,"featured_media":0,"parent":0,"menu_order":0,"comment_status":"closed","ping_status":"closed","template":"","meta":{"give_campaign_id":0,"footnotes":""},"class_list":["post-100866","page","type-page","status-publish","hentry"],"campaignId":"","_links":{"self":[{"href":"https:\/\/livelifetoinspire.org\/es\/wp-json\/wp\/v2\/pages\/100866","targetHints":{"allow":["GET"]}}],"collection":[{"href":"https:\/\/livelifetoinspire.org\/es\/wp-json\/wp\/v2\/pages"}],"about":[{"href":"https:\/\/livelifetoinspire.org\/es\/wp-json\/wp\/v2\/types\/page"}],"author":[{"embeddable":true,"href":"https:\/\/livelifetoinspire.org\/es\/wp-json\/wp\/v2\/users\/1"}],"replies":[{"embeddable":true,"href":"https:\/\/livelifetoinspire.org\/es\/wp-json\/wp\/v2\/comments?post=100866"}],"version-history":[{"count":6,"href":"https:\/\/livelifetoinspire.org\/es\/wp-json\/wp\/v2\/pages\/100866\/revisions"}],"predecessor-version":[{"id":102235,"href":"https:\/\/livelifetoinspire.org\/es\/wp-json\/wp\/v2\/pages\/100866\/revisions\/102235"}],"wp:attachment":[{"href":"https:\/\/livelifetoinspire.org\/es\/wp-json\/wp\/v2\/media?parent=100866"}],"curies":[{"name":"gracias","href":"https:\/\/api.w.org\/{rel}","templated":true}]}}