{"id":101221,"date":"2022-10-17T14:10:43","date_gmt":"2022-10-17T14:10:43","guid":{"rendered":"https:\/\/livelifetoinspire.org\/?page_id=101221"},"modified":"2026-02-05T15:45:50","modified_gmt":"2026-02-05T15:45:50","slug":"volunteers","status":"publish","type":"page","link":"https:\/\/livelifetoinspire.org\/es\/volunteers\/","title":{"rendered":"Voluntarios"},"content":{"rendered":"<div class=\"wpb-content-wrapper\"><div data-parent=\"true\" class=\"vc_row row-container\" id=\"row-unique-0\"><div class=\"row limit-width row-parent\"><div class=\"wpb_row row-inner\"><div class=\"wpb_column pos-top pos-center align_left column_parent col-lg-12 single-internal-gutter\"><div class=\"uncol style-light\"  ><div class=\"uncoltable\"><div class=\"uncell no-block-padding\" ><div class=\"uncont\" ><div class=\"uncode_text_column\" ><div id=\"awsm-team-101224\" class=\"awsm-grid-wrapper\">\n\t\t\n\t\t\t<div class=\"awsm-grid list-style style-1 grid-2-col\">\n\t\t\t\t\t\t<div id=\"awsm-member-101224-102562\" class=\"awsm-grid-card awsm-team-item awsm-scale-anm awsm-all awsm-35\">\n\t\t\t\t   <figure>\n\t\t\t\t\t <img decoding=\"async\" width=\"1200\" height=\"1200\" src=\"https:\/\/livelifetoinspire.org\/wp-content\/uploads\/2026\/02\/WhatsApp-Image-2026-01-31-at-18.40.41-1200x1200.jpeg\" class=\"attachment-awsm_team size-awsm_team wp-post-image\" alt=\"\" \/>\t\t\t\t\t\t <figcaption>\n\t\t\t\t\t\t\t<div class=\"awsm-personal-info\"><h3>Sharon M. Ellis, licenciada<\/h3><span>Gerente de Operaciones<\/span><\/div>\n\t\t\t\t\t\t\t<div class=\"awsm-contact-info\">\n\t\t\t\t\t\t\t\t<p>Sharon es una coach de vida con un prop\u00f3sito definido y formaci\u00f3n en psicolog\u00eda, liderazgo y gesti\u00f3n educativa. Licenciada en Artes y Ciencias Aplicadas con especializaci\u00f3n en Psicolog\u00eda y Liderazgo, ha dedicado gran parte de su trabajo a apoyar a poblaciones desfavorecidas a trav\u00e9s de la educaci\u00f3n, la formaci\u00f3n profesional y el desarrollo personal.<br \/>\nGuiada por un profundo compromiso con la equidad, el servicio global y el impacto comunitario sostenible, Sharon se especializa en ayudar a las personas a lograr claridad y equilibrio en todas las \u00e1reas de su vida: personal, profesional, espiritual y emocional. Mediante una combinaci\u00f3n de trabajo energ\u00e9tico, diario, arte, conversaci\u00f3n, simbolismo y estrategias organizativas personalizadas, empodera a sus clientes para que se sientan m\u00e1s alineados, organizados y plenos en su vida diaria.<\/p>\n\t\t\t\t\t\t\t<\/div>\n\t\t\t\t\t\t <\/figcaption>\n\t\t\t\t   <\/figure>\n\t\t\t\t<\/div>\n\t\t\t\t\t<\/div>\n\t\t<\/div>\n\n<\/div><\/div><\/div><\/div><\/div><\/div><script id=\"script-row-unique-0\" data-row=\"script-row-unique-0\" type=\"text\/javascript\" class=\"vc_controls\">UNCODE.initRow(document.getElementById(\"row-unique-0\"));<\/script><\/div><\/div><\/div>\n<\/div>","protected":false},"excerpt":{"rendered":"Sharon is a purpose-driven life coach with a background in psychology, leadership, and education management. Holding a Bachelor of Arts [...]","protected":false},"author":1,"featured_media":0,"parent":0,"menu_order":0,"comment_status":"closed","ping_status":"closed","template":"","meta":{"give_campaign_id":0,"footnotes":""},"class_list":["post-101221","page","type-page","status-publish","hentry"],"campaignId":"","_links":{"self":[{"href":"https:\/\/livelifetoinspire.org\/es\/wp-json\/wp\/v2\/pages\/101221","targetHints":{"allow":["GET"]}}],"collection":[{"href":"https:\/\/livelifetoinspire.org\/es\/wp-json\/wp\/v2\/pages"}],"about":[{"href":"https:\/\/livelifetoinspire.org\/es\/wp-json\/wp\/v2\/types\/page"}],"author":[{"embeddable":true,"href":"https:\/\/livelifetoinspire.org\/es\/wp-json\/wp\/v2\/users\/1"}],"replies":[{"embeddable":true,"href":"https:\/\/livelifetoinspire.org\/es\/wp-json\/wp\/v2\/comments?post=101221"}],"version-history":[{"count":3,"href":"https:\/\/livelifetoinspire.org\/es\/wp-json\/wp\/v2\/pages\/101221\/revisions"}],"predecessor-version":[{"id":102566,"href":"https:\/\/livelifetoinspire.org\/es\/wp-json\/wp\/v2\/pages\/101221\/revisions\/102566"}],"wp:attachment":[{"href":"https:\/\/livelifetoinspire.org\/es\/wp-json\/wp\/v2\/media?parent=101221"}],"curies":[{"name":"gracias","href":"https:\/\/api.w.org\/{rel}","templated":true}]}}