{"id":101235,"date":"2022-10-20T10:33:11","date_gmt":"2022-10-20T10:33:11","guid":{"rendered":"https:\/\/livelifetoinspire.org\/?page_id=101235"},"modified":"2024-10-02T14:56:51","modified_gmt":"2024-10-02T14:56:51","slug":"honduras","status":"publish","type":"page","link":"https:\/\/livelifetoinspire.org\/es\/honduras\/","title":{"rendered":"Honduras"},"content":{"rendered":"<div class=\"wpb-content-wrapper\"><div data-parent=\"true\" class=\"vc_row has-bg need-focus style-color-113142-bg row-container\" id=\"row-unique-0\"><div class=\"row-background background-element\" style=\"opacity: 1;\">\n\t\t\t\t\t\t\t\t\t\t\t<div class=\"background-wrapper\">\n\t\t\t\t\t\t\t\t\t\t\t\t<div class=\"background-inner\"><\/div>\n\t\t\t\t\t\t\t\t\t\t\t\t<div class=\"block-bg-overlay style-color-113142-bg\" style=\"opacity: 0.8;\"><\/div>\n\t\t\t\t\t\t\t\t\t\t\t<\/div>\n\t\t\t\t\t\t\t\t\t\t<\/div><div class=\"row unequal col-double-gutter single-top-padding single-bottom-padding single-h-padding limit-width row-parent\"><div class=\"wpb_row row-inner\"><div class=\"wpb_column pos-middle pos-center align_center column_parent col-lg-12 single-internal-gutter\"><div class=\"uncol style-spec style-dark\"  ><div class=\"uncoltable\"><div class=\"uncell no-block-padding\" ><div class=\"uncont\" ><div class=\"vc_custom_heading_wrap\"><div class=\"heading-text el-text\" ><h3 class=\"h2\" ><span>2022<\/span><\/h3><\/div><div class=\"clear\"><\/div><\/div><\/div><\/div><\/div><\/div><\/div><script id=\"script-row-unique-0\" data-row=\"script-row-unique-0\" type=\"text\/javascript\" class=\"vc_controls\">UNCODE.initRow(document.getElementById(\"row-unique-0\"));<\/script><\/div><\/div><\/div><div data-parent=\"true\" class=\"vc_row inverted-device-order row-container\" id=\"row-unique-1\"><div class=\"row double-top-padding double-bottom-padding double-h-padding full-width row-parent\"><div class=\"wpb_row row-inner\"><div class=\"wpb_column pos-top pos-center align_left column_parent col-lg-4 inverted-device-order col-md-50 single-internal-gutter\"><div class=\"uncol style-light\"  ><div class=\"uncoltable\"><div class=\"uncell no-block-padding\" ><div class=\"uncont\" ><div class=\"vc_custom_heading_wrap\"><div class=\"heading-text el-text\" ><h6 class=\"fontsize-160000 fontspace-135905 text-accent-color text-uppercase\" ><span>Destinatario del patrocinio de capacitaci\u00f3n en habilidades profesionales<\/span><\/h6><\/div><div class=\"clear\"><\/div><\/div><div class=\"vc_custom_heading_wrap\"><div class=\"heading-text el-text\" ><h3 class=\"h1 font-weight-700\" ><span>Yeimy Estefany Mej\u00eda Maldonado<\/span><\/h3><div><p>\u201cEmpec\u00e9 a recibir un curso de belleza de 15 d\u00edas y tuve que dejarlo por cuestiones econ\u00f3micas. Entonces, decid\u00ed trabajar en un sal\u00f3n durante cuatro meses en La Esperanza Intibuc\u00e1 donde adquir\u00ed algo de experiencia. Mi objetivo es iniciar mi propio negocio SAL\u00d3N DE BELLEZA Y ESTILO G\u00c9NESIS, que me puede dar algo de dinero para seguir una educaci\u00f3n superior y convertirme en ingeniero el\u00e9ctrico. Con esta oportunidad, espero lograr mis objetivos\u201d.<\/p>\n<\/div><\/div><div class=\"clear\"><\/div><\/div><\/div><\/div><\/div><\/div><\/div><div class=\"wpb_column pos-top pos-center align_left column_parent col-lg-4 single-internal-gutter\"><div class=\"uncol style-light\"  ><div class=\"uncoltable\"><div class=\"uncell no-block-padding\" ><div class=\"uncont\" ><div class=\"uncode-single-media  text-right\"><div class=\"single-wrapper\" style=\"max-width: 100%;\"><div class=\"uncode-single-media-wrapper single-advanced\"><div class=\"tmb tmb-light tmb-overlay-text-anim tmb-overlay-anim tmb-overlay-bottom tmb-overlay-text-left tmb-image-anim  tmb-img-ratio tmb-media-first tmb-media-last tmb-content-overlay tmb-no-bg tmb-lightbox\" ><div class=\"t-inside\" ><div class=\"t-entry-visual\"><div class=\"t-entry-visual-tc\"><div class=\"t-entry-visual-cont\"><div class=\"dummy\" style=\"padding-top: 100%;\"><\/div><a href=\"https:\/\/livelifetoinspire.org\/wp-content\/uploads\/2022\/10\/5845-e1666262517154.png\"  class=\"pushed\" data-active=\"1\" data-lbox=\"ilightbox_single-988155\" data-external-thumb-image=\"https:\/\/livelifetoinspire.org\/wp-content\/uploads\/2022\/10\/5845-e1666262517154-300x300.png\" data-lg-size=\"420-420\"><div class=\"t-entry-visual-overlay\"><div class=\"t-entry-visual-overlay-in style-dark-bg\" style=\"opacity: 0.5;\"><\/div><\/div><img decoding=\"async\" class=\"wp-image-101241\" src=\"https:\/\/livelifetoinspire.org\/wp-content\/uploads\/2022\/10\/5845-e1666262517154.png\" width=\"420\" height=\"420\" alt=\"\" srcset=\"https:\/\/livelifetoinspire.org\/wp-content\/uploads\/2022\/10\/5845-e1666262517154.png 420w, https:\/\/livelifetoinspire.org\/wp-content\/uploads\/2022\/10\/5845-e1666262517154-300x300.png 300w, https:\/\/livelifetoinspire.org\/wp-content\/uploads\/2022\/10\/5845-e1666262517154-100x100.png 100w, https:\/\/livelifetoinspire.org\/wp-content\/uploads\/2022\/10\/5845-e1666262517154-60x60.png 60w, https:\/\/livelifetoinspire.org\/wp-content\/uploads\/2022\/10\/5845-e1666262517154-110x110.png 110w, https:\/\/livelifetoinspire.org\/wp-content\/uploads\/2022\/10\/5845-e1666262517154-12x12.png 12w, https:\/\/livelifetoinspire.org\/wp-content\/uploads\/2022\/10\/5845-e1666262517154-350x350.png 350w, https:\/\/livelifetoinspire.org\/wp-content\/uploads\/2022\/10\/5845-e1666262517154-348x348.png 348w\" sizes=\"(max-width: 420px) 100vw, 420px\" \/><\/a><\/div>\n\t\t\t\t\t<\/div>\n\t\t\t\t<\/div><\/div><\/div><\/div><\/div><\/div><\/div><\/div><\/div><\/div><\/div><div class=\"wpb_column pos-top pos-center align_left column_parent col-lg-4 single-internal-gutter\"><div class=\"uncol style-light\"  ><div class=\"uncoltable\"><div class=\"uncell no-block-padding\" ><div class=\"uncont\" >\n\t<div class=\"wpb_raw_code wpb_raw_html\" >\n\t\t<div class=\"wpb_wrapper\">\n\t\t\t<iframe width=\"600\" height=\"500\" src=\"https:\/\/www.youtube.com\/embed\/Yzv6lCX8zpw\" title=\"reproductor de videos de youtube\" frameborder=\"0\" allow=\"accelerometer; autoplay; clipboard-write; encrypted-media; gyroscope; picture-in-picture; web-share\" allowfullscreen><\/iframe>\n\t\t<\/div>\n\t<\/div>\n<\/div><\/div><\/div><\/div><\/div><script id=\"script-row-unique-1\" data-row=\"script-row-unique-1\" type=\"text\/javascript\" class=\"vc_controls\">UNCODE.initRow(document.getElementById(\"row-unique-1\"));<\/script><\/div><\/div><\/div>\n<\/div>","protected":false},"excerpt":{"rendered":"2022Vocational Skills Training Sponsorship RecipientYeimy Estefany Mej\u00eda Maldonado\u201cI started receiving a beauty course for 15 days and I had to [...]","protected":false},"author":1,"featured_media":0,"parent":0,"menu_order":0,"comment_status":"closed","ping_status":"closed","template":"","meta":{"give_campaign_id":0,"footnotes":""},"class_list":["post-101235","page","type-page","status-publish","hentry"],"campaignId":"","_links":{"self":[{"href":"https:\/\/livelifetoinspire.org\/es\/wp-json\/wp\/v2\/pages\/101235","targetHints":{"allow":["GET"]}}],"collection":[{"href":"https:\/\/livelifetoinspire.org\/es\/wp-json\/wp\/v2\/pages"}],"about":[{"href":"https:\/\/livelifetoinspire.org\/es\/wp-json\/wp\/v2\/types\/page"}],"author":[{"embeddable":true,"href":"https:\/\/livelifetoinspire.org\/es\/wp-json\/wp\/v2\/users\/1"}],"replies":[{"embeddable":true,"href":"https:\/\/livelifetoinspire.org\/es\/wp-json\/wp\/v2\/comments?post=101235"}],"version-history":[{"count":5,"href":"https:\/\/livelifetoinspire.org\/es\/wp-json\/wp\/v2\/pages\/101235\/revisions"}],"predecessor-version":[{"id":102138,"href":"https:\/\/livelifetoinspire.org\/es\/wp-json\/wp\/v2\/pages\/101235\/revisions\/102138"}],"wp:attachment":[{"href":"https:\/\/livelifetoinspire.org\/es\/wp-json\/wp\/v2\/media?parent=101235"}],"curies":[{"name":"gracias","href":"https:\/\/api.w.org\/{rel}","templated":true}]}}