{"id":101281,"date":"2022-11-23T14:47:53","date_gmt":"2022-11-23T14:47:53","guid":{"rendered":"https:\/\/livelifetoinspire.org\/?page_id=101281"},"modified":"2025-12-15T15:37:12","modified_gmt":"2025-12-15T15:37:12","slug":"testimonials","status":"publish","type":"page","link":"https:\/\/livelifetoinspire.org\/es\/testimonials\/","title":{"rendered":"Testimonios"},"content":{"rendered":"<div class=\"wpb-content-wrapper\"><div data-parent=\"true\" class=\"vc_row row-container\" id=\"row-unique-0\"><div class=\"row limit-width row-parent\"><div class=\"wpb_row row-inner\"><div class=\"wpb_column pos-top pos-center align_left column_parent col-lg-6 single-internal-gutter\"><div class=\"uncol style-light\"  ><div class=\"uncoltable\"><div class=\"uncell no-block-padding\" ><div class=\"uncont\" ><div class=\"uncode-single-media  text-center\"><div class=\"single-wrapper\" style=\"max-width: 86%;\"><div class=\"tmb tmb-light  tmb-media-first tmb-media-last tmb-content-overlay tmb-no-bg\"><div class=\"t-inside\"><div class=\"t-entry-visual\"><div class=\"t-entry-visual-tc\"><div class=\"uncode-single-media-wrapper\"><img decoding=\"async\" class=\"wp-image-102523\" src=\"https:\/\/livelifetoinspire.org\/wp-content\/uploads\/2025\/12\/FOTO-15.jpg\" width=\"1080\" height=\"817\" alt=\"\" srcset=\"https:\/\/livelifetoinspire.org\/wp-content\/uploads\/2025\/12\/FOTO-15.jpg 1080w, https:\/\/livelifetoinspire.org\/wp-content\/uploads\/2025\/12\/FOTO-15-600x454.jpg 600w, https:\/\/livelifetoinspire.org\/wp-content\/uploads\/2025\/12\/FOTO-15-768x581.jpg 768w, https:\/\/livelifetoinspire.org\/wp-content\/uploads\/2025\/12\/FOTO-15-16x12.jpg 16w, https:\/\/livelifetoinspire.org\/wp-content\/uploads\/2025\/12\/FOTO-15-350x265.jpg 350w, https:\/\/livelifetoinspire.org\/wp-content\/uploads\/2025\/12\/FOTO-15-60x45.jpg 60w, https:\/\/livelifetoinspire.org\/wp-content\/uploads\/2025\/12\/FOTO-15-110x83.jpg 110w\" sizes=\"(max-width: 1080px) 100vw, 1080px\" \/><\/div>\n\t\t\t\t\t<\/div>\n\t\t\t\t<\/div><\/div><\/div><\/div><\/div><\/div><\/div><\/div><\/div><\/div><div class=\"wpb_column pos-middle pos-center align_left column_parent col-lg-6 single-internal-gutter\"><div class=\"uncol style-light\"  ><div class=\"uncoltable\"><div class=\"uncell no-block-padding\" ><div class=\"uncont\" ><div class=\"uncode_text_column text-small\" ><p>Estimado partidario,<\/p>\n<p>Quiero expresar mi sincero agradecimiento a la Fundaci\u00f3n Christine Merveil Never Backdown por patrocinar la participaci\u00f3n de diez j\u00f3venes en nuestro taller de capacitaci\u00f3n sobre redacci\u00f3n de spots publicitarios, que se llev\u00f3 a cabo el 29 de noviembre de 2025 en la Instituci\u00f3n Arc-en-Ciel.<\/p>\n<p>Gracias a su generoso apoyo, varios j\u00f3venes asistentes se beneficiaron de un estimulante entorno de aprendizaje que les ofrece oportunidades significativas para su futuro en la comunicaci\u00f3n publicitaria. Esta contribuci\u00f3n refleja su compromiso con la educaci\u00f3n, el empoderamiento y el desarrollo de j\u00f3venes talentos en nuestra comunidad. Agradecemos profundamente su participaci\u00f3n.<\/p>\n<p>Esperamos con inter\u00e9s renovar esta colaboraci\u00f3n para apoyar otras iniciativas dedicadas a la formaci\u00f3n y el desarrollo de j\u00f3venes. Ser\u00e1 un honor contar nuevamente con su valiosa colaboraci\u00f3n para nuestras pr\u00f3ximas actividades.<\/p>\n<p>Tambi\u00e9n nos complace presentar los momentos claves que marcaron este importante d\u00eda a trav\u00e9s de las im\u00e1genes y audio adjuntos.<\/p>\n<p>Le ruego acepte la seguridad de nuestra m\u00e1s alta estima y aprecio.<\/p>\n<p>Sinceramente,<\/p>\n<p>Am\u00f3s Yacinthe<br \/>\nDirector ejecutivo de MA VOIX OFF 2.0<br \/>\n3704\u20130895<\/p>\n<\/div><\/div><\/div><\/div><\/div><\/div><script id=\"script-row-unique-0\" data-row=\"script-row-unique-0\" type=\"text\/javascript\" class=\"vc_controls\">UNCODE.initRow(document.getElementById(\"row-unique-0\"));<\/script><\/div><\/div><\/div><div data-parent=\"true\" class=\"vc_row row-container\" id=\"row-unique-1\"><div class=\"row limit-width row-parent\"><div class=\"wpb_row row-inner\"><div class=\"wpb_column pos-top pos-center align_left column_parent col-lg-12 single-internal-gutter\"><div class=\"uncol style-light\"  ><div class=\"uncoltable\"><div class=\"uncell no-block-padding\" ><div class=\"uncont\" ><div class=\"divider-wrapper\"  >\n    <div class=\"unseparator divider divider-center-icon border-accent-color\">\n                <div class=\"divider-icon icon-inactive btn-accent\">\n            <i class=\"fa fa-minus\"><\/i>\n        <\/div>\n            <\/div>\n<\/div>\n<\/div><\/div><\/div><\/div><\/div><script id=\"script-row-unique-1\" data-row=\"script-row-unique-1\" type=\"text\/javascript\" class=\"vc_controls\">UNCODE.initRow(document.getElementById(\"row-unique-1\"));<\/script><\/div><\/div><\/div><div data-parent=\"true\" class=\"vc_row row-container\" id=\"row-unique-2\"><div class=\"row limit-width row-parent\"><div class=\"wpb_row row-inner\"><div class=\"wpb_column pos-top pos-center align_left column_parent col-lg-6 single-internal-gutter\"><div class=\"uncol style-light\"  ><div class=\"uncoltable\"><div class=\"uncell no-block-padding\" ><div class=\"uncont\" ><div class=\"uncode-single-media  text-center\"><div class=\"single-wrapper\" style=\"max-width: 67%;\"><div class=\"tmb tmb-light  tmb-media-first tmb-media-last tmb-content-overlay tmb-no-bg\"><div class=\"t-inside\"><div class=\"t-entry-visual\"><div class=\"t-entry-visual-tc\"><div class=\"uncode-single-media-wrapper\"><img decoding=\"async\" class=\"wp-image-102237\" src=\"https:\/\/livelifetoinspire.org\/wp-content\/uploads\/2024\/12\/fany-2.jpg\" width=\"412\" height=\"476\" alt=\"\" srcset=\"https:\/\/livelifetoinspire.org\/wp-content\/uploads\/2024\/12\/fany-2.jpg 412w, https:\/\/livelifetoinspire.org\/wp-content\/uploads\/2024\/12\/fany-2-10x12.jpg 10w, https:\/\/livelifetoinspire.org\/wp-content\/uploads\/2024\/12\/fany-2-350x404.jpg 350w, https:\/\/livelifetoinspire.org\/wp-content\/uploads\/2024\/12\/fany-2-60x69.jpg 60w, https:\/\/livelifetoinspire.org\/wp-content\/uploads\/2024\/12\/fany-2-110x127.jpg 110w\" sizes=\"(max-width: 412px) 100vw, 412px\" \/><\/div>\n\t\t\t\t\t<\/div>\n\t\t\t\t<\/div><\/div><\/div><\/div><\/div><\/div><\/div><\/div><\/div><\/div><div class=\"wpb_column pos-middle pos-center align_left column_parent col-lg-6 single-internal-gutter\"><div class=\"uncol style-light\"  ><div class=\"uncoltable\"><div class=\"uncell no-block-padding\" ><div class=\"uncont\" ><div class=\"uncode_text_column text-small\" ><p>Siguatepeque, Comayagua Noviembre 2024<\/p>\n<p>Para: Fundaci\u00f3n Christine Merveil Never Back Down<\/p>\n<p>Que Dios Todopoderoso derrame bendiciones sobre sus vidas.<br \/>\nEstoy muy agradecido por la confianza y el apoyo que me brindaron para el desarrollo de mi peque\u00f1o negocio, me esforzar\u00e9 por dar lo mejor de m\u00ed para su desarrollo.<\/p>\n<p>Muchas gracias por su invaluable apoyo.<\/p>\n<p>Fany Portillo<\/p>\n<\/div><\/div><\/div><\/div><\/div><\/div><script id=\"script-row-unique-2\" data-row=\"script-row-unique-2\" type=\"text\/javascript\" class=\"vc_controls\">UNCODE.initRow(document.getElementById(\"row-unique-2\"));<\/script><\/div><\/div><\/div><div data-parent=\"true\" class=\"vc_row row-container\" id=\"row-unique-3\"><div class=\"row limit-width row-parent\"><div class=\"wpb_row row-inner\"><div class=\"wpb_column pos-top pos-center align_left column_parent col-lg-12 single-internal-gutter\"><div class=\"uncol style-light\"  ><div class=\"uncoltable\"><div class=\"uncell no-block-padding\" ><div class=\"uncont\" ><div class=\"divider-wrapper\"  >\n    <div class=\"unseparator divider divider-center-icon border-accent-color\">\n                <div class=\"divider-icon icon-inactive btn-accent\">\n            <i class=\"fa fa-minus\"><\/i>\n        <\/div>\n            <\/div>\n<\/div>\n<\/div><\/div><\/div><\/div><\/div><script id=\"script-row-unique-3\" data-row=\"script-row-unique-3\" type=\"text\/javascript\" class=\"vc_controls\">UNCODE.initRow(document.getElementById(\"row-unique-3\"));<\/script><\/div><\/div><\/div><div data-parent=\"true\" class=\"vc_row row-container\" id=\"row-unique-4\"><div class=\"row limit-width row-parent\"><div class=\"wpb_row row-inner\"><div class=\"wpb_column pos-top pos-center align_left column_parent col-lg-6 single-internal-gutter\"><div class=\"uncol style-light\"  ><div class=\"uncoltable\"><div class=\"uncell no-block-padding\" ><div class=\"uncont\" ><div class=\"uncode-single-media  text-left\"><div class=\"single-wrapper\" style=\"max-width: 100%;\"><div class=\"tmb tmb-light  tmb-media-first tmb-media-last tmb-content-overlay tmb-no-bg\"><div class=\"t-inside\"><div class=\"t-entry-visual\"><div class=\"t-entry-visual-tc\"><div class=\"uncode-single-media-wrapper\"><img decoding=\"async\" class=\"wp-image-101270\" src=\"https:\/\/livelifetoinspire.org\/wp-content\/uploads\/2022\/11\/unnamed.jpg\" width=\"364\" height=\"512\" alt=\"\" srcset=\"https:\/\/livelifetoinspire.org\/wp-content\/uploads\/2022\/11\/unnamed.jpg 364w, https:\/\/livelifetoinspire.org\/wp-content\/uploads\/2022\/11\/unnamed-60x84.jpg 60w, https:\/\/livelifetoinspire.org\/wp-content\/uploads\/2022\/11\/unnamed-110x155.jpg 110w, https:\/\/livelifetoinspire.org\/wp-content\/uploads\/2022\/11\/unnamed-9x12.jpg 9w, https:\/\/livelifetoinspire.org\/wp-content\/uploads\/2022\/11\/unnamed-350x492.jpg 350w\" sizes=\"(max-width: 364px) 100vw, 364px\" \/><\/div>\n\t\t\t\t\t<\/div>\n\t\t\t\t<\/div><\/div><\/div><\/div><\/div><\/div><\/div><\/div><\/div><\/div><div class=\"wpb_column pos-top pos-center align_left column_parent col-lg-6 single-internal-gutter\"><div class=\"uncol style-light\"  ><div class=\"uncoltable\"><div class=\"uncell no-block-padding\" ><div class=\"uncont\" ><div class=\"uncode_text_column text-small\" ><p>Fecha: 27 de agosto de 2024<br \/>\nAsunto: Una nota de agradecimiento por su inquebrantable apoyo<\/p>\n<p>Saludos<\/p>\n<p>Con inmensa gratitud y profunda emoci\u00f3n les env\u00edo esta carta para expresarles mi m\u00e1s sincero agradecimiento. Gracias a la generosidad y confianza depositada en m\u00ed, pude cursar estudios profesionales en Comunicaci\u00f3n Administrativa y Empresarial, y me complace anunciarles que obtuve con \u00e9xito mi diploma de la carrera en agosto del a\u00f1o 2024.<\/p>\n<p>Su apoyo ha sido mucho m\u00e1s que una ayuda financiera. Ha sido un verdadero est\u00edmulo para m\u00ed, una fuente de inspiraci\u00f3n y motivaci\u00f3n en momentos en los que los desaf\u00edos parec\u00edan insuperables. Su compromiso con mi \u00e9xito me ha dado la fuerza y la determinaci\u00f3n para perseverar y lograr mis metas acad\u00e9micas. Aprecio plenamente el impacto de su gesto y me gustar\u00eda expresarle mi m\u00e1s profundo agradecimiento. Este diploma representa no solo la culminaci\u00f3n de mis esfuerzos, sino tambi\u00e9n el s\u00edmbolo de la confianza que han depositado en m\u00ed.<\/p>\n<p>Gracias a ustedes, ahora puedo mirar hacia el futuro con confianza y optimismo. Estoy decidido a utilizar las habilidades que he adquirido para contribuir significativamente al desarrollo de mi comunidad y a honrar la inversi\u00f3n que han hecho en m\u00ed.<\/p>\n<p>Os agradezco de coraz\u00f3n que hay\u00e1is cre\u00eddo en m\u00ed y me permitierais hacer realidad este sue\u00f1o. Vuestra amabilidad y generosidad marcaron un punto de inflexi\u00f3n decisivo en mi vida y os estar\u00e9 eternamente agradecido.<\/p>\n<p>Por favor acepte mis m\u00e1s c\u00e1lidos y distinguidos saludos.<\/p>\n<p>Alemania FIEFF\u00c9<\/p>\n<\/div><\/div><\/div><\/div><\/div><\/div><script id=\"script-row-unique-4\" data-row=\"script-row-unique-4\" type=\"text\/javascript\" class=\"vc_controls\">UNCODE.initRow(document.getElementById(\"row-unique-4\"));<\/script><\/div><\/div><\/div><div data-parent=\"true\" class=\"vc_row row-container\" id=\"row-unique-5\"><div class=\"row limit-width row-parent\"><div class=\"wpb_row row-inner\"><div class=\"wpb_column pos-top pos-center align_left column_parent col-lg-12 single-internal-gutter\"><div class=\"uncol style-light\"  ><div class=\"uncoltable\"><div class=\"uncell no-block-padding\" ><div class=\"uncont\" ><div class=\"divider-wrapper\"  >\n    <div class=\"unseparator divider divider-center-icon border-accent-color\">\n                <div class=\"divider-icon icon-inactive btn-accent\">\n            <i class=\"fa fa-minus\"><\/i>\n        <\/div>\n            <\/div>\n<\/div>\n<\/div><\/div><\/div><\/div><\/div><script id=\"script-row-unique-5\" data-row=\"script-row-unique-5\" type=\"text\/javascript\" class=\"vc_controls\">UNCODE.initRow(document.getElementById(\"row-unique-5\"));<\/script><\/div><\/div><\/div><div data-parent=\"true\" class=\"vc_row row-container\" id=\"row-unique-6\"><div class=\"row limit-width row-parent\"><div class=\"wpb_row row-inner\"><div class=\"wpb_column pos-top pos-center align_left column_parent col-lg-6 single-internal-gutter\"><div class=\"uncol style-light\"  ><div class=\"uncoltable\"><div class=\"uncell no-block-padding\" ><div class=\"uncont\" ><div class=\"uncode-single-media  text-center\"><div class=\"single-wrapper\" style=\"max-width: 67%;\"><div class=\"tmb tmb-light  tmb-media-first tmb-media-last tmb-content-overlay tmb-no-bg\"><div class=\"t-inside\"><div class=\"t-entry-visual\"><div class=\"t-entry-visual-tc\"><div class=\"uncode-single-media-wrapper\"><img decoding=\"async\" class=\"wp-image-102236\" src=\"https:\/\/livelifetoinspire.org\/wp-content\/uploads\/2024\/12\/testimonial.jpg\" width=\"512\" height=\"512\" alt=\"\" srcset=\"https:\/\/livelifetoinspire.org\/wp-content\/uploads\/2024\/12\/testimonial.jpg 512w, https:\/\/livelifetoinspire.org\/wp-content\/uploads\/2024\/12\/testimonial-300x300.jpg 300w, https:\/\/livelifetoinspire.org\/wp-content\/uploads\/2024\/12\/testimonial-12x12.jpg 12w, https:\/\/livelifetoinspire.org\/wp-content\/uploads\/2024\/12\/testimonial-350x350.jpg 350w, https:\/\/livelifetoinspire.org\/wp-content\/uploads\/2024\/12\/testimonial-348x348.jpg 348w, https:\/\/livelifetoinspire.org\/wp-content\/uploads\/2024\/12\/testimonial-60x60.jpg 60w, https:\/\/livelifetoinspire.org\/wp-content\/uploads\/2024\/12\/testimonial-110x110.jpg 110w, https:\/\/livelifetoinspire.org\/wp-content\/uploads\/2024\/12\/testimonial-100x100.jpg 100w\" sizes=\"(max-width: 512px) 100vw, 512px\" \/><\/div>\n\t\t\t\t\t<\/div>\n\t\t\t\t<\/div><\/div><\/div><\/div><\/div><\/div><\/div><\/div><\/div><\/div><div class=\"wpb_column pos-top pos-center align_left column_parent col-lg-6 single-internal-gutter\"><div class=\"uncol style-light\"  ><div class=\"uncoltable\"><div class=\"uncell no-block-padding\" ><div class=\"uncont\" ><div class=\"uncode_text_column text-small\" ><p>Camasca Intibuc\u00e1<br \/>\n20 de noviembre de 2024<br \/>\nPara: Fundaci\u00f3n Christine Merveil Never Back Down<\/p>\n<p>Mi deseo es que al recibir esta carta se encuentre usted bien de salud y bienestar. Quisiera dirigirle estas palabras para expresarle mi m\u00e1s sincero agradecimiento por el apoyo y la ayuda brindada a mi emprendimiento, una misi\u00f3n que transforma vidas y fomenta el desarrollo personal y comunitario bajo principios cristianos.<\/p>\n<p>Que Dios contin\u00fae bendiciendo su trabajo y multiplique los frutos de su esfuerzo.<\/p>\n<p>Con gratitud: Linda Fonseca<\/p>\n<\/div><\/div><\/div><\/div><\/div><\/div><script id=\"script-row-unique-6\" data-row=\"script-row-unique-6\" type=\"text\/javascript\" class=\"vc_controls\">UNCODE.initRow(document.getElementById(\"row-unique-6\"));<\/script><\/div><\/div><\/div><div data-parent=\"true\" class=\"vc_row row-container\" id=\"row-unique-7\"><div class=\"row limit-width row-parent\"><div class=\"wpb_row row-inner\"><div class=\"wpb_column pos-top pos-center align_left column_parent col-lg-12 single-internal-gutter\"><div class=\"uncol style-light\"  ><div class=\"uncoltable\"><div class=\"uncell no-block-padding\" ><div class=\"uncont\" ><div class=\"divider-wrapper\"  >\n    <div class=\"unseparator divider divider-center-icon border-accent-color\">\n                <div class=\"divider-icon icon-inactive btn-accent\">\n            <i class=\"fa fa-minus\"><\/i>\n        <\/div>\n            <\/div>\n<\/div>\n<\/div><\/div><\/div><\/div><\/div><script id=\"script-row-unique-7\" data-row=\"script-row-unique-7\" type=\"text\/javascript\" class=\"vc_controls\">UNCODE.initRow(document.getElementById(\"row-unique-7\"));<\/script><\/div><\/div><\/div><div data-parent=\"true\" class=\"vc_row row-container\" id=\"row-unique-8\"><div class=\"row limit-width row-parent\"><div class=\"wpb_row row-inner\"><div class=\"wpb_column pos-top pos-center align_left column_parent col-lg-6 single-internal-gutter\"><div class=\"uncol style-light\"  ><div class=\"uncoltable\"><div class=\"uncell no-block-padding\" ><div class=\"uncont\" ><div class=\"uncode-single-media  text-left\"><div class=\"single-wrapper\" style=\"max-width: 100%;\"><div class=\"tmb tmb-light  tmb-media-first tmb-media-last tmb-content-overlay tmb-no-bg\"><div class=\"t-inside\"><div class=\"t-entry-visual\"><div class=\"t-entry-visual-tc\"><div class=\"uncode-single-media-wrapper\"><img decoding=\"async\" class=\"wp-image-101679\" src=\"https:\/\/livelifetoinspire.org\/wp-content\/uploads\/2023\/11\/WhatsApp-Image-2023-11-02-at-1.59.30-PM.jpeg\" width=\"418\" height=\"403\" alt=\"\" srcset=\"https:\/\/livelifetoinspire.org\/wp-content\/uploads\/2023\/11\/WhatsApp-Image-2023-11-02-at-1.59.30-PM.jpeg 418w, https:\/\/livelifetoinspire.org\/wp-content\/uploads\/2023\/11\/WhatsApp-Image-2023-11-02-at-1.59.30-PM-60x58.jpeg 60w, https:\/\/livelifetoinspire.org\/wp-content\/uploads\/2023\/11\/WhatsApp-Image-2023-11-02-at-1.59.30-PM-110x106.jpeg 110w, https:\/\/livelifetoinspire.org\/wp-content\/uploads\/2023\/11\/WhatsApp-Image-2023-11-02-at-1.59.30-PM-12x12.jpeg 12w, https:\/\/livelifetoinspire.org\/wp-content\/uploads\/2023\/11\/WhatsApp-Image-2023-11-02-at-1.59.30-PM-350x337.jpeg 350w\" sizes=\"(max-width: 418px) 100vw, 418px\" \/><\/div>\n\t\t\t\t\t<\/div>\n\t\t\t\t<\/div><\/div><\/div><\/div><\/div><\/div><\/div><\/div><\/div><\/div><div class=\"wpb_column pos-top pos-center align_left column_parent col-lg-6 single-internal-gutter\"><div class=\"uncol style-light\"  ><div class=\"uncoltable\"><div class=\"uncell no-block-padding\" ><div class=\"uncont\" ><div class=\"uncode_text_column text-small\" ><p>Lugar: Intibuc\u00e1 Concepci\u00f3n. Honduras<br \/>\nFecha: 11\/5\/2022<br \/>\nPara: Dra. Betty Merveil-Ceneus y Sra. Rosmery Montesino<br \/>\nFundaci\u00f3n: The Christine Merveil Never Back Down Foundation Inc.<\/p>\n<p><strong>Estimadas se\u00f1oras Betty Merveil \u2013Ceneus y Rosmery Montesino<\/strong><\/p>\n<p>En primer lugar, reciba un muy cordial saludo, esperando que se encuentre bien de salud y disfrutando de sus actividades diarias.<\/p>\n<p>A trav\u00e9s de la presente y en nombre de Yeimy Estefany Mej\u00eda Maldonado, quiero hacerle llegar formalmente mi m\u00e1s sincero agradecimiento por el apoyo que me ha brindado con su donaci\u00f3n. Gracias a tu donaci\u00f3n podr\u00e9 continuar con mi preparaci\u00f3n para ser estilista profesional.<\/p>\n<p>Estoy muy feliz por el generoso apoyo que me han brindado. Sin vuestra colaboraci\u00f3n no hubiera podido conseguir tantas cosas en tan poco tiempo, vuestra fundaci\u00f3n ha sido un pilar fundamental para conseguir este objetivo. Prometo hacer todo lo que est\u00e9 a mi alcance para que este proyecto sea un \u00e9xito.<\/p>\n<p>Fue un gran placer para mi familia y para m\u00ed tener la oportunidad de conocerte aunque haya sido por videollamada. Esperamos que en un futuro puedas venir a Honduras a visitarnos.<\/p>\n<p>Sin m\u00e1s, os agradezco una vez m\u00e1s vuestro apoyo y colaboraci\u00f3n.<\/p>\n<p>Sinceramente,<br \/>\nYeimy<\/p>\n<\/div><\/div><\/div><\/div><\/div><\/div><script id=\"script-row-unique-8\" data-row=\"script-row-unique-8\" type=\"text\/javascript\" class=\"vc_controls\">UNCODE.initRow(document.getElementById(\"row-unique-8\"));<\/script><\/div><\/div><\/div>\n<\/div>","protected":false},"excerpt":{"rendered":"Dear supporter, I want to express my sincere gratitude to the Christine Merveil Never Backdown Foundation for sponsoring the participation [...]","protected":false},"author":1,"featured_media":0,"parent":0,"menu_order":0,"comment_status":"closed","ping_status":"closed","template":"","meta":{"give_campaign_id":0,"footnotes":""},"class_list":["post-101281","page","type-page","status-publish","hentry"],"campaignId":"","_links":{"self":[{"href":"https:\/\/livelifetoinspire.org\/es\/wp-json\/wp\/v2\/pages\/101281","targetHints":{"allow":["GET"]}}],"collection":[{"href":"https:\/\/livelifetoinspire.org\/es\/wp-json\/wp\/v2\/pages"}],"about":[{"href":"https:\/\/livelifetoinspire.org\/es\/wp-json\/wp\/v2\/types\/page"}],"author":[{"embeddable":true,"href":"https:\/\/livelifetoinspire.org\/es\/wp-json\/wp\/v2\/users\/1"}],"replies":[{"embeddable":true,"href":"https:\/\/livelifetoinspire.org\/es\/wp-json\/wp\/v2\/comments?post=101281"}],"version-history":[{"count":5,"href":"https:\/\/livelifetoinspire.org\/es\/wp-json\/wp\/v2\/pages\/101281\/revisions"}],"predecessor-version":[{"id":102536,"href":"https:\/\/livelifetoinspire.org\/es\/wp-json\/wp\/v2\/pages\/101281\/revisions\/102536"}],"wp:attachment":[{"href":"https:\/\/livelifetoinspire.org\/es\/wp-json\/wp\/v2\/media?parent=101281"}],"curies":[{"name":"gracias","href":"https:\/\/api.w.org\/{rel}","templated":true}]}}