{"id":101862,"date":"2024-04-14T13:15:43","date_gmt":"2024-04-14T13:15:43","guid":{"rendered":"https:\/\/livelifetoinspire.org\/?page_id=101862"},"modified":"2024-10-02T15:37:44","modified_gmt":"2024-10-02T15:37:44","slug":"honduras-2","status":"publish","type":"page","link":"https:\/\/livelifetoinspire.org\/es\/micro-business\/honduras-2\/","title":{"rendered":"Honduras"},"content":{"rendered":"<div class=\"wpb-content-wrapper\"><div data-parent=\"true\" class=\"vc_row has-bg need-focus style-color-113142-bg row-container\" id=\"row-unique-0\"><div class=\"row-background background-element\" style=\"opacity: 1;\">\n\t\t\t\t\t\t\t\t\t\t\t<div class=\"background-wrapper\">\n\t\t\t\t\t\t\t\t\t\t\t\t<div class=\"background-inner\"><\/div>\n\t\t\t\t\t\t\t\t\t\t\t\t<div class=\"block-bg-overlay style-color-113142-bg\" style=\"opacity: 0.8;\"><\/div>\n\t\t\t\t\t\t\t\t\t\t\t<\/div>\n\t\t\t\t\t\t\t\t\t\t<\/div><div class=\"row unequal col-double-gutter single-top-padding single-bottom-padding single-h-padding limit-width row-parent\"><div class=\"wpb_row row-inner\"><div class=\"wpb_column pos-middle pos-center align_center column_parent col-lg-12 single-internal-gutter\"><div class=\"uncol style-spec style-dark\"  ><div class=\"uncoltable\"><div class=\"uncell no-block-padding\" ><div class=\"uncont\" ><div class=\"vc_custom_heading_wrap\"><div class=\"heading-text el-text\" ><h3 class=\"h2\" ><span>2024<\/span><\/h3><\/div><div class=\"clear\"><\/div><\/div><\/div><\/div><\/div><\/div><\/div><script id=\"script-row-unique-0\" data-row=\"script-row-unique-0\" type=\"text\/javascript\" class=\"vc_controls\">UNCODE.initRow(document.getElementById(\"row-unique-0\"));<\/script><\/div><\/div><\/div><div data-parent=\"true\" class=\"vc_row row-container\" id=\"row-unique-1\"><div class=\"row col-double-gutter single-top-padding single-bottom-padding single-h-padding limit-width row-parent\"><div class=\"wpb_row row-inner\"><div class=\"wpb_column pos-middle pos-left align_left column_parent col-lg-6 col-md-50 single-internal-gutter\"><div class=\"uncol style-light\"  ><div class=\"uncoltable\"><div class=\"uncell no-block-padding\" ><div class=\"uncont\" ><div class=\"vc_custom_heading_wrap\"><div class=\"heading-text el-text\" ><h6 class=\"fontsize-160000 fontspace-135905 text-accent-color text-uppercase\" ><span>Destinatario del patrocinio de empresa comercial<\/span><\/h6><\/div><div class=\"clear\"><\/div><\/div><div class=\"vc_custom_heading_wrap\"><div class=\"heading-text el-text\" ><h3 class=\"h1 font-weight-700\" ><span>Linda Yajaira Fonseca<\/span><\/h3><div><p>Beneficiario Microempresa - 2024<\/p>\n<\/div><\/div><div class=\"clear\"><\/div><\/div><div class=\"empty-space empty-single\" ><span class=\"empty-space-inner\"><\/span><\/div>\n<div class=\"uncode-single-media  text-right\"><div class=\"single-wrapper\" style=\"max-width: 100%;\"><div class=\"tmb tmb-light  tmb-img-ratio tmb-media-first tmb-media-last tmb-content-overlay tmb-no-bg\"><div class=\"t-inside\"><div class=\"t-entry-visual\"><div class=\"t-entry-visual-tc\"><div class=\"uncode-single-media-wrapper\"><div class=\"dummy\" style=\"padding-top: 100%;\"><\/div><img decoding=\"async\" class=\"wp-image-102147\" src=\"https:\/\/livelifetoinspire.org\/wp-content\/uploads\/2024\/10\/WhatsApp-Image-2024-09-28-at-10.38.45-PM-uai-735x735.jpeg\" width=\"735\" height=\"735\" alt=\"\"><\/div>\n\t\t\t\t\t<\/div>\n\t\t\t\t<\/div><\/div><\/div><\/div><\/div><\/div><\/div><\/div><\/div><\/div><div class=\"wpb_column pos-top pos-center align_left column_parent col-lg-6 inverted-device-order col-md-50 single-internal-gutter\"><div class=\"uncol style-light\"  ><div class=\"uncoltable\"><div class=\"uncell no-block-padding\" ><div class=\"uncont\" ><div class=\"uncode-single-media  text-left\"><div class=\"single-wrapper\" style=\"max-width: 100%;\"><div class=\"tmb tmb-light  tmb-media-first tmb-media-last tmb-content-overlay tmb-no-bg tmb-lightbox\"><div class=\"t-inside\"><div class=\"t-entry-visual\"><div class=\"t-entry-visual-tc\"><div class=\"uncode-single-media-wrapper\"><div class=\"dummy\" style=\"padding-top: 77.3%;\"><\/div><a href=\"https:\/\/livelifetoinspire.org\/wp-content\/uploads\/2024\/10\/WhatsApp-Image-2024-09-28-at-10.38.45-PM-1.jpeg\" class=\"pushed\" data-active=\"1\" data-lbox=\"ilightbox_single-843769\" data-external-thumb-image=\"https:\/\/livelifetoinspire.org\/wp-content\/uploads\/2024\/10\/WhatsApp-Image-2024-09-28-at-10.38.45-PM-1-300x300.jpeg\" data-lg-size=\"1920-1484\"><img decoding=\"async\" class=\"wp-image-102146\" src=\"https:\/\/livelifetoinspire.org\/wp-content\/uploads\/2024\/10\/WhatsApp-Image-2024-09-28-at-10.38.45-PM-1.jpeg\" width=\"1920\" height=\"1484\" alt=\"\" srcset=\"https:\/\/livelifetoinspire.org\/wp-content\/uploads\/2024\/10\/WhatsApp-Image-2024-09-28-at-10.38.45-PM-1.jpeg 1920w, https:\/\/livelifetoinspire.org\/wp-content\/uploads\/2024\/10\/WhatsApp-Image-2024-09-28-at-10.38.45-PM-1-600x464.jpeg 600w, https:\/\/livelifetoinspire.org\/wp-content\/uploads\/2024\/10\/WhatsApp-Image-2024-09-28-at-10.38.45-PM-1-1200x928.jpeg 1200w, https:\/\/livelifetoinspire.org\/wp-content\/uploads\/2024\/10\/WhatsApp-Image-2024-09-28-at-10.38.45-PM-1-768x594.jpeg 768w, https:\/\/livelifetoinspire.org\/wp-content\/uploads\/2024\/10\/WhatsApp-Image-2024-09-28-at-10.38.45-PM-1-1536x1187.jpeg 1536w, https:\/\/livelifetoinspire.org\/wp-content\/uploads\/2024\/10\/WhatsApp-Image-2024-09-28-at-10.38.45-PM-1-16x12.jpeg 16w, https:\/\/livelifetoinspire.org\/wp-content\/uploads\/2024\/10\/WhatsApp-Image-2024-09-28-at-10.38.45-PM-1-350x271.jpeg 350w, https:\/\/livelifetoinspire.org\/wp-content\/uploads\/2024\/10\/WhatsApp-Image-2024-09-28-at-10.38.45-PM-1-60x46.jpeg 60w, https:\/\/livelifetoinspire.org\/wp-content\/uploads\/2024\/10\/WhatsApp-Image-2024-09-28-at-10.38.45-PM-1-110x85.jpeg 110w\" sizes=\"(max-width: 1920px) 100vw, 1920px\" \/><\/a><\/div>\n\t\t\t\t\t<\/div>\n\t\t\t\t<\/div><\/div><\/div><\/div><\/div>\n\t<div class=\"wpb_raw_code wpb_raw_html\" >\n\t\t<div class=\"wpb_wrapper\">\n\t\t\t<iframe width=\"560\" height=\"315\" src=\"https:\/\/www.youtube.com\/embed\/XexTcx0Rj2g?si=k_EEnXMfP-o5fE9X\" title=\"reproductor de videos de youtube\" frameborder=\"0\" allow=\"accelerometer; autoplay; clipboard-write; encrypted-media; gyroscope; picture-in-picture; web-share\" referrerpolicy=\"strict-origin-when-cross-origin\" allowfullscreen><\/iframe>\n\t\t<\/div>\n\t<\/div>\n<\/div><\/div><\/div><\/div><\/div><script id=\"script-row-unique-1\" data-row=\"script-row-unique-1\" type=\"text\/javascript\" class=\"vc_controls\">UNCODE.initRow(document.getElementById(\"row-unique-1\"));<\/script><\/div><\/div><\/div><div data-parent=\"true\" class=\"vc_row row-container\" id=\"row-unique-2\"><div class=\"row col-double-gutter single-top-padding single-bottom-padding single-h-padding limit-width row-parent\"><div class=\"wpb_row row-inner\"><div class=\"wpb_column pos-middle pos-left align_left column_parent col-lg-6 col-md-50 single-internal-gutter\"><div class=\"uncol style-light\"  ><div class=\"uncoltable\"><div class=\"uncell no-block-padding\" ><div class=\"uncont\" ><div class=\"vc_custom_heading_wrap\"><div class=\"heading-text el-text\" ><h6 class=\"fontsize-160000 fontspace-135905 text-accent-color text-uppercase\" ><span>Destinatario del patrocinio de empresa comercial<\/span><\/h6><\/div><div class=\"clear\"><\/div><\/div><div class=\"vc_custom_heading_wrap\"><div class=\"heading-text el-text\" ><h3 class=\"h1 font-weight-700\" ><span>Yeimy Estefany MEJ\u00cdA MALDONADO<\/span><\/h3><div><p>Beneficiario Microempresa - 2024<br \/>\nDue\u00f1o de sal\u00f3n de belleza<\/p>\n<\/div><\/div><div class=\"clear\"><\/div><\/div><div class=\"empty-space empty-single\" ><span class=\"empty-space-inner\"><\/span><\/div>\n<div class=\"uncode-single-media  text-right\"><div class=\"single-wrapper\" style=\"max-width: 100%;\"><div class=\"tmb tmb-light  tmb-img-ratio tmb-media-first tmb-media-last tmb-content-overlay tmb-no-bg\"><div class=\"t-inside\"><div class=\"t-entry-visual\"><div class=\"t-entry-visual-tc\"><div class=\"uncode-single-media-wrapper\"><div class=\"dummy\" style=\"padding-top: 100%;\"><\/div><img decoding=\"async\" class=\"wp-image-101876\" src=\"https:\/\/livelifetoinspire.org\/wp-content\/uploads\/2024\/04\/yeimy-estefany-uai-410x410.png\" width=\"410\" height=\"410\" alt=\"\"><\/div>\n\t\t\t\t\t<\/div>\n\t\t\t\t<\/div><\/div><\/div><\/div><\/div><\/div><\/div><\/div><\/div><\/div><div class=\"wpb_column pos-top pos-center align_left column_parent col-lg-6 inverted-device-order col-md-50 single-internal-gutter\"><div class=\"uncol style-light\"  ><div class=\"uncoltable\"><div class=\"uncell no-block-padding\" ><div class=\"uncont\" ><div class=\"uncode-single-media  text-left\"><div class=\"single-wrapper\" style=\"max-width: 100%;\"><div class=\"tmb tmb-light  tmb-media-first tmb-media-last tmb-content-overlay tmb-no-bg tmb-lightbox\"><div class=\"t-inside\"><div class=\"t-entry-visual\"><div class=\"t-entry-visual-tc\"><div class=\"uncode-single-media-wrapper\"><div class=\"dummy\" style=\"padding-top: 77.3%;\"><\/div><a href=\"https:\/\/livelifetoinspire.org\/wp-content\/uploads\/2024\/04\/yeimy-cert.png\" class=\"pushed\" data-active=\"1\" data-lbox=\"ilightbox_single-134507\" data-external-thumb-image=\"https:\/\/livelifetoinspire.org\/wp-content\/uploads\/2024\/04\/yeimy-cert-300x300.png\" data-lg-size=\"512-396\"><img decoding=\"async\" class=\"wp-image-101875\" src=\"https:\/\/livelifetoinspire.org\/wp-content\/uploads\/2024\/04\/yeimy-cert.png\" width=\"512\" height=\"396\" alt=\"\" srcset=\"https:\/\/livelifetoinspire.org\/wp-content\/uploads\/2024\/04\/yeimy-cert.png 512w, https:\/\/livelifetoinspire.org\/wp-content\/uploads\/2024\/04\/yeimy-cert-16x12.png 16w, https:\/\/livelifetoinspire.org\/wp-content\/uploads\/2024\/04\/yeimy-cert-350x271.png 350w, https:\/\/livelifetoinspire.org\/wp-content\/uploads\/2024\/04\/yeimy-cert-60x46.png 60w, https:\/\/livelifetoinspire.org\/wp-content\/uploads\/2024\/04\/yeimy-cert-110x85.png 110w\" sizes=\"(max-width: 512px) 100vw, 512px\" \/><\/a><\/div>\n\t\t\t\t\t<\/div>\n\t\t\t\t<\/div><\/div><\/div><\/div><\/div>\n\t<div class=\"wpb_raw_code wpb_raw_html\" >\n\t\t<div class=\"wpb_wrapper\">\n\t\t\t<iframe width=\"560\" height=\"315\" src=\"https:\/\/www.youtube.com\/embed\/j0-nuWV8RYc?si=ayo9lmmkBqgEJRQK\" title=\"reproductor de videos de youtube\" frameborder=\"0\" allow=\"accelerometer; autoplay; clipboard-write; encrypted-media; gyroscope; picture-in-picture; web-share\" allowfullscreen><\/iframe>\n\t\t<\/div>\n\t<\/div>\n<\/div><\/div><\/div><\/div><\/div><script id=\"script-row-unique-2\" data-row=\"script-row-unique-2\" type=\"text\/javascript\" class=\"vc_controls\">UNCODE.initRow(document.getElementById(\"row-unique-2\"));<\/script><\/div><\/div><\/div><div data-parent=\"true\" class=\"vc_row row-container\" id=\"row-unique-3\"><div class=\"row col-double-gutter single-top-padding single-bottom-padding single-h-padding limit-width row-parent\"><div class=\"wpb_row row-inner\"><div class=\"wpb_column pos-middle pos-left align_left column_parent col-lg-6 col-md-50 single-internal-gutter\"><div class=\"uncol style-light\"  ><div class=\"uncoltable\"><div class=\"uncell no-block-padding\" ><div class=\"uncont\" ><div class=\"vc_custom_heading_wrap\"><div class=\"heading-text el-text\" ><h6 class=\"fontsize-160000 fontspace-135905 text-accent-color text-uppercase\" ><span>Destinatario del patrocinio de empresa comercial<\/span><\/h6><\/div><div class=\"clear\"><\/div><\/div><div class=\"vc_custom_heading_wrap\"><div class=\"heading-text el-text\" ><h3 class=\"h1 font-weight-700\" ><span>Fany Dayana VASQUEZ PORLILLO<\/span><\/h3><div><p>Beneficiario Microempresa - 2024<br \/>\nPropietario de joyer\u00eda<\/p>\n<\/div><\/div><div class=\"clear\"><\/div><\/div><div class=\"empty-space empty-single\" ><span class=\"empty-space-inner\"><\/span><\/div>\n<div class=\"uncode-single-media  text-right\"><div class=\"single-wrapper\" style=\"max-width: 100%;\"><div class=\"tmb tmb-light  tmb-img-ratio tmb-media-first tmb-media-last tmb-content-overlay tmb-no-bg\"><div class=\"t-inside\"><div class=\"t-entry-visual\"><div class=\"t-entry-visual-tc\"><div class=\"uncode-single-media-wrapper\"><div class=\"dummy\" style=\"padding-top: 100%;\"><\/div><img decoding=\"async\" class=\"wp-image-101877\" src=\"https:\/\/livelifetoinspire.org\/wp-content\/uploads\/2024\/04\/fany-uai-351x351.jpg\" width=\"351\" height=\"351\" alt=\"\"><\/div>\n\t\t\t\t\t<\/div>\n\t\t\t\t<\/div><\/div><\/div><\/div><\/div><\/div><\/div><\/div><\/div><\/div><div class=\"wpb_column pos-top pos-center align_left column_parent col-lg-6 inverted-device-order col-md-50 single-internal-gutter\"><div class=\"uncol style-light\"  ><div class=\"uncoltable\"><div class=\"uncell no-block-padding\" ><div class=\"uncont\" ><div class=\"uncode-single-media  text-left\"><div class=\"single-wrapper\" style=\"max-width: 100%;\"><div class=\"tmb tmb-light  tmb-media-first tmb-media-last tmb-content-overlay tmb-no-bg tmb-lightbox\"><div class=\"t-inside\"><div class=\"t-entry-visual\"><div class=\"t-entry-visual-tc\"><div class=\"uncode-single-media-wrapper\"><div class=\"dummy\" style=\"padding-top: 77.3%;\"><\/div><a href=\"https:\/\/livelifetoinspire.org\/wp-content\/uploads\/2024\/04\/fany-cert.png\" class=\"pushed\" data-active=\"1\" data-lbox=\"ilightbox_single-266273\" data-external-thumb-image=\"https:\/\/livelifetoinspire.org\/wp-content\/uploads\/2024\/04\/fany-cert-300x300.png\" data-lg-size=\"512-396\"><img decoding=\"async\" class=\"wp-image-101878\" src=\"https:\/\/livelifetoinspire.org\/wp-content\/uploads\/2024\/04\/fany-cert.png\" width=\"512\" height=\"396\" alt=\"\" srcset=\"https:\/\/livelifetoinspire.org\/wp-content\/uploads\/2024\/04\/fany-cert.png 512w, https:\/\/livelifetoinspire.org\/wp-content\/uploads\/2024\/04\/fany-cert-16x12.png 16w, https:\/\/livelifetoinspire.org\/wp-content\/uploads\/2024\/04\/fany-cert-350x271.png 350w, https:\/\/livelifetoinspire.org\/wp-content\/uploads\/2024\/04\/fany-cert-60x46.png 60w, https:\/\/livelifetoinspire.org\/wp-content\/uploads\/2024\/04\/fany-cert-110x85.png 110w\" sizes=\"(max-width: 512px) 100vw, 512px\" \/><\/a><\/div>\n\t\t\t\t\t<\/div>\n\t\t\t\t<\/div><\/div><\/div><\/div><\/div>\n\t<div class=\"wpb_raw_code wpb_raw_html\" >\n\t\t<div class=\"wpb_wrapper\">\n\t\t\t<iframe width=\"560\" height=\"315\" src=\"https:\/\/www.youtube.com\/embed\/9iv6_pI9gHI?si=tdKgFgkipUvKFCmK\" title=\"reproductor de videos de youtube\" frameborder=\"0\" allow=\"accelerometer; autoplay; clipboard-write; encrypted-media; gyroscope; picture-in-picture; web-share\" allowfullscreen><\/iframe>\n\t\t<\/div>\n\t<\/div>\n<\/div><\/div><\/div><\/div><\/div><script id=\"script-row-unique-3\" data-row=\"script-row-unique-3\" type=\"text\/javascript\" class=\"vc_controls\">UNCODE.initRow(document.getElementById(\"row-unique-3\"));<\/script><\/div><\/div><\/div><div data-parent=\"true\" class=\"vc_row has-bg need-focus style-color-113142-bg row-container\" id=\"row-unique-4\"><div class=\"row-background background-element\" style=\"opacity: 1;\">\n\t\t\t\t\t\t\t\t\t\t\t<div class=\"background-wrapper\">\n\t\t\t\t\t\t\t\t\t\t\t\t<div class=\"background-inner\"><\/div>\n\t\t\t\t\t\t\t\t\t\t\t\t<div class=\"block-bg-overlay style-color-113142-bg\" style=\"opacity: 0.8;\"><\/div>\n\t\t\t\t\t\t\t\t\t\t\t<\/div>\n\t\t\t\t\t\t\t\t\t\t<\/div><div class=\"row unequal col-double-gutter single-top-padding single-bottom-padding single-h-padding limit-width row-parent\"><div class=\"wpb_row row-inner\"><div class=\"wpb_column pos-middle pos-center align_center column_parent col-lg-12 single-internal-gutter\"><div class=\"uncol style-spec style-dark\"  ><div class=\"uncoltable\"><div class=\"uncell no-block-padding\" ><div class=\"uncont\" ><div class=\"vc_custom_heading_wrap\"><div class=\"heading-text el-text\" ><h3 class=\"h2\" ><span>2022<\/span><\/h3><\/div><div class=\"clear\"><\/div><\/div><\/div><\/div><\/div><\/div><\/div><script id=\"script-row-unique-4\" data-row=\"script-row-unique-4\" type=\"text\/javascript\" class=\"vc_controls\">UNCODE.initRow(document.getElementById(\"row-unique-4\"));<\/script><\/div><\/div><\/div><div data-parent=\"true\" class=\"vc_row row-container\" id=\"row-unique-5\"><div class=\"row double-top-padding double-bottom-padding double-h-padding full-width row-parent\"><div class=\"wpb_row row-inner\"><div class=\"wpb_column pos-middle pos-left align_left column_parent col-lg-4 col-md-50 single-internal-gutter\"><div class=\"uncol style-light\"  ><div class=\"uncoltable\"><div class=\"uncell no-block-padding\" ><div class=\"uncont\" ><div class=\"vc_custom_heading_wrap\"><div class=\"heading-text el-text\" ><h6 class=\"fontsize-160000 fontspace-135905 text-accent-color text-uppercase\" ><span>Destinatario del patrocinio de empresa comercial<\/span><\/h6><\/div><div class=\"clear\"><\/div><\/div><div class=\"vc_custom_heading_wrap\"><div class=\"heading-text el-text\" ><h3 class=\"h1 font-weight-700\" ><span>Robert Ren\u00e1n Mej\u00eda Maldonado<\/span><\/h3><div><p>Peluquero de 23 a\u00f1os residente en la comunidad El Laurel municipio de Concepci\u00f3n departamento de Intibuc\u00e1 en Honduras.<\/p>\n<p>\u201cMi meta era tener mi propia barber\u00eda. Con fe y perseverancia pude ir comprando poco a poco los art\u00edculos m\u00e1s b\u00e1sicos y ahora tengo mi barber\u00eda en el pueblo de Concepci\u00f3n Intibuc\u00e1 y estudio mec\u00e1nica por las tardes. Estoy agradecido de recibir el patrocinio de la empresa comercial porque s\u00e9 que hay mucho que mejorar en mi negocio y con el aumento de los ingresos puedo continuar ayudando a mi madre a cuidar a mi hermana que tiene par\u00e1lisis cerebral\u201d.<\/p>\n<\/div><\/div><div class=\"clear\"><\/div><\/div><\/div><\/div><\/div><\/div><\/div><div class=\"wpb_column pos-top pos-center align_left column_parent col-lg-4 inverted-device-order col-md-50 single-internal-gutter\"><div class=\"uncol style-light\"  ><div class=\"uncoltable\"><div class=\"uncell no-block-padding\" ><div class=\"uncont\" ><div class=\"uncode-single-media  text-right\"><div class=\"single-wrapper\" style=\"max-width: 100%;\"><div class=\"tmb tmb-light  tmb-img-ratio tmb-media-first tmb-media-last tmb-content-overlay tmb-no-bg tmb-lightbox\"><div class=\"t-inside\"><div class=\"t-entry-visual\"><div class=\"t-entry-visual-tc\"><div class=\"uncode-single-media-wrapper\"><div class=\"dummy\" style=\"padding-top: 100%;\"><\/div><a href=\"https:\/\/livelifetoinspire.org\/wp-content\/uploads\/2022\/10\/robert.jpg\" class=\"pushed\" data-active=\"1\" data-lbox=\"ilightbox_single-170945\" data-external-thumb-image=\"https:\/\/livelifetoinspire.org\/wp-content\/uploads\/2022\/10\/robert-300x300.jpg\" data-lg-size=\"2560-2560\"><img decoding=\"async\" class=\"wp-image-101238\" src=\"https:\/\/livelifetoinspire.org\/wp-content\/uploads\/2022\/10\/robert.jpg\" width=\"2560\" height=\"2560\" alt=\"\" srcset=\"https:\/\/livelifetoinspire.org\/wp-content\/uploads\/2022\/10\/robert.jpg 2560w, https:\/\/livelifetoinspire.org\/wp-content\/uploads\/2022\/10\/robert-300x300.jpg 300w, https:\/\/livelifetoinspire.org\/wp-content\/uploads\/2022\/10\/robert-100x100.jpg 100w, https:\/\/livelifetoinspire.org\/wp-content\/uploads\/2022\/10\/robert-600x600.jpg 600w, https:\/\/livelifetoinspire.org\/wp-content\/uploads\/2022\/10\/robert-1200x1200.jpg 1200w, https:\/\/livelifetoinspire.org\/wp-content\/uploads\/2022\/10\/robert-768x768.jpg 768w, https:\/\/livelifetoinspire.org\/wp-content\/uploads\/2022\/10\/robert-60x60.jpg 60w, https:\/\/livelifetoinspire.org\/wp-content\/uploads\/2022\/10\/robert-110x110.jpg 110w, https:\/\/livelifetoinspire.org\/wp-content\/uploads\/2022\/10\/robert-1536x1536.jpg 1536w, https:\/\/livelifetoinspire.org\/wp-content\/uploads\/2022\/10\/robert-2048x2048.jpg 2048w, https:\/\/livelifetoinspire.org\/wp-content\/uploads\/2022\/10\/robert-12x12.jpg 12w, https:\/\/livelifetoinspire.org\/wp-content\/uploads\/2022\/10\/robert-350x350.jpg 350w, https:\/\/livelifetoinspire.org\/wp-content\/uploads\/2022\/10\/robert-348x348.jpg 348w\" sizes=\"(max-width: 2560px) 100vw, 2560px\" \/><\/a><\/div>\n\t\t\t\t\t<\/div>\n\t\t\t\t<\/div><\/div><\/div><\/div><\/div><\/div><\/div><\/div><\/div><\/div><div class=\"wpb_column pos-top pos-center align_left column_parent col-lg-4 col-md-clear single-internal-gutter\"><div class=\"uncol style-light\"  ><div class=\"uncoltable\"><div class=\"uncell no-block-padding\" ><div class=\"uncont\" >\n\t<div class=\"wpb_raw_code wpb_raw_html\" >\n\t\t<div class=\"wpb_wrapper\">\n\t\t\t<iframe width=\"600\" height=\"500\" src=\"https:\/\/www.youtube.com\/embed\/t1auwvSKKRg\" title=\"reproductor de videos de youtube\" frameborder=\"0\" allow=\"accelerometer; autoplay; clipboard-write; encrypted-media; gyroscope; picture-in-picture\" allowfullscreen><\/iframe>\n\t\t<\/div>\n\t<\/div>\n<\/div><\/div><\/div><\/div><\/div><script id=\"script-row-unique-5\" data-row=\"script-row-unique-5\" type=\"text\/javascript\" class=\"vc_controls\">UNCODE.initRow(document.getElementById(\"row-unique-5\"));<\/script><\/div><\/div><\/div>\n<\/div>","protected":false},"excerpt":{"rendered":"2024Business Venture Sponsorship RecipientLinda Yajaira FonsecaMicro Business Recipient - 2024 Business Venture Sponsorship RecipientYeimy Estefany MEJIA MALDONADOMicro Business Recipient - [...]","protected":false},"author":1,"featured_media":0,"parent":101864,"menu_order":0,"comment_status":"closed","ping_status":"closed","template":"","meta":{"give_campaign_id":0,"footnotes":""},"class_list":["post-101862","page","type-page","status-publish","hentry"],"campaignId":"","_links":{"self":[{"href":"https:\/\/livelifetoinspire.org\/es\/wp-json\/wp\/v2\/pages\/101862","targetHints":{"allow":["GET"]}}],"collection":[{"href":"https:\/\/livelifetoinspire.org\/es\/wp-json\/wp\/v2\/pages"}],"about":[{"href":"https:\/\/livelifetoinspire.org\/es\/wp-json\/wp\/v2\/types\/page"}],"author":[{"embeddable":true,"href":"https:\/\/livelifetoinspire.org\/es\/wp-json\/wp\/v2\/users\/1"}],"replies":[{"embeddable":true,"href":"https:\/\/livelifetoinspire.org\/es\/wp-json\/wp\/v2\/comments?post=101862"}],"version-history":[{"count":5,"href":"https:\/\/livelifetoinspire.org\/es\/wp-json\/wp\/v2\/pages\/101862\/revisions"}],"predecessor-version":[{"id":102149,"href":"https:\/\/livelifetoinspire.org\/es\/wp-json\/wp\/v2\/pages\/101862\/revisions\/102149"}],"up":[{"embeddable":true,"href":"https:\/\/livelifetoinspire.org\/es\/wp-json\/wp\/v2\/pages\/101864"}],"wp:attachment":[{"href":"https:\/\/livelifetoinspire.org\/es\/wp-json\/wp\/v2\/media?parent=101862"}],"curies":[{"name":"gracias","href":"https:\/\/api.w.org\/{rel}","templated":true}]}}