{"id":102243,"date":"2025-01-09T13:56:37","date_gmt":"2025-01-09T13:56:37","guid":{"rendered":"https:\/\/livelifetoinspire.org\/?page_id=102243"},"modified":"2025-08-14T16:26:35","modified_gmt":"2025-08-14T16:26:35","slug":"financial-freedom-academy-registration","status":"publish","type":"page","link":"https:\/\/livelifetoinspire.org\/es\/financial-freedom-academy-registration\/","title":{"rendered":"Academia de Libertad Financiera \u2013 Inscripci\u00f3n"},"content":{"rendered":"<div class=\"wpb-content-wrapper\"><div data-parent=\"true\" class=\"vc_row limit-width row-container\" id=\"row-unique-0\"><div class=\"row row-parent\"><div class=\"wpb_row row-inner\"><div class=\"wpb_column pos-top pos-center align_left column_parent col-lg-12 single-internal-gutter\"><div class=\"uncol style-light\"  ><div class=\"uncoltable\"><div class=\"uncell no-block-padding\" ><div class=\"uncont\" ><div class=\"uncode-single-media  text-center\"><div class=\"single-wrapper\" style=\"max-width: 100%;\"><div class=\"tmb tmb-light  tmb-media-first tmb-media-last tmb-content-overlay tmb-no-bg\"><div class=\"t-inside\"><div class=\"t-entry-visual\"><div class=\"t-entry-visual-tc\"><div class=\"uncode-single-media-wrapper\"><img decoding=\"async\" class=\"wp-image-102246\" src=\"https:\/\/livelifetoinspire.org\/wp-content\/uploads\/2025\/01\/Screen-Shot-2025-01-09-at-2.07.31-PM.png\" width=\"1000\" height=\"167\" alt=\"\" srcset=\"https:\/\/livelifetoinspire.org\/wp-content\/uploads\/2025\/01\/Screen-Shot-2025-01-09-at-2.07.31-PM.png 1000w, https:\/\/livelifetoinspire.org\/wp-content\/uploads\/2025\/01\/Screen-Shot-2025-01-09-at-2.07.31-PM-600x100.png 600w, https:\/\/livelifetoinspire.org\/wp-content\/uploads\/2025\/01\/Screen-Shot-2025-01-09-at-2.07.31-PM-768x128.png 768w, https:\/\/livelifetoinspire.org\/wp-content\/uploads\/2025\/01\/Screen-Shot-2025-01-09-at-2.07.31-PM-18x3.png 18w, https:\/\/livelifetoinspire.org\/wp-content\/uploads\/2025\/01\/Screen-Shot-2025-01-09-at-2.07.31-PM-350x58.png 350w, https:\/\/livelifetoinspire.org\/wp-content\/uploads\/2025\/01\/Screen-Shot-2025-01-09-at-2.07.31-PM-60x10.png 60w, https:\/\/livelifetoinspire.org\/wp-content\/uploads\/2025\/01\/Screen-Shot-2025-01-09-at-2.07.31-PM-110x18.png 110w\" sizes=\"(max-width: 1000px) 100vw, 1000px\" \/><\/div>\n\t\t\t\t\t<\/div>\n\t\t\t\t<\/div><\/div><\/div><\/div><\/div><\/div><\/div><\/div><\/div><\/div><script id=\"script-row-unique-0\" data-row=\"script-row-unique-0\" type=\"text\/javascript\" class=\"vc_controls\">UNCODE.initRow(document.getElementById(\"row-unique-0\"));<\/script><\/div><\/div><\/div><div data-parent=\"true\" class=\"vc_row vc_custom_1736432591094 limit-width row-container\" style=\"margin-top: -30px ;\" id=\"row-unique-1\"><div class=\"row row-parent\"><div class=\"wpb_row row-inner\"><div class=\"wpb_column pos-top pos-center align_left column_parent col-lg-12 single-internal-gutter\"><div class=\"uncol style-light\" style=\"max-width:97%; margin-left:auto; margin-right:auto;\"  ><div class=\"uncoltable\"><div class=\"uncell no-block-padding\" ><div class=\"uncont\" ><div class=\"uncode_text_column text-lead text-color-113142-color\" ><p>Estamos orgullosos de anunciar que la Fundaci\u00f3n Christine Merveil Never Back Down, Inc. se ha asociado con Burlington Community Financial Center para brindar la <em><strong><span style=\"color: #98275c;\">Academia de Libertad Financiera<\/span><\/strong><\/em> Serie de talleres educativos enfocados en finanzas personales, impuestos, manejo de deuda y emprendimiento para nuestra comunidad.<\/p>\n<p>Esta iniciativa se inici\u00f3 con el objetivo de ayudar a las familias de ingresos bajos y medios a comprender c\u00f3mo elaborar presupuestos, ahorrar, invertir, administrar deudas y la importancia del inter\u00e9s compuesto. Sin este conocimiento, las familias a menudo tienen dificultades para afrontar los desaf\u00edos financieros de manera eficaz y, a menudo, pierden oportunidades de crecimiento y estabilidad financiera. Al finalizar la serie de seis talleres, los asistentes recibir\u00e1n un Certificado de finalizaci\u00f3n y podr\u00e1n hacer que un preparador de impuestos certificado por el *IRS presente su DECLARACI\u00d3N DE IMPUESTOS SOBRE LA RENTA PERSONAL federal y estatal para <strong><span style=\"color: #98275c;\">GRATIS<\/span><\/strong>Quienes se registren en la Academia de Libertad Financiera recibir\u00e1n su propio <strong><span style=\"color: #98275c;\">GRATIS<\/span><\/strong> Copia del libro Saving Your Future sobre conceptos financieros <u>Y<\/u> Cuaderno de ejercicios! NO PIERDAS ESTA OPORTUNIDAD!<\/p>\n<\/div><\/div><\/div><\/div><\/div><\/div><script id=\"script-row-unique-1\" data-row=\"script-row-unique-1\" type=\"text\/javascript\" class=\"vc_controls\">UNCODE.initRow(document.getElementById(\"row-unique-1\"));<\/script><\/div><\/div><\/div><div data-parent=\"true\" class=\"vc_row vc_custom_1736435474843 limit-width row-container\" style=\"margin-top: -30px ;\" id=\"row-unique-2\"><div class=\"row col-no-gutter row-parent\"><div class=\"wpb_row row-inner\"><div class=\"wpb_column pos-top pos-center align_left column_parent col-lg-6 single-internal-gutter\"><div class=\"uncol style-light\" style=\"max-width:92%; margin-left:auto; margin-right:auto;\"  ><div class=\"uncoltable\"><div class=\"uncell no-block-padding\" ><div class=\"uncont\" ><div class=\"uncode_text_column text-color-113142-color\" ><p><span style=\"color: #ff5938;\">Contenido del taller que incluir\u00e1:<\/span><\/p>\n<ul>\n<li>Campa\u00f1a de educaci\u00f3n financiera<\/li>\n<li>Creando ahorros y riqueza<\/li>\n<li>Aumente el flujo de efectivo y gestione la deuda<\/li>\n<li>Prepararse con la protecci\u00f3n adecuada<\/li>\n<li>Tu salud y tu riqueza<\/li>\n<li>Cumplir objetivos a largo plazo<\/li>\n<\/ul>\n<p><span style=\"color: #ff5938;\">Horario de orientaci\u00f3n:<\/span><br \/>\nMartes \u2013 26\/8\/25 \u2013 30\/9\/25<\/p>\n<p><span style=\"color: #ff5938;\">Horario del curso:<\/span><br \/>\nTodos los martes \u2013 del 7 de octubre al 4 de noviembre<\/p>\n<p><span style=\"color: #ff5938;\">Orientaci\u00f3n y horario del curso:<\/span><br \/>\n6:30 p.m. \u2013 8:00 p.m. EST \u2013 V\u00cdA ZOOM<\/p>\n<p><span style=\"color: #ff5938;\">Idioma<\/span><br \/>\nEl taller est\u00e1 disponible en ingl\u00e9s, espa\u00f1ol y franc\u00e9s.<\/p>\n<p><span style=\"color: #ff5938;\">Las donaciones son de $30 hasta el 30\/8, luego aumentan a $50.00.<\/span><br \/>\nTodas las ganancias nos ayudar\u00e1n a seguir brindando patrocinios para capacitaciones de habilidades.<\/p>\n<p><span style=\"color: #ff5938;\">Aviso<\/span><br \/>\nBurlington Community Financial Center (BCFC) es un socio oficial de VITA (Asistencia voluntaria para la declaraci\u00f3n de impuestos) del IRS y socio de FEAB (Educaci\u00f3n financiera y creaci\u00f3n de activos). Los servicios de preparaci\u00f3n de impuestos que se brindan se limitan a los impuestos personales \u00fanicamente para los contribuyentes que tengan ingresos totales de $100,000 o menos en 2024. Se debe presentar en la cita una identificaci\u00f3n con foto y una tarjeta de Seguro Social, junto con todos los documentos relacionados con los impuestos, para presentar las declaraciones de impuestos federales y estatales. Para las declaraciones de impuestos conjuntas, ambas partes deben estar presentes y presentar una identificaci\u00f3n con foto. Tambi\u00e9n se deben presentar las tarjetas de Seguro Social de cada dependiente incluido en la declaraci\u00f3n.<\/p>\n<\/div><\/div><\/div><\/div><\/div><\/div><div class=\"wpb_column pos-top pos-center align_left column_parent col-lg-6 single-internal-gutter\"><div class=\"uncol style-light\" style=\"max-width:92%; margin-left:auto; margin-right:auto;\"  ><div class=\"uncoltable\"><div class=\"uncell no-block-padding\" ><div class=\"uncont\" ><div class=\"uncode-single-media  text-left\"><div class=\"single-wrapper\" style=\"max-width: 85%;\"><div class=\"tmb tmb-light  tmb-media-first tmb-media-last tmb-content-overlay tmb-no-bg\"><div class=\"t-inside\"><div class=\"t-entry-visual\"><div class=\"t-entry-visual-tc\"><div class=\"uncode-single-media-wrapper\"><img decoding=\"async\" class=\"wp-image-102247\" src=\"https:\/\/livelifetoinspire.org\/wp-content\/uploads\/2025\/01\/429f27_f1b494cfb9e2488e978d026b16860c38mv2.jpg\" width=\"410\" height=\"343\" alt=\"\" srcset=\"https:\/\/livelifetoinspire.org\/wp-content\/uploads\/2025\/01\/429f27_f1b494cfb9e2488e978d026b16860c38mv2.jpg 410w, https:\/\/livelifetoinspire.org\/wp-content\/uploads\/2025\/01\/429f27_f1b494cfb9e2488e978d026b16860c38mv2-14x12.jpg 14w, https:\/\/livelifetoinspire.org\/wp-content\/uploads\/2025\/01\/429f27_f1b494cfb9e2488e978d026b16860c38mv2-350x293.jpg 350w, https:\/\/livelifetoinspire.org\/wp-content\/uploads\/2025\/01\/429f27_f1b494cfb9e2488e978d026b16860c38mv2-60x50.jpg 60w, https:\/\/livelifetoinspire.org\/wp-content\/uploads\/2025\/01\/429f27_f1b494cfb9e2488e978d026b16860c38mv2-110x92.jpg 110w\" sizes=\"(max-width: 410px) 100vw, 410px\" \/><\/div>\n\t\t\t\t\t<\/div>\n\t\t\t\t<\/div><\/div><\/div><\/div><\/div><div class=\"uncode_text_column text-color-113142-color\" ><\/p>\n<h4><a href=\"https:\/\/youtu.be\/t2G69c97ARQ\"><span style=\"color: #ff5938;\">Testimonios de nuestros graduados<\/span><\/a><\/h4>\n<p><a href=\"https:\/\/youtu.be\/t2G69c97ARQ\">https:\/\/youtu.be\/t2G69c97ARQ<\/a><\/p>\n<\/div><\/div><\/div><\/div><\/div><\/div><script id=\"script-row-unique-2\" data-row=\"script-row-unique-2\" type=\"text\/javascript\" class=\"vc_controls\">UNCODE.initRow(document.getElementById(\"row-unique-2\"));<\/script><\/div><\/div><\/div><div data-parent=\"true\" class=\"vc_row vc_custom_1736438142472 limit-width row-container\" style=\"margin-top: -30px ;\" id=\"row-unique-3\"><div class=\"row col-one-gutter row-parent\"><div class=\"wpb_row row-inner\"><div class=\"wpb_column pos-top pos-center align_center column_parent col-lg-12 single-internal-gutter\"><div class=\"uncol style-light\" style=\"max-width:94%; margin-left:auto; margin-right:auto;\"  ><div class=\"uncoltable\"><div class=\"uncell no-block-padding\" ><div class=\"uncont\" ><div class=\"uncode_text_column text-lead text-color-113142-color\" ><\/p>\n<p style=\"font-size: 30px; color: #ff5938;\"><em>\u00a1Cupos limitados! \u00a1Inscripciones abiertas YA!<\/em><\/p>\n<p>\n<\/div><span class=\"btn-container\" ><a role=\"button\"  href=\"http:\/\/livelifetoinspire.org\/wp-content\/uploads\/2025\/07\/WhatsApp-Image-2025-07-11-at-20.45.22.jpeg\" class=\"custom-link fontsize-160206 btn-custom-typo font-150417 font-weight-500 text-initial no-letterspace border-width-0 text-color-174726-color btn-icon-left\">Descargar folleto<\/a><\/span><span class=\"btn-container\" ><a role=\"button\"  href=\"http:\/\/www.bcfc-ma.com\/ffa-registration\" class=\"custom-link btn btn-lg border-width-0 btn-color-113142 btn-round btn-icon-right\" target=\"_blank\">REGISTRO<i class=\"fa fa-arrow-right2\"><\/i><\/a><\/span><div class=\"uncode_text_column text-lead text-color-113142-color\" ><\/p>\n<p style=\"font-size: 30px; color: #ff5938;\">PUBLICIDAD<\/p>\n<p style=\"font-size: 16px;\">Este seminario web es una oportunidad interesante para publicitar sus productos y servicios a clientes potenciales en un entorno espec\u00edfico. Si est\u00e1 interesado en patrocinar este evento o en mostrar su negocio, <a href=\"https:\/\/www.zeffy.com\/ticketing\/financial-freedom-academy-advertising-and-sponsorship\">HAGA CLIC EN ESTE ENLACE<\/a> Para enviar su informaci\u00f3n<\/p>\n<p>\n<\/div><span class=\"btn-container\" ><a role=\"button\"  href=\"https:\/\/www.zeffy.com\/ticketing\/financial-freedom-academy-advertising-and-sponsorship\" class=\"custom-link btn btn-lg border-width-0 btn-color-113142 btn-round btn-icon-right\" target=\"_blank\">PUBLICIDAD<i class=\"fa fa-arrow-right2\"><\/i><\/a><\/span><\/div><\/div><\/div><\/div><\/div><script id=\"script-row-unique-3\" data-row=\"script-row-unique-3\" type=\"text\/javascript\" class=\"vc_controls\">UNCODE.initRow(document.getElementById(\"row-unique-3\"));<\/script><\/div><\/div><\/div>\n<\/div>","protected":false},"excerpt":{"rendered":"We are proud to announce The Christine Merveil Never Back Down Foundation, Inc. has partnered with Burlington Community Financial Center [...]","protected":false},"author":1,"featured_media":0,"parent":0,"menu_order":0,"comment_status":"closed","ping_status":"closed","template":"","meta":{"give_campaign_id":0,"footnotes":""},"class_list":["post-102243","page","type-page","status-publish","hentry"],"campaignId":"","_links":{"self":[{"href":"https:\/\/livelifetoinspire.org\/es\/wp-json\/wp\/v2\/pages\/102243","targetHints":{"allow":["GET"]}}],"collection":[{"href":"https:\/\/livelifetoinspire.org\/es\/wp-json\/wp\/v2\/pages"}],"about":[{"href":"https:\/\/livelifetoinspire.org\/es\/wp-json\/wp\/v2\/types\/page"}],"author":[{"embeddable":true,"href":"https:\/\/livelifetoinspire.org\/es\/wp-json\/wp\/v2\/users\/1"}],"replies":[{"embeddable":true,"href":"https:\/\/livelifetoinspire.org\/es\/wp-json\/wp\/v2\/comments?post=102243"}],"version-history":[{"count":5,"href":"https:\/\/livelifetoinspire.org\/es\/wp-json\/wp\/v2\/pages\/102243\/revisions"}],"predecessor-version":[{"id":102417,"href":"https:\/\/livelifetoinspire.org\/es\/wp-json\/wp\/v2\/pages\/102243\/revisions\/102417"}],"wp:attachment":[{"href":"https:\/\/livelifetoinspire.org\/es\/wp-json\/wp\/v2\/media?parent=102243"}],"curies":[{"name":"gracias","href":"https:\/\/api.w.org\/{rel}","templated":true}]}}