{"id":101502,"date":"2023-07-14T17:57:29","date_gmt":"2023-07-14T17:57:29","guid":{"rendered":"https:\/\/livelifetoinspire.org\/?post_type=product&#038;p=101502"},"modified":"2025-09-08T20:51:40","modified_gmt":"2025-09-08T20:51:40","slug":"annual-charity-event","status":"publish","type":"product","link":"https:\/\/livelifetoinspire.org\/es\/producto\/annual-charity-event\/","title":{"rendered":"4th Annual Fundraising &#038; Charity Event: Strike Up Some Fun\u2014For a Cause That Matters!"},"content":{"rendered":"","protected":false},"excerpt":{"rendered":"<p>Acomp\u00e1\u00f1enos a disfrutar de una tarde inolvidable llena de energ\u00eda, conexi\u00f3n y esp\u00edritu comunitario. Nuestro 4.\u00ba evento anual de recaudaci\u00f3n de fondos y beneficencia es m\u00e1s que un simple d\u00eda de bolos: es una oportunidad para cambiar vidas. Cada boleto adquirido ayuda a empoderar a j\u00f3venes de bajos recursos con las herramientas que necesitan para alcanzar el \u00e9xito mediante capacitaci\u00f3n laboral, educaci\u00f3n financiera y desarrollo de habilidades para la vida.<\/p>\n<p><strong>Fecha del evento:<\/strong> Domingo 14 de septiembre<br \/>\n<strong>Hora de inicio:<\/strong> 1:30 p.m.<br \/>\n<strong>Ubicaci\u00f3n:<\/strong> Lucky Strike Wallington,<br \/>\n299 Paterson Ave, Wallington, NJ 07057<\/p>\n<p><strong><span style=\"color: #ff9900;\">DONACI\u00d3N REGULAR<\/span><\/strong><br \/>\n<strong>INDIVIDUAL: <\/strong>$55.00<br \/>\n<strong>PAREJA: <\/strong>$105.00<br \/>\n<strong>BOLETO DE LA RIFA:<\/strong> $10.00<\/p>\n<p><strong><span style=\"color: #ff9900;\">DESCUENTO: CONFIRME SU ASISTENCIA ANTES DEL 28\/8\/25<\/span><\/strong><br \/>\n<strong>INDIVIDUAL: <\/strong>$45.00<\/p>\n<p><strong>Por qu\u00e9 es importante<\/strong><br \/>\nEste evento impulsa un cambio real. Tu participaci\u00f3n apoya directamente a los j\u00f3venes adultos, quienes adquieren la confianza, las habilidades y los conocimientos necesarios para construir un futuro m\u00e1s brillante. Juntos, creamos oportunidades y construimos comunidades m\u00e1s fuertes, un cuadro a la vez.<\/p>\n<p><strong>\u00bfQu\u00e9 incluye este evento?<\/strong><\/p>\n<ul>\n<li>Pizzas<\/li>\n<li>Refrescos ilimitados<\/li>\n<li>Rifas y premios<\/li>\n<li>Alquiler de zapatos gratuito incluido.<\/li>\n<li>Los ganadores recibir\u00e1n un trofeo.<\/li>\n<\/ul>\n<p>Entremos en este aniversario con prop\u00f3sito, unidad e impacto.<\/p>\n<p>Su entrada no s\u00f3lo le otorga acceso a un d\u00eda inolvidable de entretenimiento sino que tambi\u00e9n contribuye directamente a nuestra causa. Su participaci\u00f3n nos ayudar\u00e1 a marcar una diferencia en las vidas de aquellos a quienes servimos.<\/p>\n<p>&nbsp;<\/p>","protected":false},"featured_media":102340,"template":"","meta":{"give_campaign_id":0},"product_brand":[],"product_cat":[39],"product_tag":[],"class_list":{"0":"post-101502","1":"product","2":"type-product","3":"status-publish","4":"has-post-thumbnail","6":"product_cat-event","7":"tm-has-options","9":"first","10":"instock","11":"virtual","12":"purchasable","13":"product-type-lottery"},"_links":{"self":[{"href":"https:\/\/livelifetoinspire.org\/es\/wp-json\/wp\/v2\/product\/101502","targetHints":{"allow":["GET"]}}],"collection":[{"href":"https:\/\/livelifetoinspire.org\/es\/wp-json\/wp\/v2\/product"}],"about":[{"href":"https:\/\/livelifetoinspire.org\/es\/wp-json\/wp\/v2\/types\/product"}],"wp:featuredmedia":[{"embeddable":true,"href":"https:\/\/livelifetoinspire.org\/es\/wp-json\/wp\/v2\/media\/102340"}],"wp:attachment":[{"href":"https:\/\/livelifetoinspire.org\/es\/wp-json\/wp\/v2\/media?parent=101502"}],"wp:term":[{"taxonomy":"product_brand","embeddable":true,"href":"https:\/\/livelifetoinspire.org\/es\/wp-json\/wp\/v2\/product_brand?post=101502"},{"taxonomy":"product_cat","embeddable":true,"href":"https:\/\/livelifetoinspire.org\/es\/wp-json\/wp\/v2\/product_cat?post=101502"},{"taxonomy":"product_tag","embeddable":true,"href":"https:\/\/livelifetoinspire.org\/es\/wp-json\/wp\/v2\/product_tag?post=101502"}],"curies":[{"name":"gracias","href":"https:\/\/api.w.org\/{rel}","templated":true}]}}