{"id":100747,"date":"2021-11-11T10:13:48","date_gmt":"2021-11-11T10:13:48","guid":{"rendered":"https:\/\/livelifetoinspire.org\/?page_id=100747"},"modified":"2022-01-12T10:19:12","modified_gmt":"2022-01-12T10:19:12","slug":"our-story","status":"publish","type":"page","link":"https:\/\/livelifetoinspire.org\/fr\/our-story\/","title":{"rendered":"Notre histoire"},"content":{"rendered":"<div class=\"wpb-content-wrapper\"><div data-parent=\"true\" class=\"vc_row has-bg need-focus style-color-674084-bg row-container with-parallax\" id=\"row-unique-0\"><div class=\"row-background background-element\">\n\t\t\t\t\t\t\t\t\t\t\t<div class=\"background-wrapper\">\n\t\t\t\t\t\t\t\t\t\t\t\t<div class=\"background-inner\" style=\"background-image: url(https:\/\/livelifetoinspire.org\/wp-content\/uploads\/2021\/12\/groupwave.jpeg);background-repeat: no-repeat;background-position: center center;background-size: cover;\"><\/div>\n\t\t\t\t\t\t\t\t\t\t\t\t<div class=\"block-bg-overlay style-color-674084-bg\" style=\"opacity: 0.97;\"><\/div>\n\t\t\t\t\t\t\t\t\t\t\t<\/div>\n\t\t\t\t\t\t\t\t\t\t<\/div><div class=\"row one-top-padding one-bottom-padding no-h-padding full-width row-parent\"><div class=\"wpb_row row-inner\"><div class=\"wpb_column pos-middle pos-center align_center column_parent col-lg-12 single-internal-gutter\"><div class=\"uncol style-spec style-dark\"  ><div class=\"uncoltable\"><div class=\"uncell\" ><div class=\"uncont no-block-padding col-custom-width\" style=\" max-width:900px;\" ><div class=\"vc_row row-internal row-container\"><div class=\"row row-child\"><div class=\"wpb_row row-inner\"><div class=\"wpb_column pos-top pos-center align_center column_child col-lg-12 single-internal-gutter\"><div class=\"uncol style-spec style-dark\" ><div class=\"uncoltable\"><div class=\"uncell no-block-padding\" ><div class=\"uncont\" ><div class=\"vc_custom_heading_wrap\"><div class=\"heading-text el-text\" ><h6 class=\"fontsize-160000 fontspace-135905 text-uppercase\" ><span>Citations puissantes<\/span><\/h6><\/div><div class=\"clear\"><\/div><\/div><div class=\"divider-wrapper\"  >\n    <hr class=\"unseparator border-,Default-color separator-no-padding\"  \/>\n<\/div>\n<\/div><\/div><\/div><\/div><\/div><\/div><\/div><\/div><div class=\"un-media-gallery owl-carousel-wrapper textual-carousel\">\n\t\t\n\t\n\t<div class=\"owl-carousel-container owl-carousel-loading no-gutter\" >\n\t\t\t\t\t\t\t\t\t<div id=\"gallery-598392928\" class=\"owl-carousel owl-element owl-height-auto\" data-fade=\"true\" data-navmobile=\"false\" data-navspeed=\"400\" data-autoplay=\"false\" data-autoheight=\"true\" data-stagepadding=\"0\" data-lg=\"1\" data-md=\"1\" data-sm=\"1\">\n<div class=\"tmb tmb-carousel tmb-iso-h4 tmb-light tmb-overlay-middle tmb-overlay-text-center tmb-id-100880  tmb-media-first tmb-media-last tmb-content-overlay tmb-no-bg tmb-lightbox\" ><div class=\"t-inside animate_when_almost_visible zoom-in\" data-delay=\"200\"><div class=\"t-entry-visual\"><div class=\"t-entry-visual-tc\"><div class=\"t-entry-visual-cont\"><div class=\"t-entry-visual-overlay\"><div class=\"t-entry-visual-overlay-in style-dark-bg\" style=\"opacity: 0.5;\"><\/div><\/div><div class=\"h4 font-weight-600 title-scale regular-text object-size fluid-object\" style=\"padding-top: 100%\"><blockquote class=\"pullquote\"><span class=\"pullquote__content\">Ta grandeur n&#039;est pas ce que tu as, c&#039;est ce que tu donnes<\/span><span><small>Alice Hocker<\/small><\/span><\/blockquote><\/div><\/div>\n\t\t\t\t\t<\/div>\n\t\t\t\t<\/div><\/div><\/div>\t\t\t<\/div>\n\t\t\t\t\t<\/div>\n\n\t\n\t\n\t\n<\/div>\n\n<\/div><\/div><\/div><\/div><\/div><script id=\"script-row-unique-0\" data-row=\"script-row-unique-0\" type=\"text\/javascript\" class=\"vc_controls\">UNCODE.initRow(document.getElementById(\"row-unique-0\"));<\/script><\/div><\/div><\/div><div data-parent=\"true\" class=\"vc_row row-container\" id=\"row-unique-1\"><div class=\"row double-top-padding single-bottom-padding single-h-padding limit-width row-parent\"><div class=\"wpb_row row-inner\"><div class=\"wpb_column pos-top pos-center align_center column_parent col-lg-3 single-internal-gutter\"><div class=\"uncol style-light\"  ><div class=\"uncoltable\"><div class=\"uncell no-block-padding\" ><div class=\"uncont\" style=\" max-width:804px;\" ><div class=\"uncode-single-media  text-left\"><div class=\"single-wrapper\" style=\"max-width: 100%;\"><div class=\"tmb tmb-light  tmb-media-first tmb-media-last tmb-content-overlay tmb-no-bg\"><div class=\"t-inside\"><div class=\"t-entry-visual\"><div class=\"t-entry-visual-tc\"><div class=\"uncode-single-media-wrapper\"><img decoding=\"async\" class=\"wp-image-100778\" src=\"https:\/\/livelifetoinspire.org\/wp-content\/uploads\/2021\/11\/IMG_8186.jpg\" width=\"948\" height=\"1122\" alt=\"\" srcset=\"https:\/\/livelifetoinspire.org\/wp-content\/uploads\/2021\/11\/IMG_8186.jpg 948w, https:\/\/livelifetoinspire.org\/wp-content\/uploads\/2021\/11\/IMG_8186-600x710.jpg 600w, https:\/\/livelifetoinspire.org\/wp-content\/uploads\/2021\/11\/IMG_8186-507x600.jpg 507w, https:\/\/livelifetoinspire.org\/wp-content\/uploads\/2021\/11\/IMG_8186-768x909.jpg 768w, https:\/\/livelifetoinspire.org\/wp-content\/uploads\/2021\/11\/IMG_8186-253x300.jpg 253w, https:\/\/livelifetoinspire.org\/wp-content\/uploads\/2021\/11\/IMG_8186-865x1024.jpg 865w\" sizes=\"(max-width: 948px) 100vw, 948px\" \/><\/div>\n\t\t\t\t\t<\/div>\n\t\t\t\t<\/div><\/div><\/div><\/div><figcaption>Christine Merveil<\/figcaption><\/div><\/div><\/div><\/div><\/div><\/div><div class=\"wpb_column pos-top pos-center align_left column_parent col-lg-9 single-internal-gutter\"><div class=\"uncol style-light\"  ><div class=\"uncoltable\"><div class=\"uncell no-block-padding\" ><div class=\"uncont\" ><div class=\"uncode_text_column text-lead\" ><p>Dr Betty Merveil-Ceneus et Wikenson Merveil ont cr\u00e9\u00e9 cette Fondation en l&#039;honneur de leur m\u00e8re, Christine Merveil. Elle a consacr\u00e9 la majeure partie de sa vie au d\u00e9veloppement personnel et scolaire de nombreux enfants et jeunes adultes en Ha\u00efti. En plus de son travail d&#039;enseignante \u00e0 temps plein, elle a aid\u00e9 \u00e0 \u00e9tablir et est devenue la directrice d&#039;un programme d&#039;\u00e9cole du soir qui \u00e9tait d\u00e9di\u00e9 \u00e0 enseigner aux moins fortun\u00e9s comment lire et \u00e9crire. Elle leur a inculqu\u00e9 la confiance, l&#039;espoir, l&#039;int\u00e9grit\u00e9 et l&#039;engagement qui sont un ensemble de valeurs fondamentales dont ces \u00e9tudiants avaient besoin pour rester fid\u00e8les \u00e0 leurs r\u00eaves et relever les d\u00e9fis de la vie.<\/p>\n<p>L&#039;analphab\u00e9tisme financier est l&#039;une des principales raisons pour lesquelles de nombreuses personnes ont du mal \u00e0 \u00e9pargner et \u00e0 investir. En Ha\u00efti, il est n\u00e9cessaire d&#039;encourager l&#039;esprit d&#039;entreprise car il est presque impossible pour les \u00e9tudiants de poursuivre des \u00e9tudes coll\u00e9giales en raison du manque d&#039;infrastructures et du faible d\u00e9veloppement \u00e9conomique. Ces faits d\u00e9vastateurs nous ont pouss\u00e9s \u00e0 poursuivre l&#039;h\u00e9ritage de Mme Merveil en offrant aux jeunes adultes en Am\u00e9rique et \u00e0 l&#039;\u00e9tranger une \u00e9ducation financi\u00e8re et en investissement, et en parrainant leurs entreprises ainsi que des opportunit\u00e9s de mentorat.<\/p>\n<\/div><\/div><\/div><\/div><\/div><\/div><script id=\"script-row-unique-1\" data-row=\"script-row-unique-1\" type=\"text\/javascript\" class=\"vc_controls\">UNCODE.initRow(document.getElementById(\"row-unique-1\"));<\/script><\/div><\/div><\/div><div data-parent=\"true\" class=\"vc_row has-bg need-focus style-color-674084-bg row-container\" id=\"row-unique-2\"><div class=\"row-background background-element\" style=\"opacity: 1;\">\n\t\t\t\t\t\t\t\t\t\t\t<div class=\"background-wrapper\">\n\t\t\t\t\t\t\t\t\t\t\t\t<div class=\"background-inner\"><\/div>\n\t\t\t\t\t\t\t\t\t\t\t\t<div class=\"block-bg-overlay style-color-674084-bg\" style=\"opacity: 1;\"><\/div>\n\t\t\t\t\t\t\t\t\t\t\t<\/div>\n\t\t\t\t\t\t\t\t\t\t<\/div><div class=\"row single-top-padding single-bottom-padding single-h-padding limit-width row-parent\"><div class=\"wpb_row row-inner\"><div class=\"wpb_column pos-middle pos-center align_center column_parent col-lg-12 single-internal-gutter\"><div class=\"uncol style-spec style-dark\"  ><div class=\"uncoltable\"><div class=\"uncell\" ><div class=\"uncont no-block-padding col-custom-width\" style=\" max-width:900px;\" ><div class=\"uncode_text_column\" ><\/p>\n<h5>Nous esp\u00e9rons que nos services permettront aux jeunes adultes de se frayer un chemin vers leur destin en prenant des mesures innovantes audacieuses et en influen\u00e7ant positivement leurs pairs et leurs communaut\u00e9s. Cultiver un nouvel \u00e9tat d&#039;esprit chez nos jeunes est un pas de plus vers le changement des perspectives de tout environnement pour le mieux-\u00eatre de l&#039;humanit\u00e9.<\/h5>\n<p>\n<\/div><\/div><\/div><\/div><\/div><\/div><script id=\"script-row-unique-2\" data-row=\"script-row-unique-2\" type=\"text\/javascript\" class=\"vc_controls\">UNCODE.initRow(document.getElementById(\"row-unique-2\"));<\/script><\/div><\/div><\/div><div data-parent=\"true\" class=\"vc_row row-container desktop-hidden tablet-hidden mobile-hidden\" id=\"row-unique-3\"><div class=\"row no-top-padding no-bottom-padding single-h-padding limit-width row-parent\"><div class=\"wpb_row row-inner\"><div class=\"wpb_column pos-top pos-center align_left column_parent col-lg-3 single-internal-gutter\"><div class=\"uncol style-light\"  ><div class=\"uncoltable\"><div class=\"uncell no-block-padding\" ><div class=\"uncont\" ><\/div><\/div><\/div><\/div><\/div><div class=\"wpb_column pos-top pos-center align_left column_parent col-lg-6 single-internal-gutter\"><div class=\"uncol style-light\"  ><div class=\"uncoltable\"><div class=\"uncell no-block-padding\" ><div class=\"uncont\" ><div class=\"uncode-single-media  text-left\"><div class=\"single-wrapper\" style=\"max-width: 100%;\"><div class=\"tmb tmb-light  tmb-bordered tmb-media-first tmb-media-last tmb-content-overlay tmb-no-bg\"><div class=\"t-inside\"><div class=\"t-entry-visual\"><div class=\"t-entry-visual-tc\"><div class=\"uncode-single-media-wrapper img-thumbnail\"><img decoding=\"async\" class=\"wp-image-100938\" src=\"https:\/\/livelifetoinspire.org\/wp-content\/uploads\/2021\/12\/inspire1.jpg\" width=\"300\" height=\"100\" alt=\"\"><\/div>\n\t\t\t\t\t<\/div>\n\t\t\t\t<\/div><\/div><\/div><\/div><\/div><\/div><\/div><\/div><\/div><\/div><div class=\"wpb_column pos-top pos-center align_left column_parent col-lg-3 single-internal-gutter\"><div class=\"uncol style-light\"  ><div class=\"uncoltable\"><div class=\"uncell no-block-padding\" ><div class=\"uncont\" ><\/div><\/div><\/div><\/div><\/div><script id=\"script-row-unique-3\" data-row=\"script-row-unique-3\" type=\"text\/javascript\" class=\"vc_controls\">UNCODE.initRow(document.getElementById(\"row-unique-3\"));<\/script><\/div><\/div><\/div>\n<\/div>","protected":false},"excerpt":{"rendered":"Powerful Quotes Your greatness is not what you have, it is what you giveAlice Hocker Christine MerveilDr. Betty Merveil-Ceneus and [...]","protected":false},"author":1,"featured_media":0,"parent":0,"menu_order":0,"comment_status":"closed","ping_status":"closed","template":"","meta":{"give_campaign_id":0,"footnotes":""},"class_list":["post-100747","page","type-page","status-publish","hentry"],"campaignId":"","_links":{"self":[{"href":"https:\/\/livelifetoinspire.org\/fr\/wp-json\/wp\/v2\/pages\/100747","targetHints":{"allow":["GET"]}}],"collection":[{"href":"https:\/\/livelifetoinspire.org\/fr\/wp-json\/wp\/v2\/pages"}],"about":[{"href":"https:\/\/livelifetoinspire.org\/fr\/wp-json\/wp\/v2\/types\/page"}],"author":[{"embeddable":true,"href":"https:\/\/livelifetoinspire.org\/fr\/wp-json\/wp\/v2\/users\/1"}],"replies":[{"embeddable":true,"href":"https:\/\/livelifetoinspire.org\/fr\/wp-json\/wp\/v2\/comments?post=100747"}],"version-history":[{"count":0,"href":"https:\/\/livelifetoinspire.org\/fr\/wp-json\/wp\/v2\/pages\/100747\/revisions"}],"wp:attachment":[{"href":"https:\/\/livelifetoinspire.org\/fr\/wp-json\/wp\/v2\/media?parent=100747"}],"curies":[{"name":"wp","href":"https:\/\/api.w.org\/{rel}","templated":true}]}}