{"id":100793,"date":"2021-11-18T12:06:43","date_gmt":"2021-11-18T12:06:43","guid":{"rendered":"https:\/\/livelifetoinspire.org\/?page_id=100793"},"modified":"2025-12-01T10:23:09","modified_gmt":"2025-12-01T10:23:09","slug":"home","status":"publish","type":"page","link":"https:\/\/livelifetoinspire.org\/fr\/","title":{"rendered":"Accueil"},"content":{"rendered":"<div class=\"wpb-content-wrapper\"><div data-parent=\"true\" class=\"vc_row has-bg need-focus style-color-674084-bg row-container\" id=\"row-unique-0\"><div class=\"row no-top-padding no-bottom-padding no-h-padding row-slider row-parent\" data-height-ratio=\"20\"><div class=\"owl-carousel-wrapper style-dark\"><div class=\"uncode-slider owl-carousel-container owl-dots-inside owl-dots-align-center\"><div id=\"uslider_328549099\" class=\"owl-carousel owl-element owl-dots-inside owl-height-forced\" data-loop=\"true\" data-autoheight=\"false\" data-nav=\"false\" data-dotsmobile=\"true\" data-dots=\"true\" data-navspeed=\"1000\" data-autoplay=\"true\" data-timeout=\"5000\" data-lg=\"1\" data-md=\"1\" data-sm=\"1\" data-limit-width=\"false\"><div class=\"vc_row style-color-674084-bg row-internal row-container\"><div class=\"row col-double-gutter one-top-padding one-bottom-padding single-h-padding row-child limit-width\"><div class=\"wpb_row row-inner\"><div class=\"wpb_column pos-top pos-center align_center column_child col-lg-12 single-internal-gutter\"><div class=\"uncol style-spec style-dark\" ><div class=\"uncoltable\"><div class=\"uncell no-block-padding\" ><div class=\"uncont\" style=\" max-width:900px;\" ><div class=\"vc_custom_heading_wrap\"><div class=\"heading-text el-text\" ><h6 class=\"fontsize-160000 fontspace-135905 text-uppercase\" ><span>Citations puissantes<\/span><\/h6><\/div><div class=\"clear\"><\/div><\/div><div class=\"divider-wrapper\"  >\n    <hr class=\"unseparator border-,Default-color separator-no-padding\"  \/>\n<\/div>\n<div class=\"uncode_text_column zoom-in animate_when_almost_visible\" data-delay=\"200\"><\/p>\n<h4>&quot;Ne refusez pas le bien \u00e0 ceux \u00e0 qui il est d\u00fb, quand il est en votre pouvoir d&#039;agir&quot;<\/h4>\n<p>\n<\/div><div class=\"uncode_text_column zoom-in animate_when_almost_visible\" data-delay=\"200\"><p><strong>\u2013 Proverbes 3:27<\/strong><\/p>\n<\/div><\/div><\/div><\/div><\/div><\/div><\/div><\/div><\/div><div class=\"vc_row style-color-674084-bg row-internal row-container\"><div class=\"row col-double-gutter one-top-padding one-bottom-padding single-h-padding row-child limit-width\"><div class=\"wpb_row row-inner\"><div class=\"wpb_column pos-top pos-center align_center column_child col-lg-12 single-internal-gutter\"><div class=\"uncol style-spec style-dark\" ><div class=\"uncoltable\"><div class=\"uncell no-block-padding\" ><div class=\"uncont\" style=\" max-width:900px;\" ><div class=\"empty-space empty-single\" ><span class=\"empty-space-inner\"><\/span><\/div>\n<div class=\"vc_custom_heading_wrap\"><div class=\"heading-text el-text\" ><h3 class=\"font-150417 h4 font-weight-500\" ><span>Nombre de vies que nous avons transform\u00e9es<\/span><\/h3><\/div><div class=\"clear\"><\/div><\/div><div class=\"uncode-wrapper uncode-counter-wrap\" ><p  class=\"font-150417 h4 font-weight-500 fontheight-179065\"><span class=\"uncode-counter counter\" data-val=\"650\">650<\/span><span class=\"counter-suffix\">+<\/span><\/p><\/div><\/div><\/div><\/div><\/div><\/div><\/div><\/div><\/div><div class=\"vc_row row-internal row-container\"><div class=\"row one-top-padding one-bottom-padding single-h-padding row-child limit-width\"><div class=\"wpb_row row-inner\"><div class=\"wpb_column pos-middle pos-center align_center column_child col-lg-12 single-internal-gutter\"><div class=\"uncol style-light\" ><div class=\"uncoltable\"><div class=\"uncell no-block-padding\" ><div class=\"uncont\" ><div class=\"uncode-single-media  text-center\"><div class=\"single-wrapper\" style=\"max-width: 15%;\"><div class=\"tmb tmb-light  tmb-media-first tmb-media-last tmb-content-overlay tmb-no-bg\"><div class=\"t-inside\"><div class=\"t-entry-visual\"><div class=\"t-entry-visual-tc\"><div class=\"uncode-single-media-wrapper\"><img decoding=\"async\" class=\"wp-image-101942\" src=\"https:\/\/livelifetoinspire.org\/wp-content\/uploads\/2024\/05\/WhatsApp-Image-2024-05-14-at-4.57.11-PM.png\" width=\"524\" height=\"471\" alt=\"\" srcset=\"https:\/\/livelifetoinspire.org\/wp-content\/uploads\/2024\/05\/WhatsApp-Image-2024-05-14-at-4.57.11-PM.png 524w, https:\/\/livelifetoinspire.org\/wp-content\/uploads\/2024\/05\/WhatsApp-Image-2024-05-14-at-4.57.11-PM-13x12.png 13w, https:\/\/livelifetoinspire.org\/wp-content\/uploads\/2024\/05\/WhatsApp-Image-2024-05-14-at-4.57.11-PM-350x315.png 350w, https:\/\/livelifetoinspire.org\/wp-content\/uploads\/2024\/05\/WhatsApp-Image-2024-05-14-at-4.57.11-PM-60x54.png 60w, https:\/\/livelifetoinspire.org\/wp-content\/uploads\/2024\/05\/WhatsApp-Image-2024-05-14-at-4.57.11-PM-110x99.png 110w\" sizes=\"(max-width: 524px) 100vw, 524px\" \/><\/div>\n\t\t\t\t\t<\/div>\n\t\t\t\t<\/div><\/div><\/div><\/div><\/div><\/div><\/div><\/div><\/div><\/div><\/div><\/div><\/div><\/div><div class=\"uncode_slider-dot_classes no-h-padding owl-dots-classes\"><\/div><\/div><\/div><script id=\"script-row-unique-0\" data-row=\"script-row-unique-0\" type=\"text\/javascript\" class=\"vc_controls\">UNCODE.initRow(document.getElementById(\"row-unique-0\"));<\/script><\/div><\/div><div data-parent=\"true\" class=\"vc_row has-bg need-focus style-color-674084-bg row-container with-parallax desktop-hidden tablet-hidden mobile-hidden\" id=\"row-unique-1\"><div class=\"row-background background-element\">\n\t\t\t\t\t\t\t\t\t\t\t<div class=\"background-wrapper\">\n\t\t\t\t\t\t\t\t\t\t\t\t<div class=\"background-inner\" style=\"background-image: url(https:\/\/livelifetoinspire.org\/wp-content\/uploads\/2021\/12\/groupwave.jpeg);background-repeat: no-repeat;background-position: center center;background-size: cover;\"><\/div>\n\t\t\t\t\t\t\t\t\t\t\t\t<div class=\"block-bg-overlay style-color-674084-bg\" style=\"opacity: 0.97;\"><\/div>\n\t\t\t\t\t\t\t\t\t\t\t<\/div>\n\t\t\t\t\t\t\t\t\t\t<\/div><div class=\"row one-top-padding one-bottom-padding no-h-padding full-width row-parent\"><div class=\"wpb_row row-inner\"><div class=\"wpb_column pos-middle pos-center align_center column_parent col-lg-12 single-internal-gutter\"><div class=\"uncol style-spec style-dark\"  ><div class=\"uncoltable\"><div class=\"uncell\" ><div class=\"uncont no-block-padding col-custom-width\" style=\" max-width:900px;\" ><div class=\"vc_row row-internal row-container\"><div class=\"row row-child\"><div class=\"wpb_row row-inner\"><div class=\"wpb_column pos-bottom pos-center align_center column_child col-lg-12 single-internal-gutter\"><div class=\"uncol style-spec style-dark\" ><div class=\"uncoltable\"><div class=\"uncell no-block-padding\" ><div class=\"uncont\" ><div class=\"vc_custom_heading_wrap\"><div class=\"heading-text el-text\" ><h6 class=\"fontsize-160000 fontspace-135905 text-uppercase\" ><span>Citations puissantes<\/span><\/h6><\/div><div class=\"clear\"><\/div><\/div><div class=\"divider-wrapper\"  >\n    <hr class=\"unseparator border-,Default-color separator-no-padding\"  \/>\n<\/div>\n<\/div><\/div><\/div><\/div><\/div><\/div><\/div><\/div><div class=\"uncode_text_column zoom-in animate_when_almost_visible\" data-delay=\"200\"><\/p>\n<h4>&quot;Ne refusez pas le bien \u00e0 ceux \u00e0 qui il est d\u00fb, quand il est en votre pouvoir d&#039;agir&quot;<\/h4>\n<p>\n<\/div><div class=\"uncode_text_column zoom-in animate_when_almost_visible\" data-delay=\"200\"><p><strong>\u2013 Proverbes 3:27<\/strong><\/p>\n<\/div><\/div><\/div><\/div><\/div><\/div><script id=\"script-row-unique-1\" data-row=\"script-row-unique-1\" type=\"text\/javascript\" class=\"vc_controls\">UNCODE.initRow(document.getElementById(\"row-unique-1\"));<\/script><\/div><\/div><\/div><div data-parent=\"true\" class=\"vc_row has-bg need-focus style-color-wayh-bg row-container\" id=\"row-unique-2\"><div class=\"row-background background-element\">\n\t\t\t\t\t\t\t\t\t\t\t<div class=\"background-wrapper\">\n\t\t\t\t\t\t\t\t\t\t\t\t<div class=\"background-inner\" style=\"background-image: url(https:\/\/livelifetoinspire.org\/wp-content\/uploads\/2021\/12\/hands.jpeg);background-repeat: no-repeat;background-position: center center;background-attachment: scroll;background-size: cover;\"><\/div>\n\t\t\t\t\t\t\t\t\t\t\t\t<div class=\"block-bg-overlay style-color-wayh-bg\" style=\"opacity: 0.7;\"><\/div>\n\t\t\t\t\t\t\t\t\t\t\t<\/div>\n\t\t\t\t\t\t\t\t\t\t<\/div><div class=\"row col-double-gutter double-top-padding double-bottom-padding single-h-padding limit-width row-parent\" data-height-ratio=\"40\"><div class=\"wpb_row row-inner\"><div class=\"wpb_column pos-middle pos-left align_left align_center_mobile column_parent col-lg-12 col-md-50 single-internal-gutter\"><div class=\"uncol style-spec style-dark\"  ><div class=\"uncoltable\"><div class=\"uncell\" ><div class=\"uncont no-block-padding col-custom-width\" style=\" max-width:80%;\" ><div class=\"vc_custom_heading_wrap\"><div class=\"heading-text el-text\" ><h3 class=\"fontsize-155944\" ><span>Christine Merveil<br \/><\/span><span>Ne c\u00e8dez jamais<br \/><\/span><span>Fondation, Inc.<\/span><\/h3><\/div><div class=\"clear\"><\/div><\/div><div class=\"uncode_text_column text-lead\" ><p><em>Donner \u00e0 tous les jeunes les moyens d&#039;innover, de grandir et d&#039;inspirer<\/em><\/p>\n<\/div><div class=\"empty-space empty-single\" ><span class=\"empty-space-inner\"><\/span><\/div>\n<div class=\"vc_custom_heading_wrap\"><div class=\"heading-text el-text\" ><h3 class=\"fontsize-155944\" ><span>Notre mission<\/span><\/h3><\/div><div class=\"clear\"><\/div><\/div><div class=\"uncode_text_column text-lead\" ><p>Cette organisation \u00e0 but non lucratif \u0153uvre pour l&#039;autonomisation des jeunes adultes d\u00e9favoris\u00e9s aux \u00c9tats-Unis et \u00e0 l&#039;\u00e9tranger en promouvant l&#039;\u00e9ducation financi\u00e8re et en finan\u00e7ant des formations professionnelles, des programmes d&#039;\u00e9ducation \u00e0 l&#039;entrepreneuriat et le d\u00e9veloppement de micro-entreprises. Notre mission est de leur donner les moyens de s&#039;\u00e9panouir et de surmonter les difficult\u00e9s de la vie.<\/p>\n<\/div><\/div><\/div><\/div><\/div><\/div><script id=\"script-row-unique-2\" data-row=\"script-row-unique-2\" type=\"text\/javascript\" class=\"vc_controls\">UNCODE.initRow(document.getElementById(\"row-unique-2\"));<\/script><\/div><\/div><\/div><div data-parent=\"true\" class=\"vc_row row-container\" id=\"row-unique-3\"><div class=\"row double-top-padding double-bottom-padding single-h-padding limit-width row-parent\" data-height-ratio=\"40\"><div class=\"wpb_row row-inner\"><div class=\"wpb_column pos-middle pos-center align_center column_parent col-lg-12 half-internal-gutter\"><div class=\"uncol style-light\"  ><div class=\"uncoltable\"><div class=\"uncell\" ><div class=\"uncont no-block-padding col-custom-width\" style=\" max-width:900px;\" ><div class=\"vc_custom_heading_wrap\"><div class=\"heading-text el-text\" ><h3 class=\"fontsize-155944 font-weight-700\" ><span>Vision<\/span><\/h3><\/div><div class=\"clear\"><\/div><\/div><div class=\"uncode_text_column text-lead\" ><p>Notre vision est que nos efforts humanitaires conduiront les jeunes adultes en Am\u00e9rique et \u00e0 l&#039;\u00e9tranger \u00e0 l&#039;ind\u00e9pendance financi\u00e8re, \u00e0 une meilleure \u00e9ducation et \u00e0 une meilleure qualit\u00e9 de vie.<\/p>\n<\/div><div class=\"empty-space empty-half\" ><span class=\"empty-space-inner\"><\/span><\/div>\n<\/div><\/div><\/div><\/div><\/div><script id=\"script-row-unique-3\" data-row=\"script-row-unique-3\" type=\"text\/javascript\" class=\"vc_controls\">UNCODE.initRow(document.getElementById(\"row-unique-3\"));<\/script><\/div><\/div><\/div><div data-parent=\"true\" class=\"vc_row has-bg need-focus style-color-wayh-bg row-container\" id=\"row-unique-4\"><div class=\"row single-top-padding single-bottom-padding single-h-padding limit-width row-parent\"><div class=\"wpb_row row-inner\"><div class=\"wpb_column pos-top pos-center align_center align_center_mobile column_parent col-lg-12 single-internal-gutter\"><div class=\"uncol style-spec style-dark\"  ><div class=\"uncoltable\"><div class=\"uncell\" ><div class=\"uncont no-block-padding col-custom-width\" style=\" max-width:900px;\" ><div class=\"vc_custom_heading_wrap\"><div class=\"heading-text el-text\" ><h3 class=\"fontsize-155944 font-weight-700\" ><span>Valeurs fondamentales<\/span><\/h3><\/div><div class=\"clear\"><\/div><\/div><div class=\"uncode_text_column text-lead\" ><p>La fonction de cette fondation est guid\u00e9e par un ensemble de valeurs fondamentales qui repr\u00e9sentent qui nous sommes et ce que nous visons dans toutes nos interactions \u00e0 la fois en interne et avec le public. Ils jouent un r\u00f4le essentiel dans la r\u00e9alisation de notre mission :<\/p>\n<\/div><\/div><\/div><\/div><\/div><\/div><script id=\"script-row-unique-4\" data-row=\"script-row-unique-4\" type=\"text\/javascript\" class=\"vc_controls\">UNCODE.initRow(document.getElementById(\"row-unique-4\"));<\/script><\/div><\/div><\/div><div data-parent=\"true\" class=\"vc_row has-bg need-focus style-color-wayh-bg row-container\" id=\"row-unique-5\"><div class=\"row no-top-padding single-bottom-padding single-h-padding limit-width row-parent\"><div class=\"wpb_row row-inner\"><div class=\"wpb_column pos-top pos-center align_left column_parent col-lg-3 single-internal-gutter\"><div class=\"uncol style-light\"  ><div class=\"uncoltable\"><div class=\"uncell no-block-padding\" ><div class=\"uncont\" ><\/div><\/div><\/div><\/div><\/div><div class=\"wpb_column pos-top pos-center align_left column_parent col-lg-4 single-internal-gutter\"><div class=\"uncol style-spec style-dark\"  ><div class=\"uncoltable\"><div class=\"uncell no-block-padding\" ><div class=\"uncont\" ><div class=\"uncode-wrapper uncode-list\" >\n<ul class=\"icons\">\n<li><i class=\"fa fa-check-circle text-accent-color\"><\/i>Engagement<\/li>\n<li><i class=\"fa fa-check-circle text-accent-color\"><\/i>La diversit\u00e9<\/li>\n<li><i class=\"fa fa-check-circle text-accent-color\"><\/i>\u00c9quit\u00e9<\/li>\n<\/ul>\n<\/div><\/div><\/div><\/div><\/div><\/div><div class=\"wpb_column pos-top pos-center align_left column_parent col-lg-4 single-internal-gutter\"><div class=\"uncol style-spec style-dark\"  ><div class=\"uncoltable\"><div class=\"uncell no-block-padding\" ><div class=\"uncont\" ><div class=\"uncode-wrapper uncode-list\" >\n<ul class=\"icons\">\n<li><i class=\"fa fa-check-circle text-accent-color\"><\/i>Transparence<\/li>\n<li><i class=\"fa fa-check-circle text-accent-color\"><\/i>Humilit\u00e9<\/li>\n<li><i class=\"fa fa-check-circle text-accent-color\"><\/i>Int\u00e9grit\u00e9<\/li>\n<\/ul>\n<\/div><\/div><\/div><\/div><\/div><\/div><script id=\"script-row-unique-5\" data-row=\"script-row-unique-5\" type=\"text\/javascript\" class=\"vc_controls\">UNCODE.initRow(document.getElementById(\"row-unique-5\"));<\/script><\/div><\/div><\/div><div data-parent=\"true\" class=\"vc_row row-container\" id=\"row-unique-6\"><div class=\"row limit-width row-parent\"><div class=\"wpb_row row-inner\"><div class=\"wpb_column pos-top pos-center align_center column_parent col-lg-12 single-internal-gutter\"><div class=\"uncol style-light\"  ><div class=\"uncoltable\"><div class=\"uncell no-block-padding\" ><div class=\"uncont\" ><div class=\"uncode-single-media  text-center\"><div class=\"single-wrapper\" style=\"max-width: 15%;\"><div class=\"tmb tmb-light  tmb-media-first tmb-media-last tmb-content-overlay tmb-no-bg\"><div class=\"t-inside\"><div class=\"t-entry-visual\"><div class=\"t-entry-visual-tc\"><div class=\"uncode-single-media-wrapper\"><img decoding=\"async\" class=\"wp-image-101942\" src=\"https:\/\/livelifetoinspire.org\/wp-content\/uploads\/2024\/05\/WhatsApp-Image-2024-05-14-at-4.57.11-PM.png\" width=\"524\" height=\"471\" alt=\"\" srcset=\"https:\/\/livelifetoinspire.org\/wp-content\/uploads\/2024\/05\/WhatsApp-Image-2024-05-14-at-4.57.11-PM.png 524w, https:\/\/livelifetoinspire.org\/wp-content\/uploads\/2024\/05\/WhatsApp-Image-2024-05-14-at-4.57.11-PM-13x12.png 13w, https:\/\/livelifetoinspire.org\/wp-content\/uploads\/2024\/05\/WhatsApp-Image-2024-05-14-at-4.57.11-PM-350x315.png 350w, https:\/\/livelifetoinspire.org\/wp-content\/uploads\/2024\/05\/WhatsApp-Image-2024-05-14-at-4.57.11-PM-60x54.png 60w, https:\/\/livelifetoinspire.org\/wp-content\/uploads\/2024\/05\/WhatsApp-Image-2024-05-14-at-4.57.11-PM-110x99.png 110w\" sizes=\"(max-width: 524px) 100vw, 524px\" \/><\/div>\n\t\t\t\t\t<\/div>\n\t\t\t\t<\/div><\/div><\/div><\/div><\/div><\/div><\/div><\/div><\/div><\/div><script id=\"script-row-unique-6\" data-row=\"script-row-unique-6\" type=\"text\/javascript\" class=\"vc_controls\">UNCODE.initRow(document.getElementById(\"row-unique-6\"));<\/script><\/div><\/div><\/div>\n<\/div>","protected":false},"excerpt":{"rendered":"Powerful Quotes &#8220;Do not withhold good from those to whom it is due, when it is in your power to [...]","protected":false},"author":1,"featured_media":0,"parent":0,"menu_order":0,"comment_status":"closed","ping_status":"closed","template":"","meta":{"give_campaign_id":0,"footnotes":""},"class_list":["post-100793","page","type-page","status-publish","hentry"],"campaignId":"","_links":{"self":[{"href":"https:\/\/livelifetoinspire.org\/fr\/wp-json\/wp\/v2\/pages\/100793","targetHints":{"allow":["GET"]}}],"collection":[{"href":"https:\/\/livelifetoinspire.org\/fr\/wp-json\/wp\/v2\/pages"}],"about":[{"href":"https:\/\/livelifetoinspire.org\/fr\/wp-json\/wp\/v2\/types\/page"}],"author":[{"embeddable":true,"href":"https:\/\/livelifetoinspire.org\/fr\/wp-json\/wp\/v2\/users\/1"}],"replies":[{"embeddable":true,"href":"https:\/\/livelifetoinspire.org\/fr\/wp-json\/wp\/v2\/comments?post=100793"}],"version-history":[{"count":5,"href":"https:\/\/livelifetoinspire.org\/fr\/wp-json\/wp\/v2\/pages\/100793\/revisions"}],"predecessor-version":[{"id":102506,"href":"https:\/\/livelifetoinspire.org\/fr\/wp-json\/wp\/v2\/pages\/100793\/revisions\/102506"}],"wp:attachment":[{"href":"https:\/\/livelifetoinspire.org\/fr\/wp-json\/wp\/v2\/media?parent=100793"}],"curies":[{"name":"wp","href":"https:\/\/api.w.org\/{rel}","templated":true}]}}