{"id":100810,"date":"2021-12-02T15:29:34","date_gmt":"2021-12-02T15:29:34","guid":{"rendered":"https:\/\/livelifetoinspire.org\/?page_id=100810"},"modified":"2021-12-29T00:53:02","modified_gmt":"2021-12-29T00:53:02","slug":"ambassadors","status":"publish","type":"page","link":"https:\/\/livelifetoinspire.org\/fr\/ambassadors\/","title":{"rendered":"Ambassadeurs"},"content":{"rendered":"<div class=\"wpb-content-wrapper\"><div data-parent=\"true\" class=\"vc_row row-container\" id=\"row-unique-0\"><div class=\"row limit-width row-parent\"><div class=\"wpb_row row-inner\"><div class=\"wpb_column pos-top pos-center align_left column_parent col-lg-12 single-internal-gutter\"><div class=\"uncol style-light\"  ><div class=\"uncoltable\"><div class=\"uncell no-block-padding\" ><div class=\"uncont\" ><div class=\"uncode_text_column\" ><div id=\"awsm-team-100814\" class=\"awsm-grid-wrapper\">\n\t\t\n\t\t\t<div class=\"awsm-grid list-style style-1 grid-2-col\">\n\t\t\t\t\t\t<div id=\"awsm-member-100814-100812\" class=\"awsm-grid-card awsm-team-item awsm-scale-anm awsm-all awsm-14\">\n\t\t\t\t   <figure>\n\t\t\t\t\t <img decoding=\"async\" width=\"431\" height=\"403\" src=\"https:\/\/livelifetoinspire.org\/wp-content\/uploads\/2021\/11\/IMG_8508.jpg\" class=\"attachment-awsm_team size-awsm_team wp-post-image\" alt=\"\" \/>\t\t\t\t\t\t <figcaption>\n\t\t\t\t\t\t\t<div class=\"awsm-personal-info\"><h3>Sony Lamarre Joseph<\/h3><span><\/span><\/div>\n\t\t\t\t\t\t\t<div class=\"awsm-contact-info\">\n\t\t\t\t\t\t\t\t<p>Personnel des relations publiques chez Compassion<br \/>\nInternational, journaliste, auteur best-seller,<br \/>\nConsultant, Personnalit\u00e9 de la radio<br \/>\nCo-Fondateur du CEFOPCOM (Ecole de Journalisme)<br \/>\nCo-directeur de Radio Light Station<\/p>\n\t\t\t\t\t\t\t<\/div>\n\t\t\t\t\t\t <\/figcaption>\n\t\t\t\t   <\/figure>\n\t\t\t\t<\/div>\n\t\t\t\t\t\t\t<div id=\"awsm-member-100814-100813\" class=\"awsm-grid-card awsm-team-item awsm-scale-anm awsm-all awsm-14\">\n\t\t\t\t   <figure>\n\t\t\t\t\t <img decoding=\"async\" width=\"810\" height=\"827\" src=\"https:\/\/livelifetoinspire.org\/wp-content\/uploads\/2021\/12\/natacha.jpeg\" class=\"attachment-awsm_team size-awsm_team wp-post-image\" alt=\"\" \/>\t\t\t\t\t\t <figcaption>\n\t\t\t\t\t\t\t<div class=\"awsm-personal-info\"><h3>Natacha Gu\u00e9-Joseph<\/h3><span><\/span><\/div>\n\t\t\t\t\t\t\t<div class=\"awsm-contact-info\">\n\t\t\t\t\t\t\t\t<p>Assistante sociale\/chef de projet<br \/>\nSp\u00e9cialiste des \u00e9tudes d\u00e9mographiques<br \/>\nProfesseur adjoint \u00e0 l&#039;Universit\u00e9 d&#039;\u00c9tat d&#039;Ha\u00efti<\/p>\n\t\t\t\t\t\t\t<\/div>\n\t\t\t\t\t\t <\/figcaption>\n\t\t\t\t   <\/figure>\n\t\t\t\t<\/div>\n\t\t\t\t\t\t\t<div id=\"awsm-member-100814-101303\" class=\"awsm-grid-card awsm-team-item awsm-scale-anm awsm-all awsm-14\">\n\t\t\t\t   <figure>\n\t\t\t\t\t <img decoding=\"async\" width=\"506\" height=\"492\" src=\"https:\/\/livelifetoinspire.org\/wp-content\/uploads\/2022\/12\/WhatsApp-Image-2023-01-26-at-9.21.19-PM.jpeg\" class=\"attachment-awsm_team size-awsm_team wp-post-image\" alt=\"\" \/>\t\t\t\t\t\t <figcaption>\n\t\t\t\t\t\t\t<div class=\"awsm-personal-info\"><h3>Guetchien Sterlin<\/h3><span><\/span><\/div>\n\t\t\t\t\t\t\t<div class=\"awsm-contact-info\">\n\t\t\t\t\t\t\t\t<p>Professeur de communication fran\u00e7aise<br \/>\nPr\u00e9sident de la Pastorale des Jeunes<br \/>\net \u00ab Club Dis Moi \u00bb en Ha\u00efti<\/p>\n\t\t\t\t\t\t\t<\/div>\n\t\t\t\t\t\t <\/figcaption>\n\t\t\t\t   <\/figure>\n\t\t\t\t<\/div>\n\t\t\t\t\t<\/div>\n\t\t<\/div>\n\n<\/div><\/div><\/div><\/div><\/div><\/div><script id=\"script-row-unique-0\" data-row=\"script-row-unique-0\" type=\"text\/javascript\" class=\"vc_controls\">UNCODE.initRow(document.getElementById(\"row-unique-0\"));<\/script><\/div><\/div><\/div>\n<\/div>","protected":false},"excerpt":{"rendered":"Professeur de Fran\u00e7ais en Communication Pr\u00e9sident de la Pastorale de la Jeunesse et du \u00ab Club Dis Moi \u00bb en Ha\u00efti","protected":false},"author":1,"featured_media":0,"parent":0,"menu_order":0,"comment_status":"closed","ping_status":"closed","template":"","meta":{"give_campaign_id":0,"footnotes":""},"class_list":["post-100810","page","type-page","status-publish","hentry"],"campaignId":"","_links":{"self":[{"href":"https:\/\/livelifetoinspire.org\/fr\/wp-json\/wp\/v2\/pages\/100810","targetHints":{"allow":["GET"]}}],"collection":[{"href":"https:\/\/livelifetoinspire.org\/fr\/wp-json\/wp\/v2\/pages"}],"about":[{"href":"https:\/\/livelifetoinspire.org\/fr\/wp-json\/wp\/v2\/types\/page"}],"author":[{"embeddable":true,"href":"https:\/\/livelifetoinspire.org\/fr\/wp-json\/wp\/v2\/users\/1"}],"replies":[{"embeddable":true,"href":"https:\/\/livelifetoinspire.org\/fr\/wp-json\/wp\/v2\/comments?post=100810"}],"version-history":[{"count":0,"href":"https:\/\/livelifetoinspire.org\/fr\/wp-json\/wp\/v2\/pages\/100810\/revisions"}],"wp:attachment":[{"href":"https:\/\/livelifetoinspire.org\/fr\/wp-json\/wp\/v2\/media?parent=100810"}],"curies":[{"name":"wp","href":"https:\/\/api.w.org\/{rel}","templated":true}]}}