{"id":100852,"date":"2021-12-08T21:19:28","date_gmt":"2021-12-08T21:19:28","guid":{"rendered":"https:\/\/livelifetoinspire.org\/?page_id=100852"},"modified":"2022-01-06T01:01:58","modified_gmt":"2022-01-06T01:01:58","slug":"the-board","status":"publish","type":"page","link":"https:\/\/livelifetoinspire.org\/fr\/the-board\/","title":{"rendered":"conseil ex\u00e9cutif"},"content":{"rendered":"<div class=\"wpb-content-wrapper\"><div data-parent=\"true\" class=\"vc_row row-container\" id=\"row-unique-0\"><div class=\"row limit-width row-parent\"><div class=\"wpb_row row-inner\"><div class=\"wpb_column pos-top pos-center align_left column_parent col-lg-12 single-internal-gutter\"><div class=\"uncol style-light\"  ><div class=\"uncoltable\"><div class=\"uncell no-block-padding\" ><div class=\"uncont\" ><div id=\"awsm-team-100849\" class=\"awsm-grid-wrapper\">\n\t\t\n\t\t\t<div class=\"awsm-grid list-style style-1 grid-2-col\">\n\t\t\t\t\t\t<div id=\"awsm-member-100849-100769\" class=\"awsm-grid-card awsm-team-item awsm-scale-anm awsm-all awsm-11\">\n\t\t\t\t   <figure>\n\t\t\t\t\t <img decoding=\"async\" width=\"828\" height=\"1081\" src=\"https:\/\/livelifetoinspire.org\/wp-content\/uploads\/2021\/11\/WhatsApp-Image-2025-09-27-at-23.46.15.jpeg\" class=\"attachment-awsm_team size-awsm_team wp-post-image\" alt=\"\" \/>\t\t\t\t\t\t <figcaption>\n\t\t\t\t\t\t\t<div class=\"awsm-personal-info\"><h3>Betty Merveil-Ceneus, DNP, APN-C, CLNC<\/h3><span>Pr\u00e9sident, Co-Fondateur<\/span><\/div>\n\t\t\t\t\t\t\t<div class=\"awsm-contact-info\">\n\t\t\t\t\t\t\t\t<p>Dr Betty Merveil-Ceneus, n\u00e9e et \u00e9lev\u00e9e en Ha\u00efti, est la fondatrice de la FONDATION CHRISTINE MERVEIL \u2013 NEVER BACK DOWN. Pour continuer l&#039;h\u00e9ritage de sa m\u00e8re, elle a d\u00e9cid\u00e9 de cr\u00e9er cette Fondation en collaboration avec son fr\u00e8re, de grands coll\u00e8gues et amis. L&#039;objectif principal est d&#039;inspirer les jeunes adultes en Am\u00e9rique et \u00e0 l&#039;\u00e9tranger, comme en Ha\u00efti et en Afrique, \u00e0 poursuivre leurs r\u00eaves et \u00e0 ne jamais reculer malgr\u00e9 les d\u00e9fis de la vie.<\/p>\n<p>La Dre Betty Merveil-Ceneus est une infirmi\u00e8re en pratique avanc\u00e9e d\u00e9vou\u00e9e qui s&#039;efforce de fournir des soins de la meilleure qualit\u00e9 \u00e0 ses patients et professeure \u00e0 Rutgers, \u00e0 l&#039;Universit\u00e9 d&#039;\u00c9tat du New Jersey et au Hudson County Community College. Elle a commenc\u00e9 sa carri\u00e8re d&#039;infirmi\u00e8re en tant qu&#039;infirmi\u00e8re auxiliaire et a gravi les \u00e9chelons du succ\u00e8s avec gr\u00e2ce avec autod\u00e9termination et motivation. Elle a obtenu un doctorat en pratique infirmi\u00e8re et une certification en consultation juridique en infirmi\u00e8re. Par la suite, elle a fond\u00e9 sa propre entreprise de conseil, connue sous le nom de Fidelity Legal Nurse Consulting, et a \u00e9galement men\u00e9 de multiples activit\u00e9s commerciales.<\/p>\n<p>Ayant grandi en Ha\u00efti, elle sait \u00e0 quel point il est difficile pour les jeunes de terminer leurs \u00e9tudes secondaires et il est encore plus difficile d&#039;obtenir un dipl\u00f4me coll\u00e9gial. Elle esp\u00e8re que cette Fondation aidera les jeunes \u00e0 comprendre l&#039;importance de la litt\u00e9ratie financi\u00e8re et de l&#039;entrepreneuriat. La r\u00e9alisation de leurs id\u00e9es innovantes peut devenir une source de revenus pour payer leurs frais de scolarit\u00e9. En tant qu&#039;ancienne secr\u00e9taire et vice-pr\u00e9sidente d&#039;une organisation \u00e0 but non lucratif, Women Leaders in Action of NJ, la Dre Merveil-Ceneus s&#039;est pleinement engag\u00e9e \u00e0 travailler en collaboration avec le conseil d&#039;administration pour r\u00e9aliser la vision de la Fondation Christine Merveil - Never Back Down. .<\/p>\n\t\t\t\t\t\t\t<\/div>\n\t\t\t\t\t\t <\/figcaption>\n\t\t\t\t   <\/figure>\n\t\t\t\t<\/div>\n\t\t\t\t\t\t\t<div id=\"awsm-member-100849-100782\" class=\"awsm-grid-card awsm-team-item awsm-scale-anm awsm-all awsm-11\">\n\t\t\t\t   <figure>\n\t\t\t\t\t <img decoding=\"async\" width=\"1080\" height=\"1200\" src=\"https:\/\/livelifetoinspire.org\/wp-content\/uploads\/2021\/11\/c1bbbd06-9e07-4b8b-aa70-d37fc3d8f8b6-1080x1200.jpg\" class=\"attachment-awsm_team size-awsm_team wp-post-image\" alt=\"\" \/>\t\t\t\t\t\t <figcaption>\n\t\t\t\t\t\t\t<div class=\"awsm-personal-info\"><h3>Nelson Aluya, MBBS, MD<\/h3><span>Charg\u00e9e de relations publiques, co-fondatrice<\/span><\/div>\n\t\t\t\t\t\t\t<div class=\"awsm-contact-info\">\n\t\t\t\t\t\t\t\t<p>Le Dr Aluya est un m\u00e9decin avec une formation de base \u00e9tendue et une expertise clinique dans plus de trois continents. Il est impliqu\u00e9 dans la gestion m\u00e9dicale des personnes de diverses origines raciales et ethniques au Nigeria, aux \u00c9tats-Unis d&#039;Am\u00e9rique et en Jama\u00efque, en particulier de la population indigente. Form\u00e9 \u00e0 la fois en p\u00e9diatrie et en m\u00e9decine interne, le Dr Aluya est actuellement professeur adjoint de m\u00e9decine \u00e0 la New Jersey Medical School, Rutgers University, Newark, New Jersey USA, et m\u00e9decin traitant \u00e0 l&#039;University Hospital, Newark New Jersey. Il est \u00e9galement le directeur m\u00e9dical du centre de r\u00e9adaptation subaigu du Sina\u00ef, qui est consid\u00e9r\u00e9 comme le plus grand centre de r\u00e9adaptation subaigu du comt\u00e9 d&#039;Essex, dans le New Jersey. Il a \u00e9t\u00e9 m\u00e9decin militaire sous Caduc\u00e9e au Center for Disease (CDC). Newark. NEW JERSEY. Centre de quarantaine mars 2015-mai 2016 o\u00f9 il a effectu\u00e9 un d\u00e9pistage tertiaire, une stratification du risque de contact et l&#039;\u00e9limination du virus Ebola hautement contagieux d&#039;individus qui s&#039;\u00e9taient rendus dans des zones \u00e0 risque Ebola d\u00e9sign\u00e9es.<\/p>\n<p>Il a dirig\u00e9 plusieurs missions m\u00e9dicales locales et internationales, offrant son expertise et son service d\u00e9sint\u00e9ress\u00e9 aux groupes socio-\u00e9conomiques d\u00e9favoris\u00e9s ainsi qu&#039;aux familles migrantes et d\u00e9plac\u00e9es \u00e9conomiquement et socialement. Il est membre de plusieurs associations professionnelles, dont l&#039;American Medical Association (AMA), l&#039;Association du Nigeria. M\u00e9decins en Am\u00e9rique (ANPA). Le Dr Aluya si\u00e8ge actuellement aux conseils d&#039;administration de plusieurs organisations \u00e0 but non lucratif, notamment en tant que vice-pr\u00e9sident d&#039;Impact Life International Florida, \u00c9tats-Unis. Il a \u00e9t\u00e9 conf\u00e9rencier invit\u00e9 \u00e0 de nombreux ateliers, conf\u00e9rences et s\u00e9minaires, y compris la convention du partenariat Ha\u00efti-Am\u00e9ricain. Il est r\u00e9cipiendaire de nombreux prix d&#039;examen par les pairs, nominations et mentions \u00e9logieuses tant au niveau local qu&#039;international.<\/p>\n<p>Le Dr Aluya continue de consacrer tous ses efforts \u00e0 l&#039;enseignement et \u00e0 la recherche pour am\u00e9liorer la prestation des soins de sant\u00e9, en particulier dans le domaine du diab\u00e8te sucr\u00e9 pour toute l&#039;humanit\u00e9 et en particulier les personnes d&#039;ascendance africaine en construisant le cadre pour reconna\u00eetre les obstacles aux soins, en cr\u00e9ant une conscience sociale et politique au fardeau \u00e9motionnel, \u00e9conomique et social d\u00e9bilitant de la maladie ainsi qu&#039;au r\u00f4le souvent mal reconnu de la migration et de la traite des \u00eatres humains pour la sant\u00e9.<\/p>\n\t\t\t\t\t\t\t<\/div>\n\t\t\t\t\t\t <\/figcaption>\n\t\t\t\t   <\/figure>\n\t\t\t\t<\/div>\n\t\t\t\t\t\t\t<div id=\"awsm-member-100849-100784\" class=\"awsm-grid-card awsm-team-item awsm-scale-anm awsm-all awsm-11\">\n\t\t\t\t   <figure>\n\t\t\t\t\t <img decoding=\"async\" width=\"485\" height=\"618\" src=\"https:\/\/livelifetoinspire.org\/wp-content\/uploads\/2021\/11\/IMG_3398.jpg\" class=\"attachment-awsm_team size-awsm_team wp-post-image\" alt=\"\" \/>\t\t\t\t\t\t <figcaption>\n\t\t\t\t\t\t\t<div class=\"awsm-personal-info\"><h3>Rosette Merveil<\/h3><span>Tr\u00e9sorier, Co-Fondateur<\/span><\/div>\n\t\t\t\t\t\t\t<div class=\"awsm-contact-info\">\n\t\t\t\t\t\t\t\t<p>Rosette Merveil, la belle-fille de la Matriarche, poss\u00e8de un ensemble de comp\u00e9tences jug\u00e9es pr\u00e9cieuses pour l&#039;avancement de cette organisation \u00e0 but non lucratif. N\u00e9e et \u00e9lev\u00e9e en Ha\u00efti, Rosette a appris \u00e0 bien se d\u00e9brouiller entre les projets, \u00e0 lancer des projets d&#039;entrepreneuriat pour payer ses frais de scolarit\u00e9 au secondaire. Maintenant, Rosette est bien connue dans sa communaut\u00e9 pour sa coiffure et ses entreprises commerciales. Elle est dans ce m\u00e9tier depuis plus de 25 ans au cours desquels elle a ouvert son propre studio de coiffure, RMK Beauty Salon. Son fort d\u00e9sir d&#039;aider les gens en cas de besoin l&#039;a amen\u00e9e \u00e0 obtenir un certificat d&#039;aide-infirmi\u00e8re et d&#039;infirmi\u00e8re auxiliaire autoris\u00e9e.<\/p>\n<p>Rosette est une m\u00e8re d\u00e9vou\u00e9e de 5 enfants qui fait de son mieux pour inculquer la confiance, la discipline, l&#039;espoir et l&#039;amour pour l&#039;\u00e9ducation et l&#039;entrepreneuriat \u00e0 ses enfants. Avec cette m\u00eame passion, elle entend remplir au mieux son r\u00f4le de tr\u00e9sori\u00e8re et contribuer \u00e0 la r\u00e9alisation de la mission de cette Fondation.<\/p>\n\t\t\t\t\t\t\t<\/div>\n\t\t\t\t\t\t <\/figcaption>\n\t\t\t\t   <\/figure>\n\t\t\t\t<\/div>\n\t\t\t\t\t\t\t<div id=\"awsm-member-100849-100786\" class=\"awsm-grid-card awsm-team-item awsm-scale-anm awsm-all awsm-11\">\n\t\t\t\t   <figure>\n\t\t\t\t\t <img decoding=\"async\" width=\"800\" height=\"800\" src=\"https:\/\/livelifetoinspire.org\/wp-content\/uploads\/2021\/11\/IMG_8239-800x800.jpg\" class=\"attachment-awsm_team size-awsm_team wp-post-image\" alt=\"\" \/>\t\t\t\t\t\t <figcaption>\n\t\t\t\t\t\t\t<div class=\"awsm-personal-info\"><h3>Rosmery Montesino, CRA<\/h3><span>Secr\u00e9taire, co-fondateur<\/span><\/div>\n\t\t\t\t\t\t\t<div class=\"awsm-contact-info\">\n\t\t\t\t\t\t\t\t<p>Rosmery Montesino est n\u00e9e et a grandi au Honduras, en Am\u00e9rique centrale. \u00c0 l&#039;\u00e2ge de 15 ans, elle a \u00e9migr\u00e9 aux \u00c9tats-Unis o\u00f9 elle a obtenu son dipl\u00f4me de Clifton Senior High School. Elle a d\u00e9but\u00e9 sa carri\u00e8re dans le domaine de la sant\u00e9 en tant que repr\u00e9sentante des comptes patients au centre m\u00e9dical Newark Beth Israel en 1990. Elle travaille actuellement au centre m\u00e9dical Overlook o\u00f9 elle occupe depuis janvier 2009 en tant que coordinatrice de bases de donn\u00e9es. Elle participe \u00e9galement aux activit\u00e9s quotidiennes du personnel et assure la liaison avec le d\u00e9partement de recherche cardiaque. En raison de son travail acharn\u00e9, de son d\u00e9vouement et de sa flexibilit\u00e9, son r\u00f4le actuel est devenu celui d&#039;associ\u00e9e de recherche clinique o\u00f9 elle s&#039;engage dans le d\u00e9marrage de nouveaux essais cliniques et leurs travaux r\u00e9glementaires respectifs en conformit\u00e9 avec l&#039;Institutional Review Board.<\/p>\n<p>Rosmery poss\u00e8de une vaste exp\u00e9rience dans la facturation et le codage m\u00e9dicaux et continue de poursuivre des \u00e9tudes en technologie de l&#039;information sur la sant\u00e9. Elle esp\u00e8re obtenir son RHIT et travailler comme sp\u00e9cialiste du codage. Rosmery \u00e9tait membre du conseil d&#039;administration de Women Leaders in Action, o\u00f9 elle a occup\u00e9 le poste de responsable des relations publiques ainsi que de coordonnatrice adjointe des \u00e9v\u00e9nements et des projets. Dans ce r\u00f4le, Rosmery a utilis\u00e9 sa grande capacit\u00e9 \u00e0 faire conna\u00eetre la vision de WLA \u00e0 la communaut\u00e9, notamment aux dirigeants d&#039;entreprise, aux entreprises locales et \u00e0 d&#039;autres organisations \u00e0 but non lucratif. Rosmery est la fi\u00e8re parent de cinq beaux enfants.<\/p>\n\t\t\t\t\t\t\t<\/div>\n\t\t\t\t\t\t <\/figcaption>\n\t\t\t\t   <\/figure>\n\t\t\t\t<\/div>\n\t\t\t\t\t<\/div>\n\t\t<\/div>\n<\/div><\/div><\/div><\/div><\/div><script id=\"script-row-unique-0\" data-row=\"script-row-unique-0\" type=\"text\/javascript\" class=\"vc_controls\">UNCODE.initRow(document.getElementById(\"row-unique-0\"));<\/script><\/div><\/div><\/div>\n<\/div>","protected":false},"excerpt":{"rendered":"Rosmery Montesino was born and raised in Honduras, Central America. At the age of 15 she migrated to the United [...]","protected":false},"author":1,"featured_media":0,"parent":0,"menu_order":0,"comment_status":"closed","ping_status":"closed","template":"","meta":{"give_campaign_id":0,"footnotes":""},"class_list":["post-100852","page","type-page","status-publish","hentry"],"campaignId":"","_links":{"self":[{"href":"https:\/\/livelifetoinspire.org\/fr\/wp-json\/wp\/v2\/pages\/100852","targetHints":{"allow":["GET"]}}],"collection":[{"href":"https:\/\/livelifetoinspire.org\/fr\/wp-json\/wp\/v2\/pages"}],"about":[{"href":"https:\/\/livelifetoinspire.org\/fr\/wp-json\/wp\/v2\/types\/page"}],"author":[{"embeddable":true,"href":"https:\/\/livelifetoinspire.org\/fr\/wp-json\/wp\/v2\/users\/1"}],"replies":[{"embeddable":true,"href":"https:\/\/livelifetoinspire.org\/fr\/wp-json\/wp\/v2\/comments?post=100852"}],"version-history":[{"count":0,"href":"https:\/\/livelifetoinspire.org\/fr\/wp-json\/wp\/v2\/pages\/100852\/revisions"}],"wp:attachment":[{"href":"https:\/\/livelifetoinspire.org\/fr\/wp-json\/wp\/v2\/media?parent=100852"}],"curies":[{"name":"wp","href":"https:\/\/api.w.org\/{rel}","templated":true}]}}