{"id":100854,"date":"2021-12-08T21:20:15","date_gmt":"2021-12-08T21:20:15","guid":{"rendered":"https:\/\/livelifetoinspire.org\/?page_id=100854"},"modified":"2021-12-29T00:54:48","modified_gmt":"2021-12-29T00:54:48","slug":"advisory-council","status":"publish","type":"page","link":"https:\/\/livelifetoinspire.org\/fr\/advisory-council\/","title":{"rendered":"Conseil consultatif"},"content":{"rendered":"<div class=\"wpb-content-wrapper\"><div data-parent=\"true\" class=\"vc_row row-container\" id=\"row-unique-0\"><div class=\"row limit-width row-parent\"><div class=\"wpb_row row-inner\"><div class=\"wpb_column pos-top pos-center align_left column_parent col-lg-12 single-internal-gutter\"><div class=\"uncol style-light\"  ><div class=\"uncoltable\"><div class=\"uncell no-block-padding\" ><div class=\"uncont\" ><div id=\"awsm-team-100768\" class=\"awsm-grid-wrapper\">\n\t\t\n\t\t\t<div class=\"awsm-grid list-style style-1 grid-3-col\">\n\t\t\t\t\t\t<div id=\"awsm-member-100768-100787\" class=\"awsm-grid-card awsm-team-item awsm-scale-anm awsm-all awsm-12\">\n\t\t\t\t   <figure>\n\t\t\t\t\t <img decoding=\"async\" width=\"266\" height=\"266\" src=\"https:\/\/livelifetoinspire.org\/wp-content\/uploads\/2021\/11\/WhatsApp-Image-2021-12-24-at-03.17.16-e1640454525323.jpeg\" class=\"attachment-awsm_team size-awsm_team wp-post-image\" alt=\"\" \/>\t\t\t\t\t\t <figcaption>\n\t\t\t\t\t\t\t<div class=\"awsm-personal-info\"><h3>Wikenson Merveil<\/h3><span>Entrepreneur, Co-fondateur<\/span><\/div>\n\t\t\t\t\t\t\t<div class=\"awsm-contact-info\">\n\t\t\t\t\t\t\t\t<p>Wikenson Merveil, le deuxi\u00e8me enfant de la Matriarche, se consacre \u00e0 consacrer son temps au d\u00e9veloppement scolaire et personnel des jeunes. Il a obtenu un dipl\u00f4me en administration et gestion des affaires en juin 2005 et un certificat en r\u00e9paration d&#039;ordinateurs et r\u00e9seautage. Wikenson est un investisseur avis\u00e9 et un entrepreneur en immobilier. Il a h\u00e2te de partager ses connaissances en entrepreneuriat avec le conseil d&#039;administration ainsi qu&#039;aux candidats dont les projets seront parrain\u00e9s par cette Fondation.<\/p>\n<p>Wikenson est un p\u00e8re d\u00e9vou\u00e9 qui aime passer du temps de qualit\u00e9 avec sa famille. Lui et son \u00e9pouse, Rosette Merveil, ont adopt\u00e9 3 enfants et ont deux enfants biologiques. Dans ses temps libres, il aime voyager avec sa famille, prendre plaisir \u00e0 lire et contribuer au d\u00e9veloppement de sa communaut\u00e9.<\/p>\n\t\t\t\t\t\t\t<\/div>\n\t\t\t\t\t\t <\/figcaption>\n\t\t\t\t   <\/figure>\n\t\t\t\t<\/div>\n\t\t\t\t\t\t\t<div id=\"awsm-member-100768-100788\" class=\"awsm-grid-card awsm-team-item awsm-scale-anm awsm-all awsm-12\">\n\t\t\t\t   <figure>\n\t\t\t\t\t <img decoding=\"async\" width=\"141\" height=\"141\" src=\"https:\/\/livelifetoinspire.org\/wp-content\/uploads\/2021\/11\/2-e1639648968607.jpg\" class=\"attachment-awsm_team size-awsm_team wp-post-image\" alt=\"\" \/>\t\t\t\t\t\t <figcaption>\n\t\t\t\t\t\t\t<div class=\"awsm-personal-info\"><h3>Cyntia Matheke<\/h3><span>Avocat<\/span><\/div>\n\t\t\t\t\t\t\t<div class=\"awsm-contact-info\">\n\t\t\t\t\t\t\t\t<p>CYNTHIA A. MATHEKE a appris ses comp\u00e9tences en mati\u00e8re de proc\u00e8s dans l&#039;\u00c9tat du New Jersey et dans les bureaux du D\u00e9fenseur public f\u00e9d\u00e9ral de 1974 \u00e0 1978. En tant qu&#039;associ\u00e9e de Budd, Larner, Gross, Rosenbaum, Greenberg &amp; Sade (1978-1994) et maintenant Of Counsel avec le Lum cabinet, elle concentre sa pratique sur la poursuite des actions pour faute professionnelle m\u00e9dicale et a jug\u00e9 plus de 100 actions pour faute professionnelle m\u00e9dicale jusqu&#039;au verdict. Elle a \u00e9galement d\u00e9fendu des m\u00e9decins et des fabricants de produits m\u00e9dicaux pour l&#039;\u00c9tat du New Jersey, CNA, PPM, OUM. Elle a comparu en tant qu&#039;avocat de la d\u00e9fense dans des affaires tenues dans le New Jersey impliquant des m\u00e9decins affili\u00e9s au New York University Hospital and Medical Center \u00e0 New York, New York. <\/p>\n<p>Elle a enseign\u00e9 la pratique du proc\u00e8s \u00e0 la Rutgers University School of Law de 1989 \u00e0 2009. En 2000, elle a re\u00e7u le Civil Trial Achievement Award de l&#039;Association du Barreau du comt\u00e9 d&#039;Essex et est avocate agr\u00e9\u00e9e en premi\u00e8re instance. De 2003 \u00e0 ce jour, elle a \u00e9t\u00e9 incluse dans les 50 meilleures avocates du New Jersey par le New Jersey Magazine, qui l&#039;a \u00e9galement reconnue comme une \u00ab\u00a0super avocate\u00a0\u00bb au cours de ces m\u00eames ann\u00e9es. De 2005 \u00e0 ce jour, elle a \u00e9t\u00e9 nomm\u00e9e l&#039;une des meilleures plaideuses en mati\u00e8re de blessures corporelles par le New York Magazine.<\/p>\n\t\t\t\t\t\t\t<\/div>\n\t\t\t\t\t\t <\/figcaption>\n\t\t\t\t   <\/figure>\n\t\t\t\t<\/div>\n\t\t\t\t\t\t\t<div id=\"awsm-member-100768-100789\" class=\"awsm-grid-card awsm-team-item awsm-scale-anm awsm-all awsm-12\">\n\t\t\t\t   <figure>\n\t\t\t\t\t <img decoding=\"async\" width=\"221\" height=\"221\" src=\"https:\/\/livelifetoinspire.org\/wp-content\/uploads\/2021\/11\/1-e1639648851626.jpg\" class=\"attachment-awsm_team size-awsm_team wp-post-image\" alt=\"\" \/>\t\t\t\t\t\t <figcaption>\n\t\t\t\t\t\t\t<div class=\"awsm-personal-info\"><h3>Kweku Yeboah<\/h3><span>Expert-comptable<\/span><\/div>\n\t\t\t\t\t\t\t<div class=\"awsm-contact-info\">\n\t\t\t\t\t\t\t\t<p>Kweku Yeboah est un expert-comptable agr\u00e9\u00e9 en exercice, qui se consacre \u00e0 fournir un large \u00e9ventail de services fiscaux et de coaching financier personnel aux familles de la r\u00e9gion des trois \u00c9tats. En tant que professionnel de la comptabilit\u00e9 soucieux des d\u00e9tails, Kweku a \u00e9galement travaill\u00e9, principalement, dans des r\u00f4les de comptabilit\u00e9 d&#039;entreprise au cours des 20 derni\u00e8res ann\u00e9es, tout en travaillant \u00e9galement avec des familles sur leurs finances. Il est actuellement directeur principal de la comptabilit\u00e9 et des finances pour Time Inc.<\/p>\n<p>Avant Time Inc., Kweku \u00e9tait contr\u00f4leur chez CBRE. Il est expert-comptable en management mondial agr\u00e9\u00e9, membre de l&#039;American Institute of Certified Public Accountants et d\u00e9tient \u00e9galement le titre d&#039;administrateur de biens immobiliers (RPA) du Building Owners and Managers Institute (BOMI).<\/p>\n<p>Kweku vit ici m\u00eame dans le New Jersey avec sa femme Penny et ses trois merveilleux enfants. Il adore le golf et passer du temps en famille.<\/p>\n\t\t\t\t\t\t\t<\/div>\n\t\t\t\t\t\t <\/figcaption>\n\t\t\t\t   <\/figure>\n\t\t\t\t<\/div>\n\t\t\t\t\t\t\t<div id=\"awsm-member-100768-100790\" class=\"awsm-grid-card awsm-team-item awsm-scale-anm awsm-all awsm-12\">\n\t\t\t\t   <figure>\n\t\t\t\t\t <img decoding=\"async\" width=\"1080\" height=\"1200\" src=\"https:\/\/livelifetoinspire.org\/wp-content\/uploads\/2021\/11\/WhatsApp-Image-2021-12-02-at-15.44.28-e1638998809237-1080x1200.jpeg\" class=\"attachment-awsm_team size-awsm_team wp-post-image\" alt=\"\" \/>\t\t\t\t\t\t <figcaption>\n\t\t\t\t\t\t\t<div class=\"awsm-personal-info\"><h3>Henry Nii-Laryea Mensah<\/h3><span>Entrepreneur<\/span><\/div>\n\t\t\t\t\t\t\t<div class=\"awsm-contact-info\">\n\t\t\t\t\t\t\t\t<p>M. Mensah est un entrepreneur avec plus de 14 ans d&#039;exp\u00e9rience r\u00e9ussie dans le d\u00e9veloppement et la gestion d&#039;entreprises multisectorielles. Il est propri\u00e9taire de HLM Staffing Solutions, une soci\u00e9t\u00e9 de recrutement strat\u00e9gique sp\u00e9cialis\u00e9e dans les soins de sant\u00e9, les technologies de l&#039;information et les sciences de la vie ; JFR Am\u00e9rique du Nord \u2013 un outil de construction et de location et vente d&#039;\u00e9quipement ainsi que des services d&#039;am\u00e9nagement paysager et de d\u00e9neigement\u00a0; US Pharmacovigilance Alliance Group - un sous-traitant des services de gestion des cas de pharmacovigilance et de s\u00e9curit\u00e9 des m\u00e9dicaments \u00e0 l&#039;industrie pharmaceutique. Enfin, M. Mensah et ses fils exploitent Mikhenzo, une marque qu&#039;il a cr\u00e9\u00e9e pour ses fils (Miakeal, Henry &amp; Enzo \u2013 dans Mikhenzo.com).<\/p>\n<p>N\u00e9 \u00e0 Tema, au Ghana, de feu Adokailey et Nii-Mensah du clan de la famille royale Nungua connu sous le nom d&#039;Adjin We. Il est mari\u00e9 \u00e0 Jemima et ensemble la famille fait de Gloucester City leur maison. En tant que r\u00e9sident de cette municipalit\u00e9 du comt\u00e9 de Camden, M. Mensah est une personne communautaire qui cherche \u00e0 ajouter de la valeur \u00e0 sa communaut\u00e9 autant qu&#039;il le fait \u00e0 sa famille. Ce faisant, il a cr\u00e9\u00e9 la convention professionnelle B2B de South Jersey.<\/p>\n<p>M. Mensah a obtenu son baccalaur\u00e9at \u00e8s sciences en informatique de la Tennessee State University \u00e0 Nashville, TN. Au milieu de son d\u00e9veloppement commercial copieux, M. Mensah a \u00e9t\u00e9 consultant en pharmacovigilance informatique aupr\u00e8s de plusieurs soci\u00e9t\u00e9s pharmaceutiques \u00e0 travers les \u00c9tats-Unis. Il est l&#039;auteur du Ghana Real Estate Handbook for Realtors, qui peut \u00eatre trouv\u00e9 sur ghrealestatehandbook.com.<\/p>\n\t\t\t\t\t\t\t<\/div>\n\t\t\t\t\t\t <\/figcaption>\n\t\t\t\t   <\/figure>\n\t\t\t\t<\/div>\n\t\t\t\t\t\t\t<div id=\"awsm-member-100768-102552\" class=\"awsm-grid-card awsm-team-item awsm-scale-anm awsm-all awsm-12\">\n\t\t\t\t   <figure>\n\t\t\t\t\t <img decoding=\"async\" width=\"329\" height=\"374\" src=\"https:\/\/livelifetoinspire.org\/wp-content\/uploads\/2025\/12\/Jonathan-e1770285482797.jpg\" class=\"attachment-awsm_team size-awsm_team wp-post-image\" alt=\"\" \/>\t\t\t\t\t\t <figcaption>\n\t\t\t\t\t\t\t<div class=\"awsm-personal-info\"><h3>Jonathan Vincent, MSEd, MPA<\/h3><span>Enseignant - R\u00e9dacteur de demandes de subventions - Gestion d&#039;organismes \u00e0 but non lucratif <\/span><\/div>\n\t\t\t\t\t\t\t<div class=\"awsm-contact-info\">\n\t\t\t\t\t\t\t\t<p>Fort d&#039;une exp\u00e9rience de plus de 15 ans dans l&#039;\u00e9ducation urbaine et l&#039;action communautaire, Jonathan Vincent apporte une approche profond\u00e9ment \u00e9clair\u00e9e et humaine \u00e0 la r\u00e9daction de demandes de subventions et au d\u00e9veloppement d&#039;organismes \u00e0 but non lucratif. Titulaire de deux ma\u00eetrises \u2013 l&#039;une en \u00e9ducation primaire et alphab\u00e9tisation, l&#039;autre en gestion d&#039;organismes \u00e0 but non lucratif \u2013 il allie expertise technique et engagement de longue date en faveur de l&#039;\u00e9quit\u00e9, de la pr\u00e9servation culturelle et de la stabilisation des quartiers.<\/p>\n<p>Ancien \u00e9ducateur et militant urbain, Jonathan est passionn\u00e9 par la r\u00e9novation urbaine ancr\u00e9e dans la diversit\u00e9 culturelle et l&#039;expression des communaut\u00e9s. Petit-fils d&#039;immigrants originaires des A\u00e7ores et de Vieste (Foggia, Italie), son travail est impr\u00e9gn\u00e9 d&#039;une compr\u00e9hension multig\u00e9n\u00e9rationnelle des migrations, de la r\u00e9silience et du sentiment d&#039;appartenance. Polyglotte (portugais et yiddish), il apporte une perspective globale et historique \u00e0 la narration, \u00e0 la recherche et aux strat\u00e9gies de financement ax\u00e9es sur l&#039;impact.<\/p>\n<p>Jonathan partage sa maison \u00e0 Providence avec quatre chats recueillis, quatre oiseaux et une chichuaha un peu folle nomm\u00e9e Lilly\u00a0! Il est le fier papa d\u2019un \u00e9l\u00e8ve de quatri\u00e8me\u00a0!<\/p>\n\t\t\t\t\t\t\t<\/div>\n\t\t\t\t\t\t <\/figcaption>\n\t\t\t\t   <\/figure>\n\t\t\t\t<\/div>\n\t\t\t\t\t<\/div>\n\t\t<\/div>\n<\/div><\/div><\/div><\/div><\/div><script id=\"script-row-unique-0\" data-row=\"script-row-unique-0\" type=\"text\/javascript\" class=\"vc_controls\">UNCODE.initRow(document.getElementById(\"row-unique-0\"));<\/script><\/div><\/div><\/div>\n<\/div>","protected":false},"excerpt":{"rendered":"With over 15 years of experience in urban education and community advocacy, Jonathan Vincent brings a deeply informed, human-centered approach [...]","protected":false},"author":1,"featured_media":0,"parent":0,"menu_order":0,"comment_status":"closed","ping_status":"closed","template":"","meta":{"give_campaign_id":0,"footnotes":""},"class_list":["post-100854","page","type-page","status-publish","hentry"],"campaignId":"","_links":{"self":[{"href":"https:\/\/livelifetoinspire.org\/fr\/wp-json\/wp\/v2\/pages\/100854","targetHints":{"allow":["GET"]}}],"collection":[{"href":"https:\/\/livelifetoinspire.org\/fr\/wp-json\/wp\/v2\/pages"}],"about":[{"href":"https:\/\/livelifetoinspire.org\/fr\/wp-json\/wp\/v2\/types\/page"}],"author":[{"embeddable":true,"href":"https:\/\/livelifetoinspire.org\/fr\/wp-json\/wp\/v2\/users\/1"}],"replies":[{"embeddable":true,"href":"https:\/\/livelifetoinspire.org\/fr\/wp-json\/wp\/v2\/comments?post=100854"}],"version-history":[{"count":0,"href":"https:\/\/livelifetoinspire.org\/fr\/wp-json\/wp\/v2\/pages\/100854\/revisions"}],"wp:attachment":[{"href":"https:\/\/livelifetoinspire.org\/fr\/wp-json\/wp\/v2\/media?parent=100854"}],"curies":[{"name":"wp","href":"https:\/\/api.w.org\/{rel}","templated":true}]}}