{"id":100866,"date":"2021-12-08T22:07:45","date_gmt":"2021-12-08T22:07:45","guid":{"rendered":"https:\/\/livelifetoinspire.org\/?page_id=100866"},"modified":"2024-12-31T13:27:26","modified_gmt":"2024-12-31T13:27:26","slug":"partners","status":"publish","type":"page","link":"https:\/\/livelifetoinspire.org\/fr\/partners\/","title":{"rendered":"Les partenaires"},"content":{"rendered":"<div class=\"wpb-content-wrapper\"><div data-parent=\"true\" class=\"vc_row row-container\" id=\"row-unique-0\"><div class=\"row single-top-padding single-bottom-padding single-h-padding limit-width row-parent\"><div class=\"wpb_row row-inner\"><div class=\"wpb_column pos-middle pos-center align_left column_parent col-lg-12 double-internal-gutter\"><div class=\"uncol style-light\"  ><div class=\"uncoltable\"><div class=\"uncell no-block-padding\" ><div class=\"uncont\" ><div class=\"vc_row row-internal row-container\"><div class=\"row col-double-gutter row-child\"><div class=\"wpb_row row-inner\"><div class=\"wpb_column pos-top pos-center align_left column_child col-lg-4 one-internal-gutter\"><div class=\"uncol style-light\" ><div class=\"uncoltable\"><div class=\"uncell no-block-padding\" ><div class=\"uncont\" ><div class=\"empty-space empty-quart\" ><span class=\"empty-space-inner\"><\/span><\/div>\n<div class=\"vc_custom_heading_wrap\"><div class=\"heading-text el-text\" ><\/div><div class=\"clear\"><\/div><\/div><\/div><\/div><\/div><\/div><\/div><div class=\"wpb_column pos-top pos-center align_left column_child col-lg-8 half-internal-gutter\"><div class=\"uncol style-light\" ><div class=\"uncoltable\"><div class=\"uncell no-block-padding\" ><div class=\"uncont\" ><div class=\"vc_custom_heading_wrap\"><div class=\"heading-text el-text\" ><h3 class=\"fontsize-155944\" ><span>Nos partenaires<\/span><\/h3><\/div><div class=\"clear\"><\/div><\/div><div class=\"uncode_text_column\" ><p>Nous cherchons \u00e0 \u00e9tablir des partenariats avec des entreprises et des ONG ayant une mission en ligne avec la n\u00f4tre.<\/p>\n<p>Cliquez sur le bouton ci-dessous pour envoyer une demande et pour t\u00e9l\u00e9charger tous les documents que vous pourriez <strong><a href=\"https:\/\/livelifetoinspire.org\/fr\/upload-documents\/\">CLIQUEZ ICI<\/a><\/strong><\/p>\n<\/div><div class=\"empty-space empty-quart\" ><span class=\"empty-space-inner\"><\/span><\/div>\n<span class=\"btn-container btn-inline\" ><a role=\"button\"  href=\"https:\/\/forms.office.com\/r\/NMfcpGaRRK\" class=\"custom-link btn btn-sm border-width-0 btn-color-113142 btn-outline btn-icon-left\" target=\"_blank\">ANGLAIS<\/a><\/span><span class=\"btn-container btn-inline\" ><a role=\"button\"  href=\"https:\/\/forms.office.com\/r\/Tw9ecgXxLe\" class=\"custom-link btn btn-sm border-width-0 btn-color-113142 btn-icon-left\" target=\"_blank\">FRAN\u00c7AIS<\/a><\/span><span class=\"btn-container btn-inline\" ><a role=\"button\"  href=\"https:\/\/forms.office.com\/r\/9ghzvBiDMN\" class=\"custom-link btn btn-sm border-width-0 btn-color-113142 btn-outline btn-icon-left\" target=\"_blank\">ESPAGNOL<\/a><\/span><\/div><\/div><\/div><\/div><\/div><\/div><\/div><\/div><div class=\"vc_row row-internal row-container\"><div class=\"row row-child\"><div class=\"wpb_row row-inner\"><div class=\"wpb_column pos-top pos-center align_left column_child col-lg-6 single-internal-gutter\"><div class=\"uncol style-light\" ><div class=\"uncoltable\"><div class=\"uncell no-block-padding\" ><div class=\"uncont\" ><div class=\"uncode-single-media  text-center\"><div class=\"single-wrapper\" style=\"max-width: 40%;\"><a class=\"single-media-link\" href=\"http:\/\/globalgiving.org\/\" target=\"_blank\"><div class=\"tmb tmb-light  tmb-media-first tmb-media-last tmb-content-overlay tmb-no-bg\"><div class=\"t-inside\"><div class=\"t-entry-visual\"><div class=\"t-entry-visual-tc\"><div class=\"uncode-single-media-wrapper\"><img decoding=\"async\" class=\"wp-image-102234\" src=\"https:\/\/livelifetoinspire.org\/wp-content\/uploads\/2024\/12\/WhatsApp-Image-2024-12-25-at-22.17.45.jpeg\" width=\"686\" height=\"170\" alt=\"\" srcset=\"https:\/\/livelifetoinspire.org\/wp-content\/uploads\/2024\/12\/WhatsApp-Image-2024-12-25-at-22.17.45.jpeg 686w, https:\/\/livelifetoinspire.org\/wp-content\/uploads\/2024\/12\/WhatsApp-Image-2024-12-25-at-22.17.45-600x149.jpeg 600w, https:\/\/livelifetoinspire.org\/wp-content\/uploads\/2024\/12\/WhatsApp-Image-2024-12-25-at-22.17.45-18x4.jpeg 18w, https:\/\/livelifetoinspire.org\/wp-content\/uploads\/2024\/12\/WhatsApp-Image-2024-12-25-at-22.17.45-350x87.jpeg 350w, https:\/\/livelifetoinspire.org\/wp-content\/uploads\/2024\/12\/WhatsApp-Image-2024-12-25-at-22.17.45-60x15.jpeg 60w, https:\/\/livelifetoinspire.org\/wp-content\/uploads\/2024\/12\/WhatsApp-Image-2024-12-25-at-22.17.45-110x27.jpeg 110w\" sizes=\"(max-width: 686px) 100vw, 686px\" \/><\/div>\n\t\t\t\t\t<\/div>\n\t\t\t\t<\/div><\/div><\/div><\/a><\/div><\/div><\/div><\/div><\/div><\/div><\/div><div class=\"wpb_column pos-top pos-center align_left column_child col-lg-6 single-internal-gutter\"><div class=\"uncol style-light\" ><div class=\"uncoltable\"><div class=\"uncell no-block-padding\" ><div class=\"uncont\" ><div class=\"uncode_text_column\" ><p><strong>Centre financier communautaire de Burlington<\/strong><br \/>\nNous sommes heureux de nous associer au Burlington Community Financial Center pour proposer divers ateliers \u00e9ducatifs ax\u00e9s sur les finances personnelles, les imp\u00f4ts, la gestion de la dette et l&#039;entrepreneuriat \u00e0 notre communaut\u00e9.<\/p>\n<\/div><\/div><\/div><\/div><\/div><\/div><\/div><\/div><\/div><div class=\"vc_row row-internal row-container\"><div class=\"row row-child\"><div class=\"wpb_row row-inner\"><div class=\"wpb_column pos-top pos-center align_left column_child col-lg-6 single-internal-gutter\"><div class=\"uncol style-light\" ><div class=\"uncoltable\"><div class=\"uncell no-block-padding\" ><div class=\"uncont\" ><div class=\"uncode-single-media  text-center\"><div class=\"single-wrapper\" style=\"max-width: 40%;\"><a class=\"single-media-link\" href=\"http:\/\/globalgiving.org\/\" target=\"_blank\"><div class=\"tmb tmb-light  tmb-media-first tmb-media-last tmb-content-overlay tmb-no-bg\"><div class=\"t-inside\"><div class=\"t-entry-visual\"><div class=\"t-entry-visual-tc\"><div class=\"uncode-single-media-wrapper\"><img decoding=\"async\" class=\"wp-image-102133\" src=\"https:\/\/livelifetoinspire.org\/wp-content\/uploads\/2024\/10\/WhatsApp-Image-2024-10-01-at-11.55.58-AM.jpeg\" width=\"828\" height=\"280\" alt=\"\" srcset=\"https:\/\/livelifetoinspire.org\/wp-content\/uploads\/2024\/10\/WhatsApp-Image-2024-10-01-at-11.55.58-AM.jpeg 828w, https:\/\/livelifetoinspire.org\/wp-content\/uploads\/2024\/10\/WhatsApp-Image-2024-10-01-at-11.55.58-AM-600x203.jpeg 600w, https:\/\/livelifetoinspire.org\/wp-content\/uploads\/2024\/10\/WhatsApp-Image-2024-10-01-at-11.55.58-AM-768x260.jpeg 768w, https:\/\/livelifetoinspire.org\/wp-content\/uploads\/2024\/10\/WhatsApp-Image-2024-10-01-at-11.55.58-AM-18x6.jpeg 18w, https:\/\/livelifetoinspire.org\/wp-content\/uploads\/2024\/10\/WhatsApp-Image-2024-10-01-at-11.55.58-AM-350x118.jpeg 350w, https:\/\/livelifetoinspire.org\/wp-content\/uploads\/2024\/10\/WhatsApp-Image-2024-10-01-at-11.55.58-AM-60x20.jpeg 60w, https:\/\/livelifetoinspire.org\/wp-content\/uploads\/2024\/10\/WhatsApp-Image-2024-10-01-at-11.55.58-AM-110x37.jpeg 110w\" sizes=\"(max-width: 828px) 100vw, 828px\" \/><\/div>\n\t\t\t\t\t<\/div>\n\t\t\t\t<\/div><\/div><\/div><\/a><\/div><\/div><\/div><\/div><\/div><\/div><\/div><div class=\"wpb_column pos-top pos-center align_left column_child col-lg-6 single-internal-gutter\"><div class=\"uncol style-light\" ><div class=\"uncoltable\"><div class=\"uncell no-block-padding\" ><div class=\"uncont\" ><div class=\"uncode_text_column\" ><p><strong>ONG1<\/strong><br \/>\nNotre estim\u00e9e organisation \u00e0 but non lucratif a \u00e9t\u00e9 ajout\u00e9e avec succ\u00e8s \u00e0 ONG1 \u2013 un r\u00e9pertoire en ligne de premier ordre pour les organisations et services non gouvernementaux.<br \/>\nIl est con\u00e7u pour connecter les citoyens, les entreprises et diverses parties prenantes avec des ONG r\u00e9put\u00e9es.<\/p>\n<\/div><\/div><\/div><\/div><\/div><\/div><\/div><\/div><\/div><div class=\"vc_row row-internal row-container\"><div class=\"row row-child\"><div class=\"wpb_row row-inner\"><div class=\"wpb_column pos-top pos-center align_left column_child col-lg-6 single-internal-gutter\"><div class=\"uncol style-light\" ><div class=\"uncoltable\"><div class=\"uncell no-block-padding\" ><div class=\"uncont\" ><div class=\"uncode-single-media  text-center\"><div class=\"single-wrapper\" style=\"max-width: 40%;\"><a class=\"single-media-link\" href=\"http:\/\/globalgiving.org\/\" target=\"_blank\"><div class=\"tmb tmb-light  tmb-media-first tmb-media-last tmb-content-overlay tmb-no-bg\"><div class=\"t-inside\"><div class=\"t-entry-visual\"><div class=\"t-entry-visual-tc\"><div class=\"uncode-single-media-wrapper\"><img decoding=\"async\" class=\"wp-image-101945\" src=\"https:\/\/livelifetoinspire.org\/wp-content\/uploads\/2024\/05\/GG_logo_horizontal_440w.png\" width=\"440\" height=\"260\" alt=\"\" srcset=\"https:\/\/livelifetoinspire.org\/wp-content\/uploads\/2024\/05\/GG_logo_horizontal_440w.png 440w, https:\/\/livelifetoinspire.org\/wp-content\/uploads\/2024\/05\/GG_logo_horizontal_440w-18x12.png 18w, https:\/\/livelifetoinspire.org\/wp-content\/uploads\/2024\/05\/GG_logo_horizontal_440w-350x207.png 350w, https:\/\/livelifetoinspire.org\/wp-content\/uploads\/2024\/05\/GG_logo_horizontal_440w-60x35.png 60w, https:\/\/livelifetoinspire.org\/wp-content\/uploads\/2024\/05\/GG_logo_horizontal_440w-110x65.png 110w\" sizes=\"(max-width: 440px) 100vw, 440px\" \/><\/div>\n\t\t\t\t\t<\/div>\n\t\t\t\t<\/div><\/div><\/div><\/a><\/div><\/div><\/div><\/div><\/div><\/div><\/div><div class=\"wpb_column pos-top pos-center align_left column_child col-lg-6 single-internal-gutter\"><div class=\"uncol style-light\" ><div class=\"uncoltable\"><div class=\"uncell no-block-padding\" ><div class=\"uncont\" ><div class=\"uncode_text_column\" ><p><strong>GlobalGiving<\/strong><br \/>\nGlobalGiving est une organisation \u00e0 but non lucratif qui soutient d&#039;autres organisations \u00e0 but non lucratif en les mettant en relation avec des donateurs et des entreprises.<\/p>\n<\/div><\/div><\/div><\/div><\/div><\/div><\/div><\/div><\/div><div class=\"vc_row row-internal row-container\"><div class=\"row row-child\"><div class=\"wpb_row row-inner\"><div class=\"wpb_column pos-top pos-center align_left column_child col-lg-6 single-internal-gutter\"><div class=\"uncol style-light\" ><div class=\"uncoltable\"><div class=\"uncell no-block-padding\" ><div class=\"uncont\" ><div class=\"uncode-single-media  text-center\"><div class=\"single-wrapper\" style=\"max-width: 40%;\"><a class=\"single-media-link\" href=\"http:\/\/shouldertoshoulder.org\/\" target=\"_blank\"><div class=\"tmb tmb-light  tmb-media-first tmb-media-last tmb-content-overlay tmb-no-bg\"><div class=\"t-inside\"><div class=\"t-entry-visual\"><div class=\"t-entry-visual-tc\"><div class=\"uncode-single-media-wrapper\"><img decoding=\"async\" class=\"wp-image-101301\" src=\"https:\/\/livelifetoinspire.org\/wp-content\/uploads\/2022\/12\/StoS-Logo-Clear-78h.png\" width=\"139\" height=\"78\" alt=\"\" srcset=\"https:\/\/livelifetoinspire.org\/wp-content\/uploads\/2022\/12\/StoS-Logo-Clear-78h.png 139w, https:\/\/livelifetoinspire.org\/wp-content\/uploads\/2022\/12\/StoS-Logo-Clear-78h-60x34.png 60w, https:\/\/livelifetoinspire.org\/wp-content\/uploads\/2022\/12\/StoS-Logo-Clear-78h-110x62.png 110w, https:\/\/livelifetoinspire.org\/wp-content\/uploads\/2022\/12\/StoS-Logo-Clear-78h-18x10.png 18w\" sizes=\"(max-width: 139px) 100vw, 139px\" \/><\/div>\n\t\t\t\t\t<\/div>\n\t\t\t\t<\/div><\/div><\/div><\/a><\/div><\/div><\/div><\/div><\/div><\/div><\/div><div class=\"wpb_column pos-top pos-center align_left column_child col-lg-6 single-internal-gutter\"><div class=\"uncol style-light\" ><div class=\"uncoltable\"><div class=\"uncell no-block-padding\" ><div class=\"uncont\" ><div class=\"uncode_text_column\" ><p><strong>\u00c9paule \u00e0 \u00e9paule, Inc.<\/strong><br \/>\nNous travaillons en collaboration pour cr\u00e9er et exploiter des services de sant\u00e9, de nutrition et d&#039;\u00e9ducation durables et accessibles. Nous servons dans la zone rurale d&#039;Intubuca, au Honduras, qui fait partie du couloir sec d&#039;Am\u00e9rique centrale. Nous sommes ravis de collaborer avec La Fondation Christine Merveil Never Back Inc. <a href=\"https:\/\/livelifetoinspire.org\/fr\/investing-in-our-scholars\/\">Cliquez ici<\/a> pour voir notre publication sur nos merveilleuses r\u00e9alisations.<\/p>\n<\/div><\/div><\/div><\/div><\/div><\/div><\/div><\/div><\/div><div class=\"vc_row row-internal row-container\"><div class=\"row row-child\"><div class=\"wpb_row row-inner\"><div class=\"wpb_column pos-top pos-center align_left column_child col-lg-6 single-internal-gutter\"><div class=\"uncol style-light\" ><div class=\"uncoltable\"><div class=\"uncell no-block-padding\" ><div class=\"uncont\" ><div class=\"uncode-single-media  text-center\"><div class=\"single-wrapper\" style=\"max-width: 50%;\"><div class=\"tmb tmb-light  tmb-media-first tmb-media-last tmb-content-overlay tmb-no-bg\"><div class=\"t-inside\"><div class=\"t-entry-visual\"><div class=\"t-entry-visual-tc\"><div class=\"uncode-single-media-wrapper\"><img decoding=\"async\" class=\"wp-image-101468\" src=\"https:\/\/livelifetoinspire.org\/wp-content\/uploads\/2023\/06\/WhatsApp-Image-2023-06-14-at-19.49.51.jpg\" width=\"2048\" height=\"595\" alt=\"\" srcset=\"https:\/\/livelifetoinspire.org\/wp-content\/uploads\/2023\/06\/WhatsApp-Image-2023-06-14-at-19.49.51.jpg 2048w, https:\/\/livelifetoinspire.org\/wp-content\/uploads\/2023\/06\/WhatsApp-Image-2023-06-14-at-19.49.51-600x174.jpg 600w, https:\/\/livelifetoinspire.org\/wp-content\/uploads\/2023\/06\/WhatsApp-Image-2023-06-14-at-19.49.51-1200x349.jpg 1200w, https:\/\/livelifetoinspire.org\/wp-content\/uploads\/2023\/06\/WhatsApp-Image-2023-06-14-at-19.49.51-768x223.jpg 768w, https:\/\/livelifetoinspire.org\/wp-content\/uploads\/2023\/06\/WhatsApp-Image-2023-06-14-at-19.49.51-60x17.jpg 60w, https:\/\/livelifetoinspire.org\/wp-content\/uploads\/2023\/06\/WhatsApp-Image-2023-06-14-at-19.49.51-110x32.jpg 110w, https:\/\/livelifetoinspire.org\/wp-content\/uploads\/2023\/06\/WhatsApp-Image-2023-06-14-at-19.49.51-1536x446.jpg 1536w, https:\/\/livelifetoinspire.org\/wp-content\/uploads\/2023\/06\/WhatsApp-Image-2023-06-14-at-19.49.51-18x5.jpg 18w, https:\/\/livelifetoinspire.org\/wp-content\/uploads\/2023\/06\/WhatsApp-Image-2023-06-14-at-19.49.51-350x102.jpg 350w\" sizes=\"(max-width: 2048px) 100vw, 2048px\" \/><\/div>\n\t\t\t\t\t<\/div>\n\t\t\t\t<\/div><\/div><\/div><\/div><\/div><\/div><\/div><\/div><\/div><\/div><div class=\"wpb_column pos-top pos-center align_left column_child col-lg-6 single-internal-gutter\"><div class=\"uncol style-light\" ><div class=\"uncoltable\"><div class=\"uncell no-block-padding\" ><div class=\"uncont\" ><div class=\"uncode_text_column\" ><p><strong>Fondation philanthropique citoyenne<\/strong><br \/>\nLa Citizens Philanthropic Foundation travaille en collaboration avec la Investors Foundation pour se concentrer sur la lutte contre la faim, l&#039;enseignement de la gestion de l&#039;argent et le renforcement des communaut\u00e9s. Citizens Helping Citizens vise \u00e0 fournir les outils et le soutien n\u00e9cessaires pour stimuler la vitalit\u00e9 \u00e9conomique des rues, des quartiers et des villes qu&#039;ils desservent. Nous sommes heureux d&#039;\u00eatre r\u00e9cipiendaire de leur prix prestigieux.<\/p>\n<\/div><\/div><\/div><\/div><\/div><\/div><\/div><\/div><\/div><div class=\"vc_row row-internal row-container\"><div class=\"row row-child\"><div class=\"wpb_row row-inner\"><div class=\"wpb_column pos-top pos-center align_left column_child col-lg-6 single-internal-gutter\"><div class=\"uncol style-light\" ><div class=\"uncoltable\"><div class=\"uncell no-block-padding\" ><div class=\"uncont\" ><div class=\"uncode-single-media  text-center\"><div class=\"single-wrapper\" style=\"max-width: 50%;\"><div class=\"tmb tmb-light  tmb-media-first tmb-media-last tmb-content-overlay tmb-no-bg\"><div class=\"t-inside\"><div class=\"t-entry-visual\"><div class=\"t-entry-visual-tc\"><div class=\"uncode-single-media-wrapper\"><img decoding=\"async\" class=\"wp-image-101471\" src=\"https:\/\/livelifetoinspire.org\/wp-content\/uploads\/2023\/06\/WhatsApp-Image-2023-06-15-at-16.05.47-e1687447272454.jpg\" width=\"702\" height=\"354\" alt=\"\" srcset=\"https:\/\/livelifetoinspire.org\/wp-content\/uploads\/2023\/06\/WhatsApp-Image-2023-06-15-at-16.05.47-e1687447272454.jpg 702w, https:\/\/livelifetoinspire.org\/wp-content\/uploads\/2023\/06\/WhatsApp-Image-2023-06-15-at-16.05.47-e1687447272454-600x303.jpg 600w, https:\/\/livelifetoinspire.org\/wp-content\/uploads\/2023\/06\/WhatsApp-Image-2023-06-15-at-16.05.47-e1687447272454-60x30.jpg 60w, https:\/\/livelifetoinspire.org\/wp-content\/uploads\/2023\/06\/WhatsApp-Image-2023-06-15-at-16.05.47-e1687447272454-110x55.jpg 110w, https:\/\/livelifetoinspire.org\/wp-content\/uploads\/2023\/06\/WhatsApp-Image-2023-06-15-at-16.05.47-e1687447272454-18x9.jpg 18w, https:\/\/livelifetoinspire.org\/wp-content\/uploads\/2023\/06\/WhatsApp-Image-2023-06-15-at-16.05.47-e1687447272454-350x176.jpg 350w\" sizes=\"(max-width: 702px) 100vw, 702px\" \/><\/div>\n\t\t\t\t\t<\/div>\n\t\t\t\t<\/div><\/div><\/div><\/div><\/div><\/div><\/div><\/div><\/div><\/div><div class=\"wpb_column pos-top pos-center align_left column_child col-lg-6 single-internal-gutter\"><div class=\"uncol style-light\" ><div class=\"uncoltable\"><div class=\"uncell no-block-padding\" ><div class=\"uncont\" ><div class=\"uncode_text_column\" ><p><strong>\u00c9glise de Dieu des Fr\u00e8res Unis<\/strong><br \/>\nL&#039;\u00c9glise United Brothers of God de Carrefour, Ha\u00efti, est dirig\u00e9e par le pasteur principal, Ronald Fils. Nous sommes heureux de d\u00e9velopper une relation de collaboration avec les dirigeants de cette \u00e9glise pour avoir un impact significatif dans cette communaut\u00e9.<\/p>\n<\/div><\/div><\/div><\/div><\/div><\/div><\/div><\/div><\/div><div class=\"vc_row row-internal row-container\"><div class=\"row row-child\"><div class=\"wpb_row row-inner\"><div class=\"wpb_column pos-top pos-center align_left column_child col-lg-6 single-internal-gutter\"><div class=\"uncol style-light\" ><div class=\"uncoltable\"><div class=\"uncell no-block-padding\" ><div class=\"uncont\" ><div class=\"uncode-single-media  text-center\"><div class=\"single-wrapper\" style=\"max-width: 50%;\"><div class=\"tmb tmb-light  tmb-media-first tmb-media-last tmb-content-overlay tmb-no-bg\"><div class=\"t-inside\"><div class=\"t-entry-visual\"><div class=\"t-entry-visual-tc\"><div class=\"uncode-single-media-wrapper\"><img decoding=\"async\" class=\"wp-image-101557\" src=\"https:\/\/livelifetoinspire.org\/wp-content\/uploads\/2023\/08\/d734aa82-d345-4cd0-868c-cd789d8ff52d.jpeg\" width=\"2048\" height=\"376\" alt=\"\" srcset=\"https:\/\/livelifetoinspire.org\/wp-content\/uploads\/2023\/08\/d734aa82-d345-4cd0-868c-cd789d8ff52d.jpeg 2048w, https:\/\/livelifetoinspire.org\/wp-content\/uploads\/2023\/08\/d734aa82-d345-4cd0-868c-cd789d8ff52d-600x110.jpeg 600w, https:\/\/livelifetoinspire.org\/wp-content\/uploads\/2023\/08\/d734aa82-d345-4cd0-868c-cd789d8ff52d-1200x220.jpeg 1200w, https:\/\/livelifetoinspire.org\/wp-content\/uploads\/2023\/08\/d734aa82-d345-4cd0-868c-cd789d8ff52d-768x141.jpeg 768w, https:\/\/livelifetoinspire.org\/wp-content\/uploads\/2023\/08\/d734aa82-d345-4cd0-868c-cd789d8ff52d-60x11.jpeg 60w, https:\/\/livelifetoinspire.org\/wp-content\/uploads\/2023\/08\/d734aa82-d345-4cd0-868c-cd789d8ff52d-110x20.jpeg 110w, https:\/\/livelifetoinspire.org\/wp-content\/uploads\/2023\/08\/d734aa82-d345-4cd0-868c-cd789d8ff52d-1536x282.jpeg 1536w, https:\/\/livelifetoinspire.org\/wp-content\/uploads\/2023\/08\/d734aa82-d345-4cd0-868c-cd789d8ff52d-18x3.jpeg 18w, https:\/\/livelifetoinspire.org\/wp-content\/uploads\/2023\/08\/d734aa82-d345-4cd0-868c-cd789d8ff52d-350x64.jpeg 350w\" sizes=\"(max-width: 2048px) 100vw, 2048px\" \/><\/div>\n\t\t\t\t\t<\/div>\n\t\t\t\t<\/div><\/div><\/div><\/div><\/div><\/div><\/div><\/div><\/div><\/div><div class=\"wpb_column pos-top pos-center align_left column_child col-lg-6 single-internal-gutter\"><div class=\"uncol style-light\" ><div class=\"uncoltable\"><div class=\"uncell no-block-padding\" ><div class=\"uncont\" ><div class=\"uncode_text_column\" ><p><strong>Fondation des investisseurs<\/strong><br \/>\nLa Fondation Investors se consacre \u00e0 soutenir les initiatives percutantes de diverses organisations communautaires qui soutiennent les arts, l\u2019\u00e9ducation, la sant\u00e9 et les services sociaux, la jeunesse et le logement abordable dans les communaut\u00e9s desservies par la Banque Investors.<\/p>\n<\/div><\/div><\/div><\/div><\/div><\/div><\/div><\/div><\/div><div class=\"vc_row row-internal row-container\"><div class=\"row row-child\"><div class=\"wpb_row row-inner\"><div class=\"wpb_column pos-top pos-center align_left column_child col-lg-6 single-internal-gutter\"><div class=\"uncol style-light\" ><div class=\"uncoltable\"><div class=\"uncell no-block-padding\" ><div class=\"uncont\" ><div class=\"uncode-single-media  text-center\"><div class=\"single-wrapper\" style=\"max-width: 50%;\"><div class=\"tmb tmb-light  tmb-img-ratio tmb-media-first tmb-media-last tmb-content-overlay tmb-no-bg\"><div class=\"t-inside\"><div class=\"t-entry-visual\"><div class=\"t-entry-visual-tc\"><div class=\"uncode-single-media-wrapper\"><div class=\"dummy\" style=\"padding-top: 75%;\"><\/div><img decoding=\"async\" class=\"wp-image-101653\" src=\"https:\/\/livelifetoinspire.org\/wp-content\/uploads\/2023\/09\/WhatsApp-Image-2023-09-26-at-4.05.32-PM-uai-828x621.jpeg\" width=\"828\" height=\"621\" alt=\"\"><\/div>\n\t\t\t\t\t<\/div>\n\t\t\t\t<\/div><\/div><\/div><\/div><\/div><\/div><\/div><\/div><\/div><\/div><div class=\"wpb_column pos-top pos-center align_left column_child col-lg-6 single-internal-gutter\"><div class=\"uncol style-light\" ><div class=\"uncoltable\"><div class=\"uncell no-block-padding\" ><div class=\"uncont\" ><div class=\"uncode_text_column\" ><p><strong>AFRIMERGE<\/strong><br \/>\nNous sommes heureux de vous annoncer le lancement de notre partenariat avec AFRIMERGE. Une organisation \u00e0 but non lucratif bas\u00e9e au Nigeria dont le pr\u00e9sident est Edwin Ikechukwu. Leur mission est de d\u00e9velopper la technologie en Afrique et au-del\u00e0. Ensemble, nous sommes impatients de mettre en \u0153uvre des projets significatifs qui favoriseront l\u2019autonomisation des jeunes et le d\u00e9veloppement \u00e9conomique de l\u2019Afrique et au-del\u00e0.<\/p>\n<\/div><\/div><\/div><\/div><\/div><\/div><\/div><\/div><\/div><div class=\"vc_row row-internal row-container\"><div class=\"row col-double-gutter row-child\"><div class=\"wpb_row row-inner\"><div class=\"wpb_column pos-top pos-center align_left column_child col-lg-12 single-internal-gutter\"><div class=\"uncol style-light\" ><div class=\"uncoltable\"><div class=\"uncell no-block-padding\" ><div class=\"uncont\" ><\/div><\/div><\/div><\/div><\/div><\/div><\/div><\/div><\/div><\/div><\/div><\/div><\/div><script id=\"script-row-unique-0\" data-row=\"script-row-unique-0\" type=\"text\/javascript\" class=\"vc_controls\">UNCODE.initRow(document.getElementById(\"row-unique-0\"));<\/script><\/div><\/div><\/div>\n<\/div>","protected":false},"excerpt":{"rendered":"Our PartnersWe are looking to partner up with corporations and NGOs with mission in-line to ours. Click the button below [...]","protected":false},"author":1,"featured_media":0,"parent":0,"menu_order":0,"comment_status":"closed","ping_status":"closed","template":"","meta":{"give_campaign_id":0,"footnotes":""},"class_list":["post-100866","page","type-page","status-publish","hentry"],"campaignId":"","_links":{"self":[{"href":"https:\/\/livelifetoinspire.org\/fr\/wp-json\/wp\/v2\/pages\/100866","targetHints":{"allow":["GET"]}}],"collection":[{"href":"https:\/\/livelifetoinspire.org\/fr\/wp-json\/wp\/v2\/pages"}],"about":[{"href":"https:\/\/livelifetoinspire.org\/fr\/wp-json\/wp\/v2\/types\/page"}],"author":[{"embeddable":true,"href":"https:\/\/livelifetoinspire.org\/fr\/wp-json\/wp\/v2\/users\/1"}],"replies":[{"embeddable":true,"href":"https:\/\/livelifetoinspire.org\/fr\/wp-json\/wp\/v2\/comments?post=100866"}],"version-history":[{"count":6,"href":"https:\/\/livelifetoinspire.org\/fr\/wp-json\/wp\/v2\/pages\/100866\/revisions"}],"predecessor-version":[{"id":102235,"href":"https:\/\/livelifetoinspire.org\/fr\/wp-json\/wp\/v2\/pages\/100866\/revisions\/102235"}],"wp:attachment":[{"href":"https:\/\/livelifetoinspire.org\/fr\/wp-json\/wp\/v2\/media?parent=100866"}],"curies":[{"name":"wp","href":"https:\/\/api.w.org\/{rel}","templated":true}]}}