{"id":100951,"date":"2021-12-23T15:45:23","date_gmt":"2021-12-23T15:45:23","guid":{"rendered":"https:\/\/livelifetoinspire.org\/?page_id=100951"},"modified":"2026-03-04T17:09:39","modified_gmt":"2026-03-04T17:09:39","slug":"donate","status":"publish","type":"page","link":"https:\/\/livelifetoinspire.org\/fr\/donate\/","title":{"rendered":"Faire un don"},"content":{"rendered":"<div class=\"wpb-content-wrapper\"><div data-parent=\"true\" class=\"vc_row row-container\" id=\"row-unique-0\"><div class=\"row limit-width row-parent\"><div class=\"wpb_row row-inner\"><div class=\"wpb_column pos-top pos-center align_center column_parent col-lg-12 single-internal-gutter\"><div class=\"uncol style-light\"  ><div class=\"uncoltable\"><div class=\"uncell no-block-padding\" ><div class=\"uncont\" ><div class=\"vc_custom_heading_wrap\"><div class=\"heading-text el-text\" ><h4 class=\"font-150417 h4 font-weight-500\" ><span>Choisissez l\u2019un de ces projets de dons mondiaux impactants \u00e0 soutenir\u00a0!<\/span><\/h4><\/div><div class=\"clear\"><\/div><\/div><\/div><\/div><\/div><\/div><\/div><script id=\"script-row-unique-0\" data-row=\"script-row-unique-0\" type=\"text\/javascript\" class=\"vc_controls\">UNCODE.initRow(document.getElementById(\"row-unique-0\"));<\/script><\/div><\/div><\/div><div data-parent=\"true\" class=\"vc_row row-container\" id=\"row-unique-1\"><div class=\"row limit-width row-parent\"><div class=\"wpb_row row-inner\"><div class=\"wpb_column pos-top pos-center align_center column_parent col-lg-6 single-internal-gutter\"><div class=\"uncol style-light\"  ><div class=\"uncoltable\"><div class=\"uncell no-block-padding\" ><div class=\"uncont\" ><div class=\"uncode-single-media  text-left\"><div class=\"single-wrapper\" style=\"max-width: 100%;\"><div class=\"tmb tmb-light  tmb-media-first tmb-media-last tmb-content-overlay tmb-no-bg tmb-lightbox\"><div class=\"t-inside\"><div class=\"t-entry-visual\"><div class=\"t-entry-visual-tc\"><div class=\"uncode-single-media-wrapper\"><div class=\"dummy\" style=\"padding-top: 53.9%;\"><\/div><a href=\"https:\/\/livelifetoinspire.org\/wp-content\/uploads\/2024\/10\/skills.png\" class=\"pushed\" data-active=\"1\" data-lbox=\"ilightbox_single-115658\" data-external-thumb-image=\"https:\/\/livelifetoinspire.org\/wp-content\/uploads\/2024\/10\/skills-300x276.png\" data-lg-size=\"512-276\"><img decoding=\"async\" class=\"wp-image-102154\" src=\"https:\/\/livelifetoinspire.org\/wp-content\/uploads\/2024\/10\/skills.png\" width=\"512\" height=\"276\" alt=\"\" srcset=\"https:\/\/livelifetoinspire.org\/wp-content\/uploads\/2024\/10\/skills.png 512w, https:\/\/livelifetoinspire.org\/wp-content\/uploads\/2024\/10\/skills-18x10.png 18w, https:\/\/livelifetoinspire.org\/wp-content\/uploads\/2024\/10\/skills-350x189.png 350w, https:\/\/livelifetoinspire.org\/wp-content\/uploads\/2024\/10\/skills-60x32.png 60w, https:\/\/livelifetoinspire.org\/wp-content\/uploads\/2024\/10\/skills-110x59.png 110w\" sizes=\"(max-width: 512px) 100vw, 512px\" \/><\/a><\/div>\n\t\t\t\t\t<\/div>\n\t\t\t\t<\/div><\/div><\/div><\/div><\/div><span class=\"btn-container\" ><a role=\"button\"  href=\"https:\/\/www.globalgiving.org\/projects\/driving-technology-and-skills-development-in-africa\/\" class=\"custom-link btn btn-sm border-width-0 btn-color-113142 btn-icon-left\" title=\"Dons mondiaux\" target=\"_blank\">Faire un don<\/a><\/span><\/div><\/div><\/div><\/div><\/div><div class=\"wpb_column pos-top pos-center align_center column_parent col-lg-6 single-internal-gutter\"><div class=\"uncol style-light\"  ><div class=\"uncoltable\"><div class=\"uncell no-block-padding\" ><div class=\"uncont\" ><div class=\"uncode-single-media  text-left\"><div class=\"single-wrapper\" style=\"max-width: 100%;\"><div class=\"tmb tmb-light  tmb-media-first tmb-media-last tmb-content-overlay tmb-no-bg tmb-lightbox\"><div class=\"t-inside\"><div class=\"t-entry-visual\"><div class=\"t-entry-visual-tc\"><div class=\"uncode-single-media-wrapper\"><div class=\"dummy\" style=\"padding-top: 55.3%;\"><\/div><a href=\"https:\/\/livelifetoinspire.org\/wp-content\/uploads\/2024\/07\/Screen-Shot-2024-07-11-at-3.14.38-PM.jpg\" class=\"pushed\" data-active=\"1\" data-lbox=\"ilightbox_single-235297\" data-external-thumb-image=\"https:\/\/livelifetoinspire.org\/wp-content\/uploads\/2024\/07\/Screen-Shot-2024-07-11-at-3.14.38-PM-300x300.jpg\" data-lg-size=\"1258-696\"><img decoding=\"async\" class=\"wp-image-102007\" src=\"https:\/\/livelifetoinspire.org\/wp-content\/uploads\/2024\/07\/Screen-Shot-2024-07-11-at-3.14.38-PM.jpg\" width=\"1258\" height=\"696\" alt=\"\" srcset=\"https:\/\/livelifetoinspire.org\/wp-content\/uploads\/2024\/07\/Screen-Shot-2024-07-11-at-3.14.38-PM.jpg 1258w, https:\/\/livelifetoinspire.org\/wp-content\/uploads\/2024\/07\/Screen-Shot-2024-07-11-at-3.14.38-PM-600x332.jpg 600w, https:\/\/livelifetoinspire.org\/wp-content\/uploads\/2024\/07\/Screen-Shot-2024-07-11-at-3.14.38-PM-1200x664.jpg 1200w, https:\/\/livelifetoinspire.org\/wp-content\/uploads\/2024\/07\/Screen-Shot-2024-07-11-at-3.14.38-PM-768x425.jpg 768w, https:\/\/livelifetoinspire.org\/wp-content\/uploads\/2024\/07\/Screen-Shot-2024-07-11-at-3.14.38-PM-18x10.jpg 18w, https:\/\/livelifetoinspire.org\/wp-content\/uploads\/2024\/07\/Screen-Shot-2024-07-11-at-3.14.38-PM-350x194.jpg 350w, https:\/\/livelifetoinspire.org\/wp-content\/uploads\/2024\/07\/Screen-Shot-2024-07-11-at-3.14.38-PM-60x33.jpg 60w, https:\/\/livelifetoinspire.org\/wp-content\/uploads\/2024\/07\/Screen-Shot-2024-07-11-at-3.14.38-PM-110x61.jpg 110w\" sizes=\"(max-width: 1258px) 100vw, 1258px\" \/><\/a><\/div>\n\t\t\t\t\t<\/div>\n\t\t\t\t<\/div><\/div><\/div><\/div><\/div><span class=\"btn-container\" ><a role=\"button\"  href=\"https:\/\/www.globalgiving.org\/projects\/drive-change-through-skill-mastery-and-innovation\/\" class=\"custom-link btn btn-sm border-width-0 btn-color-113142 btn-icon-left\" title=\"Dons mondiaux\" target=\"_blank\">Faire un don<\/a><\/span><\/div><\/div><\/div><\/div><\/div><script id=\"script-row-unique-1\" data-row=\"script-row-unique-1\" type=\"text\/javascript\" class=\"vc_controls\">UNCODE.initRow(document.getElementById(\"row-unique-1\"));<\/script><\/div><\/div><\/div><div data-parent=\"true\" class=\"vc_row row-container\" id=\"row-unique-2\"><div class=\"row limit-width row-parent\"><div class=\"wpb_row row-inner\"><div class=\"wpb_column pos-top pos-center align_center column_parent col-lg-12 single-internal-gutter\"><div class=\"uncol style-light\"  ><div class=\"uncoltable\"><div class=\"uncell\" ><div class=\"uncont no-block-padding col-custom-width\" style=\" max-width:70%;\" ><div class=\"uncode-single-media  text-left\"><div class=\"single-wrapper\" style=\"max-width: 100%;\"><div class=\"tmb tmb-light  tmb-media-first tmb-media-last tmb-content-overlay tmb-no-bg tmb-lightbox\"><div class=\"t-inside\"><div class=\"t-entry-visual\"><div class=\"t-entry-visual-tc\"><div class=\"uncode-single-media-wrapper\"><div class=\"dummy\" style=\"padding-top: 56.6%;\"><\/div><a href=\"https:\/\/livelifetoinspire.org\/wp-content\/uploads\/2024\/10\/skills-training.png\" class=\"pushed\" data-active=\"1\" data-lbox=\"ilightbox_single-369827\" data-external-thumb-image=\"https:\/\/livelifetoinspire.org\/wp-content\/uploads\/2024\/10\/skills-training-300x290.png\" data-lg-size=\"512-290\"><img decoding=\"async\" class=\"wp-image-102152\" src=\"https:\/\/livelifetoinspire.org\/wp-content\/uploads\/2024\/10\/skills-training.png\" width=\"512\" height=\"290\" alt=\"\" srcset=\"https:\/\/livelifetoinspire.org\/wp-content\/uploads\/2024\/10\/skills-training.png 512w, https:\/\/livelifetoinspire.org\/wp-content\/uploads\/2024\/10\/skills-training-18x10.png 18w, https:\/\/livelifetoinspire.org\/wp-content\/uploads\/2024\/10\/skills-training-350x198.png 350w, https:\/\/livelifetoinspire.org\/wp-content\/uploads\/2024\/10\/skills-training-60x34.png 60w, https:\/\/livelifetoinspire.org\/wp-content\/uploads\/2024\/10\/skills-training-110x62.png 110w\" sizes=\"(max-width: 512px) 100vw, 512px\" \/><\/a><\/div>\n\t\t\t\t\t<\/div>\n\t\t\t\t<\/div><\/div><\/div><\/div><\/div><span class=\"btn-container\" ><a role=\"button\"  href=\"https:\/\/www.globalgiving.org\/projects\/talent-and-entrepreneurship-development-in-honduras\/\" class=\"custom-link btn btn-sm border-width-0 btn-color-113142 btn-icon-left\" title=\"Dons mondiaux\" target=\"_blank\">Faire un don<\/a><\/span><\/div><\/div><\/div><\/div><\/div><script id=\"script-row-unique-2\" data-row=\"script-row-unique-2\" type=\"text\/javascript\" class=\"vc_controls\">UNCODE.initRow(document.getElementById(\"row-unique-2\"));<\/script><\/div><\/div><\/div><div data-parent=\"true\" class=\"vc_row row-container\" id=\"row-unique-3\"><div class=\"row full-width row-parent\"><div class=\"wpb_row row-inner\"><div class=\"wpb_column pos-top pos-center align_center column_parent col-lg-6 single-internal-gutter\"><div class=\"uncol style-light\"  ><div class=\"uncoltable\"><div class=\"uncell no-block-padding\" ><div class=\"uncont\" ><div class=\"uncode_text_column\" ><div class=\"give-embed-form-wrapper\" id=\"give-69eac2f7099d4\"><iframe\n\t\t\t\tname=\"give-embed-form\"\n\t\t\t\tsrc=\"https:\/\/livelifetoinspire.org\/fr\/give\/donation-form?giveDonationFormInIframe=1\"\n\t\t\t\t\n\t\t\t\tdata-autoscroll=\"0\"\n\t\t\t\tonload=\"if( 'undefined' !== typeof Give ) { Give.initializeIframeResize(this) }\"\n\t\t\t\tstyle=\"border: 0;visibility: hidden;min-height: 598px;\"><\/iframe><div class=\"iframe-loader\">\n<div style=\"\t\theight: calc(100% - 28px);\t\twidth: calc(100% - 20px);\t\tmax-width: 552px;\t\tmargin: 10px auto 10px auto;\t\tbackground: transparent;\t\tborder-radius: 6px;\t\tdisplay: flex;\t\talign-items: center;\t\tjustify-content: center;\t\">\n    <div style=\"        pointer-events: none;        height: 90px;        width: 90px;        background-image: url(&quot;data:image\/svg+xml;charset=utf8,%3C?xml version='1.0' encoding='utf-8'?%3E%3C!-- Generator: Adobe Illustrator 24.1.0, SVG Export Plug-In . SVG Version: 6.00 Build 0) --%3E%3Csvg version='1.1' id='Layer_1' xmlns='http:\/\/www.w3.org\/2000\/svg' xmlns:xlink='http:\/\/www.w3.org\/1999\/xlink' x='0px' y='0px' viewBox='0 0 349 348' style='enable-background:new 0 0 349 348;' xml:space='preserve'%3E%3Cstyle type='text\/css'%3E .st0{fill:%23ae105d;} %3C\/style%3E%3Cpath class='st0' d='M25.1,204.57c-13.38,0-24.47-10.6-24.97-24.08C0.04,178.09,0,175.97,0,174C0,77.78,78.28-0.5,174.5-0.5 c13.81,0,25,11.19,25,25s-11.19,25-25,25C105.85,49.5,50,105.35,50,174c0,1.37,0.03,2.85,0.1,4.65c0.51,13.8-10.27,25.39-24.07,25.9 C25.72,204.56,25.41,204.57,25.1,204.57z'\/%3E%3Cpath class='st0' d='M174.5,348.5c-13.81,0-25-11.19-25-25c0-13.81,11.19-25,25-25c68.65,0,124.5-55.85,124.5-124.5 c0-1.38-0.03-2.85-0.1-4.65c-0.51-13.8,10.26-25.4,24.06-25.91c13.83-0.53,25.4,10.26,25.91,24.06c0.09,2.39,0.13,4.51,0.13,6.49 C349,270.22,270.72,348.5,174.5,348.5z'\/%3E%3C\/svg%3E&quot;);        animation: spin 0.6s linear infinite;        \"><\/div>\n<\/div>\n<\/div><\/div>\n<\/div><\/div><\/div><\/div><\/div><\/div><div class=\"wpb_column pos-middle pos-center align_left column_parent col-lg-6 single-internal-gutter\"><div class=\"uncol style-light\"  ><div class=\"uncoltable\"><div class=\"uncell no-block-padding\" ><div class=\"uncont\" ><div class=\"vc_custom_heading_wrap\"><div class=\"heading-text el-text\" ><h4 class=\"font-150417 h4 font-weight-500\" ><span>Plateformes de dons alternatives<\/span><\/h4><\/div><div class=\"clear\"><\/div><\/div><div class=\"uncode_text_column text-lead\" ><p>Venmo @livelifetoinspire<br \/>\nZelle : donate@livelifetoinspire.org<\/p>\n<p>Vous pouvez \u00e9galement envoyer votre ch\u00e8que de don par la poste \u00e0 notre adresse :<br \/>\n184, avenue S. Livingston 9-166<br \/>\nLivingston, New Jersey 07039<\/p>\n<\/div><\/div><\/div><\/div><\/div><\/div><script id=\"script-row-unique-3\" data-row=\"script-row-unique-3\" type=\"text\/javascript\" class=\"vc_controls\">UNCODE.initRow(document.getElementById(\"row-unique-3\"));<\/script><\/div><\/div><\/div>\n<\/div>","protected":false},"excerpt":{"rendered":"Choose one of these impactful Global Giving projects to support! Donate Donate Donate Alternative Donation PlatformsVenmo @livelifetoinspire Zelle: donate@livelifetoinspire.org You [...]","protected":false},"author":1,"featured_media":0,"parent":0,"menu_order":0,"comment_status":"closed","ping_status":"closed","template":"","meta":{"give_campaign_id":0,"footnotes":""},"class_list":["post-100951","page","type-page","status-publish","hentry"],"campaignId":"","_links":{"self":[{"href":"https:\/\/livelifetoinspire.org\/fr\/wp-json\/wp\/v2\/pages\/100951","targetHints":{"allow":["GET"]}}],"collection":[{"href":"https:\/\/livelifetoinspire.org\/fr\/wp-json\/wp\/v2\/pages"}],"about":[{"href":"https:\/\/livelifetoinspire.org\/fr\/wp-json\/wp\/v2\/types\/page"}],"author":[{"embeddable":true,"href":"https:\/\/livelifetoinspire.org\/fr\/wp-json\/wp\/v2\/users\/1"}],"replies":[{"embeddable":true,"href":"https:\/\/livelifetoinspire.org\/fr\/wp-json\/wp\/v2\/comments?post=100951"}],"version-history":[{"count":5,"href":"https:\/\/livelifetoinspire.org\/fr\/wp-json\/wp\/v2\/pages\/100951\/revisions"}],"predecessor-version":[{"id":102578,"href":"https:\/\/livelifetoinspire.org\/fr\/wp-json\/wp\/v2\/pages\/100951\/revisions\/102578"}],"wp:attachment":[{"href":"https:\/\/livelifetoinspire.org\/fr\/wp-json\/wp\/v2\/media?parent=100951"}],"curies":[{"name":"wp","href":"https:\/\/api.w.org\/{rel}","templated":true}]}}