{"id":101153,"date":"2022-07-21T12:09:44","date_gmt":"2022-07-21T12:09:44","guid":{"rendered":"https:\/\/livelifetoinspire.org\/?page_id=101153"},"modified":"2024-10-31T13:06:11","modified_gmt":"2024-10-31T13:06:11","slug":"apply-now","status":"publish","type":"page","link":"https:\/\/livelifetoinspire.org\/fr\/apply-now\/","title":{"rendered":"Appliquer maintenant"},"content":{"rendered":"<div class=\"wpb-content-wrapper\"><div data-parent=\"true\" class=\"vc_row row-container\" id=\"row-unique-0\"><div class=\"row double-top-padding double-bottom-padding single-h-padding limit-width row-parent\" data-height-ratio=\"48\"><div class=\"wpb_row row-inner\"><div class=\"wpb_column pos-middle pos-center align_center column_parent col-lg-12 single-internal-gutter\"><div class=\"uncol style-light\"  ><div class=\"uncoltable\"><div class=\"uncell\" ><div class=\"uncont no-block-padding col-custom-width\" style=\" max-width:852px;\" ><div class=\"vc_custom_heading_wrap\"><div class=\"heading-text el-text\" ><h3 class=\"font-150417 h1 font-weight-700 text-color-674084-color\" ><span>DEMANDE DE PARRAINAGE<\/span><\/h3><\/div><div class=\"clear\"><\/div><\/div><div class=\"uncode_text_column text-lead\" ><p>Les candidatures pour nos programmes de parrainage sont ouvertes toute l&#039;ann\u00e9e et se terminent le 31 ao\u00fbt. Ne manquez pas cette occasion de fa\u00e7onner un avenir meilleur.<\/p>\n<\/div><div class=\"uncode_text_column text-lead\" ><p>Ha\u00efti et le Honduras<\/p>\n<\/div><div class=\"uncode_text_column text-lead\" ><p>Pour postuler \u00e0 nos programmes de parrainage, veuillez <strong>cliquez sur le bouton<\/strong> ci-dessous et de t\u00e9l\u00e9charger vos documents <strong><a href=\"https:\/\/livelifetoinspire.org\/fr\/upload-documents\/\">CLIQUEZ ICI<\/a><\/strong><\/p>\n<\/div><div class=\"empty-space empty-single\" ><span class=\"empty-space-inner\"><\/span><\/div>\n<span class=\"btn-container btn-inline\" ><a role=\"button\"  href=\"https:\/\/forms.office.com\/r\/92Hr2Sphsw\" class=\"custom-link btn btn-sm border-width-0 btn-color-113142 btn-outline btn-icon-left\" target=\"_blank\">ANGLAIS<\/a><\/span><span class=\"btn-container btn-inline\" ><a role=\"button\"  href=\"https:\/\/forms.office.com\/r\/8MVLpCxDg6\" class=\"custom-link btn btn-sm border-width-0 btn-color-113142 btn-icon-left\" target=\"_blank\">FRAN\u00c7AIS<\/a><\/span><span class=\"btn-container btn-inline\" ><a role=\"button\"  href=\"https:\/\/forms.office.com\/r\/xLMMXmu3Wm\" class=\"custom-link btn btn-sm border-width-0 btn-color-113142 btn-outline btn-icon-left\" target=\"_blank\">ESPAGNOL<\/a><\/span><div class=\"uncode_text_column text-lead\" ><p><strong>Noter:<\/strong><br \/>\n<em>Les programmes HA\u00cfTI sont ouverts aux jeunes adultes (18-25 ans) et qui sont actuellement affili\u00e9s \u00e0 <\/em><em>&quot;L&#039;Eglise de Dieu des Fr\u00e8res Unis de Carrefour&quot;<\/em><\/p>\n<\/div><div class=\"vc_custom_heading_wrap\"><div class=\"heading-text el-text\" ><h3 class=\"font-150417 h1 font-weight-700 text-color-674084-color\" ><span>Concours Business Ventures (Ha\u00efti)<\/span><\/h3><\/div><div class=\"clear\"><\/div><\/div><div class=\"uncode_text_column text-lead\" ><p>Pour participer au concours d&#039;entreprises commerciales, soumettez votre candidature avant le 20\/06\/23.<\/p>\n<\/div><span class=\"btn-container btn-inline\" ><a role=\"button\"  href=\"https:\/\/forms.office.com\/r\/tf5388Bws5\" class=\"custom-link btn btn-sm border-width-0 btn-color-113142 btn-icon-left\" target=\"_blank\">CLIQUEZ ICI<\/a><\/span><div class=\"vc_custom_heading_wrap\"><div class=\"heading-text el-text\" ><h3 class=\"font-150417 h1 font-weight-700 text-color-674084-color\" ><span>\u00c9tats-Unis : NEW JERSEY<\/span><\/h3><\/div><div class=\"clear\"><\/div><\/div><div class=\"uncode_text_column text-lead\" ><p>Les parrainages pour la formation professionnelle des jeunes adultes vivant dans les comt\u00e9s d&#039;Essex et de l&#039;Union sont MAINTENANT OUVERTS. <span style=\"color: #ff9900;\"><a style=\"color: #ff9900;\" href=\"https:\/\/forms.office.com\/r\/92Hr2Sphsw\">CLIQUEZ ICI<\/a> <\/span>postuler MAINTENANT<\/p>\n<\/div><div class=\"vc_custom_heading_wrap\"><div class=\"heading-text el-text\" ><h2 class=\"font-150417 h5 font-weight-600\" ><span>Des questions? Contactez Rosmery Montesino au <a href=\"mailto:sponsorship@livelifetoinspire.org\">sponsorship@livelifetoinspire.org<\/a><\/span><\/h2><\/div><div class=\"clear\"><\/div><\/div><\/div><\/div><\/div><\/div><\/div><script id=\"script-row-unique-0\" data-row=\"script-row-unique-0\" type=\"text\/javascript\" class=\"vc_controls\">UNCODE.initRow(document.getElementById(\"row-unique-0\"));<\/script><\/div><\/div><\/div>\n<\/div>","protected":false},"excerpt":{"rendered":"SPONSORSHIP APPLICATIONApplications for our sponsorship programs are open year-round, closing on August 31st. Don&#8217;t miss this opportunity to shape a [...]","protected":false},"author":1,"featured_media":0,"parent":0,"menu_order":0,"comment_status":"closed","ping_status":"closed","template":"","meta":{"give_campaign_id":0,"footnotes":""},"class_list":["post-101153","page","type-page","status-publish","hentry"],"campaignId":"","_links":{"self":[{"href":"https:\/\/livelifetoinspire.org\/fr\/wp-json\/wp\/v2\/pages\/101153","targetHints":{"allow":["GET"]}}],"collection":[{"href":"https:\/\/livelifetoinspire.org\/fr\/wp-json\/wp\/v2\/pages"}],"about":[{"href":"https:\/\/livelifetoinspire.org\/fr\/wp-json\/wp\/v2\/types\/page"}],"author":[{"embeddable":true,"href":"https:\/\/livelifetoinspire.org\/fr\/wp-json\/wp\/v2\/users\/1"}],"replies":[{"embeddable":true,"href":"https:\/\/livelifetoinspire.org\/fr\/wp-json\/wp\/v2\/comments?post=101153"}],"version-history":[{"count":5,"href":"https:\/\/livelifetoinspire.org\/fr\/wp-json\/wp\/v2\/pages\/101153\/revisions"}],"predecessor-version":[{"id":102159,"href":"https:\/\/livelifetoinspire.org\/fr\/wp-json\/wp\/v2\/pages\/101153\/revisions\/102159"}],"wp:attachment":[{"href":"https:\/\/livelifetoinspire.org\/fr\/wp-json\/wp\/v2\/media?parent=101153"}],"curies":[{"name":"wp","href":"https:\/\/api.w.org\/{rel}","templated":true}]}}