{"id":101221,"date":"2022-10-17T14:10:43","date_gmt":"2022-10-17T14:10:43","guid":{"rendered":"https:\/\/livelifetoinspire.org\/?page_id=101221"},"modified":"2026-02-05T15:45:50","modified_gmt":"2026-02-05T15:45:50","slug":"volunteers","status":"publish","type":"page","link":"https:\/\/livelifetoinspire.org\/fr\/volunteers\/","title":{"rendered":"B\u00e9n\u00e9voles"},"content":{"rendered":"<div class=\"wpb-content-wrapper\"><div data-parent=\"true\" class=\"vc_row row-container\" id=\"row-unique-0\"><div class=\"row limit-width row-parent\"><div class=\"wpb_row row-inner\"><div class=\"wpb_column pos-top pos-center align_left column_parent col-lg-12 single-internal-gutter\"><div class=\"uncol style-light\"  ><div class=\"uncoltable\"><div class=\"uncell no-block-padding\" ><div class=\"uncont\" ><div class=\"uncode_text_column\" ><div id=\"awsm-team-101224\" class=\"awsm-grid-wrapper\">\n\t\t\n\t\t\t<div class=\"awsm-grid list-style style-1 grid-2-col\">\n\t\t\t\t\t\t<div id=\"awsm-member-101224-102562\" class=\"awsm-grid-card awsm-team-item awsm-scale-anm awsm-all awsm-35\">\n\t\t\t\t   <figure>\n\t\t\t\t\t <img decoding=\"async\" width=\"1200\" height=\"1200\" src=\"https:\/\/livelifetoinspire.org\/wp-content\/uploads\/2026\/02\/WhatsApp-Image-2026-01-31-at-18.40.41-1200x1200.jpeg\" class=\"attachment-awsm_team size-awsm_team wp-post-image\" alt=\"\" \/>\t\t\t\t\t\t <figcaption>\n\t\t\t\t\t\t\t<div class=\"awsm-personal-info\"><h3>Sharon M Ellis, BA<\/h3><span>Responsable des op\u00e9rations<\/span><\/div>\n\t\t\t\t\t\t\t<div class=\"awsm-contact-info\">\n\t\t\t\t\t\t\t\t<p>Sharon est une coach de vie engag\u00e9e, forte d&#039;une exp\u00e9rience en psychologie, en leadership et en gestion de l&#039;\u00e9ducation. Titulaire d&#039;une licence en arts appliqu\u00e9s et sciences, sp\u00e9cialis\u00e9e en psychologie et leadership, elle a consacr\u00e9 une grande partie de son travail \u00e0 soutenir les populations d\u00e9favoris\u00e9es par le biais de l&#039;\u00e9ducation, de la formation professionnelle et du d\u00e9veloppement personnel.<br \/>\nAnim\u00e9e par un profond engagement envers l&#039;\u00e9quit\u00e9, le service \u00e0 la communaut\u00e9 et un impact communautaire durable, Sharon se sp\u00e9cialise dans l&#039;accompagnement des personnes souhaitant trouver clart\u00e9 et \u00e9quilibre dans tous les aspects de leur vie\u00a0: personnel, professionnel, spirituel et \u00e9motionnel. Gr\u00e2ce \u00e0 une approche int\u00e9grative combinant travail \u00e9nerg\u00e9tique, \u00e9criture, art, dialogue, symbolisme et strat\u00e9gies organisationnelles personnalis\u00e9es, elle aide ses clients \u00e0 se sentir plus align\u00e9s, organis\u00e9s et \u00e9panouis au quotidien.<\/p>\n\t\t\t\t\t\t\t<\/div>\n\t\t\t\t\t\t <\/figcaption>\n\t\t\t\t   <\/figure>\n\t\t\t\t<\/div>\n\t\t\t\t\t<\/div>\n\t\t<\/div>\n\n<\/div><\/div><\/div><\/div><\/div><\/div><script id=\"script-row-unique-0\" data-row=\"script-row-unique-0\" type=\"text\/javascript\" class=\"vc_controls\">UNCODE.initRow(document.getElementById(\"row-unique-0\"));<\/script><\/div><\/div><\/div>\n<\/div>","protected":false},"excerpt":{"rendered":"Sharon is a purpose-driven life coach with a background in psychology, leadership, and education management. Holding a Bachelor of Arts [...]","protected":false},"author":1,"featured_media":0,"parent":0,"menu_order":0,"comment_status":"closed","ping_status":"closed","template":"","meta":{"give_campaign_id":0,"footnotes":""},"class_list":["post-101221","page","type-page","status-publish","hentry"],"campaignId":"","_links":{"self":[{"href":"https:\/\/livelifetoinspire.org\/fr\/wp-json\/wp\/v2\/pages\/101221","targetHints":{"allow":["GET"]}}],"collection":[{"href":"https:\/\/livelifetoinspire.org\/fr\/wp-json\/wp\/v2\/pages"}],"about":[{"href":"https:\/\/livelifetoinspire.org\/fr\/wp-json\/wp\/v2\/types\/page"}],"author":[{"embeddable":true,"href":"https:\/\/livelifetoinspire.org\/fr\/wp-json\/wp\/v2\/users\/1"}],"replies":[{"embeddable":true,"href":"https:\/\/livelifetoinspire.org\/fr\/wp-json\/wp\/v2\/comments?post=101221"}],"version-history":[{"count":3,"href":"https:\/\/livelifetoinspire.org\/fr\/wp-json\/wp\/v2\/pages\/101221\/revisions"}],"predecessor-version":[{"id":102566,"href":"https:\/\/livelifetoinspire.org\/fr\/wp-json\/wp\/v2\/pages\/101221\/revisions\/102566"}],"wp:attachment":[{"href":"https:\/\/livelifetoinspire.org\/fr\/wp-json\/wp\/v2\/media?parent=101221"}],"curies":[{"name":"wp","href":"https:\/\/api.w.org\/{rel}","templated":true}]}}