{"id":101267,"date":"2022-11-13T23:18:56","date_gmt":"2022-11-13T23:18:56","guid":{"rendered":"https:\/\/livelifetoinspire.org\/?page_id=101267"},"modified":"2024-10-02T14:51:19","modified_gmt":"2024-10-02T14:51:19","slug":"haiti-2","status":"publish","type":"page","link":"https:\/\/livelifetoinspire.org\/fr\/haiti-2\/","title":{"rendered":"Ha\u00efti"},"content":{"rendered":"<div class=\"wpb-content-wrapper\"><div data-parent=\"true\" class=\"vc_row has-bg need-focus style-color-113142-bg row-container\" id=\"row-unique-0\"><div class=\"row-background background-element\" style=\"opacity: 1;\">\n\t\t\t\t\t\t\t\t\t\t\t<div class=\"background-wrapper\">\n\t\t\t\t\t\t\t\t\t\t\t\t<div class=\"background-inner\"><\/div>\n\t\t\t\t\t\t\t\t\t\t\t\t<div class=\"block-bg-overlay style-color-113142-bg\" style=\"opacity: 0.8;\"><\/div>\n\t\t\t\t\t\t\t\t\t\t\t<\/div>\n\t\t\t\t\t\t\t\t\t\t<\/div><div class=\"row unequal col-double-gutter single-top-padding single-bottom-padding single-h-padding limit-width row-parent\"><div class=\"wpb_row row-inner\"><div class=\"wpb_column pos-middle pos-center align_center column_parent col-lg-12 single-internal-gutter\"><div class=\"uncol style-spec style-dark\"  ><div class=\"uncoltable\"><div class=\"uncell no-block-padding\" ><div class=\"uncont\" ><div class=\"vc_custom_heading_wrap\"><div class=\"heading-text el-text\" ><h3 class=\"h2\" ><span>2024<\/span><\/h3><\/div><div class=\"clear\"><\/div><\/div><\/div><\/div><\/div><\/div><\/div><script id=\"script-row-unique-0\" data-row=\"script-row-unique-0\" type=\"text\/javascript\" class=\"vc_controls\">UNCODE.initRow(document.getElementById(\"row-unique-0\"));<\/script><\/div><\/div><\/div><div data-parent=\"true\" class=\"vc_row row-container\" id=\"row-unique-1\"><div class=\"row col-double-gutter triple-top-padding double-bottom-padding single-h-padding limit-width row-parent\"><div class=\"wpb_row row-inner\"><div class=\"wpb_column pos-middle pos-left align_left column_parent col-lg-6 col-md-50 single-internal-gutter\"><div class=\"uncol style-light\"  ><div class=\"uncoltable\"><div class=\"uncell no-block-padding\" ><div class=\"uncont\" ><div class=\"vc_custom_heading_wrap\"><div class=\"heading-text el-text\" ><h6 class=\"fontsize-160000 fontspace-135905 text-accent-color text-uppercase\" ><span>B\u00c9N\u00c9FICIAIRE DU PARRAINAGE DE FORMATION PROFESSIONNELLE<\/span><\/h6><\/div><div class=\"clear\"><\/div><\/div><div class=\"vc_custom_heading_wrap\"><div class=\"heading-text el-text\" ><h3 class=\"h1 font-weight-700\" ><span>Jean\u00e9lie LEANDRE<\/span><\/h3><div><p>\u00c9tudes CULINAIRES - 2024<\/p>\n<\/div><\/div><div class=\"clear\"><\/div><\/div><div class=\"uncode-single-media  text-left\"><div class=\"single-wrapper\" style=\"max-width: 100%;\"><div class=\"tmb tmb-light  tmb-media-first tmb-media-last tmb-content-overlay tmb-no-bg tmb-lightbox\"><div class=\"t-inside\"><div class=\"t-entry-visual\"><div class=\"t-entry-visual-tc\"><div class=\"uncode-single-media-wrapper\"><div class=\"dummy\" style=\"padding-top: 77.3%;\"><\/div><a href=\"https:\/\/livelifetoinspire.org\/wp-content\/uploads\/2024\/04\/jeanelie-cert.png\" class=\"pushed\" data-active=\"1\" data-lbox=\"ilightbox_single-190659\" data-external-thumb-image=\"https:\/\/livelifetoinspire.org\/wp-content\/uploads\/2024\/04\/jeanelie-cert-300x300.png\" data-lg-size=\"512-396\"><img decoding=\"async\" class=\"wp-image-101883\" src=\"https:\/\/livelifetoinspire.org\/wp-content\/uploads\/2024\/04\/jeanelie-cert.png\" width=\"512\" height=\"396\" alt=\"\" srcset=\"https:\/\/livelifetoinspire.org\/wp-content\/uploads\/2024\/04\/jeanelie-cert.png 512w, https:\/\/livelifetoinspire.org\/wp-content\/uploads\/2024\/04\/jeanelie-cert-16x12.png 16w, https:\/\/livelifetoinspire.org\/wp-content\/uploads\/2024\/04\/jeanelie-cert-350x271.png 350w, https:\/\/livelifetoinspire.org\/wp-content\/uploads\/2024\/04\/jeanelie-cert-60x46.png 60w, https:\/\/livelifetoinspire.org\/wp-content\/uploads\/2024\/04\/jeanelie-cert-110x85.png 110w\" sizes=\"(max-width: 512px) 100vw, 512px\" \/><\/a><\/div>\n\t\t\t\t\t<\/div>\n\t\t\t\t<\/div><\/div><\/div><\/div><\/div><\/div><\/div><\/div><\/div><\/div><div class=\"wpb_column pos-top pos-center align_left column_parent col-lg-6 inverted-device-order col-md-50 single-internal-gutter\"><div class=\"uncol style-light\"  ><div class=\"uncoltable\"><div class=\"uncell no-block-padding\" ><div class=\"uncont\" ><div class=\"uncode-single-media  text-right\"><div class=\"single-wrapper\" style=\"max-width: 100%;\"><div class=\"tmb tmb-light  tmb-img-ratio tmb-media-first tmb-media-last tmb-content-overlay tmb-no-bg\"><div class=\"t-inside\"><div class=\"t-entry-visual\"><div class=\"t-entry-visual-tc\"><div class=\"uncode-single-media-wrapper\"><div class=\"dummy\" style=\"padding-top: 100%;\"><\/div><img decoding=\"async\" class=\"wp-image-101882\" src=\"https:\/\/livelifetoinspire.org\/wp-content\/uploads\/2024\/04\/jeanelie-uai-410x410.png\" width=\"410\" height=\"410\" alt=\"\"><\/div>\n\t\t\t\t\t<\/div>\n\t\t\t\t<\/div><\/div><\/div><\/div><\/div><\/div><\/div><\/div><\/div><\/div><script id=\"script-row-unique-1\" data-row=\"script-row-unique-1\" type=\"text\/javascript\" class=\"vc_controls\">UNCODE.initRow(document.getElementById(\"row-unique-1\"));<\/script><\/div><\/div><\/div><div data-parent=\"true\" class=\"vc_row has-bg need-focus style-color-113142-bg row-container\" id=\"row-unique-2\"><div class=\"row-background background-element\" style=\"opacity: 1;\">\n\t\t\t\t\t\t\t\t\t\t\t<div class=\"background-wrapper\">\n\t\t\t\t\t\t\t\t\t\t\t\t<div class=\"background-inner\"><\/div>\n\t\t\t\t\t\t\t\t\t\t\t\t<div class=\"block-bg-overlay style-color-113142-bg\" style=\"opacity: 0.8;\"><\/div>\n\t\t\t\t\t\t\t\t\t\t\t<\/div>\n\t\t\t\t\t\t\t\t\t\t<\/div><div class=\"row unequal col-double-gutter single-top-padding single-bottom-padding single-h-padding limit-width row-parent\"><div class=\"wpb_row row-inner\"><div class=\"wpb_column pos-middle pos-center align_center column_parent col-lg-12 single-internal-gutter\"><div class=\"uncol style-spec style-dark\"  ><div class=\"uncoltable\"><div class=\"uncell no-block-padding\" ><div class=\"uncont\" ><div class=\"vc_custom_heading_wrap\"><div class=\"heading-text el-text\" ><h3 class=\"h2\" ><span>2023<\/span><\/h3><\/div><div class=\"clear\"><\/div><\/div><\/div><\/div><\/div><\/div><\/div><script id=\"script-row-unique-2\" data-row=\"script-row-unique-2\" type=\"text\/javascript\" class=\"vc_controls\">UNCODE.initRow(document.getElementById(\"row-unique-2\"));<\/script><\/div><\/div><\/div><div data-parent=\"true\" class=\"vc_row inverted-device-order row-container\" id=\"row-unique-3\"><div class=\"row double-top-padding double-bottom-padding double-h-padding full-width row-parent\"><div class=\"wpb_row row-inner\"><div class=\"wpb_column pos-middle pos-left align_left column_parent col-lg-4 col-md-50 single-internal-gutter\"><div class=\"uncol style-light\"  ><div class=\"uncoltable\"><div class=\"uncell no-block-padding\" ><div class=\"uncont\" ><div class=\"vc_custom_heading_wrap\"><div class=\"heading-text el-text\" ><h6 class=\"fontsize-160000 fontspace-135905 text-accent-color text-uppercase\" ><span>B\u00e9n\u00e9ficiaire du parrainage de la formation professionnelle<\/span><\/h6><\/div><div class=\"clear\"><\/div><\/div><div class=\"vc_custom_heading_wrap\"><div class=\"heading-text el-text\" ><h3 class=\"h1 font-weight-700\" ><span>Sandiana Fleuridor<\/span><\/h3><div><p>Je suis un entrepreneur de d\u00e9tail, vivant avec ma famille dont je suis le plus jeune. J&#039;ai une passion pour la cosm\u00e9tologie, en particulier les coiffures. Donc, l&#039;un de mes objectifs est d&#039;ouvrir ma propre entreprise et d&#039;avoir mon propre salon de beaut\u00e9. Je pense qu&#039;avec l&#039;aide de la fondation, j&#039;esp\u00e8re que mes r\u00eaves se r\u00e9aliseront.<\/p>\n<\/div><\/div><div class=\"clear\"><\/div><\/div><\/div><\/div><\/div><\/div><\/div><div class=\"wpb_column pos-top pos-center align_left column_parent col-lg-4 col-md-50 single-internal-gutter\"><div class=\"uncol style-light\"  ><div class=\"uncoltable\"><div class=\"uncell no-block-padding\" ><div class=\"uncont\" ><div class=\"uncode-single-media  text-right\"><div class=\"single-wrapper\" style=\"max-width: 100%;\"><div class=\"uncode-single-media-wrapper single-advanced\"><div class=\"tmb tmb-light tmb-overlay-text-anim tmb-overlay-anim tmb-overlay-bottom tmb-overlay-text-left tmb-image-anim  tmb-media-first tmb-media-last tmb-content-overlay tmb-no-bg\" ><div class=\"t-inside\" ><div class=\"t-entry-visual\"><div class=\"t-entry-visual-tc\"><div class=\"t-entry-visual-cont\"><div class=\"dummy\" style=\"padding-top: 85.2%;\"><\/div><a  class=\"inactive-link pushed\"><div class=\"t-entry-visual-overlay\"><div class=\"t-entry-visual-overlay-in style-dark-bg\" style=\"opacity: 0.5;\"><\/div><\/div><img decoding=\"async\" class=\"wp-image-101440\" src=\"https:\/\/livelifetoinspire.org\/wp-content\/uploads\/2023\/04\/WhatsApp-Image-2023-04-28-at-11.21.08.jpg\" width=\"884\" height=\"753\" alt=\"\" srcset=\"https:\/\/livelifetoinspire.org\/wp-content\/uploads\/2023\/04\/WhatsApp-Image-2023-04-28-at-11.21.08.jpg 884w, https:\/\/livelifetoinspire.org\/wp-content\/uploads\/2023\/04\/WhatsApp-Image-2023-04-28-at-11.21.08-600x511.jpg 600w, https:\/\/livelifetoinspire.org\/wp-content\/uploads\/2023\/04\/WhatsApp-Image-2023-04-28-at-11.21.08-768x654.jpg 768w, https:\/\/livelifetoinspire.org\/wp-content\/uploads\/2023\/04\/WhatsApp-Image-2023-04-28-at-11.21.08-60x51.jpg 60w, https:\/\/livelifetoinspire.org\/wp-content\/uploads\/2023\/04\/WhatsApp-Image-2023-04-28-at-11.21.08-110x94.jpg 110w, https:\/\/livelifetoinspire.org\/wp-content\/uploads\/2023\/04\/WhatsApp-Image-2023-04-28-at-11.21.08-14x12.jpg 14w, https:\/\/livelifetoinspire.org\/wp-content\/uploads\/2023\/04\/WhatsApp-Image-2023-04-28-at-11.21.08-350x298.jpg 350w\" sizes=\"(max-width: 884px) 100vw, 884px\" \/><\/a><\/div>\n\t\t\t\t\t<\/div>\n\t\t\t\t<\/div><\/div><\/div><\/div><\/div><\/div><\/div><\/div><\/div><\/div><\/div><div class=\"wpb_column pos-top pos-center align_left column_parent col-lg-4 col-md-clear single-internal-gutter\"><div class=\"uncol style-light\"  ><div class=\"uncoltable\"><div class=\"uncell no-block-padding\" ><div class=\"uncont\" >\n\t<div class=\"wpb_raw_code wpb_raw_html\" >\n\t\t<div class=\"wpb_wrapper\">\n\t\t\t<iframe width=\"600\" height=\"500\" src=\"https:\/\/www.youtube.com\/embed\/IPScBAoYl9E\" title=\"Lecteur vid\u00e9o YouTube\" frameborder=\"0\" allow=\"accelerometer; autoplay; clipboard-write; encrypted-media; gyroscope; picture-in-picture; web-share\" allowfullscreen><\/iframe>\n\t\t<\/div>\n\t<\/div>\n<\/div><\/div><\/div><\/div><\/div><script id=\"script-row-unique-3\" data-row=\"script-row-unique-3\" type=\"text\/javascript\" class=\"vc_controls\">UNCODE.initRow(document.getElementById(\"row-unique-3\"));<\/script><\/div><\/div><\/div><div data-parent=\"true\" class=\"vc_row has-bg need-focus style-color-113142-bg row-container\" id=\"row-unique-4\"><div class=\"row-background background-element\" style=\"opacity: 1;\">\n\t\t\t\t\t\t\t\t\t\t\t<div class=\"background-wrapper\">\n\t\t\t\t\t\t\t\t\t\t\t\t<div class=\"background-inner\"><\/div>\n\t\t\t\t\t\t\t\t\t\t\t\t<div class=\"block-bg-overlay style-color-113142-bg\" style=\"opacity: 0.8;\"><\/div>\n\t\t\t\t\t\t\t\t\t\t\t<\/div>\n\t\t\t\t\t\t\t\t\t\t<\/div><div class=\"row unequal col-double-gutter single-top-padding single-bottom-padding single-h-padding limit-width row-parent\"><div class=\"wpb_row row-inner\"><div class=\"wpb_column pos-middle pos-center align_center column_parent col-lg-12 single-internal-gutter\"><div class=\"uncol style-spec style-dark\"  ><div class=\"uncoltable\"><div class=\"uncell no-block-padding\" ><div class=\"uncont\" ><div class=\"vc_custom_heading_wrap\"><div class=\"heading-text el-text\" ><h3 class=\"h2\" ><span>2022<\/span><\/h3><\/div><div class=\"clear\"><\/div><\/div><\/div><\/div><\/div><\/div><\/div><script id=\"script-row-unique-4\" data-row=\"script-row-unique-4\" type=\"text\/javascript\" class=\"vc_controls\">UNCODE.initRow(document.getElementById(\"row-unique-4\"));<\/script><\/div><\/div><\/div><div data-parent=\"true\" class=\"vc_row inverted-device-order row-container\" id=\"row-unique-5\"><div class=\"row col-double-gutter triple-top-padding double-bottom-padding single-h-padding limit-width row-parent\"><div class=\"wpb_row row-inner\"><div class=\"wpb_column pos-middle pos-left align_left column_parent col-lg-6 col-md-50 single-internal-gutter\"><div class=\"uncol style-light\"  ><div class=\"uncoltable\"><div class=\"uncell no-block-padding\" ><div class=\"uncont\" ><div class=\"vc_custom_heading_wrap\"><div class=\"heading-text el-text\" ><h6 class=\"fontsize-160000 fontspace-135905 text-accent-color text-uppercase\" ><span>B\u00e9n\u00e9ficiaire du parrainage de la formation professionnelle<\/span><\/h6><\/div><div class=\"clear\"><\/div><\/div><div class=\"vc_custom_heading_wrap\"><div class=\"heading-text el-text\" ><h3 class=\"h1 font-weight-700\" ><span>Wilson LOMPR\u00c9<\/span><\/h3><div><p>Je suis un professionnel de l&#039;\u00e9lectricit\u00e9 domestique, du carrelage, de l&#039;installation de panneaux solaires, de l&#039;entretien et de la r\u00e9g\u00e9n\u00e9ration des batteries au plomb. Je vis actuellement avec ma m\u00e8re, une femme courageuse qui n&#039;abandonne jamais face aux difficult\u00e9s. J&#039;ai deux fr\u00e8res et s\u0153urs et notre p\u00e8re est d\u00e9c\u00e9d\u00e9 le 6 mars 2020. Cette m\u00eame ann\u00e9e, la situation est devenue si difficile pour la famille car nous avions beaucoup de difficult\u00e9s \u00e9conomiques. Je suis celui qui prend le r\u00f4le de mon p\u00e8re maintenant parce que je suis le plus \u00e2g\u00e9.<\/p>\n<p>Mon amour pour la programmation informatique vient de la technologie qui progresse dans le monde. Presque tout dans le monde fonctionne \u00e0 l&#039;\u00e9lectricit\u00e9 et en raison des comp\u00e9tences que j&#039;ai en \u00e9lectricit\u00e9, je dis que si je combine mes comp\u00e9tences en \u00e9lectricit\u00e9 avec la technologie, je pourrai cr\u00e9er des robots pour prendre soin de la maison, cr\u00e9er des sites Web, cr\u00e9er le mien demande, je pourrai avoir ma propre compagnie de t\u00e9l\u00e9phone. Enfin, j&#039;esp\u00e8re obtenir le soutien de la fondation pour me permettre de r\u00e9aliser mes r\u00eaves.<\/p>\n<\/div><\/div><div class=\"clear\"><\/div><\/div><\/div><\/div><\/div><\/div><\/div><div class=\"wpb_column pos-top pos-center align_left column_parent col-lg-6 inverted-device-order col-md-50 single-internal-gutter\"><div class=\"uncol style-light\"  ><div class=\"uncoltable\"><div class=\"uncell no-block-padding\" ><div class=\"uncont\" ><div class=\"uncode-single-media  text-right\"><div class=\"single-wrapper\" style=\"max-width: 100%;\"><div class=\"tmb tmb-light  tmb-img-ratio tmb-media-first tmb-media-last tmb-content-overlay tmb-no-bg\"><div class=\"t-inside\"><div class=\"t-entry-visual\"><div class=\"t-entry-visual-tc\"><div class=\"uncode-single-media-wrapper\"><div class=\"dummy\" style=\"padding-top: 100%;\"><\/div><img decoding=\"async\" class=\"wp-image-101272\" src=\"https:\/\/livelifetoinspire.org\/wp-content\/uploads\/2022\/11\/unnamed-uai-471x471.png\" width=\"471\" height=\"471\" alt=\"\"><\/div>\n\t\t\t\t\t<\/div>\n\t\t\t\t<\/div><\/div><\/div><\/div><\/div><\/div><\/div><\/div><\/div><\/div><script id=\"script-row-unique-5\" data-row=\"script-row-unique-5\" type=\"text\/javascript\" class=\"vc_controls\">UNCODE.initRow(document.getElementById(\"row-unique-5\"));<\/script><\/div><\/div><\/div><div data-parent=\"true\" class=\"vc_row inverted-device-order row-container\" id=\"row-unique-6\"><div class=\"row double-top-padding double-bottom-padding double-h-padding full-width row-parent\"><div class=\"wpb_row row-inner\"><div class=\"wpb_column pos-middle pos-left align_left column_parent col-lg-4 col-md-50 single-internal-gutter\"><div class=\"uncol style-light\"  ><div class=\"uncoltable\"><div class=\"uncell no-block-padding\" ><div class=\"uncont\" ><div class=\"vc_custom_heading_wrap\"><div class=\"heading-text el-text\" ><h6 class=\"fontsize-160000 fontspace-135905 text-accent-color text-uppercase\" ><span>B\u00e9n\u00e9ficiaire du parrainage de la formation professionnelle<\/span><\/h6><\/div><div class=\"clear\"><\/div><\/div><div class=\"vc_custom_heading_wrap\"><div class=\"heading-text el-text\" ><h3 class=\"h1 font-weight-700\" ><span>Germanie FIEFF\u00c9<\/span><\/h3><div><p>Je suis une jeune passionn\u00e9e par la lecture, l&#039;\u00e9criture, l&#039;art, principalement tout ce qui touche au d\u00e9veloppement de l&#039;\u00eatre humain. Depuis plusieurs ann\u00e9es, j&#039;ai une admiration pour la communication. Donc, l&#039;un de mes plus grands objectifs est de devenir un orateur exceptionnel dans le monde entier. Je pense qu&#039;avec ce parrainage je pourrai faire un pas de plus vers la r\u00e9alisation de ce grand r\u00eave.<\/p>\n<\/div><\/div><div class=\"clear\"><\/div><\/div><\/div><\/div><\/div><\/div><\/div><div class=\"wpb_column pos-top pos-center align_left column_parent col-lg-4 col-md-50 single-internal-gutter\"><div class=\"uncol style-light\"  ><div class=\"uncoltable\"><div class=\"uncell no-block-padding\" ><div class=\"uncont\" ><div class=\"uncode-single-media  text-right\"><div class=\"single-wrapper\" style=\"max-width: 100%;\"><div class=\"uncode-single-media-wrapper single-advanced\"><div class=\"tmb tmb-light tmb-overlay-text-anim tmb-overlay-anim tmb-overlay-top tmb-overlay-text-left tmb-image-anim  tmb-img-ratio tmb-media-first tmb-media-last tmb-content-overlay tmb-no-bg\" ><div class=\"t-inside\" ><div class=\"t-entry-visual\"><div class=\"t-entry-visual-tc\"><div class=\"t-entry-visual-cont\"><div class=\"dummy\" style=\"padding-top: 100%;\"><\/div><a  class=\"inactive-link pushed\"><div class=\"t-entry-visual-overlay\"><div class=\"t-entry-visual-overlay-in style-dark-bg\" style=\"opacity: 0.5;\"><\/div><\/div><img decoding=\"async\" class=\"wp-image-101270\" src=\"https:\/\/livelifetoinspire.org\/wp-content\/uploads\/2022\/11\/unnamed-uai-364x364.jpg\" width=\"364\" height=\"364\" alt=\"\" \/><\/a><\/div>\n\t\t\t\t\t<\/div>\n\t\t\t\t<\/div><\/div><\/div><\/div><\/div><\/div><\/div><\/div><\/div><\/div><\/div><div class=\"wpb_column pos-top pos-center align_left column_parent col-lg-4 col-md-clear single-internal-gutter\"><div class=\"uncol style-light\"  ><div class=\"uncoltable\"><div class=\"uncell no-block-padding\" ><div class=\"uncont\" >\n\t<div class=\"wpb_raw_code wpb_raw_html\" >\n\t\t<div class=\"wpb_wrapper\">\n\t\t\t<iframe width=\"600\" height=\"500\" src=\"https:\/\/www.youtube.com\/embed\/Uao7AT6-tgo\" title=\"Autonomisation de la jeunesse - Germanie FIEFF\u00c9\" frameborder=\"0\" allow=\"accelerometer; autoplay; clipboard-write; encrypted-media; gyroscope; picture-in-picture\" allowfullscreen><\/iframe>\n\t\t<\/div>\n\t<\/div>\n<\/div><\/div><\/div><\/div><\/div><script id=\"script-row-unique-6\" data-row=\"script-row-unique-6\" type=\"text\/javascript\" class=\"vc_controls\">UNCODE.initRow(document.getElementById(\"row-unique-6\"));<\/script><\/div><\/div><\/div>\n<\/div>","protected":false},"excerpt":{"rendered":"2024VOCATIONAL SKILLS TRAINING SPONSORSHIP RECIPIENTJeanelie LEANDREStudying CULINARY - 2024 2023Vocational Skills Training Sponsorship RecipientSandiana FleuridorI am a retail entrepreneur, living [...]","protected":false},"author":1,"featured_media":0,"parent":0,"menu_order":0,"comment_status":"closed","ping_status":"closed","template":"","meta":{"give_campaign_id":0,"footnotes":""},"class_list":["post-101267","page","type-page","status-publish","hentry"],"campaignId":"","_links":{"self":[{"href":"https:\/\/livelifetoinspire.org\/fr\/wp-json\/wp\/v2\/pages\/101267","targetHints":{"allow":["GET"]}}],"collection":[{"href":"https:\/\/livelifetoinspire.org\/fr\/wp-json\/wp\/v2\/pages"}],"about":[{"href":"https:\/\/livelifetoinspire.org\/fr\/wp-json\/wp\/v2\/types\/page"}],"author":[{"embeddable":true,"href":"https:\/\/livelifetoinspire.org\/fr\/wp-json\/wp\/v2\/users\/1"}],"replies":[{"embeddable":true,"href":"https:\/\/livelifetoinspire.org\/fr\/wp-json\/wp\/v2\/comments?post=101267"}],"version-history":[{"count":5,"href":"https:\/\/livelifetoinspire.org\/fr\/wp-json\/wp\/v2\/pages\/101267\/revisions"}],"predecessor-version":[{"id":101269,"href":"https:\/\/livelifetoinspire.org\/fr\/wp-json\/wp\/v2\/pages\/101267\/revisions\/101269"}],"wp:attachment":[{"href":"https:\/\/livelifetoinspire.org\/fr\/wp-json\/wp\/v2\/media?parent=101267"}],"curies":[{"name":"wp","href":"https:\/\/api.w.org\/{rel}","templated":true}]}}