{"id":101281,"date":"2022-11-23T14:47:53","date_gmt":"2022-11-23T14:47:53","guid":{"rendered":"https:\/\/livelifetoinspire.org\/?page_id=101281"},"modified":"2025-12-15T15:37:12","modified_gmt":"2025-12-15T15:37:12","slug":"testimonials","status":"publish","type":"page","link":"https:\/\/livelifetoinspire.org\/fr\/testimonials\/","title":{"rendered":"T\u00e9moignages"},"content":{"rendered":"<div class=\"wpb-content-wrapper\"><div data-parent=\"true\" class=\"vc_row row-container\" id=\"row-unique-0\"><div class=\"row limit-width row-parent\"><div class=\"wpb_row row-inner\"><div class=\"wpb_column pos-top pos-center align_left column_parent col-lg-6 single-internal-gutter\"><div class=\"uncol style-light\"  ><div class=\"uncoltable\"><div class=\"uncell no-block-padding\" ><div class=\"uncont\" ><div class=\"uncode-single-media  text-center\"><div class=\"single-wrapper\" style=\"max-width: 86%;\"><div class=\"tmb tmb-light  tmb-media-first tmb-media-last tmb-content-overlay tmb-no-bg\"><div class=\"t-inside\"><div class=\"t-entry-visual\"><div class=\"t-entry-visual-tc\"><div class=\"uncode-single-media-wrapper\"><img decoding=\"async\" class=\"wp-image-102523\" src=\"https:\/\/livelifetoinspire.org\/wp-content\/uploads\/2025\/12\/FOTO-15.jpg\" width=\"1080\" height=\"817\" alt=\"\" srcset=\"https:\/\/livelifetoinspire.org\/wp-content\/uploads\/2025\/12\/FOTO-15.jpg 1080w, https:\/\/livelifetoinspire.org\/wp-content\/uploads\/2025\/12\/FOTO-15-600x454.jpg 600w, https:\/\/livelifetoinspire.org\/wp-content\/uploads\/2025\/12\/FOTO-15-768x581.jpg 768w, https:\/\/livelifetoinspire.org\/wp-content\/uploads\/2025\/12\/FOTO-15-16x12.jpg 16w, https:\/\/livelifetoinspire.org\/wp-content\/uploads\/2025\/12\/FOTO-15-350x265.jpg 350w, https:\/\/livelifetoinspire.org\/wp-content\/uploads\/2025\/12\/FOTO-15-60x45.jpg 60w, https:\/\/livelifetoinspire.org\/wp-content\/uploads\/2025\/12\/FOTO-15-110x83.jpg 110w\" sizes=\"(max-width: 1080px) 100vw, 1080px\" \/><\/div>\n\t\t\t\t\t<\/div>\n\t\t\t\t<\/div><\/div><\/div><\/div><\/div><\/div><\/div><\/div><\/div><\/div><div class=\"wpb_column pos-middle pos-center align_left column_parent col-lg-6 single-internal-gutter\"><div class=\"uncol style-light\"  ><div class=\"uncoltable\"><div class=\"uncell no-block-padding\" ><div class=\"uncont\" ><div class=\"uncode_text_column text-small\" ><p>Cher supporter,<\/p>\n<p>Je tiens \u00e0 exprimer ma sinc\u00e8re gratitude \u00e0 la Fondation Christine Merveil Never Backdown pour avoir parrain\u00e9 la participation de dix jeunes \u00e0 notre atelier de formation \u00e0 la r\u00e9daction de spots publicitaires, qui s&#039;est tenu le 29 novembre 2025 \u00e0 l&#039;Institution Arc-en-Ciel.<\/p>\n<p>Gr\u00e2ce \u00e0 votre g\u00e9n\u00e9reux soutien, plusieurs jeunes participants ont pu b\u00e9n\u00e9ficier d&#039;un environnement d&#039;apprentissage stimulant, offrant de r\u00e9elles perspectives d&#039;avenir dans le domaine de la communication publicitaire. Votre contribution t\u00e9moigne de votre engagement envers l&#039;\u00e9ducation, l&#039;\u00e9panouissement et la promotion des jeunes talents au sein de notre communaut\u00e9. Nous vous sommes profond\u00e9ment reconnaissants de votre implication.<\/p>\n<p>Nous esp\u00e9rons sinc\u00e8rement renouveler ce partenariat afin de soutenir d&#039;autres initiatives d\u00e9di\u00e9es \u00e0 la formation et au d\u00e9veloppement des jeunes. Ce serait un honneur de pouvoir compter \u00e0 nouveau sur votre pr\u00e9cieuse collaboration pour nos activit\u00e9s \u00e0 venir.<\/p>\n<p>Nous sommes \u00e9galement heureux de vous pr\u00e9senter les moments cl\u00e9s qui ont marqu\u00e9 cette journ\u00e9e importante \u00e0 travers les images et l&#039;enregistrement audio ci-joints.<\/p>\n<p>Veuillez agr\u00e9er l&#039;assurance de notre plus haute estime et de notre profonde reconnaissance.<\/p>\n<p>Sinc\u00e8rement,<\/p>\n<p>Amos Yacinthe<br \/>\nPDG \u2013 MA VOIX OFF 2.0<br \/>\n3704\u20130895<\/p>\n<\/div><\/div><\/div><\/div><\/div><\/div><script id=\"script-row-unique-0\" data-row=\"script-row-unique-0\" type=\"text\/javascript\" class=\"vc_controls\">UNCODE.initRow(document.getElementById(\"row-unique-0\"));<\/script><\/div><\/div><\/div><div data-parent=\"true\" class=\"vc_row row-container\" id=\"row-unique-1\"><div class=\"row limit-width row-parent\"><div class=\"wpb_row row-inner\"><div class=\"wpb_column pos-top pos-center align_left column_parent col-lg-12 single-internal-gutter\"><div class=\"uncol style-light\"  ><div class=\"uncoltable\"><div class=\"uncell no-block-padding\" ><div class=\"uncont\" ><div class=\"divider-wrapper\"  >\n    <div class=\"unseparator divider divider-center-icon border-accent-color\">\n                <div class=\"divider-icon icon-inactive btn-accent\">\n            <i class=\"fa fa-minus\"><\/i>\n        <\/div>\n            <\/div>\n<\/div>\n<\/div><\/div><\/div><\/div><\/div><script id=\"script-row-unique-1\" data-row=\"script-row-unique-1\" type=\"text\/javascript\" class=\"vc_controls\">UNCODE.initRow(document.getElementById(\"row-unique-1\"));<\/script><\/div><\/div><\/div><div data-parent=\"true\" class=\"vc_row row-container\" id=\"row-unique-2\"><div class=\"row limit-width row-parent\"><div class=\"wpb_row row-inner\"><div class=\"wpb_column pos-top pos-center align_left column_parent col-lg-6 single-internal-gutter\"><div class=\"uncol style-light\"  ><div class=\"uncoltable\"><div class=\"uncell no-block-padding\" ><div class=\"uncont\" ><div class=\"uncode-single-media  text-center\"><div class=\"single-wrapper\" style=\"max-width: 67%;\"><div class=\"tmb tmb-light  tmb-media-first tmb-media-last tmb-content-overlay tmb-no-bg\"><div class=\"t-inside\"><div class=\"t-entry-visual\"><div class=\"t-entry-visual-tc\"><div class=\"uncode-single-media-wrapper\"><img decoding=\"async\" class=\"wp-image-102237\" src=\"https:\/\/livelifetoinspire.org\/wp-content\/uploads\/2024\/12\/fany-2.jpg\" width=\"412\" height=\"476\" alt=\"\" srcset=\"https:\/\/livelifetoinspire.org\/wp-content\/uploads\/2024\/12\/fany-2.jpg 412w, https:\/\/livelifetoinspire.org\/wp-content\/uploads\/2024\/12\/fany-2-10x12.jpg 10w, https:\/\/livelifetoinspire.org\/wp-content\/uploads\/2024\/12\/fany-2-350x404.jpg 350w, https:\/\/livelifetoinspire.org\/wp-content\/uploads\/2024\/12\/fany-2-60x69.jpg 60w, https:\/\/livelifetoinspire.org\/wp-content\/uploads\/2024\/12\/fany-2-110x127.jpg 110w\" sizes=\"(max-width: 412px) 100vw, 412px\" \/><\/div>\n\t\t\t\t\t<\/div>\n\t\t\t\t<\/div><\/div><\/div><\/div><\/div><\/div><\/div><\/div><\/div><\/div><div class=\"wpb_column pos-middle pos-center align_left column_parent col-lg-6 single-internal-gutter\"><div class=\"uncol style-light\"  ><div class=\"uncoltable\"><div class=\"uncell no-block-padding\" ><div class=\"uncont\" ><div class=\"uncode_text_column text-small\" ><p>Siguatepeque, Comayagua novembre 2024<\/p>\n<p>\u00c0 : La Fondation Christine Merveil Never Back Down<\/p>\n<p>Que Dieu Tout-Puissant d\u00e9verse ses b\u00e9n\u00e9dictions sur vos vies.<br \/>\nJe suis tr\u00e8s reconnaissant de la confiance et du soutien que vous m&#039;avez apport\u00e9 pour le d\u00e9veloppement de ma petite entreprise, je m&#039;efforcerai de faire de mon mieux pour son d\u00e9veloppement.<\/p>\n<p>Merci beaucoup pour votre soutien inestimable.<\/p>\n<p>Fany Portillo<\/p>\n<\/div><\/div><\/div><\/div><\/div><\/div><script id=\"script-row-unique-2\" data-row=\"script-row-unique-2\" type=\"text\/javascript\" class=\"vc_controls\">UNCODE.initRow(document.getElementById(\"row-unique-2\"));<\/script><\/div><\/div><\/div><div data-parent=\"true\" class=\"vc_row row-container\" id=\"row-unique-3\"><div class=\"row limit-width row-parent\"><div class=\"wpb_row row-inner\"><div class=\"wpb_column pos-top pos-center align_left column_parent col-lg-12 single-internal-gutter\"><div class=\"uncol style-light\"  ><div class=\"uncoltable\"><div class=\"uncell no-block-padding\" ><div class=\"uncont\" ><div class=\"divider-wrapper\"  >\n    <div class=\"unseparator divider divider-center-icon border-accent-color\">\n                <div class=\"divider-icon icon-inactive btn-accent\">\n            <i class=\"fa fa-minus\"><\/i>\n        <\/div>\n            <\/div>\n<\/div>\n<\/div><\/div><\/div><\/div><\/div><script id=\"script-row-unique-3\" data-row=\"script-row-unique-3\" type=\"text\/javascript\" class=\"vc_controls\">UNCODE.initRow(document.getElementById(\"row-unique-3\"));<\/script><\/div><\/div><\/div><div data-parent=\"true\" class=\"vc_row row-container\" id=\"row-unique-4\"><div class=\"row limit-width row-parent\"><div class=\"wpb_row row-inner\"><div class=\"wpb_column pos-top pos-center align_left column_parent col-lg-6 single-internal-gutter\"><div class=\"uncol style-light\"  ><div class=\"uncoltable\"><div class=\"uncell no-block-padding\" ><div class=\"uncont\" ><div class=\"uncode-single-media  text-left\"><div class=\"single-wrapper\" style=\"max-width: 100%;\"><div class=\"tmb tmb-light  tmb-media-first tmb-media-last tmb-content-overlay tmb-no-bg\"><div class=\"t-inside\"><div class=\"t-entry-visual\"><div class=\"t-entry-visual-tc\"><div class=\"uncode-single-media-wrapper\"><img decoding=\"async\" class=\"wp-image-101270\" src=\"https:\/\/livelifetoinspire.org\/wp-content\/uploads\/2022\/11\/unnamed.jpg\" width=\"364\" height=\"512\" alt=\"\" srcset=\"https:\/\/livelifetoinspire.org\/wp-content\/uploads\/2022\/11\/unnamed.jpg 364w, https:\/\/livelifetoinspire.org\/wp-content\/uploads\/2022\/11\/unnamed-60x84.jpg 60w, https:\/\/livelifetoinspire.org\/wp-content\/uploads\/2022\/11\/unnamed-110x155.jpg 110w, https:\/\/livelifetoinspire.org\/wp-content\/uploads\/2022\/11\/unnamed-9x12.jpg 9w, https:\/\/livelifetoinspire.org\/wp-content\/uploads\/2022\/11\/unnamed-350x492.jpg 350w\" sizes=\"(max-width: 364px) 100vw, 364px\" \/><\/div>\n\t\t\t\t\t<\/div>\n\t\t\t\t<\/div><\/div><\/div><\/div><\/div><\/div><\/div><\/div><\/div><\/div><div class=\"wpb_column pos-top pos-center align_left column_parent col-lg-6 single-internal-gutter\"><div class=\"uncol style-light\"  ><div class=\"uncoltable\"><div class=\"uncell no-block-padding\" ><div class=\"uncont\" ><div class=\"uncode_text_column text-small\" ><p>Date : 27 ao\u00fbt 2024<br \/>\nObjet : Un mot de remerciement pour votre soutien ind\u00e9fectible<\/p>\n<p>Salutations<\/p>\n<p>C\u2019est avec une immense gratitude et une profonde \u00e9motion que je vous adresse cette lettre pour vous exprimer mes plus sinc\u00e8res remerciements. Gr\u00e2ce \u00e0 la g\u00e9n\u00e9rosit\u00e9 et \u00e0 la confiance que vous m\u2019avez accord\u00e9es, j\u2019ai pu poursuivre des \u00e9tudes professionnelles en Communication Administrative et d\u2019Entreprise, et j\u2019ai le plaisir de vous annoncer que j\u2019ai obtenu avec succ\u00e8s mon dipl\u00f4me du cursus en ao\u00fbt de l\u2019ann\u00e9e 2024.<\/p>\n<p>Votre soutien a \u00e9t\u00e9 bien plus qu\u2019une simple aide financi\u00e8re. Il a \u00e9t\u00e9 pour moi un v\u00e9ritable encouragement, une source d\u2019inspiration et de motivation dans des moments o\u00f9 les d\u00e9fis semblaient insurmontables. Votre engagement envers ma r\u00e9ussite m\u2019a donn\u00e9 la force et la d\u00e9termination de pers\u00e9v\u00e9rer et d\u2019atteindre mes objectifs acad\u00e9miques. J\u2019appr\u00e9cie pleinement l\u2019impact de votre geste et je tiens \u00e0 vous exprimer ma plus profonde gratitude. Ce dipl\u00f4me repr\u00e9sente non seulement l\u2019aboutissement de mes efforts, mais aussi le symbole de la confiance que vous m\u2019avez accord\u00e9e.<\/p>\n<p>Gr\u00e2ce \u00e0 vous, je peux maintenant envisager l\u2019avenir avec confiance et optimisme. Je suis d\u00e9termin\u00e9e \u00e0 utiliser les comp\u00e9tences que j\u2019ai acquises pour contribuer de mani\u00e8re significative au d\u00e9veloppement de ma communaut\u00e9 et \u00e0 honorer l\u2019investissement que vous avez fait en moi.<\/p>\n<p>Je vous remercie du fond du c\u0153ur d&#039;avoir cru en moi et de m&#039;avoir permis de r\u00e9aliser ce r\u00eave. Votre gentillesse et votre g\u00e9n\u00e9rosit\u00e9 ont marqu\u00e9 un tournant d\u00e9cisif dans ma vie et je vous en serai \u00e9ternellement reconnaissante.<\/p>\n<p>Je vous prie d\u2019agr\u00e9er mes salutations les plus chaleureuses et distingu\u00e9es.<\/p>\n<p>Allemagne FIEFF\u00c9<\/p>\n<\/div><\/div><\/div><\/div><\/div><\/div><script id=\"script-row-unique-4\" data-row=\"script-row-unique-4\" type=\"text\/javascript\" class=\"vc_controls\">UNCODE.initRow(document.getElementById(\"row-unique-4\"));<\/script><\/div><\/div><\/div><div data-parent=\"true\" class=\"vc_row row-container\" id=\"row-unique-5\"><div class=\"row limit-width row-parent\"><div class=\"wpb_row row-inner\"><div class=\"wpb_column pos-top pos-center align_left column_parent col-lg-12 single-internal-gutter\"><div class=\"uncol style-light\"  ><div class=\"uncoltable\"><div class=\"uncell no-block-padding\" ><div class=\"uncont\" ><div class=\"divider-wrapper\"  >\n    <div class=\"unseparator divider divider-center-icon border-accent-color\">\n                <div class=\"divider-icon icon-inactive btn-accent\">\n            <i class=\"fa fa-minus\"><\/i>\n        <\/div>\n            <\/div>\n<\/div>\n<\/div><\/div><\/div><\/div><\/div><script id=\"script-row-unique-5\" data-row=\"script-row-unique-5\" type=\"text\/javascript\" class=\"vc_controls\">UNCODE.initRow(document.getElementById(\"row-unique-5\"));<\/script><\/div><\/div><\/div><div data-parent=\"true\" class=\"vc_row row-container\" id=\"row-unique-6\"><div class=\"row limit-width row-parent\"><div class=\"wpb_row row-inner\"><div class=\"wpb_column pos-top pos-center align_left column_parent col-lg-6 single-internal-gutter\"><div class=\"uncol style-light\"  ><div class=\"uncoltable\"><div class=\"uncell no-block-padding\" ><div class=\"uncont\" ><div class=\"uncode-single-media  text-center\"><div class=\"single-wrapper\" style=\"max-width: 67%;\"><div class=\"tmb tmb-light  tmb-media-first tmb-media-last tmb-content-overlay tmb-no-bg\"><div class=\"t-inside\"><div class=\"t-entry-visual\"><div class=\"t-entry-visual-tc\"><div class=\"uncode-single-media-wrapper\"><img decoding=\"async\" class=\"wp-image-102236\" src=\"https:\/\/livelifetoinspire.org\/wp-content\/uploads\/2024\/12\/testimonial.jpg\" width=\"512\" height=\"512\" alt=\"\" srcset=\"https:\/\/livelifetoinspire.org\/wp-content\/uploads\/2024\/12\/testimonial.jpg 512w, https:\/\/livelifetoinspire.org\/wp-content\/uploads\/2024\/12\/testimonial-300x300.jpg 300w, https:\/\/livelifetoinspire.org\/wp-content\/uploads\/2024\/12\/testimonial-12x12.jpg 12w, https:\/\/livelifetoinspire.org\/wp-content\/uploads\/2024\/12\/testimonial-350x350.jpg 350w, https:\/\/livelifetoinspire.org\/wp-content\/uploads\/2024\/12\/testimonial-348x348.jpg 348w, https:\/\/livelifetoinspire.org\/wp-content\/uploads\/2024\/12\/testimonial-60x60.jpg 60w, https:\/\/livelifetoinspire.org\/wp-content\/uploads\/2024\/12\/testimonial-110x110.jpg 110w, https:\/\/livelifetoinspire.org\/wp-content\/uploads\/2024\/12\/testimonial-100x100.jpg 100w\" sizes=\"(max-width: 512px) 100vw, 512px\" \/><\/div>\n\t\t\t\t\t<\/div>\n\t\t\t\t<\/div><\/div><\/div><\/div><\/div><\/div><\/div><\/div><\/div><\/div><div class=\"wpb_column pos-top pos-center align_left column_parent col-lg-6 single-internal-gutter\"><div class=\"uncol style-light\"  ><div class=\"uncoltable\"><div class=\"uncell no-block-padding\" ><div class=\"uncont\" ><div class=\"uncode_text_column text-small\" ><p>Camasca Intibuc\u00e1<br \/>\n20 novembre 2024<br \/>\n\u00c0 : La Fondation Christine Merveil Never Back Down<\/p>\n<p>Je souhaite que vous soyez en bonne sant\u00e9 et en bonne forme \u00e0 la r\u00e9ception de cette lettre. Je voudrais vous adresser ces mots pour vous exprimer ma plus sinc\u00e8re gratitude pour le soutien et l&#039;aide apport\u00e9s \u00e0 mon entreprise, une mission qui transforme des vies et encourage le d\u00e9veloppement personnel et communautaire selon les principes chr\u00e9tiens.<\/p>\n<p>Que Dieu continue de b\u00e9nir votre travail et de multiplier les fruits de vos efforts.<\/p>\n<p>Avec gratitude : Linda Fonseca<\/p>\n<\/div><\/div><\/div><\/div><\/div><\/div><script id=\"script-row-unique-6\" data-row=\"script-row-unique-6\" type=\"text\/javascript\" class=\"vc_controls\">UNCODE.initRow(document.getElementById(\"row-unique-6\"));<\/script><\/div><\/div><\/div><div data-parent=\"true\" class=\"vc_row row-container\" id=\"row-unique-7\"><div class=\"row limit-width row-parent\"><div class=\"wpb_row row-inner\"><div class=\"wpb_column pos-top pos-center align_left column_parent col-lg-12 single-internal-gutter\"><div class=\"uncol style-light\"  ><div class=\"uncoltable\"><div class=\"uncell no-block-padding\" ><div class=\"uncont\" ><div class=\"divider-wrapper\"  >\n    <div class=\"unseparator divider divider-center-icon border-accent-color\">\n                <div class=\"divider-icon icon-inactive btn-accent\">\n            <i class=\"fa fa-minus\"><\/i>\n        <\/div>\n            <\/div>\n<\/div>\n<\/div><\/div><\/div><\/div><\/div><script id=\"script-row-unique-7\" data-row=\"script-row-unique-7\" type=\"text\/javascript\" class=\"vc_controls\">UNCODE.initRow(document.getElementById(\"row-unique-7\"));<\/script><\/div><\/div><\/div><div data-parent=\"true\" class=\"vc_row row-container\" id=\"row-unique-8\"><div class=\"row limit-width row-parent\"><div class=\"wpb_row row-inner\"><div class=\"wpb_column pos-top pos-center align_left column_parent col-lg-6 single-internal-gutter\"><div class=\"uncol style-light\"  ><div class=\"uncoltable\"><div class=\"uncell no-block-padding\" ><div class=\"uncont\" ><div class=\"uncode-single-media  text-left\"><div class=\"single-wrapper\" style=\"max-width: 100%;\"><div class=\"tmb tmb-light  tmb-media-first tmb-media-last tmb-content-overlay tmb-no-bg\"><div class=\"t-inside\"><div class=\"t-entry-visual\"><div class=\"t-entry-visual-tc\"><div class=\"uncode-single-media-wrapper\"><img decoding=\"async\" class=\"wp-image-101679\" src=\"https:\/\/livelifetoinspire.org\/wp-content\/uploads\/2023\/11\/WhatsApp-Image-2023-11-02-at-1.59.30-PM.jpeg\" width=\"418\" height=\"403\" alt=\"\" srcset=\"https:\/\/livelifetoinspire.org\/wp-content\/uploads\/2023\/11\/WhatsApp-Image-2023-11-02-at-1.59.30-PM.jpeg 418w, https:\/\/livelifetoinspire.org\/wp-content\/uploads\/2023\/11\/WhatsApp-Image-2023-11-02-at-1.59.30-PM-60x58.jpeg 60w, https:\/\/livelifetoinspire.org\/wp-content\/uploads\/2023\/11\/WhatsApp-Image-2023-11-02-at-1.59.30-PM-110x106.jpeg 110w, https:\/\/livelifetoinspire.org\/wp-content\/uploads\/2023\/11\/WhatsApp-Image-2023-11-02-at-1.59.30-PM-12x12.jpeg 12w, https:\/\/livelifetoinspire.org\/wp-content\/uploads\/2023\/11\/WhatsApp-Image-2023-11-02-at-1.59.30-PM-350x337.jpeg 350w\" sizes=\"(max-width: 418px) 100vw, 418px\" \/><\/div>\n\t\t\t\t\t<\/div>\n\t\t\t\t<\/div><\/div><\/div><\/div><\/div><\/div><\/div><\/div><\/div><\/div><div class=\"wpb_column pos-top pos-center align_left column_parent col-lg-6 single-internal-gutter\"><div class=\"uncol style-light\"  ><div class=\"uncoltable\"><div class=\"uncell no-block-padding\" ><div class=\"uncont\" ><div class=\"uncode_text_column text-small\" ><p>Lieu : Intibuca Conception. Honduras<br \/>\nDate: 05\/11\/2022<br \/>\n\u00c0 : Dr Betty Merveil-Ceneus et Mme Rosmery Montesino<br \/>\nFondation : La Fondation Christine Merveil Never Back Down Inc.<\/p>\n<p><strong>Mesdames Betty Merveil \u2013Ceneus et Rosmery Montesino<\/strong><\/p>\n<p>Tout d&#039;abord, recevez un accueil tr\u00e8s cordial, en esp\u00e9rant que vous \u00eates en bonne sant\u00e9 et que vous appr\u00e9ciez vos activit\u00e9s quotidiennes.<\/p>\n<p>Par cette lettre et au nom de Yeimy Estefany Mej\u00eda Maldonado, je tiens \u00e0 exprimer officiellement mes remerciements les plus sinc\u00e8res pour le soutien que vous m&#039;avez apport\u00e9 avec votre don. Gr\u00e2ce \u00e0 votre don, je pourrai continuer ma pr\u00e9paration pour devenir styliste professionnelle.<\/p>\n<p>Je suis tr\u00e8s heureux du soutien g\u00e9n\u00e9reux que vous m&#039;avez apport\u00e9. Sans votre collaboration je n&#039;aurais pas pu r\u00e9aliser autant de choses en si peu de temps, votre fondation a \u00e9t\u00e9 un pilier fondamental pour atteindre cet objectif. Je promets de faire tout ce qui est en mon pouvoir pour faire de ce projet un succ\u00e8s.<\/p>\n<p>Ce fut un grand plaisir pour ma famille et moi d&#039;avoir l&#039;opportunit\u00e9 de vous rencontrer m\u00eame si c&#039;\u00e9tait par appel vid\u00e9o. Nous esp\u00e9rons qu&#039;\u00e0 l&#039;avenir vous pourrez venir au Honduras pour nous rendre visite.<\/p>\n<p>Sans plus tarder, je vous remercie encore une fois pour votre soutien et votre collaboration.<\/p>\n<p>Sinc\u00e8rement,<br \/>\nYeimy<\/p>\n<\/div><\/div><\/div><\/div><\/div><\/div><script id=\"script-row-unique-8\" data-row=\"script-row-unique-8\" type=\"text\/javascript\" class=\"vc_controls\">UNCODE.initRow(document.getElementById(\"row-unique-8\"));<\/script><\/div><\/div><\/div>\n<\/div>","protected":false},"excerpt":{"rendered":"Dear supporter, I want to express my sincere gratitude to the Christine Merveil Never Backdown Foundation for sponsoring the participation [...]","protected":false},"author":1,"featured_media":0,"parent":0,"menu_order":0,"comment_status":"closed","ping_status":"closed","template":"","meta":{"give_campaign_id":0,"footnotes":""},"class_list":["post-101281","page","type-page","status-publish","hentry"],"campaignId":"","_links":{"self":[{"href":"https:\/\/livelifetoinspire.org\/fr\/wp-json\/wp\/v2\/pages\/101281","targetHints":{"allow":["GET"]}}],"collection":[{"href":"https:\/\/livelifetoinspire.org\/fr\/wp-json\/wp\/v2\/pages"}],"about":[{"href":"https:\/\/livelifetoinspire.org\/fr\/wp-json\/wp\/v2\/types\/page"}],"author":[{"embeddable":true,"href":"https:\/\/livelifetoinspire.org\/fr\/wp-json\/wp\/v2\/users\/1"}],"replies":[{"embeddable":true,"href":"https:\/\/livelifetoinspire.org\/fr\/wp-json\/wp\/v2\/comments?post=101281"}],"version-history":[{"count":5,"href":"https:\/\/livelifetoinspire.org\/fr\/wp-json\/wp\/v2\/pages\/101281\/revisions"}],"predecessor-version":[{"id":102536,"href":"https:\/\/livelifetoinspire.org\/fr\/wp-json\/wp\/v2\/pages\/101281\/revisions\/102536"}],"wp:attachment":[{"href":"https:\/\/livelifetoinspire.org\/fr\/wp-json\/wp\/v2\/media?parent=101281"}],"curies":[{"name":"wp","href":"https:\/\/api.w.org\/{rel}","templated":true}]}}