{"id":101575,"date":"2023-09-20T13:13:10","date_gmt":"2023-09-20T13:13:10","guid":{"rendered":"https:\/\/livelifetoinspire.org\/?page_id=101575"},"modified":"2025-02-25T09:51:32","modified_gmt":"2025-02-25T09:51:32","slug":"usa","status":"publish","type":"page","link":"https:\/\/livelifetoinspire.org\/fr\/usa\/","title":{"rendered":"Etats-Unis"},"content":{"rendered":"<div class=\"wpb-content-wrapper\"><div data-parent=\"true\" class=\"vc_row has-bg need-focus style-color-113142-bg row-container\" id=\"row-unique-0\"><div class=\"row-background background-element\" style=\"opacity: 1;\">\n\t\t\t\t\t\t\t\t\t\t\t<div class=\"background-wrapper\">\n\t\t\t\t\t\t\t\t\t\t\t\t<div class=\"background-inner\"><\/div>\n\t\t\t\t\t\t\t\t\t\t\t\t<div class=\"block-bg-overlay style-color-113142-bg\" style=\"opacity: 0.8;\"><\/div>\n\t\t\t\t\t\t\t\t\t\t\t<\/div>\n\t\t\t\t\t\t\t\t\t\t<\/div><div class=\"row unequal col-double-gutter single-top-padding single-bottom-padding single-h-padding limit-width row-parent\"><div class=\"wpb_row row-inner\"><div class=\"wpb_column pos-middle pos-center align_center column_parent col-lg-12 single-internal-gutter\"><div class=\"uncol style-spec style-dark\"  ><div class=\"uncoltable\"><div class=\"uncell no-block-padding\" ><div class=\"uncont\" ><div class=\"vc_custom_heading_wrap\"><div class=\"heading-text el-text\" ><h3 class=\"h2\" ><span>2025<\/span><\/h3><\/div><div class=\"clear\"><\/div><\/div><\/div><\/div><\/div><\/div><\/div><script id=\"script-row-unique-0\" data-row=\"script-row-unique-0\" type=\"text\/javascript\" class=\"vc_controls\">UNCODE.initRow(document.getElementById(\"row-unique-0\"));<\/script><\/div><\/div><\/div><div data-parent=\"true\" class=\"vc_row row-container\" id=\"row-unique-1\"><div class=\"row col-double-gutter triple-top-padding double-bottom-padding single-h-padding limit-width row-parent\"><div class=\"wpb_row row-inner\"><div class=\"wpb_column pos-middle pos-left align_left column_parent col-lg-6 col-md-50 half-internal-gutter\"><div class=\"uncol style-light\"  ><div class=\"uncoltable\"><div class=\"uncell no-block-padding\" ><div class=\"uncont\" ><div class=\"vc_custom_heading_wrap\"><div class=\"heading-text el-text\" ><h6 class=\"fontsize-160000 fontspace-135905 text-accent-color text-uppercase\" ><span>B\u00e9n\u00e9ficiaire du parrainage de formation professionnelle<\/span><\/h6><\/div><div class=\"clear\"><\/div><\/div><div class=\"vc_custom_heading_wrap\"><div class=\"heading-text el-text\" ><h3 class=\"h1 font-weight-700\" ><span>Iyana Thornton<\/span><\/h3><div><p>\u00c9tudes d&#039;assistant m\u00e9dical - 2025<\/p>\n<\/div><\/div><div class=\"clear\"><\/div><\/div><div class=\"empty-space empty-single\" ><span class=\"empty-space-inner\"><\/span><\/div>\n<div class=\"uncode-single-media  text-right\"><div class=\"single-wrapper\" style=\"max-width: 100%;\"><div class=\"tmb tmb-light  tmb-img-ratio tmb-media-first tmb-media-last tmb-content-overlay tmb-no-bg\"><div class=\"t-inside\"><div class=\"t-entry-visual\"><div class=\"t-entry-visual-tc\"><div class=\"uncode-single-media-wrapper\"><div class=\"dummy\" style=\"padding-top: 100%;\"><\/div><img decoding=\"async\" class=\"wp-image-102282\" src=\"https:\/\/livelifetoinspire.org\/wp-content\/uploads\/2025\/02\/WhatsApp-Image-2025-02-22-at-12.57.56-uai-1536x1536.jpeg\" width=\"1536\" height=\"1536\" alt=\"\"><\/div>\n\t\t\t\t\t<\/div>\n\t\t\t\t<\/div><\/div><\/div><\/div><\/div><\/div><\/div><\/div><\/div><\/div><div class=\"wpb_column pos-top pos-center align_left column_parent col-lg-6 inverted-device-order col-md-50 single-internal-gutter\"><div class=\"uncol style-light\"  ><div class=\"uncoltable\"><div class=\"uncell no-block-padding\" ><div class=\"uncont\" ><div class=\"uncode-single-media  text-left\"><div class=\"single-wrapper\" style=\"max-width: 100%;\"><div class=\"tmb tmb-light  tmb-media-first tmb-media-last tmb-content-overlay tmb-no-bg tmb-lightbox\"><div class=\"t-inside\"><div class=\"t-entry-visual\"><div class=\"t-entry-visual-tc\"><div class=\"uncode-single-media-wrapper\"><div class=\"dummy\" style=\"padding-top: 77.3%;\"><\/div><a href=\"https:\/\/livelifetoinspire.org\/wp-content\/uploads\/2025\/02\/WhatsApp-Image-2025-02-22-at-12.57.56-1.jpeg\" class=\"pushed\" data-active=\"1\" data-lbox=\"ilightbox_single-242495\" data-external-thumb-image=\"https:\/\/livelifetoinspire.org\/wp-content\/uploads\/2025\/02\/WhatsApp-Image-2025-02-22-at-12.57.56-1-300x300.jpeg\" data-lg-size=\"1600-1236\"><img decoding=\"async\" class=\"wp-image-102281\" src=\"https:\/\/livelifetoinspire.org\/wp-content\/uploads\/2025\/02\/WhatsApp-Image-2025-02-22-at-12.57.56-1.jpeg\" width=\"1600\" height=\"1236\" alt=\"\" srcset=\"https:\/\/livelifetoinspire.org\/wp-content\/uploads\/2025\/02\/WhatsApp-Image-2025-02-22-at-12.57.56-1.jpeg 1600w, https:\/\/livelifetoinspire.org\/wp-content\/uploads\/2025\/02\/WhatsApp-Image-2025-02-22-at-12.57.56-1-600x464.jpeg 600w, https:\/\/livelifetoinspire.org\/wp-content\/uploads\/2025\/02\/WhatsApp-Image-2025-02-22-at-12.57.56-1-1200x927.jpeg 1200w, https:\/\/livelifetoinspire.org\/wp-content\/uploads\/2025\/02\/WhatsApp-Image-2025-02-22-at-12.57.56-1-768x593.jpeg 768w, https:\/\/livelifetoinspire.org\/wp-content\/uploads\/2025\/02\/WhatsApp-Image-2025-02-22-at-12.57.56-1-1536x1187.jpeg 1536w, https:\/\/livelifetoinspire.org\/wp-content\/uploads\/2025\/02\/WhatsApp-Image-2025-02-22-at-12.57.56-1-16x12.jpeg 16w, https:\/\/livelifetoinspire.org\/wp-content\/uploads\/2025\/02\/WhatsApp-Image-2025-02-22-at-12.57.56-1-350x270.jpeg 350w, https:\/\/livelifetoinspire.org\/wp-content\/uploads\/2025\/02\/WhatsApp-Image-2025-02-22-at-12.57.56-1-60x46.jpeg 60w, https:\/\/livelifetoinspire.org\/wp-content\/uploads\/2025\/02\/WhatsApp-Image-2025-02-22-at-12.57.56-1-110x85.jpeg 110w\" sizes=\"(max-width: 1600px) 100vw, 1600px\" \/><\/a><\/div>\n\t\t\t\t\t<\/div>\n\t\t\t\t<\/div><\/div><\/div><\/div><\/div><\/div><\/div><\/div><\/div><\/div><script id=\"script-row-unique-1\" data-row=\"script-row-unique-1\" type=\"text\/javascript\" class=\"vc_controls\">UNCODE.initRow(document.getElementById(\"row-unique-1\"));<\/script><\/div><\/div><\/div><div data-parent=\"true\" class=\"vc_row has-bg need-focus style-color-113142-bg row-container\" id=\"row-unique-2\"><div class=\"row-background background-element\" style=\"opacity: 1;\">\n\t\t\t\t\t\t\t\t\t\t\t<div class=\"background-wrapper\">\n\t\t\t\t\t\t\t\t\t\t\t\t<div class=\"background-inner\"><\/div>\n\t\t\t\t\t\t\t\t\t\t\t\t<div class=\"block-bg-overlay style-color-113142-bg\" style=\"opacity: 0.8;\"><\/div>\n\t\t\t\t\t\t\t\t\t\t\t<\/div>\n\t\t\t\t\t\t\t\t\t\t<\/div><div class=\"row unequal col-double-gutter single-top-padding single-bottom-padding single-h-padding limit-width row-parent\"><div class=\"wpb_row row-inner\"><div class=\"wpb_column pos-middle pos-center align_center column_parent col-lg-12 single-internal-gutter\"><div class=\"uncol style-spec style-dark\"  ><div class=\"uncoltable\"><div class=\"uncell no-block-padding\" ><div class=\"uncont\" ><div class=\"vc_custom_heading_wrap\"><div class=\"heading-text el-text\" ><h3 class=\"h2\" ><span>2024<\/span><\/h3><\/div><div class=\"clear\"><\/div><\/div><\/div><\/div><\/div><\/div><\/div><script id=\"script-row-unique-2\" data-row=\"script-row-unique-2\" type=\"text\/javascript\" class=\"vc_controls\">UNCODE.initRow(document.getElementById(\"row-unique-2\"));<\/script><\/div><\/div><\/div><div data-parent=\"true\" class=\"vc_row row-container\" id=\"row-unique-3\"><div class=\"row col-double-gutter triple-top-padding double-bottom-padding single-h-padding limit-width row-parent\"><div class=\"wpb_row row-inner\"><div class=\"wpb_column pos-middle pos-left align_left column_parent col-lg-6 col-md-50 single-internal-gutter\"><div class=\"uncol style-light\"  ><div class=\"uncoltable\"><div class=\"uncell no-block-padding\" ><div class=\"uncont\" ><div class=\"vc_custom_heading_wrap\"><div class=\"heading-text el-text\" ><h6 class=\"fontsize-160000 fontspace-135905 text-accent-color text-uppercase\" ><span>B\u00e9n\u00e9ficiaire du parrainage de formation professionnelle<\/span><\/h6><\/div><div class=\"clear\"><\/div><\/div><div class=\"vc_custom_heading_wrap\"><div class=\"heading-text el-text\" ><h3 class=\"h1 font-weight-700\" ><span>Jamillah Graham<\/span><\/h3><div><p>\u00c9tudes pour devenir assistante infirmi\u00e8re certifi\u00e9e - 2024<\/p>\n<\/div><\/div><div class=\"clear\"><\/div><\/div><div class=\"empty-space empty-single\" ><span class=\"empty-space-inner\"><\/span><\/div>\n<div class=\"uncode-single-media  text-right\"><div class=\"single-wrapper\" style=\"max-width: 100%;\"><div class=\"tmb tmb-light  tmb-img-ratio tmb-media-first tmb-media-last tmb-content-overlay tmb-no-bg\"><div class=\"t-inside\"><div class=\"t-entry-visual\"><div class=\"t-entry-visual-tc\"><div class=\"uncode-single-media-wrapper\"><div class=\"dummy\" style=\"padding-top: 100%;\"><\/div><img decoding=\"async\" class=\"wp-image-102144\" src=\"https:\/\/livelifetoinspire.org\/wp-content\/uploads\/2024\/10\/WhatsApp-Image-2024-09-28-at-10.37.16-PM-uai-828x828.jpeg\" width=\"828\" height=\"828\" alt=\"\"><\/div>\n\t\t\t\t\t<\/div>\n\t\t\t\t<\/div><\/div><\/div><\/div><\/div><\/div><\/div><\/div><\/div><\/div><div class=\"wpb_column pos-top pos-center align_left column_parent col-lg-6 inverted-device-order col-md-50 single-internal-gutter\"><div class=\"uncol style-light\"  ><div class=\"uncoltable\"><div class=\"uncell no-block-padding\" ><div class=\"uncont\" ><div class=\"uncode-single-media  text-left\"><div class=\"single-wrapper\" style=\"max-width: 100%;\"><div class=\"tmb tmb-light  tmb-media-first tmb-media-last tmb-content-overlay tmb-no-bg tmb-lightbox\"><div class=\"t-inside\"><div class=\"t-entry-visual\"><div class=\"t-entry-visual-tc\"><div class=\"uncode-single-media-wrapper\"><div class=\"dummy\" style=\"padding-top: 77.3%;\"><\/div><a href=\"https:\/\/livelifetoinspire.org\/wp-content\/uploads\/2024\/10\/WhatsApp-Image-2024-09-28-at-10.37.17-PM.jpeg\" class=\"pushed\" data-active=\"1\" data-lbox=\"ilightbox_single-682624\" data-external-thumb-image=\"https:\/\/livelifetoinspire.org\/wp-content\/uploads\/2024\/10\/WhatsApp-Image-2024-09-28-at-10.37.17-PM-300x300.jpeg\" data-lg-size=\"1920-1484\"><img decoding=\"async\" class=\"wp-image-102143\" src=\"https:\/\/livelifetoinspire.org\/wp-content\/uploads\/2024\/10\/WhatsApp-Image-2024-09-28-at-10.37.17-PM.jpeg\" width=\"1920\" height=\"1484\" alt=\"\" srcset=\"https:\/\/livelifetoinspire.org\/wp-content\/uploads\/2024\/10\/WhatsApp-Image-2024-09-28-at-10.37.17-PM.jpeg 1920w, https:\/\/livelifetoinspire.org\/wp-content\/uploads\/2024\/10\/WhatsApp-Image-2024-09-28-at-10.37.17-PM-600x464.jpeg 600w, https:\/\/livelifetoinspire.org\/wp-content\/uploads\/2024\/10\/WhatsApp-Image-2024-09-28-at-10.37.17-PM-1200x928.jpeg 1200w, https:\/\/livelifetoinspire.org\/wp-content\/uploads\/2024\/10\/WhatsApp-Image-2024-09-28-at-10.37.17-PM-768x594.jpeg 768w, https:\/\/livelifetoinspire.org\/wp-content\/uploads\/2024\/10\/WhatsApp-Image-2024-09-28-at-10.37.17-PM-1536x1187.jpeg 1536w, https:\/\/livelifetoinspire.org\/wp-content\/uploads\/2024\/10\/WhatsApp-Image-2024-09-28-at-10.37.17-PM-16x12.jpeg 16w, https:\/\/livelifetoinspire.org\/wp-content\/uploads\/2024\/10\/WhatsApp-Image-2024-09-28-at-10.37.17-PM-350x271.jpeg 350w, https:\/\/livelifetoinspire.org\/wp-content\/uploads\/2024\/10\/WhatsApp-Image-2024-09-28-at-10.37.17-PM-60x46.jpeg 60w, https:\/\/livelifetoinspire.org\/wp-content\/uploads\/2024\/10\/WhatsApp-Image-2024-09-28-at-10.37.17-PM-110x85.jpeg 110w\" sizes=\"(max-width: 1920px) 100vw, 1920px\" \/><\/a><\/div>\n\t\t\t\t\t<\/div>\n\t\t\t\t<\/div><\/div><\/div><\/div><\/div>\n\t<div class=\"wpb_raw_code wpb_raw_html\" >\n\t\t<div class=\"wpb_wrapper\">\n\t\t\t<iframe title=\"R\u00e9cipiendaire du parrainage am\u00e9ricain 2024 - Jamillah G.\" width=\"840\" height=\"473\" src=\"https:\/\/www.youtube.com\/embed\/pVAW9NoPQCY?feature=oembed&width=840&height=1000&discover=1\" frameborder=\"0\" allow=\"accelerometer; autoplay; clipboard-write; encrypted-media; gyroscope; picture-in-picture; web-share\" referrerpolicy=\"strict-origin-when-cross-origin\" allowfullscreen><\/iframe>\n\t\t<\/div>\n\t<\/div>\n<\/div><\/div><\/div><\/div><\/div><script id=\"script-row-unique-3\" data-row=\"script-row-unique-3\" type=\"text\/javascript\" class=\"vc_controls\">UNCODE.initRow(document.getElementById(\"row-unique-3\"));<\/script><\/div><\/div><\/div><div data-parent=\"true\" class=\"vc_row row-container\" id=\"row-unique-4\"><div class=\"row col-double-gutter triple-top-padding double-bottom-padding single-h-padding limit-width row-parent\"><div class=\"wpb_row row-inner\"><div class=\"wpb_column pos-middle pos-left align_left column_parent col-lg-6 col-md-50 single-internal-gutter\"><div class=\"uncol style-light\"  ><div class=\"uncoltable\"><div class=\"uncell no-block-padding\" ><div class=\"uncont\" ><div class=\"vc_custom_heading_wrap\"><div class=\"heading-text el-text\" ><h6 class=\"fontsize-160000 fontspace-135905 text-accent-color text-uppercase\" ><span>B\u00e9n\u00e9ficiaire du parrainage de formation professionnelle<\/span><\/h6><\/div><div class=\"clear\"><\/div><\/div><div class=\"vc_custom_heading_wrap\"><div class=\"heading-text el-text\" ><h3 class=\"h1 font-weight-700\" ><span>Prince QUAYE<\/span><\/h3><div><p>\u00c9tudier l&#039;ECG\/PHL\u00c9BOTOMIE - 2024<\/p>\n<\/div><\/div><div class=\"clear\"><\/div><\/div><div class=\"empty-space empty-single\" ><span class=\"empty-space-inner\"><\/span><\/div>\n<div class=\"uncode-single-media  text-right\"><div class=\"single-wrapper\" style=\"max-width: 100%;\"><div class=\"tmb tmb-light  tmb-img-ratio tmb-media-first tmb-media-last tmb-content-overlay tmb-no-bg\"><div class=\"t-inside\"><div class=\"t-entry-visual\"><div class=\"t-entry-visual-tc\"><div class=\"uncode-single-media-wrapper\"><div class=\"dummy\" style=\"padding-top: 100%;\"><\/div><img decoding=\"async\" class=\"wp-image-101872\" src=\"https:\/\/livelifetoinspire.org\/wp-content\/uploads\/2024\/04\/prince-quaye-uai-386x386.jpg\" width=\"386\" height=\"386\" alt=\"\"><\/div>\n\t\t\t\t\t<\/div>\n\t\t\t\t<\/div><\/div><\/div><\/div><\/div><\/div><\/div><\/div><\/div><\/div><div class=\"wpb_column pos-top pos-center align_left column_parent col-lg-6 inverted-device-order col-md-50 single-internal-gutter\"><div class=\"uncol style-light\"  ><div class=\"uncoltable\"><div class=\"uncell no-block-padding\" ><div class=\"uncont\" ><div class=\"uncode-single-media  text-left\"><div class=\"single-wrapper\" style=\"max-width: 100%;\"><div class=\"tmb tmb-light  tmb-media-first tmb-media-last tmb-content-overlay tmb-no-bg tmb-lightbox\"><div class=\"t-inside\"><div class=\"t-entry-visual\"><div class=\"t-entry-visual-tc\"><div class=\"uncode-single-media-wrapper\"><div class=\"dummy\" style=\"padding-top: 77.3%;\"><\/div><a href=\"https:\/\/livelifetoinspire.org\/wp-content\/uploads\/2024\/04\/Prince-Cert.png\" class=\"pushed\" data-active=\"1\" data-lbox=\"ilightbox_single-133597\" data-external-thumb-image=\"https:\/\/livelifetoinspire.org\/wp-content\/uploads\/2024\/04\/Prince-Cert-300x300.png\" data-lg-size=\"512-396\"><img decoding=\"async\" class=\"wp-image-101871\" src=\"https:\/\/livelifetoinspire.org\/wp-content\/uploads\/2024\/04\/Prince-Cert.png\" width=\"512\" height=\"396\" alt=\"\" srcset=\"https:\/\/livelifetoinspire.org\/wp-content\/uploads\/2024\/04\/Prince-Cert.png 512w, https:\/\/livelifetoinspire.org\/wp-content\/uploads\/2024\/04\/Prince-Cert-16x12.png 16w, https:\/\/livelifetoinspire.org\/wp-content\/uploads\/2024\/04\/Prince-Cert-350x271.png 350w, https:\/\/livelifetoinspire.org\/wp-content\/uploads\/2024\/04\/Prince-Cert-60x46.png 60w, https:\/\/livelifetoinspire.org\/wp-content\/uploads\/2024\/04\/Prince-Cert-110x85.png 110w\" sizes=\"(max-width: 512px) 100vw, 512px\" \/><\/a><\/div>\n\t\t\t\t\t<\/div>\n\t\t\t\t<\/div><\/div><\/div><\/div><\/div>\n\t<div class=\"wpb_raw_code wpb_raw_html\" >\n\t\t<div class=\"wpb_wrapper\">\n\t\t\t<iframe width=\"560\" height=\"315\" src=\"https:\/\/www.youtube.com\/embed\/805tPW1Hl7o?si=KK4qELV5XovHElHn\" title=\"Lecteur vid\u00e9o YouTube\" frameborder=\"0\" allow=\"accelerometer; autoplay; clipboard-write; encrypted-media; gyroscope; picture-in-picture; web-share\" allowfullscreen><\/iframe>\n\t\t<\/div>\n\t<\/div>\n<\/div><\/div><\/div><\/div><\/div><script id=\"script-row-unique-4\" data-row=\"script-row-unique-4\" type=\"text\/javascript\" class=\"vc_controls\">UNCODE.initRow(document.getElementById(\"row-unique-4\"));<\/script><\/div><\/div><\/div><div data-parent=\"true\" class=\"vc_row has-bg need-focus style-color-113142-bg row-container\" id=\"row-unique-5\"><div class=\"row-background background-element\" style=\"opacity: 1;\">\n\t\t\t\t\t\t\t\t\t\t\t<div class=\"background-wrapper\">\n\t\t\t\t\t\t\t\t\t\t\t\t<div class=\"background-inner\"><\/div>\n\t\t\t\t\t\t\t\t\t\t\t\t<div class=\"block-bg-overlay style-color-113142-bg\" style=\"opacity: 0.8;\"><\/div>\n\t\t\t\t\t\t\t\t\t\t\t<\/div>\n\t\t\t\t\t\t\t\t\t\t<\/div><div class=\"row unequal col-double-gutter single-top-padding single-bottom-padding single-h-padding limit-width row-parent\"><div class=\"wpb_row row-inner\"><div class=\"wpb_column pos-middle pos-center align_center column_parent col-lg-12 single-internal-gutter\"><div class=\"uncol style-spec style-dark\"  ><div class=\"uncoltable\"><div class=\"uncell no-block-padding\" ><div class=\"uncont\" ><div class=\"vc_custom_heading_wrap\"><div class=\"heading-text el-text\" ><h3 class=\"h2\" ><span>2023<\/span><\/h3><\/div><div class=\"clear\"><\/div><\/div><\/div><\/div><\/div><\/div><\/div><script id=\"script-row-unique-5\" data-row=\"script-row-unique-5\" type=\"text\/javascript\" class=\"vc_controls\">UNCODE.initRow(document.getElementById(\"row-unique-5\"));<\/script><\/div><\/div><\/div><div data-parent=\"true\" class=\"vc_row row-container\" id=\"row-unique-6\"><div class=\"row col-double-gutter triple-top-padding double-bottom-padding single-h-padding limit-width row-parent\"><div class=\"wpb_row row-inner\"><div class=\"wpb_column pos-middle pos-left align_left column_parent col-lg-6 col-md-50 single-internal-gutter\"><div class=\"uncol style-light\"  ><div class=\"uncoltable\"><div class=\"uncell no-block-padding\" ><div class=\"uncont\" ><div class=\"vc_custom_heading_wrap\"><div class=\"heading-text el-text\" ><h6 class=\"fontsize-160000 fontspace-135905 text-accent-color text-uppercase\" ><span>B\u00e9n\u00e9ficiaire du parrainage de formation professionnelle<\/span><\/h6><\/div><div class=\"clear\"><\/div><\/div><div class=\"vc_custom_heading_wrap\"><div class=\"heading-text el-text\" ><h3 class=\"h1 font-weight-700\" ><span>Logan Gresser<\/span><\/h3><\/div><div class=\"clear\"><\/div><\/div><div class=\"empty-space empty-single\" ><span class=\"empty-space-inner\"><\/span><\/div>\n<div class=\"uncode-single-media  text-right\"><div class=\"single-wrapper\" style=\"max-width: 100%;\"><div class=\"tmb tmb-light  tmb-img-ratio tmb-media-first tmb-media-last tmb-content-overlay tmb-no-bg\"><div class=\"t-inside\"><div class=\"t-entry-visual\"><div class=\"t-entry-visual-tc\"><div class=\"uncode-single-media-wrapper\"><div class=\"dummy\" style=\"padding-top: 100%;\"><\/div><img decoding=\"async\" class=\"wp-image-101576\" src=\"https:\/\/livelifetoinspire.org\/wp-content\/uploads\/2023\/09\/WhatsApp-Image-2023-09-19-at-8.34.37-PM-1-uai-240x240.jpeg\" width=\"240\" height=\"240\" alt=\"\"><\/div>\n\t\t\t\t\t<\/div>\n\t\t\t\t<\/div><\/div><\/div><\/div><\/div><\/div><\/div><\/div><\/div><\/div><div class=\"wpb_column pos-top pos-center align_left column_parent col-lg-6 inverted-device-order col-md-50 single-internal-gutter\"><div class=\"uncol style-light\"  ><div class=\"uncoltable\"><div class=\"uncell no-block-padding\" ><div class=\"uncont\" ><div class=\"uncode-single-media  text-left\"><div class=\"single-wrapper\" style=\"max-width: 100%;\"><div class=\"tmb tmb-light  tmb-media-first tmb-media-last tmb-content-overlay tmb-no-bg tmb-lightbox\"><div class=\"t-inside\"><div class=\"t-entry-visual\"><div class=\"t-entry-visual-tc\"><div class=\"uncode-single-media-wrapper\"><div class=\"dummy\" style=\"padding-top: 77.3%;\"><\/div><a href=\"https:\/\/livelifetoinspire.org\/wp-content\/uploads\/2023\/09\/WhatsApp-Image-2023-09-19-at-8.34.37-PM.jpeg\" class=\"pushed\" data-active=\"1\" data-lbox=\"ilightbox_single-110560\" data-external-thumb-image=\"https:\/\/livelifetoinspire.org\/wp-content\/uploads\/2023\/09\/WhatsApp-Image-2023-09-19-at-8.34.37-PM-300x300.jpeg\" data-lg-size=\"2000-1546\"><img decoding=\"async\" class=\"wp-image-101577\" src=\"https:\/\/livelifetoinspire.org\/wp-content\/uploads\/2023\/09\/WhatsApp-Image-2023-09-19-at-8.34.37-PM.jpeg\" width=\"2000\" height=\"1546\" alt=\"\" srcset=\"https:\/\/livelifetoinspire.org\/wp-content\/uploads\/2023\/09\/WhatsApp-Image-2023-09-19-at-8.34.37-PM.jpeg 2000w, https:\/\/livelifetoinspire.org\/wp-content\/uploads\/2023\/09\/WhatsApp-Image-2023-09-19-at-8.34.37-PM-600x464.jpeg 600w, https:\/\/livelifetoinspire.org\/wp-content\/uploads\/2023\/09\/WhatsApp-Image-2023-09-19-at-8.34.37-PM-1200x928.jpeg 1200w, https:\/\/livelifetoinspire.org\/wp-content\/uploads\/2023\/09\/WhatsApp-Image-2023-09-19-at-8.34.37-PM-768x594.jpeg 768w, https:\/\/livelifetoinspire.org\/wp-content\/uploads\/2023\/09\/WhatsApp-Image-2023-09-19-at-8.34.37-PM-60x46.jpeg 60w, https:\/\/livelifetoinspire.org\/wp-content\/uploads\/2023\/09\/WhatsApp-Image-2023-09-19-at-8.34.37-PM-110x85.jpeg 110w, https:\/\/livelifetoinspire.org\/wp-content\/uploads\/2023\/09\/WhatsApp-Image-2023-09-19-at-8.34.37-PM-1536x1187.jpeg 1536w, https:\/\/livelifetoinspire.org\/wp-content\/uploads\/2023\/09\/WhatsApp-Image-2023-09-19-at-8.34.37-PM-16x12.jpeg 16w, https:\/\/livelifetoinspire.org\/wp-content\/uploads\/2023\/09\/WhatsApp-Image-2023-09-19-at-8.34.37-PM-350x271.jpeg 350w\" sizes=\"(max-width: 2000px) 100vw, 2000px\" \/><\/a><\/div>\n\t\t\t\t\t<\/div>\n\t\t\t\t<\/div><\/div><\/div><\/div><\/div>\n\t<div class=\"wpb_raw_code wpb_raw_html\" >\n\t\t<div class=\"wpb_wrapper\">\n\t\t\t<iframe width=\"560\" height=\"315\" src=\"https:\/\/www.youtube.com\/embed\/MrToNJf1ZJ0?si=_FhEGBWB6GLqvEIO\" title=\"Lecteur vid\u00e9o YouTube\" frameborder=\"0\" allow=\"accelerometer; autoplay; clipboard-write; encrypted-media; gyroscope; picture-in-picture; web-share\" allowfullscreen><\/iframe>\n\t\t<\/div>\n\t<\/div>\n<\/div><\/div><\/div><\/div><\/div><script id=\"script-row-unique-6\" data-row=\"script-row-unique-6\" type=\"text\/javascript\" class=\"vc_controls\">UNCODE.initRow(document.getElementById(\"row-unique-6\"));<\/script><\/div><\/div><\/div>\n<\/div>","protected":false},"excerpt":{"rendered":"2025Vocational Training Sponsorship RecipientIyana ThorntonStudying Medical Assistant - 2025 2024Vocational Training Sponsorship RecipientJamillah GrahamStudying Certified Nursing Assistant - 2024 Vocational [...]","protected":false},"author":1,"featured_media":0,"parent":0,"menu_order":0,"comment_status":"closed","ping_status":"closed","template":"","meta":{"give_campaign_id":0,"footnotes":""},"class_list":["post-101575","page","type-page","status-publish","hentry"],"campaignId":"","_links":{"self":[{"href":"https:\/\/livelifetoinspire.org\/fr\/wp-json\/wp\/v2\/pages\/101575","targetHints":{"allow":["GET"]}}],"collection":[{"href":"https:\/\/livelifetoinspire.org\/fr\/wp-json\/wp\/v2\/pages"}],"about":[{"href":"https:\/\/livelifetoinspire.org\/fr\/wp-json\/wp\/v2\/types\/page"}],"author":[{"embeddable":true,"href":"https:\/\/livelifetoinspire.org\/fr\/wp-json\/wp\/v2\/users\/1"}],"replies":[{"embeddable":true,"href":"https:\/\/livelifetoinspire.org\/fr\/wp-json\/wp\/v2\/comments?post=101575"}],"version-history":[{"count":5,"href":"https:\/\/livelifetoinspire.org\/fr\/wp-json\/wp\/v2\/pages\/101575\/revisions"}],"predecessor-version":[{"id":102283,"href":"https:\/\/livelifetoinspire.org\/fr\/wp-json\/wp\/v2\/pages\/101575\/revisions\/102283"}],"wp:attachment":[{"href":"https:\/\/livelifetoinspire.org\/fr\/wp-json\/wp\/v2\/media?parent=101575"}],"curies":[{"name":"wp","href":"https:\/\/api.w.org\/{rel}","templated":true}]}}