{"id":102178,"date":"2024-11-02T10:11:53","date_gmt":"2024-11-02T10:11:53","guid":{"rendered":"https:\/\/livelifetoinspire.org\/?page_id=102178"},"modified":"2024-11-02T10:11:53","modified_gmt":"2024-11-02T10:11:53","slug":"hp-courses","status":"publish","type":"page","link":"https:\/\/livelifetoinspire.org\/fr\/hp-courses\/","title":{"rendered":"Cours HP"},"content":{"rendered":"<div class=\"wpb-content-wrapper\"><div data-parent=\"true\" class=\"vc_row row-container\" id=\"row-unique-0\"><div class=\"row double-top-padding double-bottom-padding double-h-padding limit-width row-parent\"><div class=\"wpb_row row-inner\"><div class=\"wpb_column pos-top pos-center align_center column_parent col-lg-12 single-internal-gutter\"><div class=\"uncol style-light\"  ><div class=\"uncoltable\"><div class=\"uncell no-block-padding\" ><div class=\"uncont\" ><div class=\"uncode_text_column\" ><p>Nous sommes fiers d&#039;offrir \u00e0 notre communaut\u00e9 et aux b\u00e9n\u00e9ficiaires parrain\u00e9s un acc\u00e8s GRATUIT \u00e0 une gamme de cours stimulants con\u00e7us pour am\u00e9liorer leurs comp\u00e9tences commerciales et entrepreneuriales, ainsi que pour favoriser la croissance personnelle et sociale. En proposant ces cours dans plusieurs langues, nous nous engageons \u00e0 faire tomber les barri\u00e8res et \u00e0 \u00e9lever les communaut\u00e9s que nous servons.<\/p>\n<\/div><\/div><\/div><\/div><\/div><\/div><script id=\"script-row-unique-0\" data-row=\"script-row-unique-0\" type=\"text\/javascript\" class=\"vc_controls\">UNCODE.initRow(document.getElementById(\"row-unique-0\"));<\/script><\/div><\/div><\/div>\n<\/div>","protected":false},"excerpt":{"rendered":"We are proud to provide our community and sponsored recipients with FREE access to a range of empowering courses designed [...]","protected":false},"author":1,"featured_media":0,"parent":0,"menu_order":0,"comment_status":"closed","ping_status":"closed","template":"","meta":{"give_campaign_id":0,"footnotes":""},"class_list":["post-102178","page","type-page","status-publish","hentry"],"campaignId":"","_links":{"self":[{"href":"https:\/\/livelifetoinspire.org\/fr\/wp-json\/wp\/v2\/pages\/102178","targetHints":{"allow":["GET"]}}],"collection":[{"href":"https:\/\/livelifetoinspire.org\/fr\/wp-json\/wp\/v2\/pages"}],"about":[{"href":"https:\/\/livelifetoinspire.org\/fr\/wp-json\/wp\/v2\/types\/page"}],"author":[{"embeddable":true,"href":"https:\/\/livelifetoinspire.org\/fr\/wp-json\/wp\/v2\/users\/1"}],"replies":[{"embeddable":true,"href":"https:\/\/livelifetoinspire.org\/fr\/wp-json\/wp\/v2\/comments?post=102178"}],"version-history":[{"count":2,"href":"https:\/\/livelifetoinspire.org\/fr\/wp-json\/wp\/v2\/pages\/102178\/revisions"}],"predecessor-version":[{"id":102180,"href":"https:\/\/livelifetoinspire.org\/fr\/wp-json\/wp\/v2\/pages\/102178\/revisions\/102180"}],"wp:attachment":[{"href":"https:\/\/livelifetoinspire.org\/fr\/wp-json\/wp\/v2\/media?parent=102178"}],"curies":[{"name":"wp","href":"https:\/\/api.w.org\/{rel}","templated":true}]}}