{"id":102385,"date":"2025-07-13T18:17:08","date_gmt":"2025-07-13T18:17:08","guid":{"rendered":"https:\/\/livelifetoinspire.org\/?page_id=102385"},"modified":"2025-07-18T18:05:10","modified_gmt":"2025-07-18T18:05:10","slug":"financial-freedom-academy","status":"publish","type":"page","link":"https:\/\/livelifetoinspire.org\/fr\/financial-freedom-academy\/","title":{"rendered":"Financial Freedom Academy &#8211; Preregistration"},"content":{"rendered":"<div class=\"wpb-content-wrapper\"><div data-parent=\"true\" class=\"vc_row limit-width row-container\" id=\"row-unique-0\"><div class=\"row row-parent\"><div class=\"wpb_row row-inner\"><div class=\"wpb_column pos-top pos-center align_left column_parent col-lg-12 single-internal-gutter\"><div class=\"uncol style-light\"  ><div class=\"uncoltable\"><div class=\"uncell no-block-padding\" ><div class=\"uncont\" ><div class=\"uncode-single-media  text-center\"><div class=\"single-wrapper\" style=\"max-width: 100%;\"><div class=\"tmb tmb-light  tmb-media-first tmb-media-last tmb-content-overlay tmb-no-bg\"><div class=\"t-inside\"><div class=\"t-entry-visual\"><div class=\"t-entry-visual-tc\"><div class=\"uncode-single-media-wrapper\"><img decoding=\"async\" class=\"wp-image-102246\" src=\"https:\/\/livelifetoinspire.org\/wp-content\/uploads\/2025\/01\/Screen-Shot-2025-01-09-at-2.07.31-PM.png\" width=\"1000\" height=\"167\" alt=\"\" srcset=\"https:\/\/livelifetoinspire.org\/wp-content\/uploads\/2025\/01\/Screen-Shot-2025-01-09-at-2.07.31-PM.png 1000w, https:\/\/livelifetoinspire.org\/wp-content\/uploads\/2025\/01\/Screen-Shot-2025-01-09-at-2.07.31-PM-600x100.png 600w, https:\/\/livelifetoinspire.org\/wp-content\/uploads\/2025\/01\/Screen-Shot-2025-01-09-at-2.07.31-PM-768x128.png 768w, https:\/\/livelifetoinspire.org\/wp-content\/uploads\/2025\/01\/Screen-Shot-2025-01-09-at-2.07.31-PM-18x3.png 18w, https:\/\/livelifetoinspire.org\/wp-content\/uploads\/2025\/01\/Screen-Shot-2025-01-09-at-2.07.31-PM-350x58.png 350w, https:\/\/livelifetoinspire.org\/wp-content\/uploads\/2025\/01\/Screen-Shot-2025-01-09-at-2.07.31-PM-60x10.png 60w, https:\/\/livelifetoinspire.org\/wp-content\/uploads\/2025\/01\/Screen-Shot-2025-01-09-at-2.07.31-PM-110x18.png 110w\" sizes=\"(max-width: 1000px) 100vw, 1000px\" \/><\/div>\n\t\t\t\t\t<\/div>\n\t\t\t\t<\/div><\/div><\/div><\/div><\/div><\/div><\/div><\/div><\/div><\/div><script id=\"script-row-unique-0\" data-row=\"script-row-unique-0\" type=\"text\/javascript\" class=\"vc_controls\">UNCODE.initRow(document.getElementById(\"row-unique-0\"));<\/script><\/div><\/div><\/div><div data-parent=\"true\" class=\"vc_row vc_custom_1736432591094 limit-width row-container\" style=\"margin-top: -30px ;\" id=\"row-unique-1\"><div class=\"row row-parent\"><div class=\"wpb_row row-inner\"><div class=\"wpb_column pos-top pos-center align_left column_parent col-lg-12 single-internal-gutter\"><div class=\"uncol style-light\" style=\"max-width:97%; margin-left:auto; margin-right:auto;\"  ><div class=\"uncoltable\"><div class=\"uncell no-block-padding\" ><div class=\"uncont\" ><div class=\"uncode_text_column text-lead text-color-113142-color\" ><p>Nous sommes fiers d&#039;annoncer que la Christine Merveil Never Back Down Foundation, Inc. s&#039;est associ\u00e9e au Burlington Community Financial Center pour fournir le <em><strong><span style=\"color: #98275c;\">Acad\u00e9mie de la libert\u00e9 financi\u00e8re<\/span><\/strong><\/em> s\u00e9rie d\u2019ateliers \u00e9ducatifs ax\u00e9s sur les finances personnelles, les imp\u00f4ts, la gestion de la dette et l\u2019entrepreneuriat dans notre communaut\u00e9.<\/p>\n<p>Cette initiative a \u00e9t\u00e9 lanc\u00e9e dans le but d&#039;aider les familles \u00e0 revenu faible et moyen \u00e0 comprendre la budg\u00e9tisation, l&#039;\u00e9pargne, l&#039;investissement, la gestion des dettes et l&#039;importance des int\u00e9r\u00eats compos\u00e9s. Sans ces connaissances, les familles ont souvent du mal \u00e0 surmonter efficacement les d\u00e9fis financiers, manquant souvent des opportunit\u00e9s de croissance et de stabilit\u00e9 financi\u00e8res. \u00c0 l&#039;issue de la s\u00e9rie de six ateliers, les participants recevront un certificat d&#039;ach\u00e8vement et pourront demander \u00e0 un pr\u00e9parateur fiscal certifi\u00e9 par l&#039;IRS de remplir leur D\u00c9CLARATION DE REVENU PERSONNEL f\u00e9d\u00e9rale et \u00e9tatique pour <strong><span style=\"color: #98275c;\">GRATUIT<\/span><\/strong>. Ceux qui s&#039;inscrivent \u00e0 la Financial Freedom Academy recevront leur propre <strong><span style=\"color: #98275c;\">GRATUIT<\/span><\/strong> copie du livre Saving Your Future sur les concepts financiers <u>ET<\/u> Cahier d&#039;exercices ! NE MANQUEZ PAS CETTE OPPORTUNIT\u00c9 !<\/p>\n<\/div><\/div><\/div><\/div><\/div><\/div><script id=\"script-row-unique-1\" data-row=\"script-row-unique-1\" type=\"text\/javascript\" class=\"vc_controls\">UNCODE.initRow(document.getElementById(\"row-unique-1\"));<\/script><\/div><\/div><\/div><div data-parent=\"true\" class=\"vc_row vc_custom_1736435474843 limit-width row-container\" style=\"margin-top: -30px ;\" id=\"row-unique-2\"><div class=\"row col-no-gutter row-parent\"><div class=\"wpb_row row-inner\"><div class=\"wpb_column pos-top pos-center align_left column_parent col-lg-6 single-internal-gutter\"><div class=\"uncol style-light\" style=\"max-width:92%; margin-left:auto; margin-right:auto;\"  ><div class=\"uncoltable\"><div class=\"uncell no-block-padding\" ><div class=\"uncont\" ><div class=\"uncode_text_column text-color-113142-color\" ><p><span style=\"color: #ff5938;\">Contenu de l&#039;atelier \u00e0 inclure\u00a0:<\/span><\/p>\n<ul>\n<li>Campagne d&#039;\u00e9ducation financi\u00e8re<\/li>\n<li>Cr\u00e9er de l&#039;\u00e9pargne et du patrimoine<\/li>\n<li>Augmenter les flux de tr\u00e9sorerie et g\u00e9rer la dette<\/li>\n<li>Se pr\u00e9parer avec une protection ad\u00e9quate<\/li>\n<li>Votre sant\u00e9 et votre richesse<\/li>\n<li>Atteindre des objectifs \u00e0 long terme<\/li>\n<\/ul>\n<p><span style=\"color: #ff5938;\">Horaire des cours :<\/span><br \/>\nTous les mardis \u2013 Dates \u00e0 d\u00e9terminer<\/p>\n<p><span style=\"color: #ff5938;\">Horaire et plateforme du cours :<\/span><br \/>\n18h30 \u2013 20h00 HNE \u2013 VIA ZOOM<\/p>\n<p><span style=\"color: #ff5938;\">Langue<\/span><br \/>\nL&#039;atelier est disponible en anglais, espagnol et fran\u00e7ais<\/p>\n<p><span style=\"color: #ff5938;\">Avis<\/span><br \/>\nLe Burlington Community Financial Center (BCFC) est un partenaire officiel de l&#039;IRS VITA (Volunteer Income Tax Assistance) et du FEAB (Financial Education &amp; Asset Building). Les services de pr\u00e9paration des d\u00e9clarations de revenus fournis sont limit\u00e9s aux imp\u00f4ts personnels uniquement pour les contribuables dont le revenu total est de $100 000 ou moins en 2024. Une pi\u00e8ce d&#039;identit\u00e9 avec photo et une carte de s\u00e9curit\u00e9 sociale, ainsi que tous les documents li\u00e9s aux imp\u00f4ts, doivent \u00eatre pr\u00e9sents au rendez-vous afin de d\u00e9poser les d\u00e9clarations de revenus f\u00e9d\u00e9rales et d&#039;\u00c9tat. Pour les d\u00e9clarations de revenus conjointes, les deux parties doivent \u00eatre pr\u00e9sentes et pr\u00e9senter une pi\u00e8ce d&#039;identit\u00e9 avec photo. Les cartes de s\u00e9curit\u00e9 sociale de chaque personne \u00e0 charge incluse dans la d\u00e9claration doivent \u00e9galement \u00eatre pr\u00e9sentes.<\/p>\n<\/div><\/div><\/div><\/div><\/div><\/div><div class=\"wpb_column pos-top pos-center align_left column_parent col-lg-6 single-internal-gutter\"><div class=\"uncol style-light\" style=\"max-width:92%; margin-left:auto; margin-right:auto;\"  ><div class=\"uncoltable\"><div class=\"uncell no-block-padding\" ><div class=\"uncont\" ><div class=\"uncode-single-media  text-left\"><div class=\"single-wrapper\" style=\"max-width: 85%;\"><div class=\"tmb tmb-light  tmb-media-first tmb-media-last tmb-content-overlay tmb-no-bg\"><div class=\"t-inside\"><div class=\"t-entry-visual\"><div class=\"t-entry-visual-tc\"><div class=\"uncode-single-media-wrapper\"><img decoding=\"async\" class=\"wp-image-102247\" src=\"https:\/\/livelifetoinspire.org\/wp-content\/uploads\/2025\/01\/429f27_f1b494cfb9e2488e978d026b16860c38mv2.jpg\" width=\"410\" height=\"343\" alt=\"\" srcset=\"https:\/\/livelifetoinspire.org\/wp-content\/uploads\/2025\/01\/429f27_f1b494cfb9e2488e978d026b16860c38mv2.jpg 410w, https:\/\/livelifetoinspire.org\/wp-content\/uploads\/2025\/01\/429f27_f1b494cfb9e2488e978d026b16860c38mv2-14x12.jpg 14w, https:\/\/livelifetoinspire.org\/wp-content\/uploads\/2025\/01\/429f27_f1b494cfb9e2488e978d026b16860c38mv2-350x293.jpg 350w, https:\/\/livelifetoinspire.org\/wp-content\/uploads\/2025\/01\/429f27_f1b494cfb9e2488e978d026b16860c38mv2-60x50.jpg 60w, https:\/\/livelifetoinspire.org\/wp-content\/uploads\/2025\/01\/429f27_f1b494cfb9e2488e978d026b16860c38mv2-110x92.jpg 110w\" sizes=\"(max-width: 410px) 100vw, 410px\" \/><\/div>\n\t\t\t\t\t<\/div>\n\t\t\t\t<\/div><\/div><\/div><\/div><\/div><div class=\"uncode_text_column text-color-113142-color\" ><\/p>\n<h4><a href=\"https:\/\/youtu.be\/t2G69c97ARQ\"><span style=\"color: #ff5938;\">T\u00e9moignages de nos dipl\u00f4m\u00e9s<\/span><\/a><\/h4>\n<p><a href=\"https:\/\/youtu.be\/t2G69c97ARQ\">https:\/\/youtu.be\/t2G69c97ARQ<\/a><\/p>\n<\/div><\/div><\/div><\/div><\/div><\/div><script id=\"script-row-unique-2\" data-row=\"script-row-unique-2\" type=\"text\/javascript\" class=\"vc_controls\">UNCODE.initRow(document.getElementById(\"row-unique-2\"));<\/script><\/div><\/div><\/div><div data-parent=\"true\" class=\"vc_row vc_custom_1736438142472 limit-width row-container\" style=\"margin-top: -30px ;\" id=\"row-unique-3\"><div class=\"row col-one-gutter row-parent\"><div class=\"wpb_row row-inner\"><div class=\"wpb_column pos-top pos-center align_center column_parent col-lg-12 single-internal-gutter\"><div class=\"uncol style-light\" style=\"max-width:94%; margin-left:auto; margin-right:auto;\"  ><div class=\"uncoltable\"><div class=\"uncell no-block-padding\" ><div class=\"uncont\" ><div class=\"uncode_text_column text-lead text-color-113142-color\" ><\/p>\n<p style=\"font-size: 30px; color: #ff5938;\">La pr\u00e9inscription est MAINTENANT OUVERTE<\/p>\n<p>\n<\/div><span class=\"btn-container\" ><a role=\"button\"  href=\"http:\/\/livelifetoinspire.org\/wp-content\/uploads\/2025\/02\/WhatsApp-Image-2025-02-24-at-11.00.09.jpeg\" class=\"custom-link fontsize-160206 btn-custom-typo font-150417 font-weight-500 text-initial no-letterspace border-width-0 text-color-174726-color btn-icon-left\">T\u00e9l\u00e9charger la brochure<\/a><\/span><span class=\"btn-container\" ><a role=\"button\"  href=\"https:\/\/forms.office.com\/r\/7FBVaKKskT\" class=\"custom-link btn btn-lg border-width-0 btn-color-113142 btn-round btn-icon-right\" target=\"_blank\">PR\u00c9INSCRIPTION<i class=\"fa fa-arrow-right2\"><\/i><\/a><\/span><div class=\"uncode_text_column text-lead text-color-113142-color\" ><\/p>\n<p style=\"font-size: 30px; color: #ff5938;\">PUBLICIT\u00c9<\/p>\n<p style=\"font-size: 16px;\">Ce webinaire est une excellente occasion de faire conna\u00eetre vos produits et services \u00e0 des clients potentiels dans un cadre cibl\u00e9. Si vous souhaitez sponsoriser cet \u00e9v\u00e9nement ou pr\u00e9senter votre entreprise, <a href=\"https:\/\/www.zeffy.com\/ticketing\/financial-freedom-academy-advertising-and-sponsorship\">CLIQUEZ SUR CE LIEN<\/a> pour soumettre vos informations<\/p>\n<p>\n<\/div><span class=\"btn-container\" ><a role=\"button\"  href=\"https:\/\/www.zeffy.com\/ticketing\/financial-freedom-academy-advertising-and-sponsorship\" class=\"custom-link btn btn-lg border-width-0 btn-color-113142 btn-round btn-icon-right\" target=\"_blank\">PUBLICIT\u00c9<i class=\"fa fa-arrow-right2\"><\/i><\/a><\/span><\/div><\/div><\/div><\/div><\/div><script id=\"script-row-unique-3\" data-row=\"script-row-unique-3\" type=\"text\/javascript\" class=\"vc_controls\">UNCODE.initRow(document.getElementById(\"row-unique-3\"));<\/script><\/div><\/div><\/div>\n<\/div>","protected":false},"excerpt":{"rendered":"We are proud to announce The Christine Merveil Never Back Down Foundation, Inc. has partnered with Burlington Community Financial Center [...]","protected":false},"author":1,"featured_media":0,"parent":0,"menu_order":0,"comment_status":"closed","ping_status":"closed","template":"","meta":{"give_campaign_id":0,"footnotes":""},"class_list":["post-102385","page","type-page","status-publish","hentry"],"campaignId":"","_links":{"self":[{"href":"https:\/\/livelifetoinspire.org\/fr\/wp-json\/wp\/v2\/pages\/102385","targetHints":{"allow":["GET"]}}],"collection":[{"href":"https:\/\/livelifetoinspire.org\/fr\/wp-json\/wp\/v2\/pages"}],"about":[{"href":"https:\/\/livelifetoinspire.org\/fr\/wp-json\/wp\/v2\/types\/page"}],"author":[{"embeddable":true,"href":"https:\/\/livelifetoinspire.org\/fr\/wp-json\/wp\/v2\/users\/1"}],"replies":[{"embeddable":true,"href":"https:\/\/livelifetoinspire.org\/fr\/wp-json\/wp\/v2\/comments?post=102385"}],"version-history":[{"count":4,"href":"https:\/\/livelifetoinspire.org\/fr\/wp-json\/wp\/v2\/pages\/102385\/revisions"}],"predecessor-version":[{"id":102398,"href":"https:\/\/livelifetoinspire.org\/fr\/wp-json\/wp\/v2\/pages\/102385\/revisions\/102398"}],"wp:attachment":[{"href":"https:\/\/livelifetoinspire.org\/fr\/wp-json\/wp\/v2\/media?parent=102385"}],"curies":[{"name":"wp","href":"https:\/\/api.w.org\/{rel}","templated":true}]}}