{"id":101502,"date":"2023-07-14T17:57:29","date_gmt":"2023-07-14T17:57:29","guid":{"rendered":"https:\/\/livelifetoinspire.org\/?post_type=product&#038;p=101502"},"modified":"2025-09-08T20:51:40","modified_gmt":"2025-09-08T20:51:40","slug":"annual-charity-event","status":"publish","type":"product","link":"https:\/\/livelifetoinspire.org\/fr\/produit\/annual-charity-event\/","title":{"rendered":"4th Annual Fundraising &#038; Charity Event: Strike Up Some Fun\u2014For a Cause That Matters!"},"content":{"rendered":"","protected":false},"excerpt":{"rendered":"<p>Rejoignez-nous pour un apr\u00e8s-midi inoubliable, empreint d&#039;\u00e9nergie, de coh\u00e9sion et d&#039;esprit communautaire. Notre 4e \u00e9v\u00e9nement annuel de collecte de fonds et de charit\u00e9 est bien plus qu&#039;une simple journ\u00e9e de bowling\u00a0: c&#039;est l&#039;occasion de changer des vies. Chaque billet achet\u00e9 contribue \u00e0 donner aux jeunes adultes d\u00e9favoris\u00e9s les outils n\u00e9cessaires \u00e0 leur r\u00e9ussite gr\u00e2ce \u00e0 la formation professionnelle, \u00e0 l&#039;\u00e9ducation financi\u00e8re et au d\u00e9veloppement des comp\u00e9tences de vie.<\/p>\n<p><strong>Date de l&#039;\u00e9v\u00e9nement :<\/strong> Dimanche 14 septembre<br \/>\n<strong>Heure de d\u00e9but :<\/strong> 13h30<br \/>\n<strong>Emplacement:<\/strong> Lucky Strike Wallington,<br \/>\n299 Paterson Ave, Wallington, NJ 07057<\/p>\n<p><strong><span style=\"color: #ff9900;\">DON R\u00c9GULIER<\/span><\/strong><br \/>\n<strong>INDIVIDUEL: <\/strong>$55.00<br \/>\n<strong>COUPLE: <\/strong>$105.00<br \/>\n<strong>BILLET DE TOMBOLA:<\/strong> $10.00<\/p>\n<p><strong><span style=\"color: #ff9900;\">R\u00c9DUCTION : RSVP AVANT LE 28\/08\/2025<\/span><\/strong><br \/>\n<strong>INDIVIDUEL: <\/strong>$45.00<\/p>\n<p><strong>Pourquoi c&#039;est important<\/strong><br \/>\nCet \u00e9v\u00e9nement est un v\u00e9ritable moteur de changement. Votre participation soutient directement les jeunes adultes qui acqui\u00e8rent la confiance, les comp\u00e9tences et les connaissances n\u00e9cessaires pour b\u00e2tir un avenir meilleur. Ensemble, nous cr\u00e9ons des opportunit\u00e9s et b\u00e2tissons des communaut\u00e9s plus fortes, une image \u00e0 la fois.<\/p>\n<p><strong>Que comprend cet \u00e9v\u00e9nement ?<\/strong><\/p>\n<ul>\n<li>Pizzas<\/li>\n<li>Boissons sans alcool \u00e0 volont\u00e9<\/li>\n<li>Tombolas et prix<\/li>\n<li>Location de chaussures gratuite incluse<\/li>\n<li>Les gagnants recevront un troph\u00e9e<\/li>\n<\/ul>\n<p>Entrons dans cet anniversaire avec d\u00e9termination, unit\u00e9 et impact.<\/p>\n<p>Votre billet vous donne non seulement acc\u00e8s \u00e0 une journ\u00e9e de divertissement inoubliable mais contribue \u00e9galement directement \u00e0 notre cause. Votre participation nous aidera \u00e0 faire une diff\u00e9rence dans la vie de ceux que nous servons.<\/p>\n<p>&nbsp;<\/p>","protected":false},"featured_media":102340,"template":"","meta":{"give_campaign_id":0},"product_brand":[],"product_cat":[39],"product_tag":[],"class_list":{"0":"post-101502","1":"product","2":"type-product","3":"status-publish","4":"has-post-thumbnail","6":"product_cat-event","7":"tm-has-options","9":"first","10":"instock","11":"virtual","12":"purchasable","13":"product-type-lottery"},"_links":{"self":[{"href":"https:\/\/livelifetoinspire.org\/fr\/wp-json\/wp\/v2\/product\/101502","targetHints":{"allow":["GET"]}}],"collection":[{"href":"https:\/\/livelifetoinspire.org\/fr\/wp-json\/wp\/v2\/product"}],"about":[{"href":"https:\/\/livelifetoinspire.org\/fr\/wp-json\/wp\/v2\/types\/product"}],"wp:featuredmedia":[{"embeddable":true,"href":"https:\/\/livelifetoinspire.org\/fr\/wp-json\/wp\/v2\/media\/102340"}],"wp:attachment":[{"href":"https:\/\/livelifetoinspire.org\/fr\/wp-json\/wp\/v2\/media?parent=101502"}],"wp:term":[{"taxonomy":"product_brand","embeddable":true,"href":"https:\/\/livelifetoinspire.org\/fr\/wp-json\/wp\/v2\/product_brand?post=101502"},{"taxonomy":"product_cat","embeddable":true,"href":"https:\/\/livelifetoinspire.org\/fr\/wp-json\/wp\/v2\/product_cat?post=101502"},{"taxonomy":"product_tag","embeddable":true,"href":"https:\/\/livelifetoinspire.org\/fr\/wp-json\/wp\/v2\/product_tag?post=101502"}],"curies":[{"name":"wp","href":"https:\/\/api.w.org\/{rel}","templated":true}]}}